{"id":44071,"date":"2025-02-05T08:31:57","date_gmt":"2025-02-05T07:31:57","guid":{"rendered":"https:\/\/projectes.xtec.cat\/pensament-computacional\/?page_id=44071"},"modified":"2025-03-15T06:19:49","modified_gmt":"2025-03-15T05:19:49","slug":"taller-11-ajudem-els-roboastronautes","status":"publish","type":"page","link":"https:\/\/projectes.xtec.cat\/pensament-computacional\/formacio-robotica\/jornades\/jornada-connectem-robotica-educativa-girona\/taller-11-ajudem-els-roboastronautes\/","title":{"rendered":"Taller 11 &#8211; Ajudem els Roboastronautes!"},"content":{"rendered":"\n<div class=\"wp-block-getwid-section alignfull alignfull\"><div class=\"wp-block-getwid-section__wrapper\" style=\"padding-bottom:1px\"><div class=\"wp-block-getwid-section__inner-wrapper\"><div class=\"wp-block-getwid-section__background-holder\"><div class=\"wp-block-getwid-section__background\"><\/div><div class=\"wp-block-getwid-section__foreground\"><\/div><\/div><div class=\"wp-block-getwid-section__content\"><div class=\"wp-block-getwid-section__inner-content\">\n<hr class=\"wp-block-separator has-text-color has-alpha-channel-opacity has-background is-style-wide\" style=\"background-color:#273d5c;color:#273d5c\"\/>\n\n\n\n<div class=\"wp-block-columns is-layout-flex wp-container-core-columns-is-layout-1 wp-block-columns-is-layout-flex\">\n<div class=\"wp-block-column is-vertically-aligned-center is-layout-flow wp-block-column-is-layout-flow\">\n<div class=\"wp-block-getwid-advanced-heading has-custom-font-size\" style=\"font-size:25px\"><span class=\"wp-block-getwid-advanced-heading__content has-text-color\" style=\"color:#bf507f\"><strong>Taller 11 <strong>\u2013<\/strong> Ajudem els Roboastronautes!<\/strong><\/span><\/div>\n<\/div>\n<\/div>\n\n\n\n<hr class=\"wp-block-separator has-text-color has-alpha-channel-opacity has-background is-style-wide\" style=\"background-color:#273d5c;color:#273d5c\"\/>\n\n\n\n<div class=\"wp-block-columns is-layout-flex wp-container-core-columns-is-layout-2 wp-block-columns-is-layout-flex\">\n<div class=\"wp-block-column is-layout-flow wp-block-column-is-layout-flow\" style=\"flex-basis:100%\">\n<p class=\"has-text-align-right has-text-color has-link-color wp-elements-0346bc2c6b83427defbbc7ebe99d97c7\" style=\"color:#273d5c\"><p class=\"has-text-align-right inicial_plaques has-text-color has-link-color\" style=\"color:#273d5c\"><strong>Nivell inicial<\/strong><\/p><p style=\"color: black !important; border: solid #4682b4 2px; border-radius: 5px; background-color: #5fa8d3; padding: 4px; width: 150px; text-align: center; float: right; font-weight: bold; margin-right: 10px;\">Prim\u00e0ria<\/p><\/p>\n<\/div>\n<\/div>\n\n\n\n<div class=\"wp-block-columns are-vertically-aligned-top is-layout-flex wp-container-core-columns-is-layout-3 wp-block-columns-is-layout-flex\" style=\"padding-top:var(--wp--preset--spacing--30)\">\n<div class=\"wp-block-column is-vertically-aligned-top is-layout-flow wp-block-column-is-layout-flow\">\n<div class=\"wp-block-getwid-section getwid-section-content-full-width\"><div class=\"wp-block-getwid-section__wrapper\" style=\"padding-top:10px\"><div class=\"wp-block-getwid-section__inner-wrapper\"><div class=\"wp-block-getwid-section__background-holder\"><div class=\"wp-block-getwid-section__background has-background\" style=\"background-color:#f2ede2\"><\/div><div class=\"wp-block-getwid-section__foreground\"><\/div><\/div><div class=\"wp-block-getwid-section__content\"><div class=\"wp-block-getwid-section__inner-content\">\n<h6 class=\"wp-block-heading has-text-color has-link-color wp-elements-68fdea30f2b99bd66b89fc3528b7a020\" style=\"color:#434343;padding-top:var(--wp--preset--spacing--20)\"><strong>Descripci\u00f3<\/strong><\/h6>\n\n\n\n<p>Taller de resoluci\u00f3 de reptes relacionats amb l&#8217;espai a trav\u00e9s dels robots LEGO SPIKE Prime.<\/p>\n\n\n\n<p>Les activitats ens permetran treballar els diferents sensors: t\u00e0ctil, ultrasons i color de forma contextualitzada.<\/p>\n<\/div><\/div><\/div><\/div><\/div>\n<\/div>\n\n\n\n<div class=\"wp-block-column is-vertically-aligned-top is-layout-flow wp-block-column-is-layout-flow\">\n<div class=\"wp-block-getwid-section getwid-section-content-full-width\"><div class=\"wp-block-getwid-section__wrapper\" style=\"padding-top:10px\"><div class=\"wp-block-getwid-section__inner-wrapper\"><div class=\"wp-block-getwid-section__background-holder\"><div class=\"wp-block-getwid-section__background has-background\" style=\"background-color:#f2ede2\"><\/div><div class=\"wp-block-getwid-section__foreground\"><\/div><\/div><div class=\"wp-block-getwid-section__content\"><div class=\"wp-block-getwid-section__inner-content\">\n<h6 class=\"wp-block-heading has-text-color has-link-color wp-elements-4ffcda1e54d42624f488294f1293b6b1\" style=\"color:#434343;padding-top:var(--wp--preset--spacing--20)\"><strong>Material<\/strong> <strong>necessari<\/strong><\/h6>\n\n\n\n<ul class=\"wp-block-list\">\n<li>1 kit LEGO SPIKE Prime<\/li>\n\n\n\n<li>Ordinador port\u00e0til<\/li>\n\n\n\n<li>Coneixement m\u00ednim de l&#8217;entorn <a href=\"https:\/\/spike.legoeducation.com\/essential\/lobby\/\">LEGO Education SPIKE<\/a>.<\/li>\n<\/ul>\n\n\n\n<p><strong>\u26a0\ufe0f<\/strong> <strong>Important<\/strong>: \u00e9s necessari que les persones inscrites al taller portin el material el dia de la jornada<strong>. <\/strong><\/p>\n<\/div><\/div><\/div><\/div><\/div>\n\n\n\n<div class=\"wp-block-getwid-section getwid-section-content-full-width\"><div class=\"wp-block-getwid-section__wrapper\" style=\"padding-top:10px\"><div class=\"wp-block-getwid-section__inner-wrapper\"><div class=\"wp-block-getwid-section__background-holder\"><div class=\"wp-block-getwid-section__background has-background\" style=\"background-color:#f2ede2\"><\/div><div class=\"wp-block-getwid-section__foreground\"><\/div><\/div><div class=\"wp-block-getwid-section__content\"><div class=\"wp-block-getwid-section__inner-content\">\n<h6 class=\"wp-block-heading has-text-color has-link-color wp-elements-714936c7a87b772567fbc96e00694b61\" style=\"color:#434343;padding-top:var(--wp--preset--spacing--20)\"><strong>Presentaci\u00f3<\/strong><\/h6>\n\n\n\n<p style=\"text-align:center\"><iframe loading=\"lazy\" src=\"https:\/\/docs.google.com\/presentation\/d\/1UAOw4Kf5TWJ7KIrr2PvY2fd3VG0c8EBAUiJ9owMyT0o\/preview?slide=id.p1\" frameborder=\"0\" width=\"480\" height=\"299\" allowfullscreen=\"true\" mozallowfullscreen=\"true\" webkitallowfullscreen=\"true\"><\/iframe><\/p>\n<\/div><\/div><\/div><\/div><\/div>\n<\/div>\n<\/div>\n\n\n\n<div class=\"wp-block-getwid-section alignfull alignfull getwid-margin-top-normal getwid-margin-bottom-large\"><div class=\"wp-block-getwid-section__wrapper getwid-padding-top-small\"><div class=\"wp-block-getwid-section__inner-wrapper\"><div class=\"wp-block-getwid-section__background-holder\"><div class=\"wp-block-getwid-section__background has-background\" style=\"background-color:#feecf0\"><\/div><div class=\"wp-block-getwid-section__foreground\"><\/div><\/div><div class=\"wp-block-getwid-section__content\"><div class=\"wp-block-getwid-section__inner-content\">\n<div class=\"wp-block-getwid-section\" style=\"margin-top:0px;margin-bottom:1px\"><div class=\"wp-block-getwid-section__wrapper\" style=\"padding-top:14px;padding-bottom:0px\"><div class=\"wp-block-getwid-section__inner-wrapper\"><div class=\"wp-block-getwid-section__background-holder\"><div class=\"wp-block-getwid-section__background\"><\/div><div class=\"wp-block-getwid-section__foreground\"><\/div><\/div><div class=\"wp-block-getwid-section__content\"><div class=\"wp-block-getwid-section__inner-content\">\n<div class=\"wp-block-columns are-vertically-aligned-center is-layout-flex wp-container-core-columns-is-layout-4 wp-block-columns-is-layout-flex\">\n<div class=\"wp-block-column is-vertically-aligned-center is-layout-flow wp-block-column-is-layout-flow\">\n<figure class=\"wp-block-image alignright size-full is-resized is-style-rounded\"><img loading=\"lazy\" decoding=\"async\" width=\"573\" height=\"542\" src=\"https:\/\/projectes.xtec.cat\/pensament-computacional\/wp-content\/uploads\/usu2217\/2025\/02\/Captura.png\" alt=\"\" class=\"wp-image-44076\" style=\"aspect-ratio:1;object-fit:cover;width:112px;height:auto\" srcset=\"https:\/\/projectes.xtec.cat\/pensament-computacional\/wp-content\/uploads\/usu2217\/2025\/02\/Captura.png 573w, https:\/\/projectes.xtec.cat\/pensament-computacional\/wp-content\/uploads\/usu2217\/2025\/02\/Captura-300x284.png 300w\" sizes=\"auto, (max-width: 573px) 100vw, 573px\" \/><\/figure>\n<\/div>\n\n\n\n<div class=\"wp-block-column is-vertically-aligned-center is-layout-flow wp-block-column-is-layout-flow\" style=\"padding-top:var(--wp--preset--spacing--20);flex-basis:50%\">\n<p class=\"has-text-align-left\"><strong><strong><strong>Just Navarro Artero<\/strong><\/strong><\/strong><\/p>\n\n\n\n<p class=\"has-text-align-left\" style=\"font-size:14px\">Mestre de prim\u00e0ria, apassionat de les noves tecnologies en general i de la rob\u00f2tica educativa en particular. He fet diverses formacions de rob\u00f2tica tant a centres com pel CRP.<\/p>\n<\/div>\n\n\n\n<div class=\"wp-block-column is-vertically-aligned-center is-layout-flow wp-block-column-is-layout-flow\" style=\"flex-basis:25%\"><\/div>\n<\/div>\n<\/div><\/div><\/div><\/div><\/div>\n\n\n\n<div class=\"wp-block-getwid-section getwid-margin-top-medium\"><div class=\"wp-block-getwid-section__wrapper\" style=\"padding-top:14px;padding-bottom:0px\"><div class=\"wp-block-getwid-section__inner-wrapper\"><div class=\"wp-block-getwid-section__background-holder\"><div class=\"wp-block-getwid-section__background\"><\/div><div class=\"wp-block-getwid-section__foreground\"><\/div><\/div><div class=\"wp-block-getwid-section__content\"><div class=\"wp-block-getwid-section__inner-content\">\n<div class=\"wp-block-columns is-layout-flex wp-container-core-columns-is-layout-5 wp-block-columns-is-layout-flex\" style=\"padding-bottom:var(--wp--preset--spacing--20)\">\n<div class=\"wp-block-column is-vertically-aligned-center is-layout-flow wp-block-column-is-layout-flow\">\n<figure class=\"wp-block-image alignright size-full is-resized is-style-rounded\"><img loading=\"lazy\" decoding=\"async\" width=\"156\" height=\"192\" src=\"https:\/\/projectes.xtec.cat\/pensament-computacional\/wp-content\/uploads\/usu2217\/2025\/02\/Tallers-Anna-ANNA-GOMEZ-CAMACHO.png\" alt=\"\" class=\"wp-image-44072\" style=\"aspect-ratio:1;object-fit:cover;width:114px;height:auto\"\/><\/figure>\n<\/div>\n\n\n\n<div class=\"wp-block-column is-vertically-aligned-center is-layout-flow wp-block-column-is-layout-flow\" style=\"flex-basis:70%\">\n<p class=\"has-text-align-left\"><strong><strong><strong>Anna G\u00f3mez Camacho<\/strong><\/strong><\/strong><\/p>\n\n\n\n<p>Mestra de prim\u00e0ria i amb especialitat d&#8217;educaci\u00f3 f\u00edsica. Aquests darrers cursos a part de dur a terme la meva tasca professional del dia a dia a l&#8217;aula sent cotutora, he format part de la comissi\u00f3 digital de la meva escola, dissenyant i implementat l&#8217;estrat\u00e8gia digital de centre i liderant el treball del pensament computacional a l&#8217;aula.<\/p>\n<\/div>\n<\/div>\n<\/div><\/div><\/div><\/div><\/div>\n<\/div><\/div><\/div><\/div><\/div>\n<\/div><\/div><\/div><\/div><\/div>\n","protected":false},"excerpt":{"rendered":"","protected":false},"author":29,"featured_media":0,"parent":42478,"menu_order":11,"comment_status":"closed","ping_status":"closed","template":"","meta":{"_bbp_topic_count":0,"_bbp_reply_count":0,"_bbp_total_topic_count":0,"_bbp_total_reply_count":0,"_bbp_voice_count":0,"_bbp_anonymous_reply_count":0,"_bbp_topic_count_hidden":0,"_bbp_reply_count_hidden":0,"_bbp_forum_subforum_count":0,"site-sidebar-layout":"default","site-content-layout":"","ast-site-content-layout":"default","site-content-style":"default","site-sidebar-style":"default","ast-global-header-display":"","ast-banner-title-visibility":"","ast-main-header-display":"","ast-hfb-above-header-display":"","ast-hfb-below-header-display":"","ast-hfb-mobile-header-display":"","site-post-title":"","ast-breadcrumbs-content":"","ast-featured-img":"","footer-sml-layout":"","theme-transparent-header-meta":"","adv-header-id-meta":"","stick-header-meta":"","header-above-stick-meta":"","header-main-stick-meta":"","header-below-stick-meta":"","astra-migrate-meta-layouts":"set","ast-page-background-enabled":"default","ast-page-background-meta":{"desktop":{"background-color":"","background-image":"","background-repeat":"repeat","background-position":"center center","background-size":"auto","background-attachment":"scroll","background-type":"","background-media":"","overlay-type":"","overlay-color":"","overlay-opacity":"","overlay-gradient":""},"tablet":{"background-color":"","background-image":"","background-repeat":"repeat","background-position":"center center","background-size":"auto","background-attachment":"scroll","background-type":"","background-media":"","overlay-type":"","overlay-color":"","overlay-opacity":"","overlay-gradient":""},"mobile":{"background-color":"","background-image":"","background-repeat":"repeat","background-position":"center center","background-size":"auto","background-attachment":"scroll","background-type":"","background-media":"","overlay-type":"","overlay-color":"","overlay-opacity":"","overlay-gradient":""}},"ast-content-background-meta":{"desktop":{"background-color":"var(--ast-global-color-5)","background-image":"","background-repeat":"repeat","background-position":"center center","background-size":"auto","background-attachment":"scroll","background-type":"","background-media":"","overlay-type":"","overlay-color":"","overlay-opacity":"","overlay-gradient":""},"tablet":{"background-color":"var(--ast-global-color-5)","background-image":"","background-repeat":"repeat","background-position":"center center","background-size":"auto","background-attachment":"scroll","background-type":"","background-media":"","overlay-type":"","overlay-color":"","overlay-opacity":"","overlay-gradient":""},"mobile":{"background-color":"var(--ast-global-color-5)","background-image":"","background-repeat":"repeat","background-position":"center center","background-size":"auto","background-attachment":"scroll","background-type":"","background-media":"","overlay-type":"","overlay-color":"","overlay-opacity":"","overlay-gradient":""}},"footnotes":""},"class_list":["post-44071","page","type-page","status-publish","hentry"],"post_mailing_queue_ids":[],"_links":{"self":[{"href":"https:\/\/projectes.xtec.cat\/pensament-computacional\/wp-json\/wp\/v2\/pages\/44071","targetHints":{"allow":["GET"]}}],"collection":[{"href":"https:\/\/projectes.xtec.cat\/pensament-computacional\/wp-json\/wp\/v2\/pages"}],"about":[{"href":"https:\/\/projectes.xtec.cat\/pensament-computacional\/wp-json\/wp\/v2\/types\/page"}],"author":[{"embeddable":true,"href":"https:\/\/projectes.xtec.cat\/pensament-computacional\/wp-json\/wp\/v2\/users\/29"}],"replies":[{"embeddable":true,"href":"https:\/\/projectes.xtec.cat\/pensament-computacional\/wp-json\/wp\/v2\/comments?post=44071"}],"version-history":[{"count":6,"href":"https:\/\/projectes.xtec.cat\/pensament-computacional\/wp-json\/wp\/v2\/pages\/44071\/revisions"}],"predecessor-version":[{"id":47084,"href":"https:\/\/projectes.xtec.cat\/pensament-computacional\/wp-json\/wp\/v2\/pages\/44071\/revisions\/47084"}],"up":[{"embeddable":true,"href":"https:\/\/projectes.xtec.cat\/pensament-computacional\/wp-json\/wp\/v2\/pages\/42478"}],"wp:attachment":[{"href":"https:\/\/projectes.xtec.cat\/pensament-computacional\/wp-json\/wp\/v2\/media?parent=44071"}],"curies":[{"name":"wp","href":"https:\/\/api.w.org\/{rel}","templated":true}]}}