{"id":44112,"date":"2025-02-05T13:29:42","date_gmt":"2025-02-05T12:29:42","guid":{"rendered":"https:\/\/projectes.xtec.cat\/pensament-computacional\/?page_id=44112"},"modified":"2025-03-15T06:10:21","modified_gmt":"2025-03-15T05:10:21","slug":"taller-2-la-robotica-com-a-eina-dinclusio-educativa","status":"publish","type":"page","link":"https:\/\/projectes.xtec.cat\/pensament-computacional\/formacio-robotica\/jornades\/jornada-connectem-robotica-educativa-girona\/taller-2-la-robotica-com-a-eina-dinclusio-educativa\/","title":{"rendered":"Taller 2 &#8211; La rob\u00f2tica com a eina d&#8217;inclusi\u00f3 educativa"},"content":{"rendered":"\n<div class=\"wp-block-getwid-section alignfull alignfull\"><div class=\"wp-block-getwid-section__wrapper\" style=\"padding-bottom:1px\"><div class=\"wp-block-getwid-section__inner-wrapper\"><div class=\"wp-block-getwid-section__background-holder\"><div class=\"wp-block-getwid-section__background\"><\/div><div class=\"wp-block-getwid-section__foreground\"><\/div><\/div><div class=\"wp-block-getwid-section__content\"><div class=\"wp-block-getwid-section__inner-content\">\n<hr class=\"wp-block-separator has-text-color has-alpha-channel-opacity has-background is-style-wide\" style=\"background-color:#273d5c;color:#273d5c\"\/>\n\n\n\n<div class=\"wp-block-columns is-layout-flex wp-container-core-columns-is-layout-1 wp-block-columns-is-layout-flex\">\n<div class=\"wp-block-column is-vertically-aligned-center is-layout-flow wp-block-column-is-layout-flow\">\n<div class=\"wp-block-getwid-advanced-heading has-custom-font-size\" style=\"font-size:25px\"><span class=\"wp-block-getwid-advanced-heading__content has-text-color\" style=\"color:#bf507f\"><strong>Taller 2 <strong>\u2013<\/strong> La rob\u00f2tica com a eina d&#8217;inclusi\u00f3 educativa<\/strong><\/span><\/div>\n<\/div>\n<\/div>\n\n\n\n<hr class=\"wp-block-separator has-text-color has-alpha-channel-opacity has-background is-style-wide\" style=\"background-color:#273d5c;color:#273d5c\"\/>\n\n\n\n<div class=\"wp-block-columns is-layout-flex wp-container-core-columns-is-layout-2 wp-block-columns-is-layout-flex\">\n<div class=\"wp-block-column is-layout-flow wp-block-column-is-layout-flow\" style=\"flex-basis:100%\">\n<p class=\"has-text-align-right has-text-color has-link-color wp-elements-1bab8ea0f8c0441b8f03fb7e67489089\" style=\"color:#273d5c\"><p class=\"has-text-align-right inicial_plaques has-text-color has-link-color\" style=\"color:#273d5c\"><strong>Nivell inicial<\/strong><\/p><p style=\"color: black !important; border: solid #4682b4 2px; border-radius: 5px; background-color: #5fa8d3; padding: 4px; width: 150px; text-align: center; float: right; font-weight: bold; margin-right: 10px;\">Educaci\u00f3 especial<\/p><\/p>\n<\/div>\n<\/div>\n\n\n\n<div class=\"wp-block-columns are-vertically-aligned-top is-layout-flex wp-container-core-columns-is-layout-3 wp-block-columns-is-layout-flex\" style=\"padding-top:var(--wp--preset--spacing--30)\">\n<div class=\"wp-block-column is-vertically-aligned-top is-layout-flow wp-block-column-is-layout-flow\">\n<div class=\"wp-block-getwid-section getwid-section-content-full-width\"><div class=\"wp-block-getwid-section__wrapper\" style=\"padding-top:10px\"><div class=\"wp-block-getwid-section__inner-wrapper\"><div class=\"wp-block-getwid-section__background-holder\"><div class=\"wp-block-getwid-section__background has-background\" style=\"background-color:#f2ede2\"><\/div><div class=\"wp-block-getwid-section__foreground\"><\/div><\/div><div class=\"wp-block-getwid-section__content\"><div class=\"wp-block-getwid-section__inner-content\">\n<h6 class=\"wp-block-heading has-text-color has-link-color wp-elements-68fdea30f2b99bd66b89fc3528b7a020\" style=\"color:#434343;padding-top:var(--wp--preset--spacing--20)\"><strong>Descripci\u00f3<\/strong><\/h6>\n\n\n\n<p>Donar eines i estrat\u00e8gies que es fan servir en el CEE entorn a l&#8217;aplicaci\u00f3 de la rob\u00f2tica educativa. Presentar un dec\u00e0leg per tal que permeti explicar els beneficis del pensament computacional amb alumnat amb trastorn del neurodesenvolupament i neurodiversitat.<\/p>\n<\/div><\/div><\/div><\/div><\/div>\n<\/div>\n\n\n\n<div class=\"wp-block-column is-vertically-aligned-top is-layout-flow wp-block-column-is-layout-flow\">\n<div class=\"wp-block-getwid-section getwid-section-content-full-width\"><div class=\"wp-block-getwid-section__wrapper\" style=\"padding-top:10px\"><div class=\"wp-block-getwid-section__inner-wrapper\"><div class=\"wp-block-getwid-section__background-holder\"><div class=\"wp-block-getwid-section__background has-background\" style=\"background-color:#f2ede2\"><\/div><div class=\"wp-block-getwid-section__foreground\"><\/div><\/div><div class=\"wp-block-getwid-section__content\"><div class=\"wp-block-getwid-section__inner-content\">\n<h6 class=\"wp-block-heading has-text-color has-link-color wp-elements-4ffcda1e54d42624f488294f1293b6b1\" style=\"color:#434343;padding-top:var(--wp--preset--spacing--20)\"><strong>Material<\/strong> <strong>necessari<\/strong><\/h6>\n\n\n\n<ul class=\"wp-block-list\">\n<li>Bee bot<\/li>\n\n\n\n<li>Tale bot<\/li>\n\n\n\n<li>Blue bot<\/li>\n\n\n\n<li>Dash<\/li>\n\n\n\n<li>Mouse track<\/li>\n\n\n\n<li>Ordinador port\u00e0til<\/li>\n<\/ul>\n\n\n\n<p><strong>\u26a0\ufe0f<\/strong> <strong>Important<\/strong>: \u00e9s necessari que les persones inscrites al taller portin el material el dia de la jornada<strong>. <\/strong><\/p>\n<\/div><\/div><\/div><\/div><\/div>\n\n\n\n<div class=\"wp-block-getwid-section getwid-section-content-full-width\"><div class=\"wp-block-getwid-section__wrapper\" style=\"padding-top:10px\"><div class=\"wp-block-getwid-section__inner-wrapper\"><div class=\"wp-block-getwid-section__background-holder\"><div class=\"wp-block-getwid-section__background has-background\" style=\"background-color:#f2ede2\"><\/div><div class=\"wp-block-getwid-section__foreground\"><\/div><\/div><div class=\"wp-block-getwid-section__content\"><div class=\"wp-block-getwid-section__inner-content\">\n<h6 class=\"wp-block-heading has-text-color has-link-color wp-elements-714936c7a87b772567fbc96e00694b61\" style=\"color:#434343;padding-top:var(--wp--preset--spacing--20)\"><strong>Presentaci\u00f3<\/strong><\/h6>\n\n\n\n<p><p style=\"text-align:center\"><iframe loading=\"lazy\" src=\"https:\/\/docs.google.com\/presentation\/d\/1U9rEDFuBDEJ-OBVDfyQJiea5wgK83bBLDZx_1yMRwVo\/preview?slide=id.p1\" frameborder=\"0\" width=\"480\" height=\"299\" allowfullscreen=\"true\" mozallowfullscreen=\"true\" webkitallowfullscreen=\"true\"><\/iframe><\/p><\/p>\n<\/div><\/div><\/div><\/div><\/div>\n<\/div>\n<\/div>\n\n\n\n<div class=\"wp-block-getwid-section alignfull alignfull getwid-margin-top-normal getwid-margin-bottom-large\"><div class=\"wp-block-getwid-section__wrapper getwid-padding-top-small\"><div class=\"wp-block-getwid-section__inner-wrapper\"><div class=\"wp-block-getwid-section__background-holder\"><div class=\"wp-block-getwid-section__background has-background\" style=\"background-color:#feecf0\"><\/div><div class=\"wp-block-getwid-section__foreground\"><\/div><\/div><div class=\"wp-block-getwid-section__content\"><div class=\"wp-block-getwid-section__inner-content\">\n<div class=\"wp-block-getwid-section\" style=\"margin-top:0px;margin-bottom:1px\"><div class=\"wp-block-getwid-section__wrapper\" style=\"padding-top:14px;padding-bottom:0px\"><div class=\"wp-block-getwid-section__inner-wrapper\"><div class=\"wp-block-getwid-section__background-holder\"><div class=\"wp-block-getwid-section__background\"><\/div><div class=\"wp-block-getwid-section__foreground\"><\/div><\/div><div class=\"wp-block-getwid-section__content\"><div class=\"wp-block-getwid-section__inner-content\">\n<div class=\"wp-block-columns are-vertically-aligned-center is-layout-flex wp-container-core-columns-is-layout-4 wp-block-columns-is-layout-flex\">\n<div class=\"wp-block-column is-vertically-aligned-center is-layout-flow wp-block-column-is-layout-flow\">\n<figure class=\"wp-block-image alignright size-full is-resized is-style-rounded\"><img loading=\"lazy\" decoding=\"async\" width=\"842\" height=\"1277\" src=\"https:\/\/projectes.xtec.cat\/pensament-computacional\/wp-content\/uploads\/usu2217\/2025\/02\/WhatsApp-Image-2025-02-10-at-19.10.19-ANA-MARIA-FERNANDEZ-ALCARRIA-1.jpeg\" alt=\"\" class=\"wp-image-44459\" style=\"aspect-ratio:1;object-fit:cover;width:112px;height:auto\" srcset=\"https:\/\/projectes.xtec.cat\/pensament-computacional\/wp-content\/uploads\/usu2217\/2025\/02\/WhatsApp-Image-2025-02-10-at-19.10.19-ANA-MARIA-FERNANDEZ-ALCARRIA-1.jpeg 842w, https:\/\/projectes.xtec.cat\/pensament-computacional\/wp-content\/uploads\/usu2217\/2025\/02\/WhatsApp-Image-2025-02-10-at-19.10.19-ANA-MARIA-FERNANDEZ-ALCARRIA-1-198x300.jpeg 198w, https:\/\/projectes.xtec.cat\/pensament-computacional\/wp-content\/uploads\/usu2217\/2025\/02\/WhatsApp-Image-2025-02-10-at-19.10.19-ANA-MARIA-FERNANDEZ-ALCARRIA-1-675x1024.jpeg 675w, https:\/\/projectes.xtec.cat\/pensament-computacional\/wp-content\/uploads\/usu2217\/2025\/02\/WhatsApp-Image-2025-02-10-at-19.10.19-ANA-MARIA-FERNANDEZ-ALCARRIA-1-768x1165.jpeg 768w\" sizes=\"auto, (max-width: 842px) 100vw, 842px\" \/><\/figure>\n<\/div>\n\n\n\n<div class=\"wp-block-column is-vertically-aligned-center is-layout-flow wp-block-column-is-layout-flow\" style=\"padding-top:var(--wp--preset--spacing--20);flex-basis:70%\">\n<p class=\"has-text-align-left\"><strong><strong><strong>Ana M\u00aa Fern\u00e1ndez Alcarria<\/strong><\/strong><\/strong><\/p>\n\n\n\n<p>Mestra d&#8217;Educaci\u00f3 Especial, vinculada a centres d&#8217;educaci\u00f3 especial com a traject\u00f2ria professional. Actualment formo part de l&#8217;equip CEEPSIR del CEE Ventijol.<\/p>\n\n\n\n<p>Gaudeixo generant noves propostes d&#8217;ensenyament i aprenentatge, vinculades amb les noves tecnologies, tot facilitant l&#8217;accessibilitat d&#8217;aquestes i promovent el pensament computacional com a element per resoldre problemes en contextos reals.<\/p>\n<\/div>\n\n\n\n<div class=\"wp-block-column is-vertically-aligned-center is-layout-flow wp-block-column-is-layout-flow\" style=\"flex-basis:10%\"><\/div>\n<\/div>\n<\/div><\/div><\/div><\/div><\/div>\n<\/div><\/div><\/div><\/div><\/div>\n<\/div><\/div><\/div><\/div><\/div>\n","protected":false},"excerpt":{"rendered":"","protected":false},"author":29,"featured_media":0,"parent":42478,"menu_order":2,"comment_status":"closed","ping_status":"closed","template":"","meta":{"_bbp_topic_count":0,"_bbp_reply_count":0,"_bbp_total_topic_count":0,"_bbp_total_reply_count":0,"_bbp_voice_count":0,"_bbp_anonymous_reply_count":0,"_bbp_topic_count_hidden":0,"_bbp_reply_count_hidden":0,"_bbp_forum_subforum_count":0,"site-sidebar-layout":"default","site-content-layout":"","ast-site-content-layout":"default","site-content-style":"default","site-sidebar-style":"default","ast-global-header-display":"","ast-banner-title-visibility":"","ast-main-header-display":"","ast-hfb-above-header-display":"","ast-hfb-below-header-display":"","ast-hfb-mobile-header-display":"","site-post-title":"disabled","ast-breadcrumbs-content":"","ast-featured-img":"","footer-sml-layout":"","theme-transparent-header-meta":"","adv-header-id-meta":"","stick-header-meta":"","header-above-stick-meta":"","header-main-stick-meta":"","header-below-stick-meta":"","astra-migrate-meta-layouts":"set","ast-page-background-enabled":"default","ast-page-background-meta":{"desktop":{"background-color":"","background-image":"","background-repeat":"repeat","background-position":"center center","background-size":"auto","background-attachment":"scroll","background-type":"","background-media":"","overlay-type":"","overlay-color":"","overlay-opacity":"","overlay-gradient":""},"tablet":{"background-color":"","background-image":"","background-repeat":"repeat","background-position":"center center","background-size":"auto","background-attachment":"scroll","background-type":"","background-media":"","overlay-type":"","overlay-color":"","overlay-opacity":"","overlay-gradient":""},"mobile":{"background-color":"","background-image":"","background-repeat":"repeat","background-position":"center center","background-size":"auto","background-attachment":"scroll","background-type":"","background-media":"","overlay-type":"","overlay-color":"","overlay-opacity":"","overlay-gradient":""}},"ast-content-background-meta":{"desktop":{"background-color":"var(--ast-global-color-5)","background-image":"","background-repeat":"repeat","background-position":"center center","background-size":"auto","background-attachment":"scroll","background-type":"","background-media":"","overlay-type":"","overlay-color":"","overlay-opacity":"","overlay-gradient":""},"tablet":{"background-color":"var(--ast-global-color-5)","background-image":"","background-repeat":"repeat","background-position":"center center","background-size":"auto","background-attachment":"scroll","background-type":"","background-media":"","overlay-type":"","overlay-color":"","overlay-opacity":"","overlay-gradient":""},"mobile":{"background-color":"var(--ast-global-color-5)","background-image":"","background-repeat":"repeat","background-position":"center center","background-size":"auto","background-attachment":"scroll","background-type":"","background-media":"","overlay-type":"","overlay-color":"","overlay-opacity":"","overlay-gradient":""}},"footnotes":""},"class_list":["post-44112","page","type-page","status-publish","hentry"],"post_mailing_queue_ids":[],"_links":{"self":[{"href":"https:\/\/projectes.xtec.cat\/pensament-computacional\/wp-json\/wp\/v2\/pages\/44112","targetHints":{"allow":["GET"]}}],"collection":[{"href":"https:\/\/projectes.xtec.cat\/pensament-computacional\/wp-json\/wp\/v2\/pages"}],"about":[{"href":"https:\/\/projectes.xtec.cat\/pensament-computacional\/wp-json\/wp\/v2\/types\/page"}],"author":[{"embeddable":true,"href":"https:\/\/projectes.xtec.cat\/pensament-computacional\/wp-json\/wp\/v2\/users\/29"}],"replies":[{"embeddable":true,"href":"https:\/\/projectes.xtec.cat\/pensament-computacional\/wp-json\/wp\/v2\/comments?post=44112"}],"version-history":[{"count":6,"href":"https:\/\/projectes.xtec.cat\/pensament-computacional\/wp-json\/wp\/v2\/pages\/44112\/revisions"}],"predecessor-version":[{"id":47075,"href":"https:\/\/projectes.xtec.cat\/pensament-computacional\/wp-json\/wp\/v2\/pages\/44112\/revisions\/47075"}],"up":[{"embeddable":true,"href":"https:\/\/projectes.xtec.cat\/pensament-computacional\/wp-json\/wp\/v2\/pages\/42478"}],"wp:attachment":[{"href":"https:\/\/projectes.xtec.cat\/pensament-computacional\/wp-json\/wp\/v2\/media?parent=44112"}],"curies":[{"name":"wp","href":"https:\/\/api.w.org\/{rel}","templated":true}]}}