{"id":47640,"date":"2025-04-04T12:18:40","date_gmt":"2025-04-04T10:18:40","guid":{"rendered":"https:\/\/projectes.xtec.cat\/pensament-computacional\/?page_id=47640"},"modified":"2025-05-22T11:14:14","modified_gmt":"2025-05-22T09:14:14","slug":"taller-3-jpre25","status":"publish","type":"page","link":"https:\/\/projectes.xtec.cat\/pensament-computacional\/formacio-robotica\/jornades\/xvii-jornada-de-programacio-i-robotica-educatives\/taller-3-jpre25\/","title":{"rendered":"Taller 3 JPRE25"},"content":{"rendered":"\n<div style=\"height:20px\" aria-hidden=\"true\" class=\"wp-block-spacer\"><\/div>\n\n\n\n<p class=\"has-text-align-right intermedi_plaques\" style=\"margin-top:0;margin-bottom:0;padding-top:0;padding-bottom:0\">Nivell intermedi<\/p>\n\n\n\n<div style=\"height:10px\" aria-hidden=\"true\" class=\"wp-block-spacer\"><\/div>\n\n\n\n<div class=\"wp-block-columns alignwide is-layout-flex wp-container-core-columns-is-layout-1 wp-block-columns-is-layout-flex\" style=\"margin-top:0;margin-bottom:0;padding-top:0;padding-right:0;padding-bottom:0;padding-left:0\">\n<div class=\"wp-block-column arrodonir has-border-color is-layout-flow wp-container-core-column-is-layout-1 wp-block-column-is-layout-flow\" style=\"border-color:#cf6c58;border-width:2px;padding-top:0;padding-right:0;padding-bottom:0;padding-left:0;flex-basis:100%\">\n<h1 class=\"wp-block-heading alignwide has-text-align-left arrodonir has-text-color has-background has-link-color wp-elements-c95754d2160be29e2043a9f16fca7a7d\" style=\"color:#cf6c58;background-color:#f4dcd7;margin-top:0;margin-right:0;margin-bottom:0;margin-left:0;padding-top:var(--wp--preset--spacing--30);padding-right:var(--wp--preset--spacing--30);padding-bottom:var(--wp--preset--spacing--30);padding-left:var(--wp--preset--spacing--30)\"><strong><img decoding=\"async\" class=\"wp-image-47758\" style=\"width: 140px;\" src=\"https:\/\/projectes.xtec.cat\/pensament-computacional\/wp-content\/uploads\/usu2217\/2025\/04\/JPRE25-3.png\" alt=\"\">Taller 3: Escapa del laberint!<\/strong><\/h1>\n<\/div>\n<\/div>\n\n\n\n<div style=\"height:12px\" aria-hidden=\"true\" class=\"wp-block-spacer\"><\/div>\n\n\n\n<div class=\"wp-block-columns alignwide is-layout-flex wp-container-core-columns-is-layout-2 wp-block-columns-is-layout-flex\" style=\"margin-top:0;margin-bottom:0;padding-top:0;padding-right:0;padding-bottom:0;padding-left:0\">\n<div class=\"wp-block-column arrodonir has-border-color has-ast-global-color-0-border-color is-layout-flow wp-container-core-column-is-layout-2 wp-block-column-is-layout-flow\" style=\"border-width:2px;padding-top:0;padding-right:0;padding-bottom:0;padding-left:0;flex-basis:100%\">\n<h1 class=\"wp-block-heading alignwide has-text-align-left arrodonir has-ast-global-color-0-color has-text-color has-background has-link-color has-medium-font-size wp-elements-bd25535ce53e951fbffa0812a79fbb68\" style=\"background-color:#daedf7;margin-top:0;margin-right:0;margin-bottom:0;margin-left:0;padding-top:var(--wp--preset--spacing--30);padding-right:var(--wp--preset--spacing--30);padding-bottom:var(--wp--preset--spacing--30);padding-left:var(--wp--preset--spacing--30)\"><strong>Planta 1 &#8211; Aula B<\/strong><\/h1>\n<\/div>\n<\/div>\n\n\n\n<div style=\"height:12px\" aria-hidden=\"true\" class=\"wp-block-spacer\"><\/div>\n\n\n\n<div style=\"height:2px\" aria-hidden=\"true\" class=\"wp-block-spacer\"><\/div>\n\n\n\n<div class=\"wp-block-getwid-section arrodonir alignwide alignwide\"><div class=\"wp-block-getwid-section__wrapper\"><div class=\"wp-block-getwid-section__inner-wrapper\"><div class=\"wp-block-getwid-section__background-holder\"><div class=\"wp-block-getwid-section__background has-background\" style=\"background-color:#6e9bb2\"><\/div><div class=\"wp-block-getwid-section__foreground\"><\/div><\/div><div class=\"wp-block-getwid-section__content\"><div class=\"wp-block-getwid-section__inner-content\">\n<div class=\"wp-block-columns is-layout-flex wp-container-core-columns-is-layout-3 wp-block-columns-is-layout-flex\" style=\"margin-top:var(--wp--preset--spacing--20);margin-bottom:var(--wp--preset--spacing--20);padding-right:var(--wp--preset--spacing--30);padding-left:var(--wp--preset--spacing--30)\">\n<div class=\"wp-block-column arrodonir has-border-color has-ast-global-color-8-background-color has-background is-layout-flow wp-container-core-column-is-layout-3 wp-block-column-is-layout-flow\" style=\"border-color:#096088;border-width:2px;padding-right:var(--wp--preset--spacing--40);padding-left:var(--wp--preset--spacing--40)\">\n<p class=\"has-text-align-center has-text-color has-link-color wp-elements-07a37fc3513eadafa04b8c0fbb478eaf\" style=\"color:#bebebe\"><strong>EDUCACI\u00d3 INFANTIL<\/strong><\/p>\n<\/div>\n\n\n\n<div class=\"wp-block-column arrodonir has-border-color has-black-color has-luminous-vivid-amber-background-color has-text-color has-background has-link-color wp-elements-8f16e695f2eee3584b424dd27620bbd0 is-layout-flow wp-container-core-column-is-layout-4 wp-block-column-is-layout-flow\" style=\"border-color:#096088;border-width:2px;padding-right:var(--wp--preset--spacing--40);padding-left:var(--wp--preset--spacing--40)\">\n<p class=\"has-text-align-center has-ast-global-color-7-color has-text-color has-link-color wp-elements-05702ac76e0d5eb7caeac6f37e5750e7\"><strong>PRIM\u00c0RIA<\/strong><\/p>\n<\/div>\n\n\n\n<div class=\"wp-block-column arrodonir has-border-color has-luminous-vivid-amber-background-color has-background is-layout-flow wp-container-core-column-is-layout-5 wp-block-column-is-layout-flow\" style=\"border-color:#096088;border-width:2px;padding-right:var(--wp--preset--spacing--40);padding-left:var(--wp--preset--spacing--40)\">\n<p class=\"has-text-align-center has-ast-global-color-7-color has-text-color has-link-color wp-elements-7fb8d12c3e17098848bc3eda4868f70d\"><strong>SECUND\u00c0RIA<\/strong><\/p>\n<\/div>\n\n\n\n<div class=\"wp-block-column arrodonir has-border-color has-ast-global-color-8-background-color has-background is-layout-flow wp-container-core-column-is-layout-6 wp-block-column-is-layout-flow\" style=\"border-color:#096088;border-width:2px;padding-right:var(--wp--preset--spacing--40);padding-left:var(--wp--preset--spacing--40)\">\n<p class=\"has-text-align-center has-text-color has-link-color wp-elements-d1ee603c1e8e92308deedc851719430b\" style=\"color:#bebebe\"><strong>BATXILLERAT<\/strong><\/p>\n<\/div>\n\n\n\n<div class=\"wp-block-column arrodonir has-border-color has-ast-global-color-8-background-color has-background is-layout-flow wp-container-core-column-is-layout-7 wp-block-column-is-layout-flow\" style=\"border-color:#096088;border-width:2px;padding-right:var(--wp--preset--spacing--40);padding-left:var(--wp--preset--spacing--40)\">\n<p class=\"has-text-align-center has-text-color has-link-color wp-elements-9113b714a8899fcb4baf2194adc1d978\" style=\"color:#bebebe\"><strong>CICLES FORMATIUS<\/strong><\/p>\n<\/div>\n<\/div>\n\n\n\n<div class=\"wp-block-columns alignwide is-layout-flex wp-container-core-columns-is-layout-8 wp-block-columns-is-layout-flex\" style=\"margin-top:var(--wp--preset--spacing--40);margin-bottom:var(--wp--preset--spacing--40);padding-right:0;padding-left:0\">\n<div class=\"wp-block-column is-layout-flow wp-block-column-is-layout-flow\" style=\"flex-basis:50%\">\n<div class=\"wp-block-getwid-section\"><div class=\"wp-block-getwid-section__wrapper getwid-padding-top-none getwid-padding-bottom-none getwid-padding-left-small\"><div class=\"wp-block-getwid-section__inner-wrapper\"><div class=\"wp-block-getwid-section__background-holder\"><div class=\"wp-block-getwid-section__background\"><\/div><div class=\"wp-block-getwid-section__foreground\"><\/div><\/div><div class=\"wp-block-getwid-section__content\"><div class=\"wp-block-getwid-section__inner-content\">\n<div class=\"wp-block-columns is-layout-flex wp-container-core-columns-is-layout-4 wp-block-columns-is-layout-flex\" id=\"caixa\" style=\"padding-top:0;padding-right:0;padding-bottom:0;padding-left:0\">\n<div class=\"wp-block-column caixa has-border-color has-ast-global-color-7-color has-ast-global-color-5-background-color has-text-color has-background has-link-color wp-elements-fdb427aed8919412986251a3a8e6f4d2 is-layout-flow wp-container-core-column-is-layout-8 wp-block-column-is-layout-flow\" style=\"border-color:#096088;border-width:2px;padding-top:var(--wp--preset--spacing--30);padding-right:var(--wp--preset--spacing--40);padding-bottom:var(--wp--preset--spacing--30);padding-left:var(--wp--preset--spacing--40);box-shadow:var(--wp--preset--shadow--natural)\">\n<h5 class=\"wp-block-heading has-ast-global-color-7-color has-text-color has-link-color wp-elements-8c5d961abd04dc408cfe27bd698a7870\"><strong>Descripci\u00f3<\/strong><\/h5>\n\n\n\n<p>S\u2019ha de construir i programar un robot que sigui capa\u00e7 d\u2019entrar i sortir d\u2019un laberint modular seguint una de les estrat\u00e8gies proposades: seguiment de l\u00ednia, detectant dist\u00e0ncies, a cops o identificant colors. En definitiva, fent servir els sensors que hi ha en els kits del Lego Spike Prime: color, for\u00e7a o ultrasons.<\/p>\n<\/div>\n<\/div>\n<\/div><\/div><\/div><\/div><\/div>\n\n\n\n<div class=\"wp-block-getwid-section\"><div class=\"wp-block-getwid-section__wrapper getwid-padding-top-none getwid-padding-bottom-none getwid-padding-left-small\"><div class=\"wp-block-getwid-section__inner-wrapper\"><div class=\"wp-block-getwid-section__background-holder\"><div class=\"wp-block-getwid-section__background\"><\/div><div class=\"wp-block-getwid-section__foreground\"><\/div><\/div><div class=\"wp-block-getwid-section__content\"><div class=\"wp-block-getwid-section__inner-content\">\n<div class=\"wp-block-columns is-layout-flex wp-container-core-columns-is-layout-5 wp-block-columns-is-layout-flex\" id=\"caixa\" style=\"padding-top:0;padding-right:0;padding-bottom:0;padding-left:0\">\n<div class=\"wp-block-column caixa has-border-color has-ast-global-color-5-background-color has-background is-layout-flow wp-container-core-column-is-layout-9 wp-block-column-is-layout-flow\" style=\"border-color:#096088;border-width:2px;padding-top:var(--wp--preset--spacing--30);padding-right:var(--wp--preset--spacing--40);padding-bottom:var(--wp--preset--spacing--30);padding-left:var(--wp--preset--spacing--40);box-shadow:var(--wp--preset--shadow--natural)\">\n<figure class=\"wp-block-embed is-type-video is-provider-youtube wp-block-embed-youtube arrodonir wp-embed-aspect-16-9 wp-has-aspect-ratio\"><div class=\"wp-block-embed__wrapper\">\n<div class=\"ast-oembed-container \" style=\"height: 100%;\"><iframe loading=\"lazy\" title=\"Taller 3 JPRE25 -  Escapa del laberint!\" width=\"500\" height=\"281\" src=\"https:\/\/www.youtube.com\/embed\/gcUHh7BdlGc?feature=oembed\" frameborder=\"0\" allow=\"accelerometer; autoplay; clipboard-write; encrypted-media; gyroscope; picture-in-picture; web-share\" referrerpolicy=\"strict-origin-when-cross-origin\" allowfullscreen><\/iframe><\/div>\n<\/div><\/figure>\n<\/div>\n<\/div>\n<\/div><\/div><\/div><\/div><\/div>\n<\/div>\n\n\n\n<div class=\"wp-block-column is-layout-flow wp-block-column-is-layout-flow\" style=\"flex-basis:50%\">\n<div class=\"wp-block-getwid-section\"><div class=\"wp-block-getwid-section__wrapper getwid-padding-top-none getwid-padding-bottom-none getwid-padding-left-small\"><div class=\"wp-block-getwid-section__inner-wrapper\"><div class=\"wp-block-getwid-section__background-holder\"><div class=\"wp-block-getwid-section__background\"><\/div><div class=\"wp-block-getwid-section__foreground\"><\/div><\/div><div class=\"wp-block-getwid-section__content\"><div class=\"wp-block-getwid-section__inner-content\">\n<div class=\"wp-block-columns is-layout-flex wp-container-core-columns-is-layout-6 wp-block-columns-is-layout-flex\" id=\"caixa\" style=\"padding-top:0;padding-right:0;padding-bottom:0;padding-left:0\">\n<div class=\"wp-block-column caixa has-border-color has-ast-global-color-7-color has-ast-global-color-5-background-color has-text-color has-background has-link-color wp-elements-d1e5e7f6c8dad14e32cb480d081ad22a is-layout-flow wp-container-core-column-is-layout-11 wp-block-column-is-layout-flow\" style=\"border-color:#096088;border-width:2px;padding-top:var(--wp--preset--spacing--30);padding-right:var(--wp--preset--spacing--40);padding-bottom:var(--wp--preset--spacing--30);padding-left:var(--wp--preset--spacing--40);box-shadow:var(--wp--preset--shadow--natural)\">\n<h5 class=\"wp-block-heading has-ast-global-color-7-color has-text-color has-link-color wp-elements-caf8e223a7545ef5a3cdf8aa77973e1e\"><strong>Material necessari<\/strong><\/h5>\n\n\n\n<p class=\"has-black-color has-text-color has-link-color wp-elements-15542acaa7176c6d4c4fc0ecb71d29de\">Els participants nom\u00e9s han de portar un ordinador port\u00e0til. Els talleristes portarem uns 15 kits de LEGO SPIKE Prime per treballar per parelles. Tamb\u00e9 portarem el laberint modular.<\/p>\n\n\n\n<hr class=\"wp-block-separator has-text-color has-alpha-channel-opacity has-background is-style-wide\" style=\"background-color:#096088;color:#096088\"\/>\n\n\n\n<p class=\"has-ast-global-color-7-color has-text-color has-link-color has-medium-font-size wp-elements-8c7fbfbc0d1c3fb25d999099ab0d78fc\" style=\"margin-top:var(--wp--preset--spacing--20);margin-bottom:var(--wp--preset--spacing--20);padding-top:var(--wp--preset--spacing--20);padding-bottom:var(--wp--preset--spacing--20)\">\u26a0\ufe0f <strong>Requisits<\/strong><\/p>\n\n\n\n<ul class=\"wp-block-list\">\n<li>Material necessari: ordinador port\u00e0til per programar el robot.<\/li>\n\n\n\n<li>Coneixements previs: programaci\u00f3 per blocs de paraules. <\/li>\n\n\n\n<li>Cal utilitzar sensors, bucles, condicionals, etc. (nivell intermedi de programaci\u00f3)<\/li>\n<\/ul>\n<\/div>\n<\/div>\n<\/div><\/div><\/div><\/div><\/div>\n\n\n\n<div class=\"wp-block-getwid-section\"><div class=\"wp-block-getwid-section__wrapper getwid-padding-top-none getwid-padding-bottom-none getwid-padding-left-small\"><div class=\"wp-block-getwid-section__inner-wrapper\"><div class=\"wp-block-getwid-section__background-holder\"><div class=\"wp-block-getwid-section__background\"><\/div><div class=\"wp-block-getwid-section__foreground\"><\/div><\/div><div class=\"wp-block-getwid-section__content\"><div class=\"wp-block-getwid-section__inner-content\">\n<div class=\"wp-block-columns is-layout-flex wp-container-core-columns-is-layout-7 wp-block-columns-is-layout-flex\" id=\"caixa\" style=\"padding-top:0;padding-right:0;padding-bottom:0;padding-left:0\">\n<div class=\"wp-block-column caixa has-border-color has-ast-global-color-5-background-color has-background is-layout-flow wp-container-core-column-is-layout-12 wp-block-column-is-layout-flow\" style=\"border-color:#096088;border-width:2px;padding-top:var(--wp--preset--spacing--30);padding-right:var(--wp--preset--spacing--40);padding-bottom:var(--wp--preset--spacing--30);padding-left:var(--wp--preset--spacing--40);box-shadow:var(--wp--preset--shadow--natural)\">\n<h5 class=\"wp-block-heading has-ast-global-color-7-color has-text-color has-link-color wp-elements-125a049cfcdb979cbeea06bf013c8825\"><strong>Presentaci\u00f3<\/strong><\/h5>\n\n\n\n<figure class=\"wp-block-image aligncenter size-full is-resized\"><a href=\"https:\/\/docs.google.com\/presentation\/d\/1K3qWa78DiAFybLVLRjkpyRjK1EXTNuzertKJD56d_PM\/present\" target=\"_blank\" rel=\"noreferrer noopener\"><img loading=\"lazy\" decoding=\"async\" width=\"191\" height=\"263\" src=\"https:\/\/projectes.xtec.cat\/pensament-computacional\/wp-content\/uploads\/usu2217\/2025\/04\/image.png\" alt=\"\" class=\"wp-image-47776\" style=\"width:59px;height:auto\"\/><\/a><\/figure>\n<\/div>\n<\/div>\n<\/div><\/div><\/div><\/div><\/div>\n<\/div>\n<\/div>\n\n\n\n<div style=\"height:10px\" aria-hidden=\"true\" class=\"wp-block-spacer\"><\/div>\n<\/div><\/div><\/div><\/div><\/div>\n\n\n\n<div style=\"height:25px\" aria-hidden=\"true\" class=\"wp-block-spacer\"><\/div>\n\n\n\n<div class=\"wp-block-getwid-section arrodonir alignwide alignwide\"><div class=\"wp-block-getwid-section__wrapper\"><div class=\"wp-block-getwid-section__inner-wrapper\"><div class=\"wp-block-getwid-section__background-holder\"><div class=\"wp-block-getwid-section__background has-background\" style=\"background-color:#e2c8ca\"><\/div><div class=\"wp-block-getwid-section__foreground\"><\/div><\/div><div class=\"wp-block-getwid-section__content\"><div class=\"wp-block-getwid-section__inner-content\">\n<div class=\"wp-block-columns alignwide is-layout-flex wp-container-core-columns-is-layout-9 wp-block-columns-is-layout-flex\" style=\"margin-top:var(--wp--preset--spacing--20);margin-bottom:var(--wp--preset--spacing--20);padding-top:0;padding-right:0;padding-bottom:0;padding-left:0\">\n<div class=\"wp-block-column is-vertically-aligned-top arrodonir is-layout-flow wp-container-core-column-is-layout-14 wp-block-column-is-layout-flow\" style=\"padding-top:var(--wp--preset--spacing--40);padding-right:var(--wp--preset--spacing--40);padding-bottom:var(--wp--preset--spacing--40);padding-left:var(--wp--preset--spacing--40);flex-basis:15%\">\n<figure class=\"wp-block-image aligncenter size-full is-resized has-custom-border is-style-rounded\"><img loading=\"lazy\" decoding=\"async\" width=\"1722\" height=\"2439\" src=\"https:\/\/projectes.xtec.cat\/pensament-computacional\/wp-content\/uploads\/usu2217\/2025\/04\/Foto-Bernat-BERNAT-CASTELLS-RIPOLL.jpg\" alt=\"\" class=\"has-border-color wp-image-47978\" style=\"border-color:#97545c;border-width:2px;object-fit:cover;width:100px;height:100px\" srcset=\"https:\/\/projectes.xtec.cat\/pensament-computacional\/wp-content\/uploads\/usu2217\/2025\/04\/Foto-Bernat-BERNAT-CASTELLS-RIPOLL.jpg 1722w, https:\/\/projectes.xtec.cat\/pensament-computacional\/wp-content\/uploads\/usu2217\/2025\/04\/Foto-Bernat-BERNAT-CASTELLS-RIPOLL-212x300.jpg 212w, https:\/\/projectes.xtec.cat\/pensament-computacional\/wp-content\/uploads\/usu2217\/2025\/04\/Foto-Bernat-BERNAT-CASTELLS-RIPOLL-723x1024.jpg 723w, https:\/\/projectes.xtec.cat\/pensament-computacional\/wp-content\/uploads\/usu2217\/2025\/04\/Foto-Bernat-BERNAT-CASTELLS-RIPOLL-768x1088.jpg 768w, https:\/\/projectes.xtec.cat\/pensament-computacional\/wp-content\/uploads\/usu2217\/2025\/04\/Foto-Bernat-BERNAT-CASTELLS-RIPOLL-1084x1536.jpg 1084w, https:\/\/projectes.xtec.cat\/pensament-computacional\/wp-content\/uploads\/usu2217\/2025\/04\/Foto-Bernat-BERNAT-CASTELLS-RIPOLL-1446x2048.jpg 1446w\" sizes=\"auto, (max-width: 1722px) 100vw, 1722px\" \/><\/figure>\n<\/div>\n\n\n\n<div class=\"wp-block-column is-layout-flow wp-block-column-is-layout-flow\" style=\"flex-basis:90%\">\n<h5 class=\"wp-block-heading has-ast-global-color-7-color has-text-color has-link-color wp-elements-63d5550a9152ced9e0481b4babf4c63f\"><strong>Bernat Castells Ripoll<\/strong><\/h5>\n\n\n\n<p class=\"has-ast-global-color-7-color has-text-color has-link-color wp-elements-0b72465097a15f195be292382f0b96a5\">Soc enginyer inform\u00e0tic i mestre d&#8217;Educaci\u00f3 F\u00edsica. Amant de la muntanya i l\u2019esport, he compaginat les meves passions amb la doc\u00e8ncia en EF, sense deixar de banda el gust pels ordinadors i la tecnologia. Enguany, al cent per cent amb el pensament computacional i la rob\u00f2tica educativa fent de mentor 4.0 al Baix Llobregat.<\/p>\n<\/div>\n<\/div>\n\n\n\n<div class=\"wp-block-columns alignwide is-layout-flex wp-container-core-columns-is-layout-10 wp-block-columns-is-layout-flex\" style=\"margin-top:var(--wp--preset--spacing--20);margin-bottom:var(--wp--preset--spacing--20);padding-top:0;padding-right:0;padding-bottom:0;padding-left:0\">\n<div class=\"wp-block-column is-vertically-aligned-top arrodonir is-layout-flow wp-container-core-column-is-layout-16 wp-block-column-is-layout-flow\" style=\"padding-top:var(--wp--preset--spacing--40);padding-right:var(--wp--preset--spacing--40);padding-bottom:var(--wp--preset--spacing--40);padding-left:var(--wp--preset--spacing--40);flex-basis:15%\">\n<figure class=\"wp-block-image aligncenter size-full is-resized has-custom-border is-style-rounded\"><img loading=\"lazy\" decoding=\"async\" width=\"1436\" height=\"1941\" src=\"https:\/\/projectes.xtec.cat\/pensament-computacional\/wp-content\/uploads\/usu2217\/2025\/05\/Foto-Juanma-1.jpg\" alt=\"\" class=\"has-border-color wp-image-48957\" style=\"border-color:#97545c;border-width:2px;object-fit:cover;width:100px;height:100px\" srcset=\"https:\/\/projectes.xtec.cat\/pensament-computacional\/wp-content\/uploads\/usu2217\/2025\/05\/Foto-Juanma-1.jpg 1436w, https:\/\/projectes.xtec.cat\/pensament-computacional\/wp-content\/uploads\/usu2217\/2025\/05\/Foto-Juanma-1-222x300.jpg 222w, https:\/\/projectes.xtec.cat\/pensament-computacional\/wp-content\/uploads\/usu2217\/2025\/05\/Foto-Juanma-1-758x1024.jpg 758w, https:\/\/projectes.xtec.cat\/pensament-computacional\/wp-content\/uploads\/usu2217\/2025\/05\/Foto-Juanma-1-768x1038.jpg 768w, https:\/\/projectes.xtec.cat\/pensament-computacional\/wp-content\/uploads\/usu2217\/2025\/05\/Foto-Juanma-1-1136x1536.jpg 1136w\" sizes=\"auto, (max-width: 1436px) 100vw, 1436px\" \/><\/figure>\n<\/div>\n\n\n\n<div class=\"wp-block-column is-layout-flow wp-block-column-is-layout-flow\" style=\"flex-basis:90%\">\n<h5 class=\"wp-block-heading has-ast-global-color-7-color has-text-color has-link-color wp-elements-be0659ddb2c2ef97ed7a1e7ef581d023\"><strong>Juan Manuel Morente<\/strong><\/h5>\n\n\n\n<p class=\"has-ast-global-color-7-color has-text-color has-link-color wp-elements-98d412ea9bc0e9655e40e5d7197ca235\">Soc llicenciat en ci\u00e8ncies F\u00edsiques i professor de matem\u00e0tiques a l&#8217;Institut Vall d&#8217;Ar\u00fas. En l&#8217;anterior centre vaig estar en el grup impulsor STEAMcat i des d&#8217;aquell moment he fet molts projectes de tecnologia relacionats amb la rob\u00f2tica i la programaci\u00f3.<\/p>\n<\/div>\n<\/div>\n<\/div><\/div><\/div><\/div><\/div>\n\n\n\n<div style=\"height:20px\" aria-hidden=\"true\" class=\"wp-block-spacer\"><\/div>\n\n\n\n<figure class=\"wp-block-image alignleft size-large is-resized\"><img loading=\"lazy\" decoding=\"async\" width=\"1024\" height=\"44\" src=\"https:\/\/projectes.xtec.cat\/pensament-computacional\/wp-content\/uploads\/usu2217\/2025\/05\/Franja-estreta-4-3-1024x44.png\" alt=\"\" class=\"wp-image-49317\" style=\"width:632px;height:auto\" srcset=\"https:\/\/projectes.xtec.cat\/pensament-computacional\/wp-content\/uploads\/usu2217\/2025\/05\/Franja-estreta-4-3-1024x44.png 1024w, https:\/\/projectes.xtec.cat\/pensament-computacional\/wp-content\/uploads\/usu2217\/2025\/05\/Franja-estreta-4-3-300x13.png 300w, https:\/\/projectes.xtec.cat\/pensament-computacional\/wp-content\/uploads\/usu2217\/2025\/05\/Franja-estreta-4-3-768x33.png 768w, https:\/\/projectes.xtec.cat\/pensament-computacional\/wp-content\/uploads\/usu2217\/2025\/05\/Franja-estreta-4-3-1536x66.png 1536w, https:\/\/projectes.xtec.cat\/pensament-computacional\/wp-content\/uploads\/usu2217\/2025\/05\/Franja-estreta-4-3.png 1920w\" sizes=\"auto, (max-width: 1024px) 100vw, 1024px\" \/><\/figure>\n","protected":false},"excerpt":{"rendered":"<p>Nivell intermedi Taller 3: Escapa del laberint! Planta 1 &#8211; Aula B<\/p>\n","protected":false},"author":20,"featured_media":0,"parent":42671,"menu_order":0,"comment_status":"closed","ping_status":"closed","template":"","meta":{"_bbp_topic_count":0,"_bbp_reply_count":0,"_bbp_total_topic_count":0,"_bbp_total_reply_count":0,"_bbp_voice_count":0,"_bbp_anonymous_reply_count":0,"_bbp_topic_count_hidden":0,"_bbp_reply_count_hidden":0,"_bbp_forum_subforum_count":0,"site-sidebar-layout":"default","site-content-layout":"","ast-site-content-layout":"default","site-content-style":"default","site-sidebar-style":"default","ast-global-header-display":"","ast-banner-title-visibility":"","ast-main-header-display":"","ast-hfb-above-header-display":"","ast-hfb-below-header-display":"","ast-hfb-mobile-header-display":"","site-post-title":"disabled","ast-breadcrumbs-content":"","ast-featured-img":"","footer-sml-layout":"","theme-transparent-header-meta":"","adv-header-id-meta":"","stick-header-meta":"","header-above-stick-meta":"","header-main-stick-meta":"","header-below-stick-meta":"","astra-migrate-meta-layouts":"set","ast-page-background-enabled":"default","ast-page-background-meta":{"desktop":{"background-color":"","background-image":"","background-repeat":"repeat","background-position":"center center","background-size":"auto","background-attachment":"scroll","background-type":"","background-media":"","overlay-type":"","overlay-color":"","overlay-opacity":"","overlay-gradient":""},"tablet":{"background-color":"","background-image":"","background-repeat":"repeat","background-position":"center center","background-size":"auto","background-attachment":"scroll","background-type":"","background-media":"","overlay-type":"","overlay-color":"","overlay-opacity":"","overlay-gradient":""},"mobile":{"background-color":"","background-image":"","background-repeat":"repeat","background-position":"center center","background-size":"auto","background-attachment":"scroll","background-type":"","background-media":"","overlay-type":"","overlay-color":"","overlay-opacity":"","overlay-gradient":""}},"ast-content-background-meta":{"desktop":{"background-color":"var(--ast-global-color-5)","background-image":"","background-repeat":"repeat","background-position":"center center","background-size":"auto","background-attachment":"scroll","background-type":"","background-media":"","overlay-type":"","overlay-color":"","overlay-opacity":"","overlay-gradient":""},"tablet":{"background-color":"var(--ast-global-color-5)","background-image":"","background-repeat":"repeat","background-position":"center center","background-size":"auto","background-attachment":"scroll","background-type":"","background-media":"","overlay-type":"","overlay-color":"","overlay-opacity":"","overlay-gradient":""},"mobile":{"background-color":"var(--ast-global-color-5)","background-image":"","background-repeat":"repeat","background-position":"center center","background-size":"auto","background-attachment":"scroll","background-type":"","background-media":"","overlay-type":"","overlay-color":"","overlay-opacity":"","overlay-gradient":""}},"footnotes":""},"class_list":["post-47640","page","type-page","status-publish","hentry"],"post_mailing_queue_ids":[],"_links":{"self":[{"href":"https:\/\/projectes.xtec.cat\/pensament-computacional\/wp-json\/wp\/v2\/pages\/47640","targetHints":{"allow":["GET"]}}],"collection":[{"href":"https:\/\/projectes.xtec.cat\/pensament-computacional\/wp-json\/wp\/v2\/pages"}],"about":[{"href":"https:\/\/projectes.xtec.cat\/pensament-computacional\/wp-json\/wp\/v2\/types\/page"}],"author":[{"embeddable":true,"href":"https:\/\/projectes.xtec.cat\/pensament-computacional\/wp-json\/wp\/v2\/users\/20"}],"replies":[{"embeddable":true,"href":"https:\/\/projectes.xtec.cat\/pensament-computacional\/wp-json\/wp\/v2\/comments?post=47640"}],"version-history":[{"count":6,"href":"https:\/\/projectes.xtec.cat\/pensament-computacional\/wp-json\/wp\/v2\/pages\/47640\/revisions"}],"predecessor-version":[{"id":49351,"href":"https:\/\/projectes.xtec.cat\/pensament-computacional\/wp-json\/wp\/v2\/pages\/47640\/revisions\/49351"}],"up":[{"embeddable":true,"href":"https:\/\/projectes.xtec.cat\/pensament-computacional\/wp-json\/wp\/v2\/pages\/42671"}],"wp:attachment":[{"href":"https:\/\/projectes.xtec.cat\/pensament-computacional\/wp-json\/wp\/v2\/media?parent=47640"}],"curies":[{"name":"wp","href":"https:\/\/api.w.org\/{rel}","templated":true}]}}