{"id":47642,"date":"2025-04-04T15:03:33","date_gmt":"2025-04-04T13:03:33","guid":{"rendered":"https:\/\/projectes.xtec.cat\/pensament-computacional\/?page_id=47642"},"modified":"2025-05-22T11:14:47","modified_gmt":"2025-05-22T09:14:47","slug":"taller-4-jpre25","status":"publish","type":"page","link":"https:\/\/projectes.xtec.cat\/pensament-computacional\/formacio-robotica\/jornades\/xvii-jornada-de-programacio-i-robotica-educatives\/taller-4-jpre25\/","title":{"rendered":"Taller 4 JPRE25"},"content":{"rendered":"\n<div style=\"height:20px\" aria-hidden=\"true\" class=\"wp-block-spacer\"><\/div>\n\n\n\n<p class=\"has-text-align-right inicial_plaques\" style=\"margin-top:0;margin-bottom:0;padding-top:0;padding-bottom:0\">Nivell inicial<\/p>\n\n\n\n<div style=\"height:10px\" aria-hidden=\"true\" class=\"wp-block-spacer\"><\/div>\n\n\n\n<div class=\"wp-block-columns alignwide is-layout-flex wp-container-core-columns-is-layout-1 wp-block-columns-is-layout-flex\" style=\"margin-top:0;margin-bottom:0;padding-top:0;padding-right:0;padding-bottom:0;padding-left:0\">\n<div class=\"wp-block-column arrodonir has-border-color is-layout-flow wp-container-core-column-is-layout-1 wp-block-column-is-layout-flow\" style=\"border-color:#cf6c58;border-width:2px;padding-top:0;padding-right:0;padding-bottom:0;padding-left:0;flex-basis:100%\">\n<h1 class=\"wp-block-heading alignwide has-text-align-left arrodonir has-text-color has-background has-link-color wp-elements-284dba44e6f907a5bcee40fc0816a0be\" style=\"color:#cf6c58;background-color:#f4dcd7;margin-top:0;margin-right:0;margin-bottom:0;margin-left:0;padding-top:var(--wp--preset--spacing--30);padding-right:var(--wp--preset--spacing--30);padding-bottom:var(--wp--preset--spacing--30);padding-left:var(--wp--preset--spacing--30)\"><strong><img decoding=\"async\" class=\"wp-image-47758\" style=\"width: 140px;\" src=\"https:\/\/projectes.xtec.cat\/pensament-computacional\/wp-content\/uploads\/usu2217\/2025\/04\/JPRE25-3.png\" alt=\"\">Taller 4: Caixa d&#8217;aprenentatge: Milo i el cicle de la vida<\/strong><\/h1>\n<\/div>\n<\/div>\n\n\n\n<div style=\"height:12px\" aria-hidden=\"true\" class=\"wp-block-spacer\"><\/div>\n\n\n\n<div class=\"wp-block-columns alignwide is-layout-flex wp-container-core-columns-is-layout-2 wp-block-columns-is-layout-flex\" style=\"margin-top:0;margin-bottom:0;padding-top:0;padding-right:0;padding-bottom:0;padding-left:0\">\n<div class=\"wp-block-column arrodonir has-border-color has-ast-global-color-0-border-color is-layout-flow wp-container-core-column-is-layout-2 wp-block-column-is-layout-flow\" style=\"border-width:2px;padding-top:0;padding-right:0;padding-bottom:0;padding-left:0;flex-basis:100%\">\n<h1 class=\"wp-block-heading alignwide has-text-align-left arrodonir has-ast-global-color-0-color has-text-color has-background has-link-color has-medium-font-size wp-elements-60148728bfc3f8bc61d8c2305125adc7\" style=\"background-color:#daedf7;margin-top:0;margin-right:0;margin-bottom:0;margin-left:0;padding-top:var(--wp--preset--spacing--30);padding-right:var(--wp--preset--spacing--30);padding-bottom:var(--wp--preset--spacing--30);padding-left:var(--wp--preset--spacing--30)\"><strong>Planta 2 &#8211; Illeta Padr\u00f3<\/strong><\/h1>\n<\/div>\n<\/div>\n\n\n\n<div style=\"height:12px\" aria-hidden=\"true\" class=\"wp-block-spacer\"><\/div>\n\n\n\n<div style=\"height:2px\" aria-hidden=\"true\" class=\"wp-block-spacer\"><\/div>\n\n\n\n<div class=\"wp-block-getwid-section arrodonir alignwide alignwide\"><div class=\"wp-block-getwid-section__wrapper\"><div class=\"wp-block-getwid-section__inner-wrapper\"><div class=\"wp-block-getwid-section__background-holder\"><div class=\"wp-block-getwid-section__background has-background\" style=\"background-color:#6e9bb2\"><\/div><div class=\"wp-block-getwid-section__foreground\"><\/div><\/div><div class=\"wp-block-getwid-section__content\"><div class=\"wp-block-getwid-section__inner-content\">\n<div class=\"wp-block-columns is-layout-flex wp-container-core-columns-is-layout-3 wp-block-columns-is-layout-flex\" style=\"margin-top:var(--wp--preset--spacing--20);margin-bottom:var(--wp--preset--spacing--20);padding-right:var(--wp--preset--spacing--30);padding-left:var(--wp--preset--spacing--30)\">\n<div class=\"wp-block-column arrodonir has-border-color has-ast-global-color-8-background-color has-background is-layout-flow wp-container-core-column-is-layout-3 wp-block-column-is-layout-flow\" style=\"border-color:#096088;border-width:2px;padding-right:var(--wp--preset--spacing--40);padding-left:var(--wp--preset--spacing--40)\">\n<p class=\"has-text-align-center has-text-color has-link-color wp-elements-07a37fc3513eadafa04b8c0fbb478eaf\" style=\"color:#bebebe\"><strong>EDUCACI\u00d3 INFANTIL<\/strong><\/p>\n<\/div>\n\n\n\n<div class=\"wp-block-column arrodonir has-border-color has-luminous-vivid-amber-background-color has-text-color has-background has-link-color wp-elements-b6f98d55619d430db48c1304eda4c110 is-layout-flow wp-container-core-column-is-layout-4 wp-block-column-is-layout-flow\" style=\"border-color:#096088;border-width:2px;color:#bebebe;padding-right:var(--wp--preset--spacing--40);padding-left:var(--wp--preset--spacing--40)\">\n<p class=\"has-text-align-center has-ast-global-color-7-color has-text-color has-link-color wp-elements-05702ac76e0d5eb7caeac6f37e5750e7\"><strong>PRIM\u00c0RIA<\/strong><\/p>\n<\/div>\n\n\n\n<div class=\"wp-block-column arrodonir has-border-color has-ast-global-color-2-background-color has-background is-layout-flow wp-container-core-column-is-layout-5 wp-block-column-is-layout-flow\" style=\"border-color:#096088;border-width:2px;padding-right:var(--wp--preset--spacing--40);padding-left:var(--wp--preset--spacing--40)\">\n<p class=\"has-text-align-center has-text-color has-link-color wp-elements-9f9ff458a05bb7ec8f2b5ed89d8a2a04\" style=\"color:#bebebe\"><strong>SECUND\u00c0RIA<\/strong><\/p>\n<\/div>\n\n\n\n<div class=\"wp-block-column arrodonir has-border-color has-ast-global-color-8-background-color has-background is-layout-flow wp-container-core-column-is-layout-6 wp-block-column-is-layout-flow\" style=\"border-color:#096088;border-width:2px;padding-right:var(--wp--preset--spacing--40);padding-left:var(--wp--preset--spacing--40)\">\n<p class=\"has-text-align-center has-text-color has-link-color wp-elements-d1ee603c1e8e92308deedc851719430b\" style=\"color:#bebebe\"><strong>BATXILLERAT<\/strong><\/p>\n<\/div>\n\n\n\n<div class=\"wp-block-column arrodonir has-border-color has-ast-global-color-8-background-color has-background is-layout-flow wp-container-core-column-is-layout-7 wp-block-column-is-layout-flow\" style=\"border-color:#096088;border-width:2px;padding-right:var(--wp--preset--spacing--40);padding-left:var(--wp--preset--spacing--40)\">\n<p class=\"has-text-align-center has-text-color has-link-color wp-elements-9113b714a8899fcb4baf2194adc1d978\" style=\"color:#bebebe\"><strong>CICLES FORMATIUS<\/strong><\/p>\n<\/div>\n<\/div>\n\n\n\n<div class=\"wp-block-columns alignwide is-layout-flex wp-container-core-columns-is-layout-7 wp-block-columns-is-layout-flex\" style=\"margin-top:var(--wp--preset--spacing--40);margin-bottom:var(--wp--preset--spacing--40);padding-right:0;padding-left:0\">\n<div class=\"wp-block-column is-layout-flow wp-block-column-is-layout-flow\" style=\"flex-basis:50%\">\n<div class=\"wp-block-getwid-section\"><div class=\"wp-block-getwid-section__wrapper getwid-padding-top-none getwid-padding-bottom-none getwid-padding-left-small\"><div class=\"wp-block-getwid-section__inner-wrapper\"><div class=\"wp-block-getwid-section__background-holder\"><div class=\"wp-block-getwid-section__background\"><\/div><div class=\"wp-block-getwid-section__foreground\"><\/div><\/div><div class=\"wp-block-getwid-section__content\"><div class=\"wp-block-getwid-section__inner-content\">\n<div class=\"wp-block-columns is-layout-flex wp-container-core-columns-is-layout-4 wp-block-columns-is-layout-flex\" id=\"caixa\" style=\"padding-top:0;padding-right:0;padding-bottom:0;padding-left:0\">\n<div class=\"wp-block-column caixa has-border-color has-ast-global-color-7-color has-ast-global-color-5-background-color has-text-color has-background has-link-color wp-elements-6dfbaf5497bb9f477626cee8598b0457 is-layout-flow wp-container-core-column-is-layout-8 wp-block-column-is-layout-flow\" style=\"border-color:#096088;border-width:2px;padding-top:var(--wp--preset--spacing--30);padding-right:var(--wp--preset--spacing--40);padding-bottom:var(--wp--preset--spacing--30);padding-left:var(--wp--preset--spacing--40);box-shadow:var(--wp--preset--shadow--natural)\">\n<h5 class=\"wp-block-heading has-ast-global-color-7-color has-text-color has-link-color wp-elements-8c5d961abd04dc408cfe27bd698a7870\"><strong>Descripci\u00f3<\/strong><\/h5>\n\n\n\n<p>En aquest taller presentem una caixa d\u2019aprenentatge anomenada Milo i el cicle de la vida, dissenyada per a alumnat de segon de prim\u00e0ria amb l\u2019objectiu de treballar el cicle vital de la granota a trav\u00e9s d\u2019activitats significatives i competencials.<\/p>\n\n\n\n<p>L\u2019activitat central es desenvolupa amb la TaleBot, un robot educatiu que es programa mitjan\u00e7ant botons f\u00edsics, afavorint el pensament computacional sense necessitat de pantalles. Els infants, despr\u00e9s d\u2019haver conegut les diferents etapes del cicle vital, han de programar la TaleBot perqu\u00e8 recorri un itinerari que les representi. Posteriorment, tenen activitats relacionades.<\/p>\n\n\n\n<p>Aquesta proposta combina l\u2019aprenentatge de continguts curriculars de medi natural amb el desenvolupament de compet\u00e8ncies digitals, estrat\u00e8gies de resoluci\u00f3 de problemes i treball cooperatiu, tot dins d\u2019un context l\u00fadic i manipulatiu.<\/p>\n<\/div>\n<\/div>\n<\/div><\/div><\/div><\/div><\/div>\n<\/div>\n\n\n\n<div class=\"wp-block-column is-layout-flow wp-block-column-is-layout-flow\" style=\"flex-basis:50%\">\n<div class=\"wp-block-getwid-section\"><div class=\"wp-block-getwid-section__wrapper getwid-padding-top-none getwid-padding-bottom-none getwid-padding-left-small\"><div class=\"wp-block-getwid-section__inner-wrapper\"><div class=\"wp-block-getwid-section__background-holder\"><div class=\"wp-block-getwid-section__background\"><\/div><div class=\"wp-block-getwid-section__foreground\"><\/div><\/div><div class=\"wp-block-getwid-section__content\"><div class=\"wp-block-getwid-section__inner-content\">\n<div class=\"wp-block-columns is-layout-flex wp-container-core-columns-is-layout-5 wp-block-columns-is-layout-flex\" id=\"caixa\" style=\"padding-top:0;padding-right:0;padding-bottom:0;padding-left:0\">\n<div class=\"wp-block-column caixa has-border-color has-ast-global-color-7-color has-ast-global-color-5-background-color has-text-color has-background has-link-color wp-elements-5a9c79775da7c9dfe7fc0dcd5ac1ef51 is-layout-flow wp-container-core-column-is-layout-10 wp-block-column-is-layout-flow\" style=\"border-color:#096088;border-width:2px;padding-top:var(--wp--preset--spacing--30);padding-right:var(--wp--preset--spacing--40);padding-bottom:var(--wp--preset--spacing--30);padding-left:var(--wp--preset--spacing--40);box-shadow:var(--wp--preset--shadow--natural)\">\n<h5 class=\"wp-block-heading has-ast-global-color-7-color has-text-color has-link-color wp-elements-caf8e223a7545ef5a3cdf8aa77973e1e\"><strong>Material necessari<\/strong><\/h5>\n\n\n\n<ul class=\"wp-block-list\">\n<li>Caixa de propostes: Milo i el cicle de la vida.<\/li>\n\n\n\n<li>Tale-Bot Pro.<\/li>\n<\/ul>\n\n\n\n<hr class=\"wp-block-separator has-text-color has-alpha-channel-opacity has-background is-style-wide\" style=\"background-color:#096088;color:#096088\"\/>\n\n\n\n<p class=\"has-ast-global-color-7-color has-text-color has-link-color has-medium-font-size wp-elements-8c7fbfbc0d1c3fb25d999099ab0d78fc\" style=\"margin-top:var(--wp--preset--spacing--20);margin-bottom:var(--wp--preset--spacing--20);padding-top:var(--wp--preset--spacing--20);padding-bottom:var(--wp--preset--spacing--20)\">\u26a0\ufe0f <strong>Requisits<\/strong><\/p>\n\n\n\n<p style=\"margin-top:var(--wp--preset--spacing--30);margin-bottom:var(--wp--preset--spacing--30)\">No \u00e9s necessari que els assistents tinguin coneixements previs ni que portin cap material. Nosaltres facilitarem tot el material necessari durant el taller. Les activitats estan pensades per ser realitzades per infants, per\u00f2 en aquesta ocasi\u00f3 es presentaran adaptades i ampliades per a un p\u00fablic adult, amb l\u2019objectiu de mostrar-ne el potencial pedag\u00f2gic i les possibilitats d\u2019aplicaci\u00f3 a l\u2019aula.<\/p>\n<\/div>\n<\/div>\n<\/div><\/div><\/div><\/div><\/div>\n\n\n\n<div class=\"wp-block-getwid-section\"><div class=\"wp-block-getwid-section__wrapper getwid-padding-top-none getwid-padding-bottom-none getwid-padding-left-small\"><div class=\"wp-block-getwid-section__inner-wrapper\"><div class=\"wp-block-getwid-section__background-holder\"><div class=\"wp-block-getwid-section__background\"><\/div><div class=\"wp-block-getwid-section__foreground\"><\/div><\/div><div class=\"wp-block-getwid-section__content\"><div class=\"wp-block-getwid-section__inner-content\">\n<div class=\"wp-block-columns is-layout-flex wp-container-core-columns-is-layout-6 wp-block-columns-is-layout-flex\" id=\"caixa\" style=\"padding-top:0;padding-right:0;padding-bottom:0;padding-left:0\">\n<div class=\"wp-block-column caixa has-border-color has-ast-global-color-5-background-color has-background is-layout-flow wp-container-core-column-is-layout-11 wp-block-column-is-layout-flow\" style=\"border-color:#096088;border-width:2px;padding-top:var(--wp--preset--spacing--30);padding-right:var(--wp--preset--spacing--40);padding-bottom:var(--wp--preset--spacing--30);padding-left:var(--wp--preset--spacing--40);box-shadow:var(--wp--preset--shadow--natural)\">\n<h5 class=\"wp-block-heading has-ast-global-color-7-color has-text-color has-link-color wp-elements-125a049cfcdb979cbeea06bf013c8825\"><strong>Presentaci\u00f3<\/strong><\/h5>\n\n\n\n<figure class=\"wp-block-image aligncenter size-full is-resized\"><a href=\"https:\/\/docs.google.com\/presentation\/d\/1ZbNFI1ugbasoM2jDnh0Dwgn85BsSDOKqLKXIYqQJQsk\/present\" target=\"_blank\" rel=\"noreferrer noopener\"><img loading=\"lazy\" decoding=\"async\" width=\"191\" height=\"263\" src=\"https:\/\/projectes.xtec.cat\/pensament-computacional\/wp-content\/uploads\/usu2217\/2025\/04\/image.png\" alt=\"\" class=\"wp-image-47776\" style=\"width:59px;height:auto\"\/><\/a><\/figure>\n<\/div>\n<\/div>\n<\/div><\/div><\/div><\/div><\/div>\n<\/div>\n<\/div>\n\n\n\n<div style=\"height:10px\" aria-hidden=\"true\" class=\"wp-block-spacer\"><\/div>\n<\/div><\/div><\/div><\/div><\/div>\n\n\n\n<div style=\"height:25px\" aria-hidden=\"true\" class=\"wp-block-spacer\"><\/div>\n\n\n\n<div class=\"wp-block-getwid-section arrodonir alignwide alignwide\"><div class=\"wp-block-getwid-section__wrapper\"><div class=\"wp-block-getwid-section__inner-wrapper\"><div class=\"wp-block-getwid-section__background-holder\"><div class=\"wp-block-getwid-section__background has-background\" style=\"background-color:#e2c8ca\"><\/div><div class=\"wp-block-getwid-section__foreground\"><\/div><\/div><div class=\"wp-block-getwid-section__content\"><div class=\"wp-block-getwid-section__inner-content\">\n<div class=\"wp-block-columns alignwide is-layout-flex wp-container-core-columns-is-layout-8 wp-block-columns-is-layout-flex\" style=\"margin-top:var(--wp--preset--spacing--20);margin-bottom:var(--wp--preset--spacing--20);padding-top:0;padding-right:0;padding-bottom:0;padding-left:0\">\n<div class=\"wp-block-column is-vertically-aligned-top arrodonir is-layout-flow wp-container-core-column-is-layout-13 wp-block-column-is-layout-flow\" style=\"padding-top:var(--wp--preset--spacing--40);padding-right:var(--wp--preset--spacing--40);padding-bottom:var(--wp--preset--spacing--40);padding-left:var(--wp--preset--spacing--40);flex-basis:15%\">\n<figure class=\"wp-block-image aligncenter size-full is-resized has-custom-border is-style-rounded\"><img loading=\"lazy\" decoding=\"async\" width=\"1425\" height=\"1164\" src=\"https:\/\/projectes.xtec.cat\/pensament-computacional\/wp-content\/uploads\/usu2217\/2025\/04\/2ABBE6EE-B832-40D8-9059-BF6B7B792ADD-Marta-Valero-1-rotated.jpg\" alt=\"\" class=\"has-border-color wp-image-48072\" style=\"border-color:#97545c;border-width:2px;aspect-ratio:1;object-fit:cover;width:120px;height:auto\" srcset=\"https:\/\/projectes.xtec.cat\/pensament-computacional\/wp-content\/uploads\/usu2217\/2025\/04\/2ABBE6EE-B832-40D8-9059-BF6B7B792ADD-Marta-Valero-1-rotated.jpg 1425w, https:\/\/projectes.xtec.cat\/pensament-computacional\/wp-content\/uploads\/usu2217\/2025\/04\/2ABBE6EE-B832-40D8-9059-BF6B7B792ADD-Marta-Valero-1-300x245.jpg 300w, https:\/\/projectes.xtec.cat\/pensament-computacional\/wp-content\/uploads\/usu2217\/2025\/04\/2ABBE6EE-B832-40D8-9059-BF6B7B792ADD-Marta-Valero-1-1024x836.jpg 1024w, https:\/\/projectes.xtec.cat\/pensament-computacional\/wp-content\/uploads\/usu2217\/2025\/04\/2ABBE6EE-B832-40D8-9059-BF6B7B792ADD-Marta-Valero-1-768x627.jpg 768w\" sizes=\"auto, (max-width: 1425px) 100vw, 1425px\" \/><\/figure>\n<\/div>\n\n\n\n<div class=\"wp-block-column is-layout-flow wp-block-column-is-layout-flow\" style=\"flex-basis:90%\">\n<h5 class=\"wp-block-heading has-ast-global-color-7-color has-text-color has-link-color wp-elements-59b34759839c109d0fae1a1bc23ce739\"><strong>Marta Valero Prieto<\/strong><\/h5>\n\n\n\n<p class=\"has-ast-global-color-7-color has-text-color has-link-color wp-elements-4b65f9d56643825542c84f0c26a33284\">Soc mestra d&#8217;educaci\u00f3 infantil i prim\u00e0ria. Vaig treballar un any a l&#8217;escola concertada i aquest \u00e9s el meu segon any a la p\u00fablica, com a tutora de la comunitat de mitjans, on vaig aconseguir una pla\u00e7a despr\u00e9s del proc\u00e9s d&#8217;oposicions. A l&#8217;escola on treballo, un dia a la setmana ens reunim en diferents equips, i jo formo part de l&#8217;equip de digital. M&#8217;agrada molt utilitzar els diferents robots que tenim a l&#8217;escola i sempre intento adaptar les propostes i estrat\u00e8gies metodol\u00f2giques per fer-ne un bon \u00fas en les meves classes.<\/p>\n<\/div>\n<\/div>\n\n\n\n<div class=\"wp-block-columns alignwide is-layout-flex wp-container-core-columns-is-layout-9 wp-block-columns-is-layout-flex\" style=\"margin-top:var(--wp--preset--spacing--20);margin-bottom:var(--wp--preset--spacing--20);padding-top:0;padding-right:0;padding-bottom:0;padding-left:0\">\n<div class=\"wp-block-column is-layout-flow wp-block-column-is-layout-flow\" style=\"flex-basis:100%\">\n<h5 class=\"wp-block-heading has-ast-global-color-7-color has-text-color has-link-color wp-elements-fe030470c1061abea02419422222d9d3\"><strong>Sara V\u00e1zquez D\u00edaz<\/strong><\/h5>\n\n\n\n<p class=\"has-ast-global-color-7-color has-text-color has-link-color wp-elements-d60a53ed58a0e2645277c1708c3c5f13\">Em vaig formar com a mestra d\u2019educaci\u00f3 infantil i durant l\u2019inici de la meva traject\u00f2ria, fent diverses substitucions em vaig adonar que tamb\u00e9 em sentia c\u00f2moda i plena sent docent a prim\u00e0ria. Actualment, estic impartint classes a prim\u00e0ria i \u00e9s l\u2019especialitat en qu\u00e8 he tret oposici\u00f3. Despr\u00e9s de voltar per diferents escoles, des de Barcelona fins al Baix Llobregat, des de fa uns quants cursos estic, juntament amb la meva companya, a una escola en qu\u00e8 es treballen diferents metodologies, moltes d\u2019elles innovadores, i en les quals ens facilita molt la integraci\u00f3 de diferents compet\u00e8ncies de manera transversal i globalitzadora, entre elles la digital. Aix\u00f2 m\u2019ha perm\u00e8s cr\u00e9ixer de manera professional i personal, i una mostra d\u2019aix\u00f2 us ho presentem en aquest taller.<\/p>\n<\/div>\n<\/div>\n<\/div><\/div><\/div><\/div><\/div>\n\n\n\n<div style=\"height:20px\" aria-hidden=\"true\" class=\"wp-block-spacer\"><\/div>\n\n\n\n<figure class=\"wp-block-image alignleft size-large is-resized\"><img loading=\"lazy\" decoding=\"async\" width=\"1024\" height=\"117\" src=\"https:\/\/projectes.xtec.cat\/pensament-computacional\/wp-content\/uploads\/usu2217\/2025\/01\/logosCodigo-40-1-1024x117.png\" alt=\"\" class=\"wp-image-43351\" style=\"width:632px;height:auto\" srcset=\"https:\/\/projectes.xtec.cat\/pensament-computacional\/wp-content\/uploads\/usu2217\/2025\/01\/logosCodigo-40-1-1024x117.png 1024w, https:\/\/projectes.xtec.cat\/pensament-computacional\/wp-content\/uploads\/usu2217\/2025\/01\/logosCodigo-40-1-300x34.png 300w, https:\/\/projectes.xtec.cat\/pensament-computacional\/wp-content\/uploads\/usu2217\/2025\/01\/logosCodigo-40-1-768x88.png 768w, https:\/\/projectes.xtec.cat\/pensament-computacional\/wp-content\/uploads\/usu2217\/2025\/01\/logosCodigo-40-1-1536x176.png 1536w, https:\/\/projectes.xtec.cat\/pensament-computacional\/wp-content\/uploads\/usu2217\/2025\/01\/logosCodigo-40-1-2048x235.png 2048w\" sizes=\"auto, (max-width: 1024px) 100vw, 1024px\" \/><\/figure>\n","protected":false},"excerpt":{"rendered":"<p>Nivell inicial Taller 4: Caixa d&#8217;aprenentatge: Milo i el cicle de la vida Planta 2 &#8211; Illeta Padr\u00f3<\/p>\n","protected":false},"author":20,"featured_media":0,"parent":42671,"menu_order":0,"comment_status":"closed","ping_status":"closed","template":"","meta":{"_bbp_topic_count":0,"_bbp_reply_count":0,"_bbp_total_topic_count":0,"_bbp_total_reply_count":0,"_bbp_voice_count":0,"_bbp_anonymous_reply_count":0,"_bbp_topic_count_hidden":0,"_bbp_reply_count_hidden":0,"_bbp_forum_subforum_count":0,"site-sidebar-layout":"default","site-content-layout":"","ast-site-content-layout":"default","site-content-style":"default","site-sidebar-style":"default","ast-global-header-display":"","ast-banner-title-visibility":"","ast-main-header-display":"","ast-hfb-above-header-display":"","ast-hfb-below-header-display":"","ast-hfb-mobile-header-display":"","site-post-title":"disabled","ast-breadcrumbs-content":"","ast-featured-img":"","footer-sml-layout":"","theme-transparent-header-meta":"","adv-header-id-meta":"","stick-header-meta":"","header-above-stick-meta":"","header-main-stick-meta":"","header-below-stick-meta":"","astra-migrate-meta-layouts":"set","ast-page-background-enabled":"default","ast-page-background-meta":{"desktop":{"background-color":"","background-image":"","background-repeat":"repeat","background-position":"center center","background-size":"auto","background-attachment":"scroll","background-type":"","background-media":"","overlay-type":"","overlay-color":"","overlay-opacity":"","overlay-gradient":""},"tablet":{"background-color":"","background-image":"","background-repeat":"repeat","background-position":"center center","background-size":"auto","background-attachment":"scroll","background-type":"","background-media":"","overlay-type":"","overlay-color":"","overlay-opacity":"","overlay-gradient":""},"mobile":{"background-color":"","background-image":"","background-repeat":"repeat","background-position":"center center","background-size":"auto","background-attachment":"scroll","background-type":"","background-media":"","overlay-type":"","overlay-color":"","overlay-opacity":"","overlay-gradient":""}},"ast-content-background-meta":{"desktop":{"background-color":"var(--ast-global-color-5)","background-image":"","background-repeat":"repeat","background-position":"center center","background-size":"auto","background-attachment":"scroll","background-type":"","background-media":"","overlay-type":"","overlay-color":"","overlay-opacity":"","overlay-gradient":""},"tablet":{"background-color":"var(--ast-global-color-5)","background-image":"","background-repeat":"repeat","background-position":"center center","background-size":"auto","background-attachment":"scroll","background-type":"","background-media":"","overlay-type":"","overlay-color":"","overlay-opacity":"","overlay-gradient":""},"mobile":{"background-color":"var(--ast-global-color-5)","background-image":"","background-repeat":"repeat","background-position":"center center","background-size":"auto","background-attachment":"scroll","background-type":"","background-media":"","overlay-type":"","overlay-color":"","overlay-opacity":"","overlay-gradient":""}},"footnotes":""},"class_list":["post-47642","page","type-page","status-publish","hentry"],"post_mailing_queue_ids":[],"_links":{"self":[{"href":"https:\/\/projectes.xtec.cat\/pensament-computacional\/wp-json\/wp\/v2\/pages\/47642","targetHints":{"allow":["GET"]}}],"collection":[{"href":"https:\/\/projectes.xtec.cat\/pensament-computacional\/wp-json\/wp\/v2\/pages"}],"about":[{"href":"https:\/\/projectes.xtec.cat\/pensament-computacional\/wp-json\/wp\/v2\/types\/page"}],"author":[{"embeddable":true,"href":"https:\/\/projectes.xtec.cat\/pensament-computacional\/wp-json\/wp\/v2\/users\/20"}],"replies":[{"embeddable":true,"href":"https:\/\/projectes.xtec.cat\/pensament-computacional\/wp-json\/wp\/v2\/comments?post=47642"}],"version-history":[{"count":6,"href":"https:\/\/projectes.xtec.cat\/pensament-computacional\/wp-json\/wp\/v2\/pages\/47642\/revisions"}],"predecessor-version":[{"id":49352,"href":"https:\/\/projectes.xtec.cat\/pensament-computacional\/wp-json\/wp\/v2\/pages\/47642\/revisions\/49352"}],"up":[{"embeddable":true,"href":"https:\/\/projectes.xtec.cat\/pensament-computacional\/wp-json\/wp\/v2\/pages\/42671"}],"wp:attachment":[{"href":"https:\/\/projectes.xtec.cat\/pensament-computacional\/wp-json\/wp\/v2\/media?parent=47642"}],"curies":[{"name":"wp","href":"https:\/\/api.w.org\/{rel}","templated":true}]}}