{"id":47663,"date":"2025-04-04T12:38:28","date_gmt":"2025-04-04T10:38:28","guid":{"rendered":"https:\/\/projectes.xtec.cat\/pensament-computacional\/?page_id=47663"},"modified":"2025-05-26T08:01:51","modified_gmt":"2025-05-26T06:01:51","slug":"taller-15-jpre25","status":"publish","type":"page","link":"https:\/\/projectes.xtec.cat\/pensament-computacional\/formacio-robotica\/jornades\/xvii-jornada-de-programacio-i-robotica-educatives\/taller-15-jpre25\/","title":{"rendered":"Taller 15 JPRE25"},"content":{"rendered":"\n<div style=\"height:20px\" aria-hidden=\"true\" class=\"wp-block-spacer\"><\/div>\n\n\n\n<p class=\"has-text-align-right inicial_plaques\" style=\"margin-top:0;margin-bottom:0;padding-top:0;padding-bottom:0\">Inicial<\/p>\n\n\n\n<div style=\"height:10px\" aria-hidden=\"true\" class=\"wp-block-spacer\"><\/div>\n\n\n\n<div class=\"wp-block-columns alignwide is-layout-flex wp-container-core-columns-is-layout-1 wp-block-columns-is-layout-flex\" style=\"margin-top:0;margin-bottom:0;padding-top:0;padding-right:0;padding-bottom:0;padding-left:0\">\n<div class=\"wp-block-column arrodonir has-border-color is-layout-flow wp-container-core-column-is-layout-1 wp-block-column-is-layout-flow\" style=\"border-color:#cf6c58;border-width:2px;padding-top:0;padding-right:0;padding-bottom:0;padding-left:0;flex-basis:100%\">\n<h1 class=\"wp-block-heading alignwide has-text-align-left arrodonir has-text-color has-background has-link-color wp-elements-4e680d4ae22a201f34b450ec982b77a2\" style=\"color:#cf6c58;background-color:#f4dcd7;margin-top:0;margin-right:0;margin-bottom:0;margin-left:0;padding-top:var(--wp--preset--spacing--30);padding-right:var(--wp--preset--spacing--30);padding-bottom:var(--wp--preset--spacing--30);padding-left:var(--wp--preset--spacing--30)\"><strong><img decoding=\"async\" class=\"wp-image-47758\" style=\"width: 140px;\" src=\"https:\/\/projectes.xtec.cat\/pensament-computacional\/wp-content\/uploads\/usu2217\/2025\/04\/JPRE25-3.png\" alt=\"\">Taller 15: Un univers dins d&#8217;una capsa. Art, poesia i narraci\u00f3 digital amb OctoStudio <\/strong><\/h1>\n<\/div>\n<\/div>\n\n\n\n<div style=\"height:12px\" aria-hidden=\"true\" class=\"wp-block-spacer\"><\/div>\n\n\n\n<div class=\"wp-block-columns alignwide is-layout-flex wp-container-core-columns-is-layout-2 wp-block-columns-is-layout-flex\" style=\"margin-top:0;margin-bottom:0;padding-top:0;padding-right:0;padding-bottom:0;padding-left:0\">\n<div class=\"wp-block-column arrodonir has-border-color has-ast-global-color-0-border-color is-layout-flow wp-container-core-column-is-layout-2 wp-block-column-is-layout-flow\" style=\"border-width:2px;padding-top:0;padding-right:0;padding-bottom:0;padding-left:0;flex-basis:100%\">\n<h1 class=\"wp-block-heading alignwide has-text-align-left arrodonir has-ast-global-color-0-color has-text-color has-background has-link-color has-medium-font-size wp-elements-def752dfced12136a20ae55032df1c05\" style=\"background-color:#daedf7;margin-top:0;margin-right:0;margin-bottom:0;margin-left:0;padding-top:var(--wp--preset--spacing--30);padding-right:var(--wp--preset--spacing--30);padding-bottom:var(--wp--preset--spacing--30);padding-left:var(--wp--preset--spacing--30)\"><strong>Planta 1 &#8211; Aula C<\/strong><\/h1>\n<\/div>\n<\/div>\n\n\n\n<div style=\"height:12px\" aria-hidden=\"true\" class=\"wp-block-spacer\"><\/div>\n\n\n\n<div style=\"height:2px\" aria-hidden=\"true\" class=\"wp-block-spacer\"><\/div>\n\n\n\n<div class=\"wp-block-getwid-section arrodonir alignwide alignwide\"><div class=\"wp-block-getwid-section__wrapper\"><div class=\"wp-block-getwid-section__inner-wrapper\"><div class=\"wp-block-getwid-section__background-holder\"><div class=\"wp-block-getwid-section__background has-background\" style=\"background-color:#6e9bb2\"><\/div><div class=\"wp-block-getwid-section__foreground\"><\/div><\/div><div class=\"wp-block-getwid-section__content\"><div class=\"wp-block-getwid-section__inner-content\">\n<div class=\"wp-block-columns is-layout-flex wp-container-core-columns-is-layout-3 wp-block-columns-is-layout-flex\" style=\"margin-top:var(--wp--preset--spacing--20);margin-bottom:var(--wp--preset--spacing--20);padding-right:var(--wp--preset--spacing--30);padding-left:var(--wp--preset--spacing--30)\">\n<div class=\"wp-block-column arrodonir has-border-color has-ast-global-color-2-background-color has-background is-layout-flow wp-container-core-column-is-layout-3 wp-block-column-is-layout-flow\" style=\"border-color:#096088;border-width:2px;padding-right:var(--wp--preset--spacing--40);padding-left:var(--wp--preset--spacing--40)\">\n<p class=\"has-text-align-center has-text-color has-link-color wp-elements-07a37fc3513eadafa04b8c0fbb478eaf\" style=\"color:#bebebe\"><strong>EDUCACI\u00d3 INFANTIL<\/strong><\/p>\n<\/div>\n\n\n\n<div class=\"wp-block-column arrodonir has-border-color has-luminous-vivid-amber-background-color has-text-color has-background has-link-color wp-elements-6eccd32c2abd139e75adf0fd8788e4d1 is-layout-flow wp-container-core-column-is-layout-4 wp-block-column-is-layout-flow\" style=\"border-color:#096088;border-width:2px;color:#bebebe;padding-right:var(--wp--preset--spacing--40);padding-left:var(--wp--preset--spacing--40)\">\n<p class=\"has-text-align-center has-ast-global-color-7-color has-text-color has-link-color wp-elements-05702ac76e0d5eb7caeac6f37e5750e7\"><strong>PRIM\u00c0RIA<\/strong><\/p>\n<\/div>\n\n\n\n<div class=\"wp-block-column arrodonir has-border-color has-luminous-vivid-amber-background-color has-background is-layout-flow wp-container-core-column-is-layout-5 wp-block-column-is-layout-flow\" style=\"border-color:#096088;border-width:2px;padding-right:var(--wp--preset--spacing--40);padding-left:var(--wp--preset--spacing--40)\">\n<p class=\"has-text-align-center has-ast-global-color-7-color has-text-color has-link-color wp-elements-7fb8d12c3e17098848bc3eda4868f70d\"><strong>SECUND\u00c0RIA<\/strong><\/p>\n<\/div>\n\n\n\n<div class=\"wp-block-column arrodonir has-border-color has-luminous-vivid-amber-background-color has-background is-layout-flow wp-container-core-column-is-layout-6 wp-block-column-is-layout-flow\" style=\"border-color:#096088;border-width:2px;padding-right:var(--wp--preset--spacing--40);padding-left:var(--wp--preset--spacing--40)\">\n<p class=\"has-text-align-center has-ast-global-color-7-color has-text-color has-link-color wp-elements-3b78cb5a10aed7e6b8c68e00cdd5a4ea\"><strong>BATXILLERAT<\/strong><\/p>\n<\/div>\n\n\n\n<div class=\"wp-block-column arrodonir has-border-color has-ast-global-color-8-background-color has-background is-layout-flow wp-container-core-column-is-layout-7 wp-block-column-is-layout-flow\" style=\"border-color:#096088;border-width:2px;padding-right:var(--wp--preset--spacing--40);padding-left:var(--wp--preset--spacing--40)\">\n<p class=\"has-text-align-center has-text-color has-link-color wp-elements-9113b714a8899fcb4baf2194adc1d978\" style=\"color:#bebebe\"><strong>CICLES FORMATIUS<\/strong><\/p>\n<\/div>\n<\/div>\n\n\n\n<div class=\"wp-block-columns alignwide is-layout-flex wp-container-core-columns-is-layout-8 wp-block-columns-is-layout-flex\" style=\"margin-top:var(--wp--preset--spacing--40);margin-bottom:var(--wp--preset--spacing--40);padding-right:0;padding-left:0\">\n<div class=\"wp-block-column is-layout-flow wp-block-column-is-layout-flow\" style=\"flex-basis:50%\">\n<div class=\"wp-block-getwid-section\"><div class=\"wp-block-getwid-section__wrapper getwid-padding-top-none getwid-padding-bottom-none getwid-padding-left-small\"><div class=\"wp-block-getwid-section__inner-wrapper\"><div class=\"wp-block-getwid-section__background-holder\"><div class=\"wp-block-getwid-section__background\"><\/div><div class=\"wp-block-getwid-section__foreground\"><\/div><\/div><div class=\"wp-block-getwid-section__content\"><div class=\"wp-block-getwid-section__inner-content\">\n<div class=\"wp-block-columns is-layout-flex wp-container-core-columns-is-layout-4 wp-block-columns-is-layout-flex\" id=\"caixa\" style=\"padding-top:0;padding-right:0;padding-bottom:0;padding-left:0\">\n<div class=\"wp-block-column caixa has-border-color has-ast-global-color-7-color has-ast-global-color-5-background-color has-text-color has-background has-link-color wp-elements-e5003413af4b29db3052d0241ca20305 is-layout-flow wp-container-core-column-is-layout-8 wp-block-column-is-layout-flow\" style=\"border-color:#096088;border-width:2px;padding-top:var(--wp--preset--spacing--30);padding-right:var(--wp--preset--spacing--40);padding-bottom:var(--wp--preset--spacing--30);padding-left:var(--wp--preset--spacing--40);box-shadow:var(--wp--preset--shadow--natural)\">\n<h5 class=\"wp-block-heading has-ast-global-color-7-color has-text-color has-link-color wp-elements-8c5d961abd04dc408cfe27bd698a7870\"><strong>Descripci\u00f3<\/strong><\/h5>\n\n\n\n<p>El taller &#8220;Un Univers dins d\u2019una Capsa&#8221; convida els docents a experimentar amb la fusi\u00f3 entre art, narrativa i programaci\u00f3 creativa per desenvolupar noves metodologies d\u2019aprenentatge interdisciplinari. A partir d\u2019una capsa com a met\u00e0fora d\u2019un espai de creaci\u00f3 i introspecci\u00f3, els participants dissenyaran i programaran un univers propi, personal i interactiu, combinant materials f\u00edsics amb l&#8217;eina de programaci\u00f3 visual OctoStudio.<br>Durant el proc\u00e9s, els docents exploraran t\u00e8cniques de poesia visual, narrativa multimodal i interacci\u00f3 digital, adquirint eines per fomentar la creativitat, el pensament computacional i la compet\u00e8ncia digital a l\u2019aula. Aquest enfocament permet treballar la transversalitat de disciplines, refor\u00e7ant la capacitat d\u2019expressi\u00f3 art\u00edstica, la comunicaci\u00f3 visual i el pensament cr\u00edtic en els estudiants.&#8221;<\/p>\n<\/div>\n<\/div>\n<\/div><\/div><\/div><\/div><\/div>\n\n\n\n<div class=\"wp-block-getwid-section\"><div class=\"wp-block-getwid-section__wrapper getwid-padding-top-none getwid-padding-bottom-none getwid-padding-left-small\"><div class=\"wp-block-getwid-section__inner-wrapper\"><div class=\"wp-block-getwid-section__background-holder\"><div class=\"wp-block-getwid-section__background\"><\/div><div class=\"wp-block-getwid-section__foreground\"><\/div><\/div><div class=\"wp-block-getwid-section__content\"><div class=\"wp-block-getwid-section__inner-content\">\n<div class=\"wp-block-columns is-layout-flex wp-container-core-columns-is-layout-5 wp-block-columns-is-layout-flex\" id=\"caixa\" style=\"padding-top:0;padding-right:0;padding-bottom:0;padding-left:0\">\n<div class=\"wp-block-column caixa has-border-color has-ast-global-color-5-background-color has-background is-layout-flow wp-container-core-column-is-layout-9 wp-block-column-is-layout-flow\" style=\"border-color:#096088;border-width:2px;padding-top:var(--wp--preset--spacing--30);padding-right:var(--wp--preset--spacing--40);padding-bottom:var(--wp--preset--spacing--30);padding-left:var(--wp--preset--spacing--40);box-shadow:var(--wp--preset--shadow--natural)\">\n<figure class=\"wp-block-embed is-type-video is-provider-youtube wp-block-embed-youtube arrodonir wp-embed-aspect-16-9 wp-has-aspect-ratio\"><div class=\"wp-block-embed__wrapper\">\n<div class=\"ast-oembed-container \" style=\"height: 100%;\"><iframe loading=\"lazy\" title=\"A universe in a box: A box for returning to India (Example)\" width=\"500\" height=\"281\" src=\"https:\/\/www.youtube.com\/embed\/ekWzfzkJR8o?feature=oembed\" frameborder=\"0\" allow=\"accelerometer; autoplay; clipboard-write; encrypted-media; gyroscope; picture-in-picture; web-share\" referrerpolicy=\"strict-origin-when-cross-origin\" allowfullscreen><\/iframe><\/div>\n<\/div><\/figure>\n<\/div>\n<\/div>\n<\/div><\/div><\/div><\/div><\/div>\n<\/div>\n\n\n\n<div class=\"wp-block-column is-layout-flow wp-block-column-is-layout-flow\" style=\"flex-basis:50%\">\n<div class=\"wp-block-getwid-section\"><div class=\"wp-block-getwid-section__wrapper getwid-padding-top-none getwid-padding-bottom-none getwid-padding-left-small\"><div class=\"wp-block-getwid-section__inner-wrapper\"><div class=\"wp-block-getwid-section__background-holder\"><div class=\"wp-block-getwid-section__background\"><\/div><div class=\"wp-block-getwid-section__foreground\"><\/div><\/div><div class=\"wp-block-getwid-section__content\"><div class=\"wp-block-getwid-section__inner-content\">\n<div class=\"wp-block-columns is-layout-flex wp-container-core-columns-is-layout-6 wp-block-columns-is-layout-flex\" id=\"caixa\" style=\"padding-top:0;padding-right:0;padding-bottom:0;padding-left:0\">\n<div class=\"wp-block-column caixa has-border-color has-ast-global-color-7-color has-ast-global-color-5-background-color has-text-color has-background has-link-color wp-elements-7cdc1f982879be224ac1502ea746e4d5 is-layout-flow wp-container-core-column-is-layout-11 wp-block-column-is-layout-flow\" style=\"border-color:#096088;border-width:2px;padding-top:var(--wp--preset--spacing--30);padding-right:var(--wp--preset--spacing--40);padding-bottom:var(--wp--preset--spacing--30);padding-left:var(--wp--preset--spacing--40);box-shadow:var(--wp--preset--shadow--natural)\">\n<h5 class=\"wp-block-heading has-ast-global-color-7-color has-text-color has-link-color wp-elements-caf8e223a7545ef5a3cdf8aa77973e1e\"><strong>Material necessari<\/strong><\/h5>\n\n\n\n<p class=\"has-black-color has-text-color has-link-color wp-elements-0111655620a3ca3a26a457d0dfa7a526\">Per al taller es necessiten: <\/p>\n\n\n\n<ul class=\"wp-block-list\">\n<li>Capses de cartr\u00f3 petites o mitjanes.<\/li>\n\n\n\n<li>Cartolines de colors.<\/li>\n\n\n\n<li>Paper de diari.<\/li>\n\n\n\n<li>Tisores.<\/li>\n\n\n\n<li>Cola.<\/li>\n\n\n\n<li>Retoladors, pintures i altres materials per a la decoraci\u00f3. <\/li>\n\n\n\n<li>Tauletes o dispositius m\u00f2bils amb l&#8217;OctoStudio instal\u00b7lat.<\/li>\n<\/ul>\n\n\n\n<hr class=\"wp-block-separator has-text-color has-alpha-channel-opacity has-background is-style-wide\" style=\"background-color:#096088;color:#096088\"\/>\n\n\n\n<p class=\"has-ast-global-color-7-color has-text-color has-link-color has-medium-font-size wp-elements-0f940116c93a355de91e79f1085bff40\" style=\"margin-top:var(--wp--preset--spacing--20);margin-bottom:var(--wp--preset--spacing--20);padding-top:var(--wp--preset--spacing--20);padding-bottom:var(--wp--preset--spacing--20)\">\u26a0\ufe0f <strong>Requisits<\/strong> <\/p>\n\n\n\n<p class=\"has-ast-global-color-7-color has-text-color has-link-color wp-elements-2b5e2cdd1e327e0289aae8f5e6a03699\" style=\"margin-top:0;margin-bottom:0;padding-top:0;padding-bottom:0\">Portar instal\u00b7lada l&#8217;app OctoStudio al m\u00f2bil o tauleta.<\/p>\n<\/div>\n<\/div>\n<\/div><\/div><\/div><\/div><\/div>\n\n\n\n<div class=\"wp-block-getwid-section\"><div class=\"wp-block-getwid-section__wrapper getwid-padding-top-none getwid-padding-bottom-none getwid-padding-left-small\"><div class=\"wp-block-getwid-section__inner-wrapper\"><div class=\"wp-block-getwid-section__background-holder\"><div class=\"wp-block-getwid-section__background\"><\/div><div class=\"wp-block-getwid-section__foreground\"><\/div><\/div><div class=\"wp-block-getwid-section__content\"><div class=\"wp-block-getwid-section__inner-content\">\n<div class=\"wp-block-columns is-layout-flex wp-container-core-columns-is-layout-7 wp-block-columns-is-layout-flex\" id=\"caixa\" style=\"padding-top:0;padding-right:0;padding-bottom:0;padding-left:0\">\n<div class=\"wp-block-column caixa has-border-color has-ast-global-color-5-background-color has-background is-layout-flow wp-container-core-column-is-layout-12 wp-block-column-is-layout-flow\" style=\"border-color:#096088;border-width:2px;padding-top:var(--wp--preset--spacing--50);padding-right:var(--wp--preset--spacing--40);padding-bottom:var(--wp--preset--spacing--50);padding-left:var(--wp--preset--spacing--40);box-shadow:var(--wp--preset--shadow--natural)\">\n<h5 class=\"wp-block-heading has-ast-global-color-7-color has-text-color has-link-color wp-elements-125a049cfcdb979cbeea06bf013c8825\"><strong>Presentaci\u00f3<\/strong><\/h5>\n\n\n\n<figure class=\"wp-block-image aligncenter size-full is-resized has-custom-border\"><a href=\"https:\/\/docs.google.com\/presentation\/d\/1xGmV9c_if-q0mKZDnB2ehJmA3TZR1Em11VyIhaOm5Ns\/edit?slide=id.p3#slide=id.p3\"><img loading=\"lazy\" decoding=\"async\" width=\"960\" height=\"540\" src=\"https:\/\/projectes.xtec.cat\/pensament-computacional\/wp-content\/uploads\/usu2217\/2025\/05\/Presentacio-A-Universe-in-a-Box-JPRE25.jpg\" alt=\"\" class=\"has-border-color has-ast-global-color-0-border-color wp-image-49378\" style=\"border-width:2px;border-radius:10px;box-shadow:var(--wp--preset--shadow--natural);width:239px;height:auto\" srcset=\"https:\/\/projectes.xtec.cat\/pensament-computacional\/wp-content\/uploads\/usu2217\/2025\/05\/Presentacio-A-Universe-in-a-Box-JPRE25.jpg 960w, https:\/\/projectes.xtec.cat\/pensament-computacional\/wp-content\/uploads\/usu2217\/2025\/05\/Presentacio-A-Universe-in-a-Box-JPRE25-300x169.jpg 300w, https:\/\/projectes.xtec.cat\/pensament-computacional\/wp-content\/uploads\/usu2217\/2025\/05\/Presentacio-A-Universe-in-a-Box-JPRE25-768x432.jpg 768w\" sizes=\"auto, (max-width: 960px) 100vw, 960px\" \/><\/a><\/figure>\n<\/div>\n<\/div>\n<\/div><\/div><\/div><\/div><\/div>\n<\/div>\n<\/div>\n\n\n\n<div style=\"height:10px\" aria-hidden=\"true\" class=\"wp-block-spacer\"><\/div>\n<\/div><\/div><\/div><\/div><\/div>\n\n\n\n<div style=\"height:25px\" aria-hidden=\"true\" class=\"wp-block-spacer\"><\/div>\n\n\n\n<div class=\"wp-block-getwid-section arrodonir alignwide alignwide\"><div class=\"wp-block-getwid-section__wrapper\"><div class=\"wp-block-getwid-section__inner-wrapper\"><div class=\"wp-block-getwid-section__background-holder\"><div class=\"wp-block-getwid-section__background has-background\" style=\"background-color:#e2c8ca\"><\/div><div class=\"wp-block-getwid-section__foreground\"><\/div><\/div><div class=\"wp-block-getwid-section__content\"><div class=\"wp-block-getwid-section__inner-content\">\n<div class=\"wp-block-columns alignwide is-layout-flex wp-container-core-columns-is-layout-9 wp-block-columns-is-layout-flex\" style=\"margin-top:var(--wp--preset--spacing--20);margin-bottom:var(--wp--preset--spacing--20);padding-top:0;padding-right:0;padding-bottom:0;padding-left:0\">\n<div class=\"wp-block-column is-vertically-aligned-top arrodonir is-layout-flow wp-container-core-column-is-layout-14 wp-block-column-is-layout-flow\" style=\"padding-top:var(--wp--preset--spacing--40);padding-right:var(--wp--preset--spacing--40);padding-bottom:var(--wp--preset--spacing--40);padding-left:var(--wp--preset--spacing--40);flex-basis:15%\">\n<figure class=\"wp-block-image aligncenter size-full is-resized has-custom-border is-style-rounded\"><a href=\"https:\/\/projectes.xtec.cat\/pensament-computacional\/wp-content\/uploads\/usu2217\/2025\/04\/23060101DB00349_v3-Eduard-Muntaner-Perich.jpg\"><img loading=\"lazy\" decoding=\"async\" width=\"1000\" height=\"1000\" src=\"https:\/\/projectes.xtec.cat\/pensament-computacional\/wp-content\/uploads\/usu2217\/2025\/04\/23060101DB00349_v3-Eduard-Muntaner-Perich.jpg\" alt=\"\" class=\"has-border-color wp-image-47807\" style=\"border-color:#97545c;border-width:2px;object-fit:cover;width:100px;height:100px\" srcset=\"https:\/\/projectes.xtec.cat\/pensament-computacional\/wp-content\/uploads\/usu2217\/2025\/04\/23060101DB00349_v3-Eduard-Muntaner-Perich.jpg 1000w, https:\/\/projectes.xtec.cat\/pensament-computacional\/wp-content\/uploads\/usu2217\/2025\/04\/23060101DB00349_v3-Eduard-Muntaner-Perich-300x300.jpg 300w, https:\/\/projectes.xtec.cat\/pensament-computacional\/wp-content\/uploads\/usu2217\/2025\/04\/23060101DB00349_v3-Eduard-Muntaner-Perich-150x150.jpg 150w, https:\/\/projectes.xtec.cat\/pensament-computacional\/wp-content\/uploads\/usu2217\/2025\/04\/23060101DB00349_v3-Eduard-Muntaner-Perich-768x768.jpg 768w\" sizes=\"auto, (max-width: 1000px) 100vw, 1000px\" \/><\/a><\/figure>\n<\/div>\n\n\n\n<div class=\"wp-block-column is-layout-flow wp-block-column-is-layout-flow\" style=\"flex-basis:90%\">\n<h5 class=\"wp-block-heading has-ast-global-color-7-color has-text-color has-link-color wp-elements-31661046ba8fd17efccee331c46df346\"><strong>Eduard Muntaner Perich<\/strong><\/h5>\n\n\n\n<p class=\"has-ast-global-color-7-color has-text-color has-link-color wp-elements-0ac8e2d4ec67b7802e3ead231bf5867b\">Dissenyador d&#8217;experi\u00e8ncies d&#8217;aprenentatge creatiu a UdiGitalEdu i C\u00e0tedra Tekhn\u00e9 (Universitat de Girona). Professor de Tecnologia a la Facultat d&#8217;Educaci\u00f3 de la UdG.<\/p>\n<\/div>\n<\/div>\n<\/div><\/div><\/div><\/div><\/div>\n\n\n\n<div style=\"height:20px\" aria-hidden=\"true\" class=\"wp-block-spacer\"><\/div>\n\n\n\n<figure class=\"wp-block-image alignleft size-large is-resized\"><img loading=\"lazy\" decoding=\"async\" width=\"1024\" height=\"117\" src=\"https:\/\/projectes.xtec.cat\/pensament-computacional\/wp-content\/uploads\/usu2217\/2025\/01\/logosCodigo-40-1-1024x117.png\" alt=\"\" class=\"wp-image-43351\" style=\"width:632px;height:auto\" srcset=\"https:\/\/projectes.xtec.cat\/pensament-computacional\/wp-content\/uploads\/usu2217\/2025\/01\/logosCodigo-40-1-1024x117.png 1024w, https:\/\/projectes.xtec.cat\/pensament-computacional\/wp-content\/uploads\/usu2217\/2025\/01\/logosCodigo-40-1-300x34.png 300w, https:\/\/projectes.xtec.cat\/pensament-computacional\/wp-content\/uploads\/usu2217\/2025\/01\/logosCodigo-40-1-768x88.png 768w, https:\/\/projectes.xtec.cat\/pensament-computacional\/wp-content\/uploads\/usu2217\/2025\/01\/logosCodigo-40-1-1536x176.png 1536w, https:\/\/projectes.xtec.cat\/pensament-computacional\/wp-content\/uploads\/usu2217\/2025\/01\/logosCodigo-40-1-2048x235.png 2048w\" sizes=\"auto, (max-width: 1024px) 100vw, 1024px\" \/><\/figure>\n","protected":false},"excerpt":{"rendered":"<p>Inicial Taller 15: Un univers dins d&#8217;una capsa. Art, poesia i narraci\u00f3 digital amb OctoStudio Planta 1 &#8211; Aula C<\/p>\n","protected":false},"author":20,"featured_media":0,"parent":42671,"menu_order":0,"comment_status":"closed","ping_status":"closed","template":"","meta":{"_bbp_topic_count":0,"_bbp_reply_count":0,"_bbp_total_topic_count":0,"_bbp_total_reply_count":0,"_bbp_voice_count":0,"_bbp_anonymous_reply_count":0,"_bbp_topic_count_hidden":0,"_bbp_reply_count_hidden":0,"_bbp_forum_subforum_count":0,"site-sidebar-layout":"default","site-content-layout":"","ast-site-content-layout":"default","site-content-style":"default","site-sidebar-style":"default","ast-global-header-display":"","ast-banner-title-visibility":"","ast-main-header-display":"","ast-hfb-above-header-display":"","ast-hfb-below-header-display":"","ast-hfb-mobile-header-display":"","site-post-title":"disabled","ast-breadcrumbs-content":"","ast-featured-img":"","footer-sml-layout":"","theme-transparent-header-meta":"","adv-header-id-meta":"","stick-header-meta":"","header-above-stick-meta":"","header-main-stick-meta":"","header-below-stick-meta":"","astra-migrate-meta-layouts":"set","ast-page-background-enabled":"default","ast-page-background-meta":{"desktop":{"background-color":"","background-image":"","background-repeat":"repeat","background-position":"center center","background-size":"auto","background-attachment":"scroll","background-type":"","background-media":"","overlay-type":"","overlay-color":"","overlay-opacity":"","overlay-gradient":""},"tablet":{"background-color":"","background-image":"","background-repeat":"repeat","background-position":"center center","background-size":"auto","background-attachment":"scroll","background-type":"","background-media":"","overlay-type":"","overlay-color":"","overlay-opacity":"","overlay-gradient":""},"mobile":{"background-color":"","background-image":"","background-repeat":"repeat","background-position":"center center","background-size":"auto","background-attachment":"scroll","background-type":"","background-media":"","overlay-type":"","overlay-color":"","overlay-opacity":"","overlay-gradient":""}},"ast-content-background-meta":{"desktop":{"background-color":"var(--ast-global-color-5)","background-image":"","background-repeat":"repeat","background-position":"center center","background-size":"auto","background-attachment":"scroll","background-type":"","background-media":"","overlay-type":"","overlay-color":"","overlay-opacity":"","overlay-gradient":""},"tablet":{"background-color":"var(--ast-global-color-5)","background-image":"","background-repeat":"repeat","background-position":"center center","background-size":"auto","background-attachment":"scroll","background-type":"","background-media":"","overlay-type":"","overlay-color":"","overlay-opacity":"","overlay-gradient":""},"mobile":{"background-color":"var(--ast-global-color-5)","background-image":"","background-repeat":"repeat","background-position":"center center","background-size":"auto","background-attachment":"scroll","background-type":"","background-media":"","overlay-type":"","overlay-color":"","overlay-opacity":"","overlay-gradient":""}},"footnotes":""},"class_list":["post-47663","page","type-page","status-publish","hentry"],"post_mailing_queue_ids":[],"_links":{"self":[{"href":"https:\/\/projectes.xtec.cat\/pensament-computacional\/wp-json\/wp\/v2\/pages\/47663","targetHints":{"allow":["GET"]}}],"collection":[{"href":"https:\/\/projectes.xtec.cat\/pensament-computacional\/wp-json\/wp\/v2\/pages"}],"about":[{"href":"https:\/\/projectes.xtec.cat\/pensament-computacional\/wp-json\/wp\/v2\/types\/page"}],"author":[{"embeddable":true,"href":"https:\/\/projectes.xtec.cat\/pensament-computacional\/wp-json\/wp\/v2\/users\/20"}],"replies":[{"embeddable":true,"href":"https:\/\/projectes.xtec.cat\/pensament-computacional\/wp-json\/wp\/v2\/comments?post=47663"}],"version-history":[{"count":6,"href":"https:\/\/projectes.xtec.cat\/pensament-computacional\/wp-json\/wp\/v2\/pages\/47663\/revisions"}],"predecessor-version":[{"id":49383,"href":"https:\/\/projectes.xtec.cat\/pensament-computacional\/wp-json\/wp\/v2\/pages\/47663\/revisions\/49383"}],"up":[{"embeddable":true,"href":"https:\/\/projectes.xtec.cat\/pensament-computacional\/wp-json\/wp\/v2\/pages\/42671"}],"wp:attachment":[{"href":"https:\/\/projectes.xtec.cat\/pensament-computacional\/wp-json\/wp\/v2\/media?parent=47663"}],"curies":[{"name":"wp","href":"https:\/\/api.w.org\/{rel}","templated":true}]}}