{"id":47669,"date":"2025-04-07T08:33:05","date_gmt":"2025-04-07T06:33:05","guid":{"rendered":"https:\/\/projectes.xtec.cat\/pensament-computacional\/?page_id=47669"},"modified":"2025-05-22T11:26:00","modified_gmt":"2025-05-22T09:26:00","slug":"taller-18-jpre25","status":"publish","type":"page","link":"https:\/\/projectes.xtec.cat\/pensament-computacional\/formacio-robotica\/jornades\/xvii-jornada-de-programacio-i-robotica-educatives\/taller-18-jpre25\/","title":{"rendered":"Taller 18 JPRE25"},"content":{"rendered":"\n<div style=\"height:20px\" aria-hidden=\"true\" class=\"wp-block-spacer\"><\/div>\n\n\n\n<p class=\"has-text-align-right intermedi_plaques\" style=\"margin-top:0;margin-bottom:0;padding-top:0;padding-bottom:0\">Nivell inicial<\/p>\n\n\n\n<div style=\"height:10px\" aria-hidden=\"true\" class=\"wp-block-spacer\"><\/div>\n\n\n\n<div class=\"wp-block-columns alignwide is-layout-flex wp-container-core-columns-is-layout-1 wp-block-columns-is-layout-flex\" style=\"margin-top:0;margin-bottom:0;padding-top:0;padding-right:0;padding-bottom:0;padding-left:0\">\n<div class=\"wp-block-column arrodonir has-border-color is-layout-flow wp-container-core-column-is-layout-1 wp-block-column-is-layout-flow\" style=\"border-color:#cf6c58;border-width:2px;padding-top:0;padding-right:0;padding-bottom:0;padding-left:0;flex-basis:100%\">\n<h1 class=\"wp-block-heading alignwide has-text-align-left arrodonir has-text-color has-background has-link-color wp-elements-56b02c8b2f1366bb4f782b8e616ccc2a\" style=\"color:#cf6c58;background-color:#f4dcd7;margin-top:0;margin-right:0;margin-bottom:0;margin-left:0;padding-top:var(--wp--preset--spacing--30);padding-right:var(--wp--preset--spacing--30);padding-bottom:var(--wp--preset--spacing--30);padding-left:var(--wp--preset--spacing--30)\"><strong><img decoding=\"async\" class=\"wp-image-47758\" style=\"width: 140px;\" src=\"https:\/\/projectes.xtec.cat\/pensament-computacional\/wp-content\/uploads\/usu2217\/2025\/04\/JPRE25-3.png\" alt=\"\">Taller 18: De la reflexi\u00f3 a l\u2019acci\u00f3: Construint el Pensament Computacional<\/strong><\/h1>\n<\/div>\n<\/div>\n\n\n\n<div style=\"height:12px\" aria-hidden=\"true\" class=\"wp-block-spacer\"><\/div>\n\n\n\n<div class=\"wp-block-columns alignwide is-layout-flex wp-container-core-columns-is-layout-2 wp-block-columns-is-layout-flex\" style=\"margin-top:0;margin-bottom:0;padding-top:0;padding-right:0;padding-bottom:0;padding-left:0\">\n<div class=\"wp-block-column arrodonir has-border-color has-ast-global-color-0-border-color is-layout-flow wp-container-core-column-is-layout-2 wp-block-column-is-layout-flow\" style=\"border-width:2px;padding-top:0;padding-right:0;padding-bottom:0;padding-left:0;flex-basis:100%\">\n<h1 class=\"wp-block-heading alignwide has-text-align-left arrodonir has-ast-global-color-0-color has-text-color has-background has-link-color has-medium-font-size wp-elements-25d342fadeef07e64cbaaa199043b24e\" style=\"background-color:#daedf7;margin-top:0;margin-right:0;margin-bottom:0;margin-left:0;padding-top:var(--wp--preset--spacing--30);padding-right:var(--wp--preset--spacing--30);padding-bottom:var(--wp--preset--spacing--30);padding-left:var(--wp--preset--spacing--30)\"><strong>Planta 2 &#8211; Pla\u00e7a Creaci\u00f3<\/strong><\/h1>\n<\/div>\n<\/div>\n\n\n\n<div style=\"height:12px\" aria-hidden=\"true\" class=\"wp-block-spacer\"><\/div>\n\n\n\n<div style=\"height:2px\" aria-hidden=\"true\" class=\"wp-block-spacer\"><\/div>\n\n\n\n<div class=\"wp-block-getwid-section arrodonir alignwide alignwide\"><div class=\"wp-block-getwid-section__wrapper\"><div class=\"wp-block-getwid-section__inner-wrapper\"><div class=\"wp-block-getwid-section__background-holder\"><div class=\"wp-block-getwid-section__background has-background\" style=\"background-color:#6e9bb2\"><\/div><div class=\"wp-block-getwid-section__foreground\"><\/div><\/div><div class=\"wp-block-getwid-section__content\"><div class=\"wp-block-getwid-section__inner-content\">\n<div class=\"wp-block-columns is-layout-flex wp-container-core-columns-is-layout-3 wp-block-columns-is-layout-flex\" style=\"margin-top:var(--wp--preset--spacing--20);margin-bottom:var(--wp--preset--spacing--20);padding-right:var(--wp--preset--spacing--30);padding-left:var(--wp--preset--spacing--30)\">\n<div class=\"wp-block-column arrodonir has-border-color has-luminous-vivid-amber-background-color has-background is-layout-flow wp-container-core-column-is-layout-3 wp-block-column-is-layout-flow\" style=\"border-color:#096088;border-width:2px;padding-right:var(--wp--preset--spacing--40);padding-left:var(--wp--preset--spacing--40)\">\n<p class=\"has-text-align-center has-ast-global-color-7-color has-text-color has-link-color wp-elements-accf5c2dd926b872e9b81a161ea2bf56\"><strong>EDUCACI\u00d3 INFANTIL<\/strong><\/p>\n<\/div>\n\n\n\n<div class=\"wp-block-column arrodonir has-border-color has-luminous-vivid-amber-background-color has-text-color has-background has-link-color wp-elements-b6f98d55619d430db48c1304eda4c110 is-layout-flow wp-container-core-column-is-layout-4 wp-block-column-is-layout-flow\" style=\"border-color:#096088;border-width:2px;color:#bebebe;padding-right:var(--wp--preset--spacing--40);padding-left:var(--wp--preset--spacing--40)\">\n<p class=\"has-text-align-center has-ast-global-color-7-color has-text-color has-link-color wp-elements-05702ac76e0d5eb7caeac6f37e5750e7\"><strong>PRIM\u00c0RIA<\/strong><\/p>\n<\/div>\n\n\n\n<div class=\"wp-block-column arrodonir has-border-color has-ast-global-color-2-background-color has-background is-layout-flow wp-container-core-column-is-layout-5 wp-block-column-is-layout-flow\" style=\"border-color:#096088;border-width:2px;padding-right:var(--wp--preset--spacing--40);padding-left:var(--wp--preset--spacing--40)\">\n<p class=\"has-text-align-center has-text-color has-link-color wp-elements-9f9ff458a05bb7ec8f2b5ed89d8a2a04\" style=\"color:#bebebe\"><strong>SECUND\u00c0RIA<\/strong><\/p>\n<\/div>\n\n\n\n<div class=\"wp-block-column arrodonir has-border-color has-ast-global-color-8-background-color has-background is-layout-flow wp-container-core-column-is-layout-6 wp-block-column-is-layout-flow\" style=\"border-color:#096088;border-width:2px;padding-right:var(--wp--preset--spacing--40);padding-left:var(--wp--preset--spacing--40)\">\n<p class=\"has-text-align-center has-text-color has-link-color wp-elements-d1ee603c1e8e92308deedc851719430b\" style=\"color:#bebebe\"><strong>BATXILLERAT<\/strong><\/p>\n<\/div>\n\n\n\n<div class=\"wp-block-column arrodonir has-border-color has-ast-global-color-8-background-color has-background is-layout-flow wp-container-core-column-is-layout-7 wp-block-column-is-layout-flow\" style=\"border-color:#096088;border-width:2px;padding-right:var(--wp--preset--spacing--40);padding-left:var(--wp--preset--spacing--40)\">\n<p class=\"has-text-align-center has-text-color has-link-color wp-elements-9113b714a8899fcb4baf2194adc1d978\" style=\"color:#bebebe\"><strong>CICLES FORMATIUS<\/strong><\/p>\n<\/div>\n<\/div>\n\n\n\n<div class=\"wp-block-columns alignwide is-layout-flex wp-container-core-columns-is-layout-7 wp-block-columns-is-layout-flex\" style=\"margin-top:var(--wp--preset--spacing--40);margin-bottom:var(--wp--preset--spacing--40);padding-right:0;padding-left:0\">\n<div class=\"wp-block-column is-layout-flow wp-block-column-is-layout-flow\" style=\"flex-basis:50%\">\n<div class=\"wp-block-getwid-section\"><div class=\"wp-block-getwid-section__wrapper getwid-padding-top-none getwid-padding-bottom-none getwid-padding-left-small\"><div class=\"wp-block-getwid-section__inner-wrapper\"><div class=\"wp-block-getwid-section__background-holder\"><div class=\"wp-block-getwid-section__background\"><\/div><div class=\"wp-block-getwid-section__foreground\"><\/div><\/div><div class=\"wp-block-getwid-section__content\"><div class=\"wp-block-getwid-section__inner-content\">\n<div class=\"wp-block-columns is-layout-flex wp-container-core-columns-is-layout-4 wp-block-columns-is-layout-flex\" id=\"caixa\" style=\"padding-top:0;padding-right:0;padding-bottom:0;padding-left:0\">\n<div class=\"wp-block-column caixa has-border-color has-ast-global-color-7-color has-ast-global-color-5-background-color has-text-color has-background has-link-color wp-elements-e6e1ae0e20ba4fe840c0a0211b4c1695 is-layout-flow wp-container-core-column-is-layout-8 wp-block-column-is-layout-flow\" style=\"border-color:#096088;border-width:2px;padding-top:var(--wp--preset--spacing--30);padding-right:var(--wp--preset--spacing--40);padding-bottom:var(--wp--preset--spacing--30);padding-left:var(--wp--preset--spacing--40);box-shadow:var(--wp--preset--shadow--natural)\">\n<h5 class=\"wp-block-heading has-ast-global-color-7-color has-text-color has-link-color wp-elements-8c5d961abd04dc408cfe27bd698a7870\"><strong>Descripci\u00f3<\/strong><\/h5>\n\n\n\n<p>El principal objectiu del taller \u00e9s introduir el Pensament Computacional en les etapes d&#8217;educaci\u00f3 infantil i educaci\u00f3 prim\u00e0ria, amb la finalitat de fomentar en l\u2019alumnat habilitats com la resoluci\u00f3 de problemes, el raonament l\u00f2gic i la creativitat, a trav\u00e9s d\u2019un enfocament l\u00fadic. Aix\u00ed mateix, el taller contribuir\u00e0 a establir una base s\u00f2lida per a la seva futura alfabetitzaci\u00f3 digital. L\u2019activitat combinar\u00e0 un marc te\u00f2ric amb una part pr\u00e0ctica, que inclour\u00e0 exemples concrets sobre com aplicar el Pensament Computacional a l\u2019aula mitjan\u00e7ant materials manipulatius i de f\u00e0cil acc\u00e9s.<\/p>\n<\/div>\n<\/div>\n<\/div><\/div><\/div><\/div><\/div>\n<\/div>\n\n\n\n<div class=\"wp-block-column is-layout-flow wp-block-column-is-layout-flow\" style=\"flex-basis:50%\">\n<div class=\"wp-block-getwid-section\"><div class=\"wp-block-getwid-section__wrapper getwid-padding-top-none getwid-padding-bottom-none getwid-padding-left-small\"><div class=\"wp-block-getwid-section__inner-wrapper\"><div class=\"wp-block-getwid-section__background-holder\"><div class=\"wp-block-getwid-section__background\"><\/div><div class=\"wp-block-getwid-section__foreground\"><\/div><\/div><div class=\"wp-block-getwid-section__content\"><div class=\"wp-block-getwid-section__inner-content\">\n<div class=\"wp-block-columns is-layout-flex wp-container-core-columns-is-layout-5 wp-block-columns-is-layout-flex\" id=\"caixa\" style=\"padding-top:0;padding-right:0;padding-bottom:0;padding-left:0\">\n<div class=\"wp-block-column caixa has-border-color has-ast-global-color-7-color has-ast-global-color-5-background-color has-text-color has-background has-link-color wp-elements-1208640551a040fd09bb8b80cd53cbab is-layout-flow wp-container-core-column-is-layout-10 wp-block-column-is-layout-flow\" style=\"border-color:#096088;border-width:2px;padding-top:var(--wp--preset--spacing--30);padding-right:var(--wp--preset--spacing--40);padding-bottom:var(--wp--preset--spacing--30);padding-left:var(--wp--preset--spacing--40);box-shadow:var(--wp--preset--shadow--natural)\">\n<h5 class=\"wp-block-heading has-ast-global-color-7-color has-text-color has-link-color wp-elements-caf8e223a7545ef5a3cdf8aa77973e1e\"><strong>Material necessari<\/strong><\/h5>\n\n\n\n<ul class=\"wp-block-list\">\n<li>Ordinador.<\/li>\n\n\n\n<li>Auriculars.<\/li>\n<\/ul>\n\n\n\n<hr class=\"wp-block-separator has-text-color has-alpha-channel-opacity has-background is-style-wide\" style=\"background-color:#096088;color:#096088\"\/>\n\n\n\n<p class=\"has-ast-global-color-7-color has-text-color has-link-color has-medium-font-size wp-elements-0f940116c93a355de91e79f1085bff40\" style=\"margin-top:var(--wp--preset--spacing--20);margin-bottom:var(--wp--preset--spacing--20);padding-top:var(--wp--preset--spacing--20);padding-bottom:var(--wp--preset--spacing--20)\">\u26a0\ufe0f <strong>Requisits<\/strong> <\/p>\n\n\n\n<ul class=\"wp-block-list\">\n<li>No necessiten coneixements previs. <\/li>\n\n\n\n<li>Nivell b\u00e0sic.<\/li>\n<\/ul>\n<\/div>\n<\/div>\n<\/div><\/div><\/div><\/div><\/div>\n\n\n\n<div class=\"wp-block-getwid-section\"><div class=\"wp-block-getwid-section__wrapper getwid-padding-top-none getwid-padding-bottom-none getwid-padding-left-small\"><div class=\"wp-block-getwid-section__inner-wrapper\"><div class=\"wp-block-getwid-section__background-holder\"><div class=\"wp-block-getwid-section__background\"><\/div><div class=\"wp-block-getwid-section__foreground\"><\/div><\/div><div class=\"wp-block-getwid-section__content\"><div class=\"wp-block-getwid-section__inner-content\">\n<div class=\"wp-block-columns is-layout-flex wp-container-core-columns-is-layout-6 wp-block-columns-is-layout-flex\" id=\"caixa\" style=\"padding-top:0;padding-right:0;padding-bottom:0;padding-left:0\">\n<div class=\"wp-block-column caixa has-border-color has-ast-global-color-5-background-color has-background is-layout-flow wp-container-core-column-is-layout-11 wp-block-column-is-layout-flow\" style=\"border-color:#096088;border-width:2px;padding-top:var(--wp--preset--spacing--30);padding-right:var(--wp--preset--spacing--40);padding-bottom:var(--wp--preset--spacing--30);padding-left:var(--wp--preset--spacing--40);box-shadow:var(--wp--preset--shadow--natural)\">\n<h5 class=\"wp-block-heading has-ast-global-color-7-color has-text-color has-link-color wp-elements-125a049cfcdb979cbeea06bf013c8825\"><strong>Presentaci\u00f3<\/strong><\/h5>\n\n\n\n<figure class=\"wp-block-image aligncenter size-full is-resized\"><a href=\"https:\/\/docs.google.com\/presentation\/d\/1BsopBonFbU4QT8_zf827Zp7Qk-cw-EOlSQtWz2evd5I\/present\" target=\"_blank\" rel=\"noreferrer noopener\"><img loading=\"lazy\" decoding=\"async\" width=\"191\" height=\"263\" src=\"https:\/\/projectes.xtec.cat\/pensament-computacional\/wp-content\/uploads\/usu2217\/2025\/04\/image.png\" alt=\"\" class=\"wp-image-47776\" style=\"width:59px;height:auto\"\/><\/a><\/figure>\n<\/div>\n<\/div>\n<\/div><\/div><\/div><\/div><\/div>\n<\/div>\n<\/div>\n\n\n\n<div style=\"height:10px\" aria-hidden=\"true\" class=\"wp-block-spacer\"><\/div>\n<\/div><\/div><\/div><\/div><\/div>\n\n\n\n<div style=\"height:25px\" aria-hidden=\"true\" class=\"wp-block-spacer\"><\/div>\n\n\n\n<div class=\"wp-block-getwid-section arrodonir alignwide alignwide\"><div class=\"wp-block-getwid-section__wrapper\"><div class=\"wp-block-getwid-section__inner-wrapper\"><div class=\"wp-block-getwid-section__background-holder\"><div class=\"wp-block-getwid-section__background has-background\" style=\"background-color:#e2c8ca\"><\/div><div class=\"wp-block-getwid-section__foreground\"><\/div><\/div><div class=\"wp-block-getwid-section__content\"><div class=\"wp-block-getwid-section__inner-content\">\n<div class=\"wp-block-columns alignwide is-layout-flex wp-container-core-columns-is-layout-8 wp-block-columns-is-layout-flex\" style=\"margin-top:var(--wp--preset--spacing--20);margin-bottom:var(--wp--preset--spacing--20);padding-top:0;padding-right:0;padding-bottom:0;padding-left:0\">\n<div class=\"wp-block-column is-vertically-aligned-top arrodonir is-layout-flow wp-container-core-column-is-layout-13 wp-block-column-is-layout-flow\" style=\"padding-top:var(--wp--preset--spacing--40);padding-right:var(--wp--preset--spacing--40);padding-bottom:var(--wp--preset--spacing--40);padding-left:var(--wp--preset--spacing--40);flex-basis:15%\">\n<figure class=\"wp-block-image aligncenter size-full is-resized has-custom-border is-style-rounded\"><img loading=\"lazy\" decoding=\"async\" width=\"250\" height=\"373\" src=\"https:\/\/projectes.xtec.cat\/pensament-computacional\/wp-content\/uploads\/usu2217\/2025\/04\/FOTO-JOSE-CAROLINA-RAMOS-FRANCES.jpg\" alt=\"\" class=\"has-border-color wp-image-48302\" style=\"border-color:#97545c;border-width:2px;object-fit:cover;width:100px;height:100px\" srcset=\"https:\/\/projectes.xtec.cat\/pensament-computacional\/wp-content\/uploads\/usu2217\/2025\/04\/FOTO-JOSE-CAROLINA-RAMOS-FRANCES.jpg 250w, https:\/\/projectes.xtec.cat\/pensament-computacional\/wp-content\/uploads\/usu2217\/2025\/04\/FOTO-JOSE-CAROLINA-RAMOS-FRANCES-201x300.jpg 201w\" sizes=\"auto, (max-width: 250px) 100vw, 250px\" \/><\/figure>\n<\/div>\n\n\n\n<div class=\"wp-block-column is-layout-flow wp-block-column-is-layout-flow\" style=\"flex-basis:90%\">\n<h5 class=\"wp-block-heading has-ast-global-color-7-color has-text-color has-link-color wp-elements-d61f22c60df4b3e05f4c70fe2c8d565a\"><strong>Jos\u00e9 Cuenca Peralta<\/strong><\/h5>\n\n\n\n<p class=\"has-ast-global-color-7-color has-text-color has-link-color wp-elements-52482f501c10f137d3658da404d994c4\">Mestre d\u2019Educaci\u00f3 Prim\u00e0ria especialista de m\u00fasica. Coordinador digital i impulsor de projectes STEAM, formador en Pensament Computacional Desendollat. Crec en l&#8217;\u00fas del PC i la programaci\u00f3 com a eines per potenciar l\u2019aprenentatge. Actualment, em podeu trobar al CRP del Prat de Llobregat, on treballo de t\u00e8cnic docent donant suport als centres en diferents \u00e0mbits i impulsant iniciatives innovadores per a la transformaci\u00f3 educativa.<\/p>\n<\/div>\n<\/div>\n\n\n\n<div class=\"wp-block-columns alignwide is-layout-flex wp-container-core-columns-is-layout-9 wp-block-columns-is-layout-flex\" style=\"margin-top:var(--wp--preset--spacing--20);margin-bottom:var(--wp--preset--spacing--20);padding-top:0;padding-right:0;padding-bottom:0;padding-left:0\">\n<div class=\"wp-block-column is-vertically-aligned-top arrodonir is-layout-flow wp-container-core-column-is-layout-15 wp-block-column-is-layout-flow\" style=\"padding-top:var(--wp--preset--spacing--40);padding-right:var(--wp--preset--spacing--40);padding-bottom:var(--wp--preset--spacing--40);padding-left:var(--wp--preset--spacing--40);flex-basis:15%\">\n<figure class=\"wp-block-image aligncenter size-full is-resized has-custom-border is-style-rounded\"><img loading=\"lazy\" decoding=\"async\" width=\"800\" height=\"800\" src=\"https:\/\/projectes.xtec.cat\/pensament-computacional\/wp-content\/uploads\/usu2217\/2025\/04\/Foto-Carol-CAROLINA-RAMOS-FRANCES.png\" alt=\"\" class=\"has-border-color wp-image-48303\" style=\"border-color:#97545c;border-width:2px;object-fit:cover;width:100px;height:100px\" srcset=\"https:\/\/projectes.xtec.cat\/pensament-computacional\/wp-content\/uploads\/usu2217\/2025\/04\/Foto-Carol-CAROLINA-RAMOS-FRANCES.png 800w, https:\/\/projectes.xtec.cat\/pensament-computacional\/wp-content\/uploads\/usu2217\/2025\/04\/Foto-Carol-CAROLINA-RAMOS-FRANCES-300x300.png 300w, https:\/\/projectes.xtec.cat\/pensament-computacional\/wp-content\/uploads\/usu2217\/2025\/04\/Foto-Carol-CAROLINA-RAMOS-FRANCES-150x150.png 150w, https:\/\/projectes.xtec.cat\/pensament-computacional\/wp-content\/uploads\/usu2217\/2025\/04\/Foto-Carol-CAROLINA-RAMOS-FRANCES-768x768.png 768w\" sizes=\"auto, (max-width: 800px) 100vw, 800px\" \/><\/figure>\n<\/div>\n\n\n\n<div class=\"wp-block-column is-layout-flow wp-block-column-is-layout-flow\" style=\"flex-basis:90%\">\n<h5 class=\"wp-block-heading has-ast-global-color-7-color has-text-color has-link-color wp-elements-141dc7b5a61326dc8b149f728a9a68c3\"><strong>Carolina Ramos Franc\u00e9s<\/strong><\/h5>\n\n\n\n<p class=\"has-ast-global-color-7-color has-text-color has-link-color wp-elements-e0af9e40596b85257e0f718ad558133a\">Mestra d\u2019Educaci\u00f3 Prim\u00e0ria amb l&#8217;especialitat d&#8217;angl\u00e8s. He participat activament en projectes Erasmus+ i eTwinning, integrant tamb\u00e9 l\u2019\u00fas de les tecnologies per potenciar l\u2019aprenentatge significatiu de l&#8217;alumnat. Actualment, formo part de l\u2019equip de Mentoria 4.0 al CRP IV del Baix Llobregat, on impulsem propostes did\u00e0ctiques que combinen idees, rob\u00f2tica i tecnologia per revolucionar les aules.<\/p>\n<\/div>\n<\/div>\n<\/div><\/div><\/div><\/div><\/div>\n\n\n\n<div style=\"height:20px\" aria-hidden=\"true\" class=\"wp-block-spacer\"><\/div>\n\n\n\n<figure class=\"wp-block-image alignleft size-large is-resized\"><img loading=\"lazy\" decoding=\"async\" width=\"1024\" height=\"117\" src=\"https:\/\/projectes.xtec.cat\/pensament-computacional\/wp-content\/uploads\/usu2217\/2025\/01\/logosCodigo-40-1-1024x117.png\" alt=\"\" class=\"wp-image-43351\" style=\"width:632px;height:auto\" srcset=\"https:\/\/projectes.xtec.cat\/pensament-computacional\/wp-content\/uploads\/usu2217\/2025\/01\/logosCodigo-40-1-1024x117.png 1024w, https:\/\/projectes.xtec.cat\/pensament-computacional\/wp-content\/uploads\/usu2217\/2025\/01\/logosCodigo-40-1-300x34.png 300w, https:\/\/projectes.xtec.cat\/pensament-computacional\/wp-content\/uploads\/usu2217\/2025\/01\/logosCodigo-40-1-768x88.png 768w, https:\/\/projectes.xtec.cat\/pensament-computacional\/wp-content\/uploads\/usu2217\/2025\/01\/logosCodigo-40-1-1536x176.png 1536w, https:\/\/projectes.xtec.cat\/pensament-computacional\/wp-content\/uploads\/usu2217\/2025\/01\/logosCodigo-40-1-2048x235.png 2048w\" sizes=\"auto, (max-width: 1024px) 100vw, 1024px\" \/><\/figure>\n","protected":false},"excerpt":{"rendered":"<p>Nivell inicial Taller 18: De la reflexi\u00f3 a l\u2019acci\u00f3: Construint el Pensament Computacional Planta 2 &#8211; Pla\u00e7a Creaci\u00f3<\/p>\n","protected":false},"author":20,"featured_media":0,"parent":42671,"menu_order":0,"comment_status":"closed","ping_status":"closed","template":"","meta":{"_bbp_topic_count":0,"_bbp_reply_count":0,"_bbp_total_topic_count":0,"_bbp_total_reply_count":0,"_bbp_voice_count":0,"_bbp_anonymous_reply_count":0,"_bbp_topic_count_hidden":0,"_bbp_reply_count_hidden":0,"_bbp_forum_subforum_count":0,"site-sidebar-layout":"default","site-content-layout":"","ast-site-content-layout":"default","site-content-style":"default","site-sidebar-style":"default","ast-global-header-display":"","ast-banner-title-visibility":"","ast-main-header-display":"","ast-hfb-above-header-display":"","ast-hfb-below-header-display":"","ast-hfb-mobile-header-display":"","site-post-title":"disabled","ast-breadcrumbs-content":"","ast-featured-img":"","footer-sml-layout":"","theme-transparent-header-meta":"","adv-header-id-meta":"","stick-header-meta":"","header-above-stick-meta":"","header-main-stick-meta":"","header-below-stick-meta":"","astra-migrate-meta-layouts":"set","ast-page-background-enabled":"default","ast-page-background-meta":{"desktop":{"background-color":"","background-image":"","background-repeat":"repeat","background-position":"center center","background-size":"auto","background-attachment":"scroll","background-type":"","background-media":"","overlay-type":"","overlay-color":"","overlay-opacity":"","overlay-gradient":""},"tablet":{"background-color":"","background-image":"","background-repeat":"repeat","background-position":"center center","background-size":"auto","background-attachment":"scroll","background-type":"","background-media":"","overlay-type":"","overlay-color":"","overlay-opacity":"","overlay-gradient":""},"mobile":{"background-color":"","background-image":"","background-repeat":"repeat","background-position":"center center","background-size":"auto","background-attachment":"scroll","background-type":"","background-media":"","overlay-type":"","overlay-color":"","overlay-opacity":"","overlay-gradient":""}},"ast-content-background-meta":{"desktop":{"background-color":"var(--ast-global-color-5)","background-image":"","background-repeat":"repeat","background-position":"center center","background-size":"auto","background-attachment":"scroll","background-type":"","background-media":"","overlay-type":"","overlay-color":"","overlay-opacity":"","overlay-gradient":""},"tablet":{"background-color":"var(--ast-global-color-5)","background-image":"","background-repeat":"repeat","background-position":"center center","background-size":"auto","background-attachment":"scroll","background-type":"","background-media":"","overlay-type":"","overlay-color":"","overlay-opacity":"","overlay-gradient":""},"mobile":{"background-color":"var(--ast-global-color-5)","background-image":"","background-repeat":"repeat","background-position":"center center","background-size":"auto","background-attachment":"scroll","background-type":"","background-media":"","overlay-type":"","overlay-color":"","overlay-opacity":"","overlay-gradient":""}},"footnotes":""},"class_list":["post-47669","page","type-page","status-publish","hentry"],"post_mailing_queue_ids":[],"_links":{"self":[{"href":"https:\/\/projectes.xtec.cat\/pensament-computacional\/wp-json\/wp\/v2\/pages\/47669","targetHints":{"allow":["GET"]}}],"collection":[{"href":"https:\/\/projectes.xtec.cat\/pensament-computacional\/wp-json\/wp\/v2\/pages"}],"about":[{"href":"https:\/\/projectes.xtec.cat\/pensament-computacional\/wp-json\/wp\/v2\/types\/page"}],"author":[{"embeddable":true,"href":"https:\/\/projectes.xtec.cat\/pensament-computacional\/wp-json\/wp\/v2\/users\/20"}],"replies":[{"embeddable":true,"href":"https:\/\/projectes.xtec.cat\/pensament-computacional\/wp-json\/wp\/v2\/comments?post=47669"}],"version-history":[{"count":6,"href":"https:\/\/projectes.xtec.cat\/pensament-computacional\/wp-json\/wp\/v2\/pages\/47669\/revisions"}],"predecessor-version":[{"id":49363,"href":"https:\/\/projectes.xtec.cat\/pensament-computacional\/wp-json\/wp\/v2\/pages\/47669\/revisions\/49363"}],"up":[{"embeddable":true,"href":"https:\/\/projectes.xtec.cat\/pensament-computacional\/wp-json\/wp\/v2\/pages\/42671"}],"wp:attachment":[{"href":"https:\/\/projectes.xtec.cat\/pensament-computacional\/wp-json\/wp\/v2\/media?parent=47669"}],"curies":[{"name":"wp","href":"https:\/\/api.w.org\/{rel}","templated":true}]}}