{"id":49692,"date":"2025-06-03T09:00:22","date_gmt":"2025-06-03T07:00:22","guid":{"rendered":"https:\/\/projectes.xtec.cat\/pensament-computacional\/?page_id=49692"},"modified":"2025-06-03T09:06:19","modified_gmt":"2025-06-03T07:06:19","slug":"recursos-externs-sobre-pensament-computacional-desendollat","status":"publish","type":"page","link":"https:\/\/projectes.xtec.cat\/pensament-computacional\/activitats-robotica\/node-pensament-computacional\/pensament-computacional-desendollat-2\/recursos-externs-sobre-pensament-computacional-desendollat\/","title":{"rendered":"Recursos externs sobre pensament computacional desendollat"},"content":{"rendered":"\nAquests recursos s\u00f3n un recull de p\u00e0gines web, documents, publicacions, guies did\u00e0ctiques i v\u00eddeos relacionats amb el Pensament Computacional Desendollat que creiem que s\u00f3n molt interessants perqu\u00e8 ofereixen recursos, eines, idees, experi\u00e8ncies&#8230; per tal de facilitar la implementaci\u00f3 del treball del PC Desendollat a l&#8217;aula.\n<table style=\"height: 1393px;margin-top:20px\" width=\"983\">\n<tbody>\n<tr style=\"height: 51px;\">\n<td style=\"width: 207.5px; height: 51px;\"><strong>1.<\/strong> <a href=\"https:\/\/www.barefootcomputing.org\/earlyyears?utm_source=Barefoot+%28nd%29+30%2F10\" target=\"_blank\" rel=\"noopener noreferrer\">Early Years<\/a><\/td>\n<td style=\"width: 768.75px; height: 51px;\">Recursos i activitats basats en conceptes i enfocament de pensament computacional adre\u00e7ats, sobretot, a alumnat d&#8217;educaci\u00f3 infantil i d&#8217;educaci\u00f3 prim\u00e0ria.<\/td>\n<\/tr>\n<tr style=\"height: 72px;\">\n<td style=\"width: 207.5px; height: 72px;\"><strong>2.<\/strong> <a href=\"https:\/\/www.digitaltechnologieshub.edu.au\/search#\/site-search?pageNumber=1&amp;keyword=GoogleCT\" target=\"_blank\" rel=\"noopener noreferrer\">Digital Technologies Hub<\/a><\/td>\n<td style=\"width: 768.75px; height: 72px;\">Activitats de Pensament Computacional Desendollat. P\u00e0gina web del Departament d&#8217;Educaci\u00f3, Compet\u00e8ncies i Ocupaci\u00f3 del Govern australi\u00e0.<\/td>\n<\/tr>\n<tr style=\"height: 72px;\">\n<td style=\"width: 207.5px; height: 72px;\"><strong>3.<\/strong> <a href=\"https:\/\/csunplugged.org\/en\/\" target=\"_blank\" rel=\"noopener noreferrer\">CS Unplugged<\/a><\/td>\n<td style=\"width: 768.75px; height: 72px;\">Projecte de la Universitat de Canterbury a Nueva Zelanda dirigit a treballar el Pensament Computacional amb nens i nenes a partir de 5 anys i proposen molts recursos que es poden descarregar, imprimir i visualitzar des del seu portal web.<\/td>\n<\/tr>\n<tr style=\"height: 72px;\">\n<td style=\"width: 207.5px; height: 72px;\"><strong>4.<\/strong> <a href=\"https:\/\/classic.csunplugged.org\/wp-content\/uploads\/2014\/12\/unpluggedTeachersDec2008-Spanish-master-ar-12182008.pdf\" target=\"_blank\" rel=\"noopener noreferrer\">Computer Science\u00a0Unplugged<\/a><\/td>\n<td style=\"width: 768.75px; height: 72px;\">Recull diferents activitats i explicacions per treballar el Pensament Computacional a Prim\u00e0ria.<\/td>\n<\/tr>\n<tr style=\"height: 51px;\">\n<td style=\"width: 207.5px; height: 51px;\"><strong>5.<\/strong><a href=\"https:\/\/csunplugged.org\/en\/at-home\/\" target=\"_blank\" rel=\"noopener noreferrer\"> CS Unplugged at home<\/a><\/td>\n<td style=\"width: 768.75px; height: 51px;\">Col\u00b7lecci\u00f3 d\u2019activitats divertides i atractives que permeten als nens i nenes explorar idees fonamentals en inform\u00e0tica, sense haver d\u2019utilitzar un ordinador.<\/td>\n<\/tr>\n<tr style=\"height: 80px;\">\n<td style=\"width: 207.5px; height: 80px;\"><strong>6.<\/strong> <a href=\"http:\/\/www.codeweek.it\/cody-roby-en\/ecw-edition\/\" target=\"_blank\" rel=\"noopener noreferrer\">Cody Roby Starter Kit<\/a><\/td>\n<td style=\"width: 768.75px; height: 80px;\">Conjunt de jocs DIY (Do It Yourself) que permeten comen\u00e7ar a treballar el Pensament Computacional i la programaci\u00f3.<\/td>\n<\/tr>\n<tr style=\"height: 52px;\">\n<td style=\"width: 207.5px; height: 52px;\"><strong>7.<\/strong> <a href=\"https:\/\/www.youtube.com\/watch?v=18N1CaQJ0GI&amp;feature=emb_logo\" target=\"_blank\" rel=\"noopener noreferrer\">Coding without computers<\/a><\/td>\n<td style=\"width: 768.75px; height: 52px;\">En aquest v\u00eddeo d&#8217;Alessandro Blogiolo es pot veure un exemple d&#8217;activitat de programaci\u00f3 desendollada.<\/td>\n<\/tr>\n<tr style=\"height: 81px;\">\n<td style=\"width: 207.5px; height: 81px;\"><strong>8.<\/strong> <a href=\"https:\/\/www.helloruby.com\/loveletters\" target=\"_blank\" rel=\"noopener noreferrer\">Love letters to computers<\/a><\/td>\n<td style=\"width: 768.75px; height: 81px;\">Recursos educatius a partir d&#8217;un enfocament desconnectat, creatiu i l\u00fadic per introduir la inform\u00e0tica. Hello Ruby.<\/td>\n<\/tr>\n<tr style=\"height: 81px;\">\n<td style=\"width: 207.5px; height: 81px;\"><strong>9.<\/strong> <a href=\"https:\/\/www.iste.org\/explore\/how-develop-computational-thinkers\" target=\"_blank\" rel=\"noopener noreferrer\">Com desenvolupar pensadors computacionals<\/a><\/td>\n<td style=\"width: 768.75px; height: 81px;\">Article de Jorge Valenzuela sobre les t\u00e8cniques clau del Pensament Computacional.<\/td>\n<\/tr>\n<tr style=\"height: 73px;\">\n<td style=\"width: 207.5px; height: 73px;\"><strong>10.<\/strong> <a href=\"https:\/\/programamos.es\/web\/wp-content\/uploads\/2014\/10\/MisAmigosRobot.pdf\" target=\"_blank\" rel=\"noopener noreferrer\">Mis amigos robot<\/a><\/td>\n<td style=\"width: 768.75px; height: 73px;\">Recursos per treballar la programaci\u00f3 sense robots.<\/td>\n<\/tr>\n<tr style=\"height: 73px;\">\n<td style=\"width: 207.5px; height: 73px;\"><strong>11.<\/strong> <a href=\"https:\/\/pecofim.wixsite.com\/pecofim\" target=\"_blank\" rel=\"noopener noreferrer\">Pensament computacional en la formaci\u00f3 inicial de mestres<\/a><\/td>\n<td style=\"width: 768.75px; height: 73px;\">Projecte de formaci\u00f3 de futurs mestres d&#8217;educaci\u00f3 infantil i prim\u00e0ria per introduir el pensament computacional a les aules. PeCoFim<\/td>\n<\/tr>\n<tr style=\"height: 52px;\">\n<td style=\"width: 207.5px; height: 52px;\"><strong>12.<\/strong> <a href=\"https:\/\/pecofim.wixsite.com\/pecofim\/guia-didactica\" target=\"_blank\" rel=\"noopener noreferrer\">Guia did\u00e0ctica PeCoFim<\/a><\/td>\n<td style=\"width: 768.75px; height: 52px;\">Pensament computacional en la formaci\u00f3 inicial de mestres. Universitat de Girona. Pensament Computaciona<\/td>\n<\/tr>\n<tr style=\"height: 52px;\">\n<td style=\"width: 207.5px; height: 52px;\"><strong>13.<\/strong> <a href=\"https:\/\/www.researchgate.net\/publication\/324601210_Iniciacion_al_algebra_en_Educacion_Infantil_a_traves_del_pensamiento_computacional_una_experiencia_sobre_patrones_con_robots_educativos_programables\" target=\"_blank\" rel=\"noopener noreferrer\">Iniciaci\u00f3 a l&#8217;\u00e0lgebra<\/a><\/td>\n<td style=\"width: 768.75px; height: 52px;\">\n<p style=\"margin-bottom: 0.2em;\">Iniciaci\u00f3 a l&#8217;\u00e0lgebra a Educaci\u00f3 Infantil a trav\u00e9s del pensament computacional. \u00c0ngel Alsina. Universitat de Girona.<\/p>\n<\/td>\n<\/tr>\n<tr style=\"height: 73px;\">\n<td style=\"width: 207.5px; height: 73px;\"><strong>14.<\/strong> <a href=\"https:\/\/www.researchgate.net\/publication\/303792583_Computational_Thinking_The_Skill_Set_of_the_21st_Century\" target=\"_blank\" rel=\"noopener noreferrer\">Computational Thinking<\/a><\/td>\n<td style=\"width: 768.75px; height: 73px;\">\n<p style=\"margin-bottom: 0.2em;\">Computational Thinking: The Skill Set of the 21st Century. Article de Mahsa Mohaghegh. Universitat de tecnologia d&#8217;Auckland, Nova Zelanda.<\/p>\n<\/td>\n<\/tr>\n<tr style=\"height: 52px;\">\n<td style=\"width: 207.5px; height: 52px;\"><strong>15.<\/strong> <a href=\"https:\/\/sites.google.com\/xtec.cat\/explorasteam\/programa\/tallers\/t2-pensament-computacional\" target=\"_blank\" rel=\"noopener noreferrer\">Taller sobre pensament computacional<\/a><\/td>\n<td style=\"width: 768.75px; height: 52px;\">Taller sobre Pensament Computacional a c\u00e0rrec d&#8217;Artur Tallada i Xavier Rosell.<\/td>\n<\/tr>\n<tr style=\"height: 52px;\">\n<td style=\"width: 207.5px; height: 52px;\"><strong>16.<\/strong> <a href=\"https:\/\/www.youtube.com\/watch?v=tNFE4hkwPY0&amp;feature=emb_logo\" target=\"_blank\" rel=\"noopener noreferrer\">Programaci\u00f3 i pensament computacional<\/a><\/td>\n<td style=\"width: 768.75px; height: 52px;\">Alessandro Bogliolo , professor de la Universitat d\u2019Urbino, explica la hist\u00f2ria de Charles Babbage i Ada Lovelace per introduir el pensament computacional.<\/td>\n<\/tr>\n<tr style=\"height: 73px;\">\n<td style=\"width: 207.5px; height: 73px;\"><strong>17.<\/strong> <a href=\"https:\/\/www.youtube.com\/channel\/UCv_iIb0G-4JyFfm7IvqMk8Q\" target=\"_blank\" rel=\"noopener noreferrer\">Programaci\u00f3 sense ordinadors<\/a><\/td>\n<td style=\"width: 768.75px; height: 73px;\">Canal de Youtube: &#8220;Hello Ruby&#8221; sobre Pensament Computacional.<\/td>\n<\/tr>\n<\/tbody>\n<\/table>\n&nbsp;\n","protected":false},"excerpt":{"rendered":"<p>Aquests recursos s\u00f3n un recull de p\u00e0gines web, documents, publicacions, guies did\u00e0ctiques i v\u00eddeos relacionats amb el Pensament Computacional Desendollat que creiem que s\u00f3n molt interessants perqu\u00e8 ofereixen recursos, eines, idees, experi\u00e8ncies&#8230; per tal de facilitar la implementaci\u00f3 del treball del PC Desendollat a l&#8217;aula. 1. Early Years Recursos i activitats basats en conceptes i [&hellip;]<\/p>\n","protected":false},"author":12,"featured_media":0,"parent":34917,"menu_order":0,"comment_status":"closed","ping_status":"closed","template":"","meta":{"_bbp_topic_count":0,"_bbp_reply_count":0,"_bbp_total_topic_count":0,"_bbp_total_reply_count":0,"_bbp_voice_count":0,"_bbp_anonymous_reply_count":0,"_bbp_topic_count_hidden":0,"_bbp_reply_count_hidden":0,"_bbp_forum_subforum_count":0,"site-sidebar-layout":"default","site-content-layout":"","ast-site-content-layout":"default","site-content-style":"default","site-sidebar-style":"default","ast-global-header-display":"","ast-banner-title-visibility":"","ast-main-header-display":"","ast-hfb-above-header-display":"","ast-hfb-below-header-display":"","ast-hfb-mobile-header-display":"","site-post-title":"","ast-breadcrumbs-content":"","ast-featured-img":"","footer-sml-layout":"","theme-transparent-header-meta":"","adv-header-id-meta":"","stick-header-meta":"","header-above-stick-meta":"","header-main-stick-meta":"","header-below-stick-meta":"","astra-migrate-meta-layouts":"set","ast-page-background-enabled":"default","ast-page-background-meta":{"desktop":{"background-color":"","background-image":"","background-repeat":"repeat","background-position":"center center","background-size":"auto","background-attachment":"scroll","background-type":"","background-media":"","overlay-type":"","overlay-color":"","overlay-opacity":"","overlay-gradient":""},"tablet":{"background-color":"","background-image":"","background-repeat":"repeat","background-position":"center center","background-size":"auto","background-attachment":"scroll","background-type":"","background-media":"","overlay-type":"","overlay-color":"","overlay-opacity":"","overlay-gradient":""},"mobile":{"background-color":"","background-image":"","background-repeat":"repeat","background-position":"center center","background-size":"auto","background-attachment":"scroll","background-type":"","background-media":"","overlay-type":"","overlay-color":"","overlay-opacity":"","overlay-gradient":""}},"ast-content-background-meta":{"desktop":{"background-color":"var(--ast-global-color-5)","background-image":"","background-repeat":"repeat","background-position":"center center","background-size":"auto","background-attachment":"scroll","background-type":"","background-media":"","overlay-type":"","overlay-color":"","overlay-opacity":"","overlay-gradient":""},"tablet":{"background-color":"var(--ast-global-color-5)","background-image":"","background-repeat":"repeat","background-position":"center center","background-size":"auto","background-attachment":"scroll","background-type":"","background-media":"","overlay-type":"","overlay-color":"","overlay-opacity":"","overlay-gradient":""},"mobile":{"background-color":"var(--ast-global-color-5)","background-image":"","background-repeat":"repeat","background-position":"center center","background-size":"auto","background-attachment":"scroll","background-type":"","background-media":"","overlay-type":"","overlay-color":"","overlay-opacity":"","overlay-gradient":""}},"footnotes":""},"class_list":["post-49692","page","type-page","status-publish","hentry"],"post_mailing_queue_ids":[],"_links":{"self":[{"href":"https:\/\/projectes.xtec.cat\/pensament-computacional\/wp-json\/wp\/v2\/pages\/49692","targetHints":{"allow":["GET"]}}],"collection":[{"href":"https:\/\/projectes.xtec.cat\/pensament-computacional\/wp-json\/wp\/v2\/pages"}],"about":[{"href":"https:\/\/projectes.xtec.cat\/pensament-computacional\/wp-json\/wp\/v2\/types\/page"}],"author":[{"embeddable":true,"href":"https:\/\/projectes.xtec.cat\/pensament-computacional\/wp-json\/wp\/v2\/users\/12"}],"replies":[{"embeddable":true,"href":"https:\/\/projectes.xtec.cat\/pensament-computacional\/wp-json\/wp\/v2\/comments?post=49692"}],"version-history":[{"count":4,"href":"https:\/\/projectes.xtec.cat\/pensament-computacional\/wp-json\/wp\/v2\/pages\/49692\/revisions"}],"predecessor-version":[{"id":49696,"href":"https:\/\/projectes.xtec.cat\/pensament-computacional\/wp-json\/wp\/v2\/pages\/49692\/revisions\/49696"}],"up":[{"embeddable":true,"href":"https:\/\/projectes.xtec.cat\/pensament-computacional\/wp-json\/wp\/v2\/pages\/34917"}],"wp:attachment":[{"href":"https:\/\/projectes.xtec.cat\/pensament-computacional\/wp-json\/wp\/v2\/media?parent=49692"}],"curies":[{"name":"wp","href":"https:\/\/api.w.org\/{rel}","templated":true}]}}