{"id":50058,"date":"2025-06-19T13:13:52","date_gmt":"2025-06-19T11:13:52","guid":{"rendered":"https:\/\/projectes.xtec.cat\/pensament-computacional\/?page_id=50058"},"modified":"2026-03-24T08:10:05","modified_gmt":"2026-03-24T07:10:05","slug":"programa-temporal-mentories-pcmat","status":"publish","type":"page","link":"https:\/\/projectes.xtec.cat\/pensament-computacional\/programa-temporal-mentories-pcmat\/","title":{"rendered":"Programa temporal m\u200bentories PCMAT"},"content":{"rendered":"\n<p style=\"margin-top:var(--wp--preset--spacing--40);margin-bottom:var(--wp--preset--spacing--40);padding-top:var(--wp--preset--spacing--30);padding-bottom:var(--wp--preset--spacing--30);font-size:18px\"><strong>NOVETAT! Continuaci\u00f3 del programa PCMAT el curs 26\/27 . Webinar informatiu dilluns 23\/03\/2026 a les 17:00.<\/strong><\/p>\n\n\n\n<div class=\"wp-block-columns alignwide has-small-font-size is-layout-flex wp-container-core-columns-is-layout-1 wp-block-columns-is-layout-flex\">\n<div class=\"wp-block-column is-layout-flow wp-block-column-is-layout-flow\" style=\"flex-basis:50%\">\n<iframe loading=\"lazy\" width=\"560\" height=\"315\" src=\"https:\/\/www.youtube.com\/embed\/0qtgAjfVCmQ?si=GdVtwcDs9ZUaCSI6\" title=\"YouTube video player\" frameborder=\"0\" allow=\"accelerometer; autoplay; clipboard-write; encrypted-media; gyroscope; picture-in-picture; web-share\" referrerpolicy=\"strict-origin-when-cross-origin\" allowfullscreen><\/iframe>\n<\/div>\n\n\n\n<div class=\"wp-block-column is-layout-flow wp-block-column-is-layout-flow\" style=\"flex-basis:25%\">\n<iframe loading=\"lazy\" src=\"https:\/\/docs.google.com\/presentation\/d\/e\/2PACX-1vQBurDAOwkoZyVV-pELoS904IGTSY4EPAj_IJ3l4y9aiq2rf62E4VEtRNVpGCoMJpHEdSiUy558UphB\/pubembed?start=false&#038;loop=false&#038;delayms=60000\" frameborder=\"0\" width=\"600\" height=\"299\" allowfullscreen=\"true\" mozallowfullscreen=\"true\" webkitallowfullscreen=\"true\"><\/iframe>\n<\/div>\n<\/div>\n\n\n\n<div style=\"height:34px\" aria-hidden=\"true\" class=\"wp-block-spacer\"><\/div>\n\n\n\n<p style=\"margin-top:0;margin-right:0;margin-bottom:0;margin-left:0;padding-top:0;padding-right:0;padding-bottom:0;padding-left:0;font-size:18px\">El&nbsp;curs 2025-2026 s&#8217;inicia el&nbsp;<strong>Programa temporal m\u200bentories PCMAT<\/strong>, una iniciativa que s&#8217;emmarca dins del desplegament del programa&nbsp;\u201cC\u00f3digo Escuela 4.0&#8243;, impulsat pel Ministeri d&#8217;Educaci\u00f3, Formaci\u00f3 Professional i Esports i coordinat pel Departament d&#8217;Educaci\u00f3 i Formaci\u00f3 Professional de la Generalitat de Catalunya.\u200b<\/p>\n\n\n\n<p class=\"has-ast-global-color-7-color has-text-color has-link-color wp-elements-c915f6f62b8cfbd5ba6efff2fd0ace39\" style=\"margin-top:var(--wp--preset--spacing--30);margin-bottom:var(--wp--preset--spacing--30);padding-top:var(--wp--preset--spacing--40);padding-bottom:var(--wp--preset--spacing--40);font-size:22px\"><strong>Un programa clau per millorar la compet\u00e8ncia matem\u00e0tica<\/strong><\/p>\n\n\n\n<p style=\"margin-top:0;margin-bottom:0;padding-top:0;padding-bottom:0;font-size:18px\">Aquest programa \u00e9s per a&nbsp;aquells centres d\u2019educaci\u00f3 prim\u00e0ria que se situen a la franja mitjana de resultats en l&#8217;\u00e0mbit de matem\u00e0tiques segons l\u2019informe de l\u2019avaluaci\u00f3 de final d\u2019etapa de l\u2019educaci\u00f3 prim\u00e0ria<\/p>\n\n\n\n<p style=\"margin-top:var(--wp--preset--spacing--40);margin-bottom:var(--wp--preset--spacing--40);padding-top:var(--wp--preset--spacing--30);padding-bottom:var(--wp--preset--spacing--30);font-size:18px\">Es tracta de centres en una posici\u00f3 clau per millorar la compet\u00e8ncia matem\u00e0tica de l&#8217;alumnat a trav\u00e9s del&nbsp;<strong>pensament computacional<\/strong>, la&nbsp;<strong>programaci\u00f3<\/strong>&nbsp;i la&nbsp;<strong>rob\u00f2tica educativa<\/strong>, amb un&nbsp;<strong>acompanyament intensiu i personalitzat<\/strong>&nbsp;per al professorat.<\/p>\n\n\n\n<div class=\"wp-block-columns is-layout-flex wp-container-core-columns-is-layout-2 wp-block-columns-is-layout-flex\">\n<div class=\"wp-block-column caixa-link has-border-color is-layout-flow wp-block-column-is-layout-flow\" style=\"border-color:#37823c;border-width:5px;border-radius:20px\" id=\"https:\/\/projectes.xtec.cat\/pensament-computacional\/propostes-didactiques-pcmat\/\">\n<p class=\"has-text-align-center has-text-color has-link-color wp-elements-f9f047f3aaaa841bcc096787115fa84f\" style=\"color:#37823c\"><strong>Propostes did\u00e0ctiques<\/strong><\/p>\n\n\n\n<figure class=\"wp-block-image aligncenter size-large is-resized\"><a href=\"https:\/\/projectes.xtec.cat\/pensament-computacional\/propostes-didactiques-pcmat\/\"><img loading=\"lazy\" decoding=\"async\" width=\"1024\" height=\"576\" src=\"https:\/\/projectes.xtec.cat\/pensament-computacional\/wp-content\/uploads\/usu2217\/2025\/07\/PROPOSTA-DIDACTICA-14-1024x576.png\" alt=\"\" class=\"wp-image-51562\" style=\"width:235px;height:auto\" srcset=\"https:\/\/projectes.xtec.cat\/pensament-computacional\/wp-content\/uploads\/usu2217\/2025\/07\/PROPOSTA-DIDACTICA-14-1024x576.png 1024w, https:\/\/projectes.xtec.cat\/pensament-computacional\/wp-content\/uploads\/usu2217\/2025\/07\/PROPOSTA-DIDACTICA-14-300x169.png 300w, https:\/\/projectes.xtec.cat\/pensament-computacional\/wp-content\/uploads\/usu2217\/2025\/07\/PROPOSTA-DIDACTICA-14-768x432.png 768w, https:\/\/projectes.xtec.cat\/pensament-computacional\/wp-content\/uploads\/usu2217\/2025\/07\/PROPOSTA-DIDACTICA-14-1536x864.png 1536w, https:\/\/projectes.xtec.cat\/pensament-computacional\/wp-content\/uploads\/usu2217\/2025\/07\/PROPOSTA-DIDACTICA-14.png 1920w\" sizes=\"auto, (max-width: 1024px) 100vw, 1024px\" \/><\/a><\/figure>\n<\/div>\n\n\n\n<div class=\"wp-block-column has-border-color is-layout-flow wp-block-column-is-layout-flow\" style=\"border-color:#37823c;border-width:5px;border-radius:20px\">\n<p class=\"has-text-align-center has-text-color has-link-color wp-elements-2e2c4e451774e2da717b1be82378a905\" style=\"color:#37823c\"><a href=\"https:\/\/projectes.xtec.cat\/pensament-computacional\/?page_id=54666\"><strong>Espai de la mentoria<\/strong><\/a><\/p>\n\n\n\n<figure class=\"wp-block-image aligncenter size-large is-resized\"><a href=\"https:\/\/projectes.xtec.cat\/pensament-computacional\/?page_id=54666\"><img loading=\"lazy\" decoding=\"async\" width=\"1024\" height=\"576\" src=\"https:\/\/projectes.xtec.cat\/pensament-computacional\/wp-content\/uploads\/usu2217\/2025\/07\/PROPOSTA-DIDACTICA-15-1024x576.png\" alt=\"\" class=\"wp-image-51565\" style=\"width:213px;height:auto\" srcset=\"https:\/\/projectes.xtec.cat\/pensament-computacional\/wp-content\/uploads\/usu2217\/2025\/07\/PROPOSTA-DIDACTICA-15-1024x576.png 1024w, https:\/\/projectes.xtec.cat\/pensament-computacional\/wp-content\/uploads\/usu2217\/2025\/07\/PROPOSTA-DIDACTICA-15-300x169.png 300w, https:\/\/projectes.xtec.cat\/pensament-computacional\/wp-content\/uploads\/usu2217\/2025\/07\/PROPOSTA-DIDACTICA-15-768x432.png 768w, https:\/\/projectes.xtec.cat\/pensament-computacional\/wp-content\/uploads\/usu2217\/2025\/07\/PROPOSTA-DIDACTICA-15-1536x864.png 1536w, https:\/\/projectes.xtec.cat\/pensament-computacional\/wp-content\/uploads\/usu2217\/2025\/07\/PROPOSTA-DIDACTICA-15.png 1920w\" sizes=\"auto, (max-width: 1024px) 100vw, 1024px\" \/><\/a><\/figure>\n<\/div>\n<\/div>\n\n\n\n<div class=\"wp-block-columns alignwide is-layout-flex wp-container-core-columns-is-layout-3 wp-block-columns-is-layout-flex\" style=\"margin-top:0;margin-bottom:0;padding-top:var(--wp--preset--spacing--30);padding-right:0;padding-bottom:var(--wp--preset--spacing--30);padding-left:0\">\n<div class=\"wp-block-column has-border-color is-layout-flow wp-container-core-column-is-layout-5 wp-block-column-is-layout-flow\" style=\"border-color:var(--ast-global-color-3);border-width:3px;border-radius:10px;padding-top:var(--wp--preset--spacing--20);padding-right:0;padding-bottom:var(--wp--preset--spacing--20);padding-left:0;box-shadow:var(--wp--preset--shadow--natural);flex-basis:33.33%\">\n<p class=\"has-text-align-center\" style=\"margin-top:var(--wp--preset--spacing--20);margin-bottom:var(--wp--preset--spacing--20);padding-top:var(--wp--preset--spacing--20);padding-right:0;padding-bottom:var(--wp--preset--spacing--20);padding-left:0;font-size:20px\"><strong>Guia del programa<\/strong><\/p>\n\n\n\n<figure class=\"wp-block-image aligncenter size-full is-resized has-custom-border\" style=\"margin-top:var(--wp--preset--spacing--20);margin-right:var(--wp--preset--spacing--20);margin-bottom:var(--wp--preset--spacing--20);margin-left:var(--wp--preset--spacing--20)\"><a href=\"https:\/\/espai.educacio.gencat.cat\/Departament\/Comunicacio\/Noticies\/SiteAssets\/Pagines\/Mentories_PCMAT\/Guia%20del%20Programa%20temporal%20mentories%20PCMAT.pdf\" target=\"_blank\" rel=\" noreferrer noopener\"><img loading=\"lazy\" decoding=\"async\" width=\"540\" height=\"767\" src=\"https:\/\/projectes.xtec.cat\/pensament-computacional\/wp-content\/uploads\/usu2217\/2025\/06\/Portada-guia.jpg\" alt=\"\" class=\"has-border-color has-ast-global-color-7-border-color wp-image-50081\" style=\"border-width:1px;width:215px;height:auto\" srcset=\"https:\/\/projectes.xtec.cat\/pensament-computacional\/wp-content\/uploads\/usu2217\/2025\/06\/Portada-guia.jpg 540w, https:\/\/projectes.xtec.cat\/pensament-computacional\/wp-content\/uploads\/usu2217\/2025\/06\/Portada-guia-211x300.jpg 211w\" sizes=\"auto, (max-width: 540px) 100vw, 540px\" \/><\/a><\/figure>\n\n\n\n<div style=\"height:20px\" aria-hidden=\"true\" class=\"wp-block-spacer\"><\/div>\n<\/div>\n\n\n\n<div class=\"wp-block-column has-border-color has-ast-global-color-1-border-color is-layout-flow wp-container-core-column-is-layout-6 wp-block-column-is-layout-flow\" style=\"border-width:3px;border-radius:10px;padding-top:var(--wp--preset--spacing--30);padding-right:var(--wp--preset--spacing--20);padding-bottom:var(--wp--preset--spacing--30);padding-left:var(--wp--preset--spacing--20);box-shadow:var(--wp--preset--shadow--natural);flex-basis:66.66%\">\n<div class=\"wp-block-group is-layout-constrained wp-block-group-is-layout-constrained\">\n<p class=\"has-text-align-center\" style=\"margin-top:var(--wp--preset--spacing--20);margin-bottom:var(--wp--preset--spacing--20);padding-top:var(--wp--preset--spacing--20);padding-bottom:var(--wp--preset--spacing--20);font-size:20px\"><strong>Seminari web de presentaci\u00f3<\/strong>. <\/p>\n\n\n\n<div style=\"height:5px\" aria-hidden=\"true\" class=\"wp-block-spacer\"><\/div>\n<\/div>\n\n\n\n<div style=\"height:15px\" aria-hidden=\"true\" class=\"wp-block-spacer\"><\/div>\n\n\n\n<iframe loading=\"lazy\" width=\"660\" height=\"315\" src=\"https:\/\/www.youtube.com\/embed\/X2eVHeLl5ig?si=csBO42q3AGkGr-xf&amp;start=140\" title=\"YouTube video player\" frameborder=\"0\" allow=\"accelerometer; autoplay; clipboard-write; encrypted-media; gyroscope; picture-in-picture; web-share\" referrerpolicy=\"strict-origin-when-cross-origin\" allowfullscreen>\n<\/iframe>\n<\/div>\n\n\n\n<div class=\"wp-block-column has-border-color has-ast-global-color-1-border-color is-layout-flow wp-container-core-column-is-layout-7 wp-block-column-is-layout-flow\" style=\"border-width:3px;border-radius:10px;padding-top:var(--wp--preset--spacing--30);padding-right:var(--wp--preset--spacing--20);padding-bottom:var(--wp--preset--spacing--30);padding-left:var(--wp--preset--spacing--20);box-shadow:var(--wp--preset--shadow--natural);flex-basis:66.66%\">\n<div class=\"wp-block-group is-layout-constrained wp-block-group-is-layout-constrained\">\n<p class=\"has-text-align-center\" style=\"margin-top:var(--wp--preset--spacing--20);margin-bottom:var(--wp--preset--spacing--20);padding-top:var(--wp--preset--spacing--20);padding-bottom:var(--wp--preset--spacing--20);font-size:20px\"><strong>Jornada de Presentaci\u00f3 PCMAT 27\/01\/2026<\/strong><\/p>\n<\/div>\n\n\n\n<div style=\"height:41px\" aria-hidden=\"true\" class=\"wp-block-spacer\"><\/div>\n\n\n\n<iframe loading=\"lazy\" src=\"https:\/\/drive.google.com\/file\/d\/1I631ULbiPQrLQ18e82zxNb4aaj-3_glm\/preview\"\n        width=\"660\" height=\"315\"\n        frameborder=\"0\"\n        allow=\"autoplay; encrypted-media\"\n        allowfullscreen>\n<\/iframe>\n<\/div>\n<\/div>\n\n\n\n<p class=\"has-ast-global-color-0-color has-text-color has-link-color wp-elements-1af4aa10960602960d5d771c548ae39c\"><a href=\"https:\/\/documents.espai.educacio.gencat.cat\/IPCNormativa\/DisposicionsInternes\/20250523_Resoluci%C3%B3_mentories_PCMAT.pdf\" target=\"_blank\" rel=\"noreferrer noopener\"><strong><img loading=\"lazy\" decoding=\"async\" width=\"50\" height=\"50\" class=\"wp-image-50150\" style=\"width: 50px;\" src=\"https:\/\/projectes.xtec.cat\/pensament-computacional\/wp-content\/uploads\/usu2217\/2025\/06\/pdf.jpg\" alt=\"\" srcset=\"https:\/\/projectes.xtec.cat\/pensament-computacional\/wp-content\/uploads\/usu2217\/2025\/06\/pdf.jpg 612w, https:\/\/projectes.xtec.cat\/pensament-computacional\/wp-content\/uploads\/usu2217\/2025\/06\/pdf-300x300.jpg 300w, https:\/\/projectes.xtec.cat\/pensament-computacional\/wp-content\/uploads\/usu2217\/2025\/06\/pdf-150x150.jpg 150w\" sizes=\"auto, (max-width: 50px) 100vw, 50px\" \/>Resoluci\u00f3 per la qual es crea el Programa temporal mentories PCMAT&nbsp;per implementar les actuacions del programa \u201cC\u00f3digo Escuela 4.0&#8243;\u200b<\/strong><\/a><\/p>\n\n\n\n<div style=\"height:15px\" aria-hidden=\"true\" class=\"wp-block-spacer\"><\/div>\n\n\n\n<div class=\"wp-block-columns alignwide is-layout-flex wp-container-core-columns-is-layout-4 wp-block-columns-is-layout-flex\" style=\"margin-top:0;margin-bottom:0;padding-top:0;padding-right:0;padding-bottom:0;padding-left:0\">\n<div class=\"wp-block-column is-vertically-aligned-stretch has-border-color is-layout-flow wp-block-column-is-layout-flow\" style=\"border-color:var(--ast-global-color-1);border-width:3px;border-radius:10px;box-shadow:var(--wp--preset--shadow--natural)\">\n<div class=\"wp-block-getwid-section arrodonir alignwide alignwide getwid-margin-top-small getwid-section-content-full-width\"><div class=\"wp-block-getwid-section__wrapper getwid-padding-top-small\"><div class=\"wp-block-getwid-section__inner-wrapper\"><div class=\"wp-block-getwid-section__background-holder\"><div class=\"wp-block-getwid-section__background\"><\/div><div class=\"wp-block-getwid-section__foreground\"><\/div><\/div><div class=\"wp-block-getwid-section__content\"><div class=\"wp-block-getwid-section__inner-content\">\n<h2 class=\"wp-block-heading alignwide has-black-color has-text-color has-link-color wp-elements-f712ae051face2567a42987ec9140ffe\" style=\"padding-top:0;padding-bottom:0\">Preguntes freq\u00fcents<\/h2>\n\n\n\n<div class=\"wp-block-getwid-accordion alignwide acordpcmat has-icon-left alignwide\" data-active-element=\"none\">\n<div class=\"wp-block-getwid-accordion__header-wrapper\"><h5 class=\"wp-block-getwid-accordion__header\"><a href=\"#\"><span class=\"wp-block-getwid-accordion__header-title\">Qui pot participar en el programa PCMAT?<\/span><span class=\"wp-block-getwid-accordion__icon is-active\"><i class=\"fas fa-plus\"><\/i><\/span><span class=\"wp-block-getwid-accordion__icon is-passive\"><i class=\"fas fa-minus\"><\/i><\/span><\/a><\/h5><\/div><div class=\"wp-block-getwid-accordion__content-wrapper\"><div class=\"wp-block-getwid-accordion__content\">\n<p>El programa s\u2019adre\u00e7a a centres p\u00fablics d\u2019educaci\u00f3 prim\u00e0ria i instituts escola amb resultats globals en matem\u00e0tiques situats en la franja mitjana, segons l\u2019informe de final d\u2019etapa dels cursos 2023-2024 i 2024-2025.<\/p>\n\n\n\n<p>Els centres que no es trobin en aquesta franja per\u00f2 tinguin inter\u00e8s a participar-hi poden comunicar-ho a <a>pcmat@xtec.cat<\/a>.<\/p>\n<\/div><\/div>\n\n\n\n<div class=\"wp-block-getwid-accordion__header-wrapper\"><h5 class=\"wp-block-getwid-accordion__header\"><a href=\"#\"><span class=\"wp-block-getwid-accordion__header-title\">Quines s\u00f3n les actuacions principals del programa?<\/span><span class=\"wp-block-getwid-accordion__icon is-active\"><i class=\"fas fa-plus\"><\/i><\/span><span class=\"wp-block-getwid-accordion__icon is-passive\"><i class=\"fas fa-minus\"><\/i><\/span><\/a><\/h5><\/div><div class=\"wp-block-getwid-accordion__content-wrapper\"><div class=\"wp-block-getwid-accordion__content\">\n<p>Implementaci\u00f3 de 4 propostes did\u00e0ctiques relacionades amb pensament computacional i matem\u00e0tiques.<\/p>\n\n\n\n<p>Acompanyament per part d\u2019una persona mentora.<\/p>\n\n\n\n<p>Treball en xarxa entre centres participants de la mateixa zona.<\/p>\n<\/div><\/div>\n\n\n\n<div class=\"wp-block-getwid-accordion__header-wrapper\"><h5 class=\"wp-block-getwid-accordion__header\"><a href=\"#\"><span class=\"wp-block-getwid-accordion__header-title\">Quant dura el programa?<\/span><span class=\"wp-block-getwid-accordion__icon is-active\"><i class=\"fas fa-plus\"><\/i><\/span><span class=\"wp-block-getwid-accordion__icon is-passive\"><i class=\"fas fa-minus\"><\/i><\/span><\/a><\/h5><\/div><div class=\"wp-block-getwid-accordion__content-wrapper\"><div class=\"wp-block-getwid-accordion__content\">\n<p>T\u00e9 una durada de dos cursos escolars (del setembre de 2025 a l\u2019agost de 2027).<\/p>\n<\/div><\/div>\n\n\n\n<div class=\"wp-block-getwid-accordion__header-wrapper\"><h5 class=\"wp-block-getwid-accordion__header\"><a href=\"#\"><span class=\"wp-block-getwid-accordion__header-title\">Quin comprom\u00eds assumeix el centre participant?<\/span><span class=\"wp-block-getwid-accordion__icon is-active\"><i class=\"fas fa-plus\"><\/i><\/span><span class=\"wp-block-getwid-accordion__icon is-passive\"><i class=\"fas fa-minus\"><\/i><\/span><\/a><\/h5><\/div><div class=\"wp-block-getwid-accordion__content-wrapper\"><div class=\"wp-block-getwid-accordion__content\">\n<p>Dedicar una hora setmanal a les activitats del programa.<\/p>\n\n\n\n<p>Programar aquesta hora en el dia de visita de la persona mentora.<\/p>\n\n\n\n<p>Designar una persona docent referent.<\/p>\n\n\n\n<p>Facilitar la participaci\u00f3 del docent referent al grup de treball de centres que comparteixen persona mentora.<\/p>\n<\/div><\/div>\n\n\n\n<div class=\"wp-block-getwid-accordion__header-wrapper\"><h5 class=\"wp-block-getwid-accordion__header\"><a href=\"#\"><span class=\"wp-block-getwid-accordion__header-title\">Quins recursos s\u2019ofereixen?<\/span><span class=\"wp-block-getwid-accordion__icon is-active\"><i class=\"fas fa-plus\"><\/i><\/span><span class=\"wp-block-getwid-accordion__icon is-passive\"><i class=\"fas fa-minus\"><\/i><\/span><\/a><\/h5><\/div><div class=\"wp-block-getwid-accordion__content-wrapper\"><div class=\"wp-block-getwid-accordion__content\">\n<p>Materials did\u00e0ctics i activitats adaptades al context dels centres.<\/p>\n\n\n\n<p>Formaci\u00f3 al professorat en metodologies did\u00e0ctiques de les matem\u00e0tiques i en programaci\u00f3, rob\u00f2tica.<\/p>\n\n\n\n<p>Acompanyament i assessorament per a la seva aplicaci\u00f3 a l\u2019aula.<\/p>\n<\/div><\/div>\n<\/div>\n<\/div><\/div><\/div><\/div><\/div>\n<\/div>\n<\/div>\n\n\n\n<hr class=\"wp-block-separator has-text-color has-ast-global-color-6-color has-alpha-channel-opacity has-ast-global-color-6-background-color has-background faqs\"\/>\n\n\n\n<hr class=\"wp-block-separator has-text-color has-ast-global-color-6-color has-alpha-channel-opacity has-ast-global-color-6-background-color has-background\"\/>\n\n\n\n<figure class=\"wp-block-image size-large is-resized\"><img loading=\"lazy\" decoding=\"async\" width=\"1024\" height=\"117\" src=\"https:\/\/projectes.xtec.cat\/pensament-computacional\/wp-content\/uploads\/usu2217\/2025\/06\/Logos-4.0-1024x117.png\" alt=\"\" class=\"wp-image-50564\" style=\"width:691px;height:auto\" srcset=\"https:\/\/projectes.xtec.cat\/pensament-computacional\/wp-content\/uploads\/usu2217\/2025\/06\/Logos-4.0-1024x117.png 1024w, https:\/\/projectes.xtec.cat\/pensament-computacional\/wp-content\/uploads\/usu2217\/2025\/06\/Logos-4.0-300x34.png 300w, https:\/\/projectes.xtec.cat\/pensament-computacional\/wp-content\/uploads\/usu2217\/2025\/06\/Logos-4.0-768x88.png 768w, https:\/\/projectes.xtec.cat\/pensament-computacional\/wp-content\/uploads\/usu2217\/2025\/06\/Logos-4.0-1536x176.png 1536w, https:\/\/projectes.xtec.cat\/pensament-computacional\/wp-content\/uploads\/usu2217\/2025\/06\/Logos-4.0-2048x235.png 2048w\" sizes=\"auto, (max-width: 1024px) 100vw, 1024px\" \/><\/figure>\n\n\n\n<hr class=\"wp-block-separator has-alpha-channel-opacity\"\/>\n\n\n\n<p><\/p>\n","protected":false},"excerpt":{"rendered":"<p>NOVETAT! Continuaci\u00f3 del programa PCMAT el curs 26\/27 . Webinar informatiu dilluns 23\/03\/2026 a les 17:00. El&nbsp;curs 2025-2026 s&#8217;inicia el&nbsp;Programa temporal m\u200bentories PCMAT, una iniciativa que s&#8217;emmarca dins del desplegament del programa&nbsp;\u201cC\u00f3digo Escuela 4.0&#8243;, impulsat pel Ministeri d&#8217;Educaci\u00f3, Formaci\u00f3 Professional i Esports i coordinat pel Departament d&#8217;Educaci\u00f3 i Formaci\u00f3 Professional de la Generalitat de Catalunya.\u200b [&hellip;]<\/p>\n","protected":false},"author":22,"featured_media":50059,"parent":0,"menu_order":0,"comment_status":"closed","ping_status":"close","template":"","meta":{"_bbp_topic_count":0,"_bbp_reply_count":0,"_bbp_total_topic_count":0,"_bbp_total_reply_count":0,"_bbp_voice_count":0,"_bbp_anonymous_reply_count":0,"_bbp_topic_count_hidden":0,"_bbp_reply_count_hidden":0,"_bbp_forum_subforum_count":0,"site-sidebar-layout":"default","site-content-layout":"","ast-site-content-layout":"default","site-content-style":"default","site-sidebar-style":"default","ast-global-header-display":"","ast-banner-title-visibility":"","ast-main-header-display":"","ast-hfb-above-header-display":"","ast-hfb-below-header-display":"","ast-hfb-mobile-header-display":"","site-post-title":"","ast-breadcrumbs-content":"","ast-featured-img":"","footer-sml-layout":"","theme-transparent-header-meta":"","adv-header-id-meta":"","stick-header-meta":"","header-above-stick-meta":"","header-main-stick-meta":"","header-below-stick-meta":"","astra-migrate-meta-layouts":"set","ast-page-background-enabled":"default","ast-page-background-meta":{"desktop":{"background-color":"","background-image":"","background-repeat":"repeat","background-position":"center center","background-size":"auto","background-attachment":"scroll","background-type":"","background-media":"","overlay-type":"","overlay-color":"","overlay-opacity":"","overlay-gradient":""},"tablet":{"background-color":"","background-image":"","background-repeat":"repeat","background-position":"center center","background-size":"auto","background-attachment":"scroll","background-type":"","background-media":"","overlay-type":"","overlay-color":"","overlay-opacity":"","overlay-gradient":""},"mobile":{"background-color":"","background-image":"","background-repeat":"repeat","background-position":"center center","background-size":"auto","background-attachment":"scroll","background-type":"","background-media":"","overlay-type":"","overlay-color":"","overlay-opacity":"","overlay-gradient":""}},"ast-content-background-meta":{"desktop":{"background-color":"var(--ast-global-color-5)","background-image":"","background-repeat":"repeat","background-position":"center center","background-size":"auto","background-attachment":"scroll","background-type":"","background-media":"","overlay-type":"","overlay-color":"","overlay-opacity":"","overlay-gradient":""},"tablet":{"background-color":"var(--ast-global-color-5)","background-image":"","background-repeat":"repeat","background-position":"center center","background-size":"auto","background-attachment":"scroll","background-type":"","background-media":"","overlay-type":"","overlay-color":"","overlay-opacity":"","overlay-gradient":""},"mobile":{"background-color":"var(--ast-global-color-5)","background-image":"","background-repeat":"repeat","background-position":"center center","background-size":"auto","background-attachment":"scroll","background-type":"","background-media":"","overlay-type":"","overlay-color":"","overlay-opacity":"","overlay-gradient":""}},"footnotes":""},"class_list":["post-50058","page","type-page","status-publish","has-post-thumbnail","hentry"],"post_mailing_queue_ids":[],"_links":{"self":[{"href":"https:\/\/projectes.xtec.cat\/pensament-computacional\/wp-json\/wp\/v2\/pages\/50058","targetHints":{"allow":["GET"]}}],"collection":[{"href":"https:\/\/projectes.xtec.cat\/pensament-computacional\/wp-json\/wp\/v2\/pages"}],"about":[{"href":"https:\/\/projectes.xtec.cat\/pensament-computacional\/wp-json\/wp\/v2\/types\/page"}],"author":[{"embeddable":true,"href":"https:\/\/projectes.xtec.cat\/pensament-computacional\/wp-json\/wp\/v2\/users\/22"}],"replies":[{"embeddable":true,"href":"https:\/\/projectes.xtec.cat\/pensament-computacional\/wp-json\/wp\/v2\/comments?post=50058"}],"version-history":[{"count":6,"href":"https:\/\/projectes.xtec.cat\/pensament-computacional\/wp-json\/wp\/v2\/pages\/50058\/revisions"}],"predecessor-version":[{"id":63560,"href":"https:\/\/projectes.xtec.cat\/pensament-computacional\/wp-json\/wp\/v2\/pages\/50058\/revisions\/63560"}],"wp:featuredmedia":[{"embeddable":true,"href":"https:\/\/projectes.xtec.cat\/pensament-computacional\/wp-json\/wp\/v2\/media\/50059"}],"wp:attachment":[{"href":"https:\/\/projectes.xtec.cat\/pensament-computacional\/wp-json\/wp\/v2\/media?parent=50058"}],"curies":[{"name":"wp","href":"https:\/\/api.w.org\/{rel}","templated":true}]}}