{"id":51274,"date":"2025-07-07T13:53:10","date_gmt":"2025-07-07T11:53:10","guid":{"rendered":"https:\/\/projectes.xtec.cat\/pensament-computacional\/?page_id=51274"},"modified":"2025-12-17T07:53:42","modified_gmt":"2025-12-17T06:53:42","slug":"pd-1-codi-de-patrons-geometrics","status":"publish","type":"page","link":"https:\/\/projectes.xtec.cat\/pensament-computacional\/pd-1-codi-de-patrons-geometrics\/","title":{"rendered":"PD 1: &#8220;CODI DE PATRONS GEOM\u00c8TRICS&#8221;"},"content":{"rendered":"\n<p class=\"has-text-color has-link-color wp-elements-77762f36882cb7ba7e2b554de49ccb36\" style=\"color:#37823c;padding-top:var(--wp--preset--spacing--20);padding-bottom:var(--wp--preset--spacing--20)\"><strong>MATERIALS PELS DOCENTS<\/strong><\/p>\n\n\n\n<div class=\"wp-block-columns alignwide is-layout-flex wp-container-core-columns-is-layout-1 wp-block-columns-is-layout-flex\" style=\"padding-top:0;padding-bottom:0\">\n<div class=\"wp-block-column has-border-color is-layout-flow wp-block-column-is-layout-flow\" style=\"border-color:#37823c;border-width:5px;border-radius:20px\">\n<p class=\"has-text-align-center has-text-color has-link-color wp-elements-c7a90024c308ca04c60a80e9a1abd1d8\" style=\"color:#37823c\">  Proposta de distribuci\u00f3 hor\u00e0ria<\/p>\n\n\n\n<figure class=\"wp-block-image size-large\"><a href=\"https:\/\/docs.google.com\/document\/d\/1jAPZ2sFWvg8yZP255Lo6XFOGPicAhYzWMUvp4vmYkGc\/edit?usp=drive_link\"><img loading=\"lazy\" decoding=\"async\" width=\"1024\" height=\"576\" src=\"https:\/\/projectes.xtec.cat\/pensament-computacional\/wp-content\/uploads\/usu2217\/2025\/07\/PROPOSTA-DIDACTICA-5-1024x576.png\" alt=\"\" class=\"wp-image-51280\" srcset=\"https:\/\/projectes.xtec.cat\/pensament-computacional\/wp-content\/uploads\/usu2217\/2025\/07\/PROPOSTA-DIDACTICA-5-1024x576.png 1024w, https:\/\/projectes.xtec.cat\/pensament-computacional\/wp-content\/uploads\/usu2217\/2025\/07\/PROPOSTA-DIDACTICA-5-300x169.png 300w, https:\/\/projectes.xtec.cat\/pensament-computacional\/wp-content\/uploads\/usu2217\/2025\/07\/PROPOSTA-DIDACTICA-5-768x432.png 768w, https:\/\/projectes.xtec.cat\/pensament-computacional\/wp-content\/uploads\/usu2217\/2025\/07\/PROPOSTA-DIDACTICA-5-1536x864.png 1536w, https:\/\/projectes.xtec.cat\/pensament-computacional\/wp-content\/uploads\/usu2217\/2025\/07\/PROPOSTA-DIDACTICA-5.png 1920w\" sizes=\"auto, (max-width: 1024px) 100vw, 1024px\" \/><\/a><\/figure>\n<\/div>\n\n\n\n<div class=\"wp-block-column has-border-color is-layout-flow wp-block-column-is-layout-flow\" style=\"border-color:#37823c;border-width:5px;border-radius:20px\">\n<p class=\"has-text-align-center has-text-color has-link-color wp-elements-b994e14671a89a47a7cdb42c0b4b0156\" style=\"color:#37823c\">Presentaci\u00f3 d&#8217;aula<\/p>\n\n\n\n<figure class=\"wp-block-image size-large\"><a href=\"https:\/\/docs.google.com\/presentation\/d\/e\/2PACX-1vQi_2ufEx2JJ_ocEm5O39k-Qoqw2M7mjQ8ut6SN9gMIapePL79I9R43_qpaG7OKYdHWi_aBT3o64uZc\/pub?start=false&amp;loop=false&amp;delayms=60000\"><img loading=\"lazy\" decoding=\"async\" width=\"1024\" height=\"576\" src=\"https:\/\/projectes.xtec.cat\/pensament-computacional\/wp-content\/uploads\/usu2217\/2025\/07\/PROPOSTA-DIDACTICA-6-1024x576.png\" alt=\"\" class=\"wp-image-51283\" srcset=\"https:\/\/projectes.xtec.cat\/pensament-computacional\/wp-content\/uploads\/usu2217\/2025\/07\/PROPOSTA-DIDACTICA-6-1024x576.png 1024w, https:\/\/projectes.xtec.cat\/pensament-computacional\/wp-content\/uploads\/usu2217\/2025\/07\/PROPOSTA-DIDACTICA-6-300x169.png 300w, https:\/\/projectes.xtec.cat\/pensament-computacional\/wp-content\/uploads\/usu2217\/2025\/07\/PROPOSTA-DIDACTICA-6-768x432.png 768w, https:\/\/projectes.xtec.cat\/pensament-computacional\/wp-content\/uploads\/usu2217\/2025\/07\/PROPOSTA-DIDACTICA-6-1536x864.png 1536w, https:\/\/projectes.xtec.cat\/pensament-computacional\/wp-content\/uploads\/usu2217\/2025\/07\/PROPOSTA-DIDACTICA-6.png 1920w\" sizes=\"auto, (max-width: 1024px) 100vw, 1024px\" \/><\/a><\/figure>\n<\/div>\n\n\n\n<div class=\"wp-block-column has-border-color is-layout-flow wp-block-column-is-layout-flow\" style=\"border-color:#37823c;border-width:5px;border-radius:20px\">\n<p class=\"has-text-align-center has-text-color has-link-color wp-elements-80f0388a49c55f33573cc302e60f3692\" style=\"color:#37823c\">Gui\u00f3 de la proposta<\/p>\n\n\n\n<figure class=\"wp-block-image size-large\"><a href=\"https:\/\/docs.google.com\/document\/d\/1LvNiR1uerI8jncGgiaJVkaZa4f3CQJTlaVjVhDVJ0rE\/edit?tab=t.0#heading=h.7g1fyibuzpku\"><img loading=\"lazy\" decoding=\"async\" width=\"1024\" height=\"576\" src=\"https:\/\/projectes.xtec.cat\/pensament-computacional\/wp-content\/uploads\/usu2217\/2025\/07\/PROPOSTA-DIDACTICA-9-1024x576.png\" alt=\"\" class=\"wp-image-51403\" srcset=\"https:\/\/projectes.xtec.cat\/pensament-computacional\/wp-content\/uploads\/usu2217\/2025\/07\/PROPOSTA-DIDACTICA-9-1024x576.png 1024w, https:\/\/projectes.xtec.cat\/pensament-computacional\/wp-content\/uploads\/usu2217\/2025\/07\/PROPOSTA-DIDACTICA-9-300x169.png 300w, https:\/\/projectes.xtec.cat\/pensament-computacional\/wp-content\/uploads\/usu2217\/2025\/07\/PROPOSTA-DIDACTICA-9-768x432.png 768w, https:\/\/projectes.xtec.cat\/pensament-computacional\/wp-content\/uploads\/usu2217\/2025\/07\/PROPOSTA-DIDACTICA-9-1536x864.png 1536w, https:\/\/projectes.xtec.cat\/pensament-computacional\/wp-content\/uploads\/usu2217\/2025\/07\/PROPOSTA-DIDACTICA-9.png 1920w\" sizes=\"auto, (max-width: 1024px) 100vw, 1024px\" \/><\/a><\/figure>\n<\/div>\n\n\n\n<div class=\"wp-block-column has-border-color is-layout-flow wp-block-column-is-layout-flow\" style=\"border-color:#37823c;border-width:5px;border-radius:20px\">\n<p class=\"has-text-align-center has-text-color has-link-color wp-elements-df10e5544dd87bc351d00be61836afbc\" style=\"color:#37823c\">Materials complementaris<\/p>\n\n\n\n<figure class=\"wp-block-image size-large\"><a href=\"https:\/\/docs.google.com\/document\/d\/1Q32mEpbLVmUNkuPwDvioysmjqQUf_HTmIBw2Pc0c2rE\/edit?tab=t.0\"><img loading=\"lazy\" decoding=\"async\" width=\"1024\" height=\"576\" src=\"https:\/\/projectes.xtec.cat\/pensament-computacional\/wp-content\/uploads\/usu2217\/2025\/07\/PROPOSTA-DIDACTICA-10-1024x576.png\" alt=\"\" class=\"wp-image-51405\" srcset=\"https:\/\/projectes.xtec.cat\/pensament-computacional\/wp-content\/uploads\/usu2217\/2025\/07\/PROPOSTA-DIDACTICA-10-1024x576.png 1024w, https:\/\/projectes.xtec.cat\/pensament-computacional\/wp-content\/uploads\/usu2217\/2025\/07\/PROPOSTA-DIDACTICA-10-300x169.png 300w, https:\/\/projectes.xtec.cat\/pensament-computacional\/wp-content\/uploads\/usu2217\/2025\/07\/PROPOSTA-DIDACTICA-10-768x432.png 768w, https:\/\/projectes.xtec.cat\/pensament-computacional\/wp-content\/uploads\/usu2217\/2025\/07\/PROPOSTA-DIDACTICA-10-1536x864.png 1536w, https:\/\/projectes.xtec.cat\/pensament-computacional\/wp-content\/uploads\/usu2217\/2025\/07\/PROPOSTA-DIDACTICA-10.png 1920w\" sizes=\"auto, (max-width: 1024px) 100vw, 1024px\" \/><\/a><\/figure>\n<\/div>\n<\/div>\n\n\n\n<p><\/p>\n\n\n\n<p><\/p>\n\n\n\n<p><\/p>\n\n\n\n<p class=\"has-text-color has-link-color wp-elements-126ea55f1626499e436c67e898033fe0\" style=\"color:#37823c;padding-top:var(--wp--preset--spacing--20);padding-bottom:var(--wp--preset--spacing--20)\"><strong>MATERIALS PER L&#8217;ALUMNAT<\/strong><\/p>\n\n\n\n<div class=\"wp-block-columns alignwide is-layout-flex wp-container-core-columns-is-layout-2 wp-block-columns-is-layout-flex\" style=\"padding-top:0;padding-bottom:0\">\n<div class=\"wp-block-column has-border-color is-layout-flow wp-block-column-is-layout-flow\" style=\"border-color:#37823c;border-width:5px;border-radius:20px\">\n<p class=\"has-text-align-center has-text-color has-link-color wp-elements-c823be281c7502c05eca80b1ad4f4303\" style=\"color:#37823c\">Dossier per l&#8217;alumnat<\/p>\n\n\n\n<figure class=\"wp-block-image size-large is-resized\"><a href=\"https:\/\/docs.google.com\/document\/d\/12kOdmW27XSxLehW6NZl4xEKd-YeYAq_22Wvf9HB8pF4\/edit?usp=sharing\"><img loading=\"lazy\" decoding=\"async\" width=\"1024\" height=\"576\" src=\"https:\/\/projectes.xtec.cat\/pensament-computacional\/wp-content\/uploads\/usu2217\/2025\/07\/PROPOSTA-DIDACTICA-11-1024x576.png\" alt=\"\" class=\"wp-image-51410\" style=\"width:263px;height:auto\" srcset=\"https:\/\/projectes.xtec.cat\/pensament-computacional\/wp-content\/uploads\/usu2217\/2025\/07\/PROPOSTA-DIDACTICA-11-1024x576.png 1024w, https:\/\/projectes.xtec.cat\/pensament-computacional\/wp-content\/uploads\/usu2217\/2025\/07\/PROPOSTA-DIDACTICA-11-300x169.png 300w, https:\/\/projectes.xtec.cat\/pensament-computacional\/wp-content\/uploads\/usu2217\/2025\/07\/PROPOSTA-DIDACTICA-11-768x432.png 768w, https:\/\/projectes.xtec.cat\/pensament-computacional\/wp-content\/uploads\/usu2217\/2025\/07\/PROPOSTA-DIDACTICA-11-1536x864.png 1536w, https:\/\/projectes.xtec.cat\/pensament-computacional\/wp-content\/uploads\/usu2217\/2025\/07\/PROPOSTA-DIDACTICA-11.png 1920w\" sizes=\"auto, (max-width: 1024px) 100vw, 1024px\" \/><\/a><\/figure>\n<\/div>\n\n\n\n<div class=\"wp-block-column has-border-color is-layout-flow wp-block-column-is-layout-flow\" style=\"border-color:#37823c;border-width:5px;border-radius:20px\">\n<p class=\"has-text-align-center has-text-color has-link-color wp-elements-1a6048874500a422b1621a2c27bc409b\" style=\"color:#37823c\">Materials<\/p>\n\n\n\n<figure class=\"wp-block-image size-large\"><a href=\"https:\/\/docs.google.com\/document\/d\/1Dp2v49O3-b1_LuJ_VTRCk9nvnWdATnTmMBwK6UOKL_s\/edit?usp=sharing\"><img loading=\"lazy\" decoding=\"async\" width=\"1024\" height=\"576\" src=\"https:\/\/projectes.xtec.cat\/pensament-computacional\/wp-content\/uploads\/usu2217\/2025\/07\/PROPOSTA-DIDACTICA-10-1024x576.png\" alt=\"\" class=\"wp-image-51405\" srcset=\"https:\/\/projectes.xtec.cat\/pensament-computacional\/wp-content\/uploads\/usu2217\/2025\/07\/PROPOSTA-DIDACTICA-10-1024x576.png 1024w, https:\/\/projectes.xtec.cat\/pensament-computacional\/wp-content\/uploads\/usu2217\/2025\/07\/PROPOSTA-DIDACTICA-10-300x169.png 300w, https:\/\/projectes.xtec.cat\/pensament-computacional\/wp-content\/uploads\/usu2217\/2025\/07\/PROPOSTA-DIDACTICA-10-768x432.png 768w, https:\/\/projectes.xtec.cat\/pensament-computacional\/wp-content\/uploads\/usu2217\/2025\/07\/PROPOSTA-DIDACTICA-10-1536x864.png 1536w, https:\/\/projectes.xtec.cat\/pensament-computacional\/wp-content\/uploads\/usu2217\/2025\/07\/PROPOSTA-DIDACTICA-10.png 1920w\" sizes=\"auto, (max-width: 1024px) 100vw, 1024px\" \/><\/a><\/figure>\n<\/div>\n\n\n\n<div class=\"wp-block-column has-border-color is-layout-flow wp-block-column-is-layout-flow\" style=\"border-color:#37823c;border-width:5px;border-radius:20px\">\n<p class=\"has-text-align-center has-text-color has-link-color wp-elements-f5f164ba386c9f5e4242df0374bb4b5d\" style=\"color:#37823c\">Formularis d&#8217;avaluaci\u00f3<\/p>\n\n\n\n<figure class=\"wp-block-image size-large\"><a href=\"https:\/\/docs.google.com\/forms\/d\/1KApMFezYFpBXrYYPrjjqC4FvkmimnvML2xuQlIjWwsE\/copy\"><img loading=\"lazy\" decoding=\"async\" width=\"1024\" height=\"576\" src=\"https:\/\/projectes.xtec.cat\/pensament-computacional\/wp-content\/uploads\/usu2217\/2025\/07\/PROPOSTA-DIDACTICA-12-1024x576.png\" alt=\"\" class=\"wp-image-51411\" srcset=\"https:\/\/projectes.xtec.cat\/pensament-computacional\/wp-content\/uploads\/usu2217\/2025\/07\/PROPOSTA-DIDACTICA-12-1024x576.png 1024w, https:\/\/projectes.xtec.cat\/pensament-computacional\/wp-content\/uploads\/usu2217\/2025\/07\/PROPOSTA-DIDACTICA-12-300x169.png 300w, https:\/\/projectes.xtec.cat\/pensament-computacional\/wp-content\/uploads\/usu2217\/2025\/07\/PROPOSTA-DIDACTICA-12-768x432.png 768w, https:\/\/projectes.xtec.cat\/pensament-computacional\/wp-content\/uploads\/usu2217\/2025\/07\/PROPOSTA-DIDACTICA-12-1536x864.png 1536w, https:\/\/projectes.xtec.cat\/pensament-computacional\/wp-content\/uploads\/usu2217\/2025\/07\/PROPOSTA-DIDACTICA-12.png 1920w\" sizes=\"auto, (max-width: 1024px) 100vw, 1024px\" \/><\/a><\/figure>\n<\/div>\n\n\n\n<div class=\"wp-block-column has-border-color is-layout-flow wp-block-column-is-layout-flow\" style=\"border-color:#37823c;border-width:5px;border-radius:20px\">\n<p class=\"has-text-align-center has-text-color has-link-color wp-elements-dacf16667835c89cc7809ccad0edbea0\" style=\"color:#37823c\">Enlla\u00e7os<\/p>\n\n\n\n<figure class=\"wp-block-image size-large\"><a href=\"https:\/\/projectes.xtec.cat\/pensament-computacional\/wp-content\/uploads\/usu2217\/2025\/07\/PROPOSTA-DIDACTICA-13.png\"><img loading=\"lazy\" decoding=\"async\" width=\"1024\" height=\"576\" src=\"https:\/\/projectes.xtec.cat\/pensament-computacional\/wp-content\/uploads\/usu2217\/2025\/07\/PROPOSTA-DIDACTICA-13-1024x576.png\" alt=\"\" class=\"wp-image-51412\" srcset=\"https:\/\/projectes.xtec.cat\/pensament-computacional\/wp-content\/uploads\/usu2217\/2025\/07\/PROPOSTA-DIDACTICA-13-1024x576.png 1024w, https:\/\/projectes.xtec.cat\/pensament-computacional\/wp-content\/uploads\/usu2217\/2025\/07\/PROPOSTA-DIDACTICA-13-300x169.png 300w, https:\/\/projectes.xtec.cat\/pensament-computacional\/wp-content\/uploads\/usu2217\/2025\/07\/PROPOSTA-DIDACTICA-13-768x432.png 768w, https:\/\/projectes.xtec.cat\/pensament-computacional\/wp-content\/uploads\/usu2217\/2025\/07\/PROPOSTA-DIDACTICA-13-1536x864.png 1536w, https:\/\/projectes.xtec.cat\/pensament-computacional\/wp-content\/uploads\/usu2217\/2025\/07\/PROPOSTA-DIDACTICA-13.png 1920w\" sizes=\"auto, (max-width: 1024px) 100vw, 1024px\" \/><\/a><\/figure>\n<\/div>\n<\/div>\n\n\n\n<div style=\"height:100px\" aria-hidden=\"true\" class=\"wp-block-spacer\"><\/div>\n\n\n\n<p><\/p>\n","protected":false},"excerpt":{"rendered":"<p>MATERIALS PELS DOCENTS Proposta de distribuci\u00f3 hor\u00e0ria Presentaci\u00f3 d&#8217;aula Gui\u00f3 de la proposta Materials complementaris MATERIALS PER L&#8217;ALUMNAT Dossier per l&#8217;alumnat Materials Formularis d&#8217;avaluaci\u00f3 Enlla\u00e7os<\/p>\n","protected":false},"author":22,"featured_media":0,"parent":0,"menu_order":0,"comment_status":"closed","ping_status":"close","template":"","meta":{"_bbp_topic_count":0,"_bbp_reply_count":0,"_bbp_total_topic_count":0,"_bbp_total_reply_count":0,"_bbp_voice_count":0,"_bbp_anonymous_reply_count":0,"_bbp_topic_count_hidden":0,"_bbp_reply_count_hidden":0,"_bbp_forum_subforum_count":0,"site-sidebar-layout":"default","site-content-layout":"","ast-site-content-layout":"default","site-content-style":"default","site-sidebar-style":"default","ast-global-header-display":"","ast-banner-title-visibility":"","ast-main-header-display":"","ast-hfb-above-header-display":"","ast-hfb-below-header-display":"","ast-hfb-mobile-header-display":"","site-post-title":"","ast-breadcrumbs-content":"","ast-featured-img":"","footer-sml-layout":"","theme-transparent-header-meta":"","adv-header-id-meta":"","stick-header-meta":"","header-above-stick-meta":"","header-main-stick-meta":"","header-below-stick-meta":"","astra-migrate-meta-layouts":"set","ast-page-background-enabled":"default","ast-page-background-meta":{"desktop":{"background-color":"","background-image":"","background-repeat":"repeat","background-position":"center center","background-size":"auto","background-attachment":"scroll","background-type":"","background-media":"","overlay-type":"","overlay-color":"","overlay-opacity":"","overlay-gradient":""},"tablet":{"background-color":"","background-image":"","background-repeat":"repeat","background-position":"center center","background-size":"auto","background-attachment":"scroll","background-type":"","background-media":"","overlay-type":"","overlay-color":"","overlay-opacity":"","overlay-gradient":""},"mobile":{"background-color":"","background-image":"","background-repeat":"repeat","background-position":"center center","background-size":"auto","background-attachment":"scroll","background-type":"","background-media":"","overlay-type":"","overlay-color":"","overlay-opacity":"","overlay-gradient":""}},"ast-content-background-meta":{"desktop":{"background-color":"var(--ast-global-color-5)","background-image":"","background-repeat":"repeat","background-position":"center center","background-size":"auto","background-attachment":"scroll","background-type":"","background-media":"","overlay-type":"","overlay-color":"","overlay-opacity":"","overlay-gradient":""},"tablet":{"background-color":"var(--ast-global-color-5)","background-image":"","background-repeat":"repeat","background-position":"center center","background-size":"auto","background-attachment":"scroll","background-type":"","background-media":"","overlay-type":"","overlay-color":"","overlay-opacity":"","overlay-gradient":""},"mobile":{"background-color":"var(--ast-global-color-5)","background-image":"","background-repeat":"repeat","background-position":"center center","background-size":"auto","background-attachment":"scroll","background-type":"","background-media":"","overlay-type":"","overlay-color":"","overlay-opacity":"","overlay-gradient":""}},"footnotes":""},"class_list":["post-51274","page","type-page","status-publish","hentry"],"post_mailing_queue_ids":[],"_links":{"self":[{"href":"https:\/\/projectes.xtec.cat\/pensament-computacional\/wp-json\/wp\/v2\/pages\/51274","targetHints":{"allow":["GET"]}}],"collection":[{"href":"https:\/\/projectes.xtec.cat\/pensament-computacional\/wp-json\/wp\/v2\/pages"}],"about":[{"href":"https:\/\/projectes.xtec.cat\/pensament-computacional\/wp-json\/wp\/v2\/types\/page"}],"author":[{"embeddable":true,"href":"https:\/\/projectes.xtec.cat\/pensament-computacional\/wp-json\/wp\/v2\/users\/22"}],"replies":[{"embeddable":true,"href":"https:\/\/projectes.xtec.cat\/pensament-computacional\/wp-json\/wp\/v2\/comments?post=51274"}],"version-history":[{"count":6,"href":"https:\/\/projectes.xtec.cat\/pensament-computacional\/wp-json\/wp\/v2\/pages\/51274\/revisions"}],"predecessor-version":[{"id":61111,"href":"https:\/\/projectes.xtec.cat\/pensament-computacional\/wp-json\/wp\/v2\/pages\/51274\/revisions\/61111"}],"wp:attachment":[{"href":"https:\/\/projectes.xtec.cat\/pensament-computacional\/wp-json\/wp\/v2\/media?parent=51274"}],"curies":[{"name":"wp","href":"https:\/\/api.w.org\/{rel}","templated":true}]}}