{"id":8211,"date":"2021-12-17T12:16:13","date_gmt":"2021-12-17T11:16:13","guid":{"rendered":"https:\/\/projectes.xtec.cat\/pensament-computacional\/\/?page_id=8211"},"modified":"2023-03-25T21:19:59","modified_gmt":"2023-03-25T20:19:59","slug":"formacio","status":"publish","type":"page","link":"https:\/\/projectes.xtec.cat\/pensament-computacional\/formacio\/","title":{"rendered":"Formaci\u00f3"},"content":{"rendered":"<p><!--\n\n\n<div class=\"seccio\">\n\nAquesta p\u00e0gina indexa tota la formaci\u00f3 amb categoria <strong>TIC<\/strong>, que inclou la formaci\u00f3 de <strong>Tecnologia, Programaci\u00f3 i Rob\u00f2tica<\/strong>. A m\u00e9s, s'inclou els esdeveniments de l'<strong>agenda XTEC.\u00a0<\/strong>\n\n<input id=\"cercador-formacio\" type=\"text\" placeholder=\"Cerca per paraula clau...\" \/>\n\n\n<table id=\"tbl-activitats-formacio\" width=\"100%\">\n\n\n<thead>\n\n\n<tr>\n\n\n<th data-priority=\"1\" style=\"background-color: #0C70B9;color:#FFFFFF\">Codi<\/th>\n\n\n\n\n<th data-priority=\"1\" style=\"background-color: #0C70B9;color:#FFFFFF\">Obert<\/th>\n\n\n\n\n<th data-priority=\"1\" style=\"background-color: #0C70B9;color:#FFFFFF\">T\u00edtol<\/th>\n\n\n\n\n<th data-priority=\"2\" style=\"background-color: #0C70B9;color:#FFFFFF\">Descripci\u00f3<\/th>\n\n\n<\/tr>\n\n\n<\/thead>\n\n\n<\/table>\n\n\n<\/div>\n\n\n--><\/p>\n<div class=\"seccio\"><iframe style=\"width: 100%; height: 800px;\" src=\"https:\/\/edumet.cat\/areatac\/presentacions\/index_json.php?cmd=ls&amp;ID=1MzHUT5I-fo3C4OtA7wPFSk0lybA1oXRRGEjPiFayWrc&amp;config=Config_formacio\"><\/iframe>&nbsp;<\/p>\n<\/div>\n","protected":false},"excerpt":{"rendered":"<p>&nbsp;<\/p>\n","protected":false},"author":4,"featured_media":0,"parent":0,"menu_order":0,"comment_status":"closed","ping_status":"closed","template":"","meta":{"_bbp_topic_count":0,"_bbp_reply_count":0,"_bbp_total_topic_count":0,"_bbp_total_reply_count":0,"_bbp_voice_count":0,"_bbp_anonymous_reply_count":0,"_bbp_topic_count_hidden":0,"_bbp_reply_count_hidden":0,"_bbp_forum_subforum_count":0,"site-sidebar-layout":"no-sidebar","site-content-layout":"plain-container","ast-site-content-layout":"","site-content-style":"default","site-sidebar-style":"default","ast-global-header-display":"","ast-banner-title-visibility":"","ast-main-header-display":"","ast-hfb-above-header-display":"","ast-hfb-below-header-display":"","ast-hfb-mobile-header-display":"","site-post-title":"","ast-breadcrumbs-content":"","ast-featured-img":"","footer-sml-layout":"","theme-transparent-header-meta":"default","adv-header-id-meta":"","stick-header-meta":"default","header-above-stick-meta":"","header-main-stick-meta":"","header-below-stick-meta":"","astra-migrate-meta-layouts":"default","ast-page-background-enabled":"default","ast-page-background-meta":{"desktop":{"background-color":"","background-image":"","background-repeat":"repeat","background-position":"center center","background-size":"auto","background-attachment":"scroll","background-type":"","background-media":"","overlay-type":"","overlay-color":"","overlay-opacity":"","overlay-gradient":""},"tablet":{"background-color":"","background-image":"","background-repeat":"repeat","background-position":"center center","background-size":"auto","background-attachment":"scroll","background-type":"","background-media":"","overlay-type":"","overlay-color":"","overlay-opacity":"","overlay-gradient":""},"mobile":{"background-color":"","background-image":"","background-repeat":"repeat","background-position":"center center","background-size":"auto","background-attachment":"scroll","background-type":"","background-media":"","overlay-type":"","overlay-color":"","overlay-opacity":"","overlay-gradient":""}},"ast-content-background-meta":{"desktop":{"background-color":"var(--ast-global-color-5)","background-image":"","background-repeat":"repeat","background-position":"center center","background-size":"auto","background-attachment":"scroll","background-type":"","background-media":"","overlay-type":"","overlay-color":"","overlay-opacity":"","overlay-gradient":""},"tablet":{"background-color":"var(--ast-global-color-5)","background-image":"","background-repeat":"repeat","background-position":"center center","background-size":"auto","background-attachment":"scroll","background-type":"","background-media":"","overlay-type":"","overlay-color":"","overlay-opacity":"","overlay-gradient":""},"mobile":{"background-color":"var(--ast-global-color-5)","background-image":"","background-repeat":"repeat","background-position":"center center","background-size":"auto","background-attachment":"scroll","background-type":"","background-media":"","overlay-type":"","overlay-color":"","overlay-opacity":"","overlay-gradient":""}},"footnotes":""},"class_list":["post-8211","page","type-page","status-publish","hentry"],"post_mailing_queue_ids":[],"_links":{"self":[{"href":"https:\/\/projectes.xtec.cat\/pensament-computacional\/wp-json\/wp\/v2\/pages\/8211","targetHints":{"allow":["GET"]}}],"collection":[{"href":"https:\/\/projectes.xtec.cat\/pensament-computacional\/wp-json\/wp\/v2\/pages"}],"about":[{"href":"https:\/\/projectes.xtec.cat\/pensament-computacional\/wp-json\/wp\/v2\/types\/page"}],"author":[{"embeddable":true,"href":"https:\/\/projectes.xtec.cat\/pensament-computacional\/wp-json\/wp\/v2\/users\/4"}],"replies":[{"embeddable":true,"href":"https:\/\/projectes.xtec.cat\/pensament-computacional\/wp-json\/wp\/v2\/comments?post=8211"}],"version-history":[{"count":4,"href":"https:\/\/projectes.xtec.cat\/pensament-computacional\/wp-json\/wp\/v2\/pages\/8211\/revisions"}],"predecessor-version":[{"id":27773,"href":"https:\/\/projectes.xtec.cat\/pensament-computacional\/wp-json\/wp\/v2\/pages\/8211\/revisions\/27773"}],"wp:attachment":[{"href":"https:\/\/projectes.xtec.cat\/pensament-computacional\/wp-json\/wp\/v2\/media?parent=8211"}],"curies":[{"name":"wp","href":"https:\/\/api.w.org\/{rel}","templated":true}]}}