{"id":8227,"date":"2021-12-17T12:27:57","date_gmt":"2021-12-17T11:27:57","guid":{"rendered":"https:\/\/projectes.xtec.cat\/pensament-computacional\/\/?page_id=8227"},"modified":"2022-12-19T14:33:41","modified_gmt":"2022-12-19T13:33:41","slug":"pensament-computacional-desendollat","status":"publish","type":"page","link":"https:\/\/projectes.xtec.cat\/pensament-computacional\/pensament-computacional-desendollat\/","title":{"rendered":"Pensament Computacional Desendollat"},"content":{"rendered":"<p>El pensament computacional desendollat \u00e9s un proc\u00e9s per buscar solucions creatives, obertes, imaginatives, art\u00edstiques i enginyoses en qualsevol \u00e0mbit curricular. En les activitats desendollades l\u2019alumnat fa \u00fas de llapis, paper, i altres materials f\u00edsics com targetes, sobres, imatges\u2026 amb la finalitat de treballar conceptes de la inform\u00e0tica i la programaci\u00f3.<\/p>\n<div class=\"wp-block-columns box-vora\" style=\"margin-top: 1em;\">\n<div class=\"wp-block-column\" style=\"text-align: center;\">\n<h5><a href=\"https:\/\/projectes.xtec.cat\/pensament-computacional\/pensament-computacional-desendollat\/materials-didactics-pensament-computacional-desendollat\/\" target=\"_blank\" rel=\"noopener\"><span style=\"color: #087eb6;\">Materials did\u00e0ctics<\/span><\/a><\/h5>\n<p><a href=\"https:\/\/projectes.xtec.cat\/pensament-computacional\/pensament-computacional-desendollat\/materials-didactics-pensament-computacional-desendollat\/\" target=\"_blank\" rel=\"noopener\"><img decoding=\"async\" class=\"alignnone wp-image-8230\" style=\"width: 50%;\" src=\"https:\/\/projectes.xtec.cat\/pensament-computacional\/\/wp-content\/uploads\/usu2217\/2022\/09\/Materials_didactics.png\" alt=\"\" \/><\/a><\/p>\n<\/div>\n<div class=\"wp-block-column\" style=\"text-align: center;\">\n<h5><span style=\"color: #087eb6;\">Seminaris Web<\/span><\/h5>\n<p><a href=\"https:\/\/projectes.xtec.cat\/pensament-computacional\/pensament-computacional-desendollat\/seminaris-web-pcd\/\" target=\"_blank\" rel=\"noopener\"><img loading=\"lazy\" decoding=\"async\" class=\"alignnone wp-image-8231\" style=\"width: 50%;\" src=\"https:\/\/projectes.xtec.cat\/pensament-computacional\/\/wp-content\/uploads\/usu2217\/2022\/09\/Seminaris.png\" alt=\"\" width=\"1024\" height=\"1024\" \/><\/a><\/p>\n<\/div>\n<div class=\"wp-block-column\" style=\"text-align: center;\">\n<h5 style=\"text-align: center;\"><a><span style=\"color: #087eb6;\">Nus<\/span><\/a><\/h5>\n<p><img loading=\"lazy\" decoding=\"async\" class=\"alignnone wp-image-8233\" style=\"width: 50%;\" src=\"https:\/\/projectes.xtec.cat\/pensament-computacional\/\/wp-content\/uploads\/usu2217\/2022\/09\/Nus.png\" alt=\"\" width=\"1024\" height=\"1024\" \/><\/p>\n<\/div>\n<\/div>\n","protected":false},"excerpt":{"rendered":"<p>El pensament computacional desendollat \u00e9s un proc\u00e9s per buscar solucions creatives, obertes, imaginatives, art\u00edstiques i enginyoses en qualsevol \u00e0mbit curricular. En les activitats desendollades l\u2019alumnat fa \u00fas de llapis, paper, i altres materials f\u00edsics com targetes, sobres, imatges\u2026 amb la finalitat de treballar conceptes de la inform\u00e0tica i la programaci\u00f3. Materials did\u00e0ctics Seminaris Web Nus<\/p>\n","protected":false},"author":4,"featured_media":0,"parent":0,"menu_order":0,"comment_status":"closed","ping_status":"closed","template":"","meta":{"_bbp_topic_count":0,"_bbp_reply_count":0,"_bbp_total_topic_count":0,"_bbp_total_reply_count":0,"_bbp_voice_count":0,"_bbp_anonymous_reply_count":0,"_bbp_topic_count_hidden":0,"_bbp_reply_count_hidden":0,"_bbp_forum_subforum_count":0,"site-sidebar-layout":"no-sidebar","site-content-layout":"plain-container","ast-site-content-layout":"","site-content-style":"default","site-sidebar-style":"default","ast-global-header-display":"","ast-banner-title-visibility":"","ast-main-header-display":"","ast-hfb-above-header-display":"","ast-hfb-below-header-display":"","ast-hfb-mobile-header-display":"","site-post-title":"","ast-breadcrumbs-content":"","ast-featured-img":"","footer-sml-layout":"","theme-transparent-header-meta":"default","adv-header-id-meta":"","stick-header-meta":"default","header-above-stick-meta":"","header-main-stick-meta":"","header-below-stick-meta":"","astra-migrate-meta-layouts":"default","ast-page-background-enabled":"default","ast-page-background-meta":{"desktop":{"background-color":"","background-image":"","background-repeat":"repeat","background-position":"center center","background-size":"auto","background-attachment":"scroll","background-type":"","background-media":"","overlay-type":"","overlay-color":"","overlay-opacity":"","overlay-gradient":""},"tablet":{"background-color":"","background-image":"","background-repeat":"repeat","background-position":"center center","background-size":"auto","background-attachment":"scroll","background-type":"","background-media":"","overlay-type":"","overlay-color":"","overlay-opacity":"","overlay-gradient":""},"mobile":{"background-color":"","background-image":"","background-repeat":"repeat","background-position":"center center","background-size":"auto","background-attachment":"scroll","background-type":"","background-media":"","overlay-type":"","overlay-color":"","overlay-opacity":"","overlay-gradient":""}},"ast-content-background-meta":{"desktop":{"background-color":"var(--ast-global-color-5)","background-image":"","background-repeat":"repeat","background-position":"center center","background-size":"auto","background-attachment":"scroll","background-type":"","background-media":"","overlay-type":"","overlay-color":"","overlay-opacity":"","overlay-gradient":""},"tablet":{"background-color":"var(--ast-global-color-5)","background-image":"","background-repeat":"repeat","background-position":"center center","background-size":"auto","background-attachment":"scroll","background-type":"","background-media":"","overlay-type":"","overlay-color":"","overlay-opacity":"","overlay-gradient":""},"mobile":{"background-color":"var(--ast-global-color-5)","background-image":"","background-repeat":"repeat","background-position":"center center","background-size":"auto","background-attachment":"scroll","background-type":"","background-media":"","overlay-type":"","overlay-color":"","overlay-opacity":"","overlay-gradient":""}},"footnotes":""},"class_list":["post-8227","page","type-page","status-publish","hentry"],"post_mailing_queue_ids":[],"_links":{"self":[{"href":"https:\/\/projectes.xtec.cat\/pensament-computacional\/wp-json\/wp\/v2\/pages\/8227","targetHints":{"allow":["GET"]}}],"collection":[{"href":"https:\/\/projectes.xtec.cat\/pensament-computacional\/wp-json\/wp\/v2\/pages"}],"about":[{"href":"https:\/\/projectes.xtec.cat\/pensament-computacional\/wp-json\/wp\/v2\/types\/page"}],"author":[{"embeddable":true,"href":"https:\/\/projectes.xtec.cat\/pensament-computacional\/wp-json\/wp\/v2\/users\/4"}],"replies":[{"embeddable":true,"href":"https:\/\/projectes.xtec.cat\/pensament-computacional\/wp-json\/wp\/v2\/comments?post=8227"}],"version-history":[{"count":3,"href":"https:\/\/projectes.xtec.cat\/pensament-computacional\/wp-json\/wp\/v2\/pages\/8227\/revisions"}],"predecessor-version":[{"id":27641,"href":"https:\/\/projectes.xtec.cat\/pensament-computacional\/wp-json\/wp\/v2\/pages\/8227\/revisions\/27641"}],"wp:attachment":[{"href":"https:\/\/projectes.xtec.cat\/pensament-computacional\/wp-json\/wp\/v2\/media?parent=8227"}],"curies":[{"name":"wp","href":"https:\/\/api.w.org\/{rel}","templated":true}]}}