{"id":8242,"date":"2021-12-20T09:35:57","date_gmt":"2021-12-20T08:35:57","guid":{"rendered":"https:\/\/projectes.xtec.cat\/pensament-computacional\/\/?page_id=8242"},"modified":"2023-11-15T16:49:22","modified_gmt":"2023-11-15T15:49:22","slug":"materials-didactics-pensament-computacional-desendollat","status":"publish","type":"page","link":"https:\/\/projectes.xtec.cat\/pensament-computacional\/pensament-computacional-desendollat\/materials-didactics-pensament-computacional-desendollat\/","title":{"rendered":"Materials did\u00e0ctics de Pensament computacional desendollat"},"content":{"rendered":"<p><!--<span style=\"font-weight: 400;\">Els materials did\u00e0ctics proposats s\u00f3n:--><br \/>\n<b>&#8211; ACTIVITATS:<\/b> Per treballar un aspecte concret, en una o m\u00e9s sessions de treball.<br \/>\n<b>&#8211; PROPOSTES DID\u00c0CTIQUES:<\/b> Cursos estructurats i unitats did\u00e0ctiques per aplicar a l&#8217;aula.<br \/>\n<b>&#8211; P\u00cdNDOLES:<\/b> Mini v\u00eddeos d\u2019autoaprenentatge que atorguen autonomia a l\u2019alumnat.<\/p>\n<div class=\"wp-block-columns box-vora\" style=\"margin-top: 1em;\">\n<div class=\"wp-block-column\" style=\"text-align: center;\">\n<h5><span style=\"color: #087eb6;\">Activitats<\/span><\/h5>\n<p><a href=\"https:\/\/projectes.xtec.cat\/pensament-computacional\/pensament-computacional-desendollat\/materials-didactics-pensament-computacional-desendollat\/activitats\/\" target=\"_blank\" rel=\"noopener\"><img loading=\"lazy\" decoding=\"async\" class=\"alignnone wp-image-24710\" src=\"https:\/\/projectes.xtec.cat\/pensament-computacional\/\/wp-content\/uploads\/usu2217\/2022\/09\/12.png\" alt=\"\" width=\"100\" height=\"100\" \/><\/a><\/p>\n<\/div>\n<div class=\"wp-block-column\" style=\"text-align: center;\">\n<h5><span style=\"color: #087eb6;\">Propostes did\u00e0ctiques<\/span><\/h5>\n<p><a href=\"https:\/\/projectes.xtec.cat\/pensament-computacional\/pensament-computacional-desendollat\/materials-didactics-pensament-computacional-desendollat\/propostes-didactiques-pcd\/\" target=\"_blank\" rel=\"noopener\"><img loading=\"lazy\" decoding=\"async\" class=\"alignnone wp-image-8249\" src=\"https:\/\/projectes.xtec.cat\/pensament-computacional\/\/wp-content\/uploads\/usu2217\/2022\/09\/Unitats_d_aprenentatge-.png\" alt=\"\" width=\"100\" height=\"100\" \/><\/a><\/p>\n<\/div>\n<div class=\"wp-block-column\" style=\"text-align: center;\">\n<h5><span style=\"color: #087eb6;\">P\u00edndoles<\/span><\/h5>\n<p><a href=\"https:\/\/projectes.xtec.cat\/pensament-computacional\/pensament-computacional-desendollat\/materials-didactics-pensament-computacional-desendollat\/pindoles-de-pensament-computacional-desendollat\/\" target=\"_blank\" rel=\"noopener\"><img loading=\"lazy\" decoding=\"async\" class=\"alignnone wp-image-8251\" src=\"https:\/\/projectes.xtec.cat\/pensament-computacional\/\/wp-content\/uploads\/usu2217\/2022\/09\/Pindoles.png\" alt=\"\" width=\"100\" height=\"100\" \/><\/a><\/p>\n<\/div>\n<\/div>\n","protected":false},"excerpt":{"rendered":"<p>&#8211; ACTIVITATS: Per treballar un aspecte concret, en una o m\u00e9s sessions de treball. &#8211; PROPOSTES DID\u00c0CTIQUES: Cursos estructurats i unitats did\u00e0ctiques per aplicar a l&#8217;aula. &#8211; P\u00cdNDOLES: Mini v\u00eddeos d\u2019autoaprenentatge que atorguen autonomia a l\u2019alumnat. Activitats Propostes did\u00e0ctiques P\u00edndoles<\/p>\n","protected":false},"author":4,"featured_media":0,"parent":8227,"menu_order":0,"comment_status":"closed","ping_status":"closed","template":"","meta":{"_bbp_topic_count":0,"_bbp_reply_count":0,"_bbp_total_topic_count":0,"_bbp_total_reply_count":0,"_bbp_voice_count":0,"_bbp_anonymous_reply_count":0,"_bbp_topic_count_hidden":0,"_bbp_reply_count_hidden":0,"_bbp_forum_subforum_count":0,"site-sidebar-layout":"no-sidebar","site-content-layout":"plain-container","ast-site-content-layout":"","site-content-style":"default","site-sidebar-style":"default","ast-global-header-display":"","ast-banner-title-visibility":"","ast-main-header-display":"","ast-hfb-above-header-display":"","ast-hfb-below-header-display":"","ast-hfb-mobile-header-display":"","site-post-title":"","ast-breadcrumbs-content":"","ast-featured-img":"","footer-sml-layout":"disabled","theme-transparent-header-meta":"default","adv-header-id-meta":"","stick-header-meta":"default","header-above-stick-meta":"","header-main-stick-meta":"","header-below-stick-meta":"","astra-migrate-meta-layouts":"default","ast-page-background-enabled":"default","ast-page-background-meta":{"desktop":{"background-color":"","background-image":"","background-repeat":"repeat","background-position":"center center","background-size":"auto","background-attachment":"scroll","background-type":"","background-media":"","overlay-type":"","overlay-color":"","overlay-opacity":"","overlay-gradient":""},"tablet":{"background-color":"","background-image":"","background-repeat":"repeat","background-position":"center center","background-size":"auto","background-attachment":"scroll","background-type":"","background-media":"","overlay-type":"","overlay-color":"","overlay-opacity":"","overlay-gradient":""},"mobile":{"background-color":"","background-image":"","background-repeat":"repeat","background-position":"center center","background-size":"auto","background-attachment":"scroll","background-type":"","background-media":"","overlay-type":"","overlay-color":"","overlay-opacity":"","overlay-gradient":""}},"ast-content-background-meta":{"desktop":{"background-color":"var(--ast-global-color-5)","background-image":"","background-repeat":"repeat","background-position":"center center","background-size":"auto","background-attachment":"scroll","background-type":"","background-media":"","overlay-type":"","overlay-color":"","overlay-opacity":"","overlay-gradient":""},"tablet":{"background-color":"var(--ast-global-color-5)","background-image":"","background-repeat":"repeat","background-position":"center center","background-size":"auto","background-attachment":"scroll","background-type":"","background-media":"","overlay-type":"","overlay-color":"","overlay-opacity":"","overlay-gradient":""},"mobile":{"background-color":"var(--ast-global-color-5)","background-image":"","background-repeat":"repeat","background-position":"center center","background-size":"auto","background-attachment":"scroll","background-type":"","background-media":"","overlay-type":"","overlay-color":"","overlay-opacity":"","overlay-gradient":""}},"footnotes":""},"class_list":["post-8242","page","type-page","status-publish","hentry"],"post_mailing_queue_ids":[],"_links":{"self":[{"href":"https:\/\/projectes.xtec.cat\/pensament-computacional\/wp-json\/wp\/v2\/pages\/8242","targetHints":{"allow":["GET"]}}],"collection":[{"href":"https:\/\/projectes.xtec.cat\/pensament-computacional\/wp-json\/wp\/v2\/pages"}],"about":[{"href":"https:\/\/projectes.xtec.cat\/pensament-computacional\/wp-json\/wp\/v2\/types\/page"}],"author":[{"embeddable":true,"href":"https:\/\/projectes.xtec.cat\/pensament-computacional\/wp-json\/wp\/v2\/users\/4"}],"replies":[{"embeddable":true,"href":"https:\/\/projectes.xtec.cat\/pensament-computacional\/wp-json\/wp\/v2\/comments?post=8242"}],"version-history":[{"count":6,"href":"https:\/\/projectes.xtec.cat\/pensament-computacional\/wp-json\/wp\/v2\/pages\/8242\/revisions"}],"predecessor-version":[{"id":29841,"href":"https:\/\/projectes.xtec.cat\/pensament-computacional\/wp-json\/wp\/v2\/pages\/8242\/revisions\/29841"}],"up":[{"embeddable":true,"href":"https:\/\/projectes.xtec.cat\/pensament-computacional\/wp-json\/wp\/v2\/pages\/8227"}],"wp:attachment":[{"href":"https:\/\/projectes.xtec.cat\/pensament-computacional\/wp-json\/wp\/v2\/media?parent=8242"}],"curies":[{"name":"wp","href":"https:\/\/api.w.org\/{rel}","templated":true}]}}