{"id":8383,"date":"2021-12-20T13:46:04","date_gmt":"2021-12-20T12:46:04","guid":{"rendered":"https:\/\/projectes.xtec.cat\/pensament-computacional\/\/?page_id=8383"},"modified":"2023-05-19T14:03:21","modified_gmt":"2023-05-19T12:03:21","slug":"materials-didactics-app-inventor","status":"publish","type":"page","link":"https:\/\/projectes.xtec.cat\/pensament-computacional\/activitats-robotica\/app-inventor\/materials-didactics-app-inventor\/","title":{"rendered":"Materials did\u00e0ctics App Inventor"},"content":{"rendered":"\n<p><span style=\"font-weight: 400;\">Els materials did\u00e0ctics proposats s\u00f3n:<\/span><\/p>\n\n\n\n<ul class=\"wp-block-list\"><li><strong>SITUACIONS D&#8217;APRENENTATGE:<\/strong> Reptes per treballar amb l&#8217;alumnat alineats amb el nou curr\u00edculum.<\/li><li><span style=\"font-weight: 400;\"><b>ACTIVITATS:<\/b> Per treballar un aspecte concret o plantejar un repte, en una o m\u00e9s sessions de treball.<\/span><\/li><li><span style=\"font-weight: 400;\"><b>APP EDUCATION:<\/b> Cursos de Moodle amb una proposta did\u00e0ctica <\/span>per implementar a l&#8217;aula.<\/li><\/ul>\n\n\n\n<div class=\"wp-block-columns is-layout-flex wp-container-core-columns-is-layout-1 wp-block-columns-is-layout-flex\">\n<div class=\"wp-block-column caixa is-layout-flow wp-block-column-is-layout-flow\">\n<p class=\"has-text-align-center has-text-color\" style=\"color:#0071b7;font-size:18px\"><strong>Situacions d&#8217;aprenentatge<\/strong><\/p>\n\n\n\n<p class=\"has-text-align-center has-text-color\" style=\"color:#0071b7;font-size:18px\"><a href=\"https:\/\/projectes.xtec.cat\/pensament-computacional\/app-inventor\/materials-didactics-app-inventor\/situacions-aprenentatge\/\" data-type=\"page\" data-id=\"27955\"><img loading=\"lazy\" decoding=\"async\" width=\"100\" height=\"100\" class=\"wp-image-27966\" style=\"width: 100px;\" src=\"https:\/\/projectes.xtec.cat\/pensament-computacional\/wp-content\/uploads\/usu2217\/2023\/05\/document.png\" alt=\"\" srcset=\"https:\/\/projectes.xtec.cat\/pensament-computacional\/wp-content\/uploads\/usu2217\/2023\/05\/document.png 500w, https:\/\/projectes.xtec.cat\/pensament-computacional\/wp-content\/uploads\/usu2217\/2023\/05\/document-300x300.png 300w, https:\/\/projectes.xtec.cat\/pensament-computacional\/wp-content\/uploads\/usu2217\/2023\/05\/document-150x150.png 150w\" sizes=\"auto, (max-width: 100px) 100vw, 100px\" \/><\/a><\/p>\n\n\n\n<p><\/p>\n<\/div>\n\n\n\n<div class=\"wp-block-column caixa is-layout-flow wp-block-column-is-layout-flow\">\n<p class=\"has-text-align-center has-text-color\" style=\"color:#0071b7;font-size:18px\"><strong>Activitats<\/strong><\/p>\n\n\n\n<p class=\"has-text-align-center has-text-color\" style=\"color:#0071b7;font-size:18px\"><a href=\"https:\/\/projectes.xtec.cat\/pensament-computacional\/app-inventor\/materials-didactics-app-inventor\/activitats-app-inventor\/\"><img loading=\"lazy\" decoding=\"async\" width=\"100\" height=\"100\" class=\"wp-image-27984\" style=\"width: 100px;\" src=\"https:\/\/projectes.xtec.cat\/pensament-computacional\/wp-content\/uploads\/usu2217\/2023\/05\/activitats.png\" alt=\"\" srcset=\"https:\/\/projectes.xtec.cat\/pensament-computacional\/wp-content\/uploads\/usu2217\/2023\/05\/activitats.png 652w, https:\/\/projectes.xtec.cat\/pensament-computacional\/wp-content\/uploads\/usu2217\/2023\/05\/activitats-300x300.png 300w, https:\/\/projectes.xtec.cat\/pensament-computacional\/wp-content\/uploads\/usu2217\/2023\/05\/activitats-150x150.png 150w\" sizes=\"auto, (max-width: 100px) 100vw, 100px\" \/><\/a><\/p>\n\n\n\n<p class=\"has-text-align-center has-text-color\" style=\"color:#0071b7;font-size:18px\"><\/p>\n<\/div>\n\n\n\n<div class=\"wp-block-column caixa is-layout-flow wp-block-column-is-layout-flow\">\n<p class=\"has-text-align-center has-text-color\" style=\"color:#0071b7;font-size:18px\"><strong>App Education<\/strong><\/p>\n\n\n\n<p class=\"has-text-align-center has-text-color\" style=\"color:#0071b7;font-size:18px\"><a href=\"https:\/\/projectes.xtec.cat\/pensament-computacional\/app-inventor\/appeducation\/\"><img loading=\"lazy\" decoding=\"async\" width=\"250\" height=\"58\" class=\"wp-image-26929\" style=\"width: 250px;\" src=\"https:\/\/projectes.xtec.cat\/pensament-computacional\/wp-content\/uploads\/usu2217\/2022\/09\/mSchools-AppEducation-e1664351849439.png\" alt=\"\" srcset=\"https:\/\/projectes.xtec.cat\/pensament-computacional\/wp-content\/uploads\/usu2217\/2022\/09\/mSchools-AppEducation-e1664351849439.png 379w, https:\/\/projectes.xtec.cat\/pensament-computacional\/wp-content\/uploads\/usu2217\/2022\/09\/mSchools-AppEducation-e1664351849439-300x70.png 300w\" sizes=\"auto, (max-width: 250px) 100vw, 250px\" \/><\/a><\/p>\n\n\n\n<p><\/p>\n<\/div>\n<\/div>\n\n\n\n<p><\/p>\n","protected":false},"excerpt":{"rendered":"<p>Els materials did\u00e0ctics proposats s\u00f3n: SITUACIONS D&#8217;APRENENTATGE: Reptes per treballar amb l&#8217;alumnat alineats amb el nou curr\u00edculum. ACTIVITATS: Per treballar un aspecte concret o plantejar un repte, en una o m\u00e9s sessions de treball. APP EDUCATION: Cursos de Moodle amb una proposta did\u00e0ctica per implementar a l&#8217;aula. Situacions d&#8217;aprenentatge Activitats App Education<\/p>\n","protected":false},"author":4,"featured_media":0,"parent":8270,"menu_order":0,"comment_status":"closed","ping_status":"closed","template":"","meta":{"_bbp_topic_count":0,"_bbp_reply_count":0,"_bbp_total_topic_count":0,"_bbp_total_reply_count":0,"_bbp_voice_count":0,"_bbp_anonymous_reply_count":0,"_bbp_topic_count_hidden":0,"_bbp_reply_count_hidden":0,"_bbp_forum_subforum_count":0,"site-sidebar-layout":"no-sidebar","site-content-layout":"plain-container","ast-site-content-layout":"","site-content-style":"default","site-sidebar-style":"default","ast-global-header-display":"","ast-banner-title-visibility":"","ast-main-header-display":"","ast-hfb-above-header-display":"","ast-hfb-below-header-display":"","ast-hfb-mobile-header-display":"","site-post-title":"","ast-breadcrumbs-content":"","ast-featured-img":"","footer-sml-layout":"disabled","theme-transparent-header-meta":"default","adv-header-id-meta":"","stick-header-meta":"default","header-above-stick-meta":"","header-main-stick-meta":"","header-below-stick-meta":"","astra-migrate-meta-layouts":"default","ast-page-background-enabled":"default","ast-page-background-meta":{"desktop":{"background-color":"","background-image":"","background-repeat":"repeat","background-position":"center center","background-size":"auto","background-attachment":"scroll","background-type":"","background-media":"","overlay-type":"","overlay-color":"","overlay-opacity":"","overlay-gradient":""},"tablet":{"background-color":"","background-image":"","background-repeat":"repeat","background-position":"center center","background-size":"auto","background-attachment":"scroll","background-type":"","background-media":"","overlay-type":"","overlay-color":"","overlay-opacity":"","overlay-gradient":""},"mobile":{"background-color":"","background-image":"","background-repeat":"repeat","background-position":"center center","background-size":"auto","background-attachment":"scroll","background-type":"","background-media":"","overlay-type":"","overlay-color":"","overlay-opacity":"","overlay-gradient":""}},"ast-content-background-meta":{"desktop":{"background-color":"var(--ast-global-color-5)","background-image":"","background-repeat":"repeat","background-position":"center center","background-size":"auto","background-attachment":"scroll","background-type":"","background-media":"","overlay-type":"","overlay-color":"","overlay-opacity":"","overlay-gradient":""},"tablet":{"background-color":"var(--ast-global-color-5)","background-image":"","background-repeat":"repeat","background-position":"center center","background-size":"auto","background-attachment":"scroll","background-type":"","background-media":"","overlay-type":"","overlay-color":"","overlay-opacity":"","overlay-gradient":""},"mobile":{"background-color":"var(--ast-global-color-5)","background-image":"","background-repeat":"repeat","background-position":"center center","background-size":"auto","background-attachment":"scroll","background-type":"","background-media":"","overlay-type":"","overlay-color":"","overlay-opacity":"","overlay-gradient":""}},"footnotes":""},"class_list":["post-8383","page","type-page","status-publish","hentry"],"post_mailing_queue_ids":[],"_links":{"self":[{"href":"https:\/\/projectes.xtec.cat\/pensament-computacional\/wp-json\/wp\/v2\/pages\/8383","targetHints":{"allow":["GET"]}}],"collection":[{"href":"https:\/\/projectes.xtec.cat\/pensament-computacional\/wp-json\/wp\/v2\/pages"}],"about":[{"href":"https:\/\/projectes.xtec.cat\/pensament-computacional\/wp-json\/wp\/v2\/types\/page"}],"author":[{"embeddable":true,"href":"https:\/\/projectes.xtec.cat\/pensament-computacional\/wp-json\/wp\/v2\/users\/4"}],"replies":[{"embeddable":true,"href":"https:\/\/projectes.xtec.cat\/pensament-computacional\/wp-json\/wp\/v2\/comments?post=8383"}],"version-history":[{"count":3,"href":"https:\/\/projectes.xtec.cat\/pensament-computacional\/wp-json\/wp\/v2\/pages\/8383\/revisions"}],"predecessor-version":[{"id":28030,"href":"https:\/\/projectes.xtec.cat\/pensament-computacional\/wp-json\/wp\/v2\/pages\/8383\/revisions\/28030"}],"up":[{"embeddable":true,"href":"https:\/\/projectes.xtec.cat\/pensament-computacional\/wp-json\/wp\/v2\/pages\/8270"}],"wp:attachment":[{"href":"https:\/\/projectes.xtec.cat\/pensament-computacional\/wp-json\/wp\/v2\/media?parent=8383"}],"curies":[{"name":"wp","href":"https:\/\/api.w.org\/{rel}","templated":true}]}}