{"id":8389,"date":"2021-12-20T14:10:17","date_gmt":"2021-12-20T13:10:17","guid":{"rendered":"https:\/\/projectes.xtec.cat\/pensament-computacional\/\/?page_id=8389"},"modified":"2025-01-31T10:33:09","modified_gmt":"2025-01-31T09:33:09","slug":"appeducation","status":"publish","type":"page","link":"https:\/\/projectes.xtec.cat\/pensament-computacional\/activitats-robotica\/app-inventor\/appeducation\/","title":{"rendered":"App Education"},"content":{"rendered":"\n<p><span style=\"font-weight: 400;\">App Education \u00e9s una proposta did\u00e0ctica adre\u00e7ada a alumnes de l\u2019ESO, Batxillerat i Cicles formatius. Es presenta com a una situaci\u00f3 d\u2019aprenentatge on cada grup, format per 3 o 4 alumnes, identifica un problema real del seu entorn i en dissenya la soluci\u00f3. El problema triat s\u2019ha de poder resoldre, de forma total o parcial, mitjan\u00e7ant la programaci\u00f3 d\u2019una app.<\/span><\/p>\n\n\n\n<div class=\"wp-block-columns is-layout-flex wp-container-core-columns-is-layout-1 wp-block-columns-is-layout-flex\">\n<div class=\"wp-block-column is-layout-flow wp-block-column-is-layout-flow\">\n<div class=\"wp-block-image\"><figure class=\"aligncenter size-large is-resized\"><a href=\"https:\/\/projectes.xtec.cat\/pensament-computacional\/wp-content\/uploads\/usu2217\/2023\/05\/mschools2.jpeg\"><img loading=\"lazy\" decoding=\"async\" src=\"https:\/\/projectes.xtec.cat\/pensament-computacional\/wp-content\/uploads\/usu2217\/2023\/05\/mschools2.jpeg\" alt=\"\" class=\"wp-image-28059\" width=\"303\" height=\"57\" srcset=\"https:\/\/projectes.xtec.cat\/pensament-computacional\/wp-content\/uploads\/usu2217\/2023\/05\/mschools2.jpeg 1012w, https:\/\/projectes.xtec.cat\/pensament-computacional\/wp-content\/uploads\/usu2217\/2023\/05\/mschools2-300x57.jpeg 300w, https:\/\/projectes.xtec.cat\/pensament-computacional\/wp-content\/uploads\/usu2217\/2023\/05\/mschools2-768x146.jpeg 768w\" sizes=\"auto, (max-width: 303px) 100vw, 303px\" \/><\/a><\/figure><\/div>\n<\/div>\n\n\n\n<div class=\"wp-block-column is-layout-flow wp-block-column-is-layout-flow\">\n<div class=\"wp-block-image\"><figure class=\"aligncenter size-large is-resized\"><a href=\"https:\/\/projectes.xtec.cat\/pensament-computacional\/wp-content\/uploads\/usu2217\/2023\/05\/appeducation2.png\"><img loading=\"lazy\" decoding=\"async\" src=\"https:\/\/projectes.xtec.cat\/pensament-computacional\/wp-content\/uploads\/usu2217\/2023\/05\/appeducation2.png\" alt=\"\" class=\"wp-image-28060\" width=\"279\" height=\"59\" srcset=\"https:\/\/projectes.xtec.cat\/pensament-computacional\/wp-content\/uploads\/usu2217\/2023\/05\/appeducation2.png 452w, https:\/\/projectes.xtec.cat\/pensament-computacional\/wp-content\/uploads\/usu2217\/2023\/05\/appeducation2-300x63.png 300w\" sizes=\"auto, (max-width: 279px) 100vw, 279px\" \/><\/a><\/figure><\/div>\n<\/div>\n<\/div>\n\n\n\n<p>S&#8217;ofereix com a curs de Moodle estructurat en 6 temes, on es donen 2 opcions per a la programaci\u00f3 de les apps: mitjan\u00e7ant blocs (amb App Inventor, Temes 4A i 5A) o mitjan\u00e7ant codi (4B i 5B). La docent ha de triar una de les opcions per a l&#8217;alumnat, en funci\u00f3 dels coneixements previs que tinguin. Si ja han programat pr\u00e8viament amb Scratch o App Inventor, aconsellem que en aquesta proposta ho facin en codi. Els temes s\u00f3n:<\/p>\n\n\n\n<p>1. La nostra empresa<br>2. Disseny de la soluci\u00f3<br>3. Model de negoci<br>4 (A). Programaci\u00f3 amb App Inventor &#8211; 4 (B). Disseny de la webapp<br>5 (A). Programaci\u00f3 de l&#8217;app &#8211; 5 (B). Programaci\u00f3 de la webapp<br>6. Promoci\u00f3 de l&#8217;app i del projecte<\/p>\n\n\n\n<p>El curs es pot visualitzar en el portal <a rel=\"noreferrer noopener\" href=\"http:\/\/alexandria.xtec.cat\" target=\"_blank\">Alexandria<\/a>:<\/p>\n\n\n\n<div style=\"text-align:center;margin:20px\">\n    <div style=\"display:inline-flex;color:white;background-color:#6b0140;padding:20px;cursor:pointer;font-size:large;\" onclick=\"window.location='https:\/\/alexandria.xtec.cat\/mod\/data\/view.php?d=2&amp;rid=3431'\">PROPOSTA DID\u00c0CTICA APP EDUCATION<\/div>\n<\/div>\n\n\n\n<p>&nbsp;i instal\u00b7lar-lo des del Moodle del vostre centre fent servir l&#8217;opci\u00f3 &#8220;Importa des d&#8217;Alexandria&#8221;.<\/p>\n\n\n\n<hr class=\"wp-block-separator is-style-wide\"\/>\n\n\n\n<hr class=\"wp-block-separator is-style-wide\"\/>\n\n\n<p><span style=\"font-weight: 400;\">Propostes anteriors, adaptades a certes assignatures de l&#8217;anterior curr\u00edculum (desactualitzades, sense manteniment):<\/span><\/p>\n<p id=\"assignatures\"><iframe loading=\"lazy\" src=\"https:\/\/edumet.cat\/areatac\/presentacions\/index_json.php?ID=1MzHUT5I-fo3C4OtA7wPFSk0lybA1oXRRGEjPiFayWrc&amp;config=Config_1&amp;fltr=[Codi_filtre=App%20Inventor-Proposta%20did\u00e0ctica]\" width=\"100%\" height=\"900px\"><span data-mce-type=\"bookmark\" style=\"display: inline-block; width: 0px; overflow: hidden; line-height: 0;\" class=\"mce_SELRES_start\">\ufeff<\/span><\/iframe><\/p>","protected":false},"excerpt":{"rendered":"<p>App Education \u00e9s una proposta did\u00e0ctica adre\u00e7ada a alumnes de l\u2019ESO, Batxillerat i Cicles formatius. Es presenta com a una situaci\u00f3 d\u2019aprenentatge on cada grup, format per 3 o 4 alumnes, identifica un problema real del seu entorn i en dissenya la soluci\u00f3. El problema triat s\u2019ha de poder resoldre, de forma total o parcial, [&hellip;]<\/p>\n","protected":false},"author":4,"featured_media":0,"parent":8270,"menu_order":0,"comment_status":"closed","ping_status":"closed","template":"","meta":{"_bbp_topic_count":0,"_bbp_reply_count":0,"_bbp_total_topic_count":0,"_bbp_total_reply_count":0,"_bbp_voice_count":0,"_bbp_anonymous_reply_count":0,"_bbp_topic_count_hidden":0,"_bbp_reply_count_hidden":0,"_bbp_forum_subforum_count":0,"site-sidebar-layout":"no-sidebar","site-content-layout":"plain-container","ast-site-content-layout":"normal-width-container","site-content-style":"unboxed","site-sidebar-style":"unboxed","ast-global-header-display":"","ast-banner-title-visibility":"","ast-main-header-display":"","ast-hfb-above-header-display":"","ast-hfb-below-header-display":"","ast-hfb-mobile-header-display":"","site-post-title":"","ast-breadcrumbs-content":"","ast-featured-img":"","footer-sml-layout":"","theme-transparent-header-meta":"default","adv-header-id-meta":"","stick-header-meta":"default","header-above-stick-meta":"","header-main-stick-meta":"","header-below-stick-meta":"","astra-migrate-meta-layouts":"set","ast-page-background-enabled":"default","ast-page-background-meta":{"desktop":{"background-color":"","background-image":"","background-repeat":"repeat","background-position":"center center","background-size":"auto","background-attachment":"scroll","background-type":"","background-media":"","overlay-type":"","overlay-color":"","overlay-opacity":"","overlay-gradient":""},"tablet":{"background-color":"","background-image":"","background-repeat":"repeat","background-position":"center center","background-size":"auto","background-attachment":"scroll","background-type":"","background-media":"","overlay-type":"","overlay-color":"","overlay-opacity":"","overlay-gradient":""},"mobile":{"background-color":"","background-image":"","background-repeat":"repeat","background-position":"center center","background-size":"auto","background-attachment":"scroll","background-type":"","background-media":"","overlay-type":"","overlay-color":"","overlay-opacity":"","overlay-gradient":""}},"ast-content-background-meta":{"desktop":{"background-color":"var(--ast-global-color-5)","background-image":"","background-repeat":"repeat","background-position":"center center","background-size":"auto","background-attachment":"scroll","background-type":"","background-media":"","overlay-type":"","overlay-color":"","overlay-opacity":"","overlay-gradient":""},"tablet":{"background-color":"var(--ast-global-color-5)","background-image":"","background-repeat":"repeat","background-position":"center center","background-size":"auto","background-attachment":"scroll","background-type":"","background-media":"","overlay-type":"","overlay-color":"","overlay-opacity":"","overlay-gradient":""},"mobile":{"background-color":"var(--ast-global-color-5)","background-image":"","background-repeat":"repeat","background-position":"center center","background-size":"auto","background-attachment":"scroll","background-type":"","background-media":"","overlay-type":"","overlay-color":"","overlay-opacity":"","overlay-gradient":""}},"footnotes":""},"class_list":["post-8389","page","type-page","status-publish","hentry"],"post_mailing_queue_ids":[],"_links":{"self":[{"href":"https:\/\/projectes.xtec.cat\/pensament-computacional\/wp-json\/wp\/v2\/pages\/8389","targetHints":{"allow":["GET"]}}],"collection":[{"href":"https:\/\/projectes.xtec.cat\/pensament-computacional\/wp-json\/wp\/v2\/pages"}],"about":[{"href":"https:\/\/projectes.xtec.cat\/pensament-computacional\/wp-json\/wp\/v2\/types\/page"}],"author":[{"embeddable":true,"href":"https:\/\/projectes.xtec.cat\/pensament-computacional\/wp-json\/wp\/v2\/users\/4"}],"replies":[{"embeddable":true,"href":"https:\/\/projectes.xtec.cat\/pensament-computacional\/wp-json\/wp\/v2\/comments?post=8389"}],"version-history":[{"count":4,"href":"https:\/\/projectes.xtec.cat\/pensament-computacional\/wp-json\/wp\/v2\/pages\/8389\/revisions"}],"predecessor-version":[{"id":43752,"href":"https:\/\/projectes.xtec.cat\/pensament-computacional\/wp-json\/wp\/v2\/pages\/8389\/revisions\/43752"}],"up":[{"embeddable":true,"href":"https:\/\/projectes.xtec.cat\/pensament-computacional\/wp-json\/wp\/v2\/pages\/8270"}],"wp:attachment":[{"href":"https:\/\/projectes.xtec.cat\/pensament-computacional\/wp-json\/wp\/v2\/media?parent=8389"}],"curies":[{"name":"wp","href":"https:\/\/api.w.org\/{rel}","templated":true}]}}