{"id":10253,"date":"2020-09-28T11:38:47","date_gmt":"2020-09-28T09:38:47","guid":{"rendered":"http:\/\/projectes.xtec.cat\/pfi\/?page_id=10253"},"modified":"2025-12-15T13:26:17","modified_gmt":"2025-12-15T12:26:17","slug":"projecte-coach","status":"publish","type":"page","link":"https:\/\/projectes.xtec.cat\/pfi\/projectes\/projecte-coach\/","title":{"rendered":"Projecte Coach (Fundaci\u00f3 \u00c8xit)"},"content":{"rendered":"<ul>\n<li><strong>\u00a0Qu\u00e8 \u00e9s el projecte Coach?<\/strong><\/li>\n<\/ul>\n<p>\u00c9s una iniciativa de voluntariat corporatiu que pret\u00e9n orientar i motivar a joves en situaci\u00f3 de vulnerabilitat social que provenen d&#8217;una experi\u00e8ncia de frac\u00e0s escolar a trav\u00e9s del <em>coaching<\/em> i del <em>mentoring<\/em>.<\/p>\n<p>Per a m\u00e9s informaci\u00f3, contacteu a <a href=\"mailto:pfi@xtec.cat\">pfi@xtec.cat<\/a><\/p>\n<p>&nbsp;<\/p>\n<p>&nbsp;<\/p>\n","protected":false},"excerpt":{"rendered":"<ul>\n<li>\u00a0Qu\u00e8 \u00e9s el projecte Coach?<\/li>\n<\/ul>\n<p>\u00c9s una iniciativa de voluntariat corporatiu que pret\u00e9n orientar i motivar a joves en situaci\u00f3 de vulnerabilitat social que provenen d&#8217;una experi\u00e8ncia de frac\u00e0s escolar a trav\u00e9s del coaching i del mentoring.<br \/>\nPer a m\u00e9s informaci\u00f3, contacteu a <a href=\"mailto:pfi@xtec.cat\">pfi@xtec.cat<\/a><br \/>\n&nbsp;<br \/>\n&nbsp;<\/p>\n","protected":false},"author":1,"featured_media":0,"parent":9326,"menu_order":0,"comment_status":"closed","ping_status":"closed","template":"","meta":{"_bbp_topic_count":0,"_bbp_reply_count":0,"_bbp_total_topic_count":0,"_bbp_total_reply_count":0,"_bbp_voice_count":0,"_bbp_anonymous_reply_count":0,"_bbp_topic_count_hidden":0,"_bbp_reply_count_hidden":0,"_bbp_forum_subforum_count":0,"footnotes":""},"class_list":["post-10253","page","type-page","status-publish","hentry"],"post_mailing_queue_ids":[],"_links":{"self":[{"href":"https:\/\/projectes.xtec.cat\/pfi\/wp-json\/wp\/v2\/pages\/10253","targetHints":{"allow":["GET"]}}],"collection":[{"href":"https:\/\/projectes.xtec.cat\/pfi\/wp-json\/wp\/v2\/pages"}],"about":[{"href":"https:\/\/projectes.xtec.cat\/pfi\/wp-json\/wp\/v2\/types\/page"}],"author":[{"embeddable":true,"href":"https:\/\/projectes.xtec.cat\/pfi\/wp-json\/wp\/v2\/users\/1"}],"replies":[{"embeddable":true,"href":"https:\/\/projectes.xtec.cat\/pfi\/wp-json\/wp\/v2\/comments?post=10253"}],"version-history":[{"count":7,"href":"https:\/\/projectes.xtec.cat\/pfi\/wp-json\/wp\/v2\/pages\/10253\/revisions"}],"predecessor-version":[{"id":20812,"href":"https:\/\/projectes.xtec.cat\/pfi\/wp-json\/wp\/v2\/pages\/10253\/revisions\/20812"}],"up":[{"embeddable":true,"href":"https:\/\/projectes.xtec.cat\/pfi\/wp-json\/wp\/v2\/pages\/9326"}],"wp:attachment":[{"href":"https:\/\/projectes.xtec.cat\/pfi\/wp-json\/wp\/v2\/media?parent=10253"}],"curies":[{"name":"wp","href":"https:\/\/api.w.org\/{rel}","templated":true}]}}