{"id":10264,"date":"2020-09-29T10:48:45","date_gmt":"2020-09-29T08:48:45","guid":{"rendered":"http:\/\/projectes.xtec.cat\/pfi\/?page_id=10264"},"modified":"2025-10-30T10:36:31","modified_gmt":"2025-10-30T09:36:31","slug":"junior-achievement","status":"publish","type":"page","link":"https:\/\/projectes.xtec.cat\/pfi\/projectes\/junior-achievement\/","title":{"rendered":"Jo soc el meu futur"},"content":{"rendered":"<p>Projecte en col\u00b7laboraci\u00f3 amb la <strong>Fundaci\u00f3 Junior Achievement<\/strong>\u00a0orientat a desenvolupar les actituds i les habilitats no cognitives dels joves i que els acompanyar\u00e0 cap a la construcci\u00f3 d&#8217;un <strong><u>Pla Personal de Futur<\/u><\/strong> potenciant el proc\u00e9s de presa de decisions i de resoluci\u00f3 de problemes. Aquest projecte busca promoure la identitat personal i social de cadascun dels estudiants perqu\u00e8 coneguin les seves fortaleses i capacitats d&#8217;adaptaci\u00f3 a les noves situacions que hauran d&#8217;enfrontar al llarg de les seves vides.<\/p>\n<p>Al projecte participen m<span style=\"font-family: inherit; font-size: 1em;\">\u00e9s de 200 professionals d&#8217;empresa i s&#8217;inclouen conf<\/span><span style=\"font-family: inherit; font-size: 1em;\">er\u00e8ncies inspiradores amb ponents de renom.\u00a0<\/span>Aquest curs s&#8217;incorpora un nou bloc d&#8217;ocupabilitat amb el suport de COCA-COLA, on l&#8217;alumnat podr\u00e0 treballar compet\u00e8ncies essencials per a la seva inserci\u00f3 laboral:<u><\/u><u><\/u><\/p>\n<p><img loading=\"lazy\" decoding=\"async\" class=\"an1\" draggable=\"false\" src=\"https:\/\/fonts.gstatic.com\/s\/e\/notoemoji\/16.0\/2705\/72.png\" alt=\"\u2705\" width=\"23\" height=\"23\" data-emoji=\"\u2705\" aria-label=\"\u2705\" \/>\u00a0Elaboraci\u00f3 de CV i carta de motivaci\u00f3<br \/>\n<img loading=\"lazy\" decoding=\"async\" class=\"an1\" draggable=\"false\" src=\"https:\/\/fonts.gstatic.com\/s\/e\/notoemoji\/16.0\/2705\/72.png\" alt=\"\u2705\" width=\"22\" height=\"22\" data-emoji=\"\u2705\" aria-label=\"\u2705\" \/>\u00a0Gesti\u00f3 efica\u00e7 del temps<br \/>\n<img loading=\"lazy\" decoding=\"async\" class=\"an1\" draggable=\"false\" src=\"https:\/\/fonts.gstatic.com\/s\/e\/notoemoji\/16.0\/2705\/72.png\" alt=\"\u2705\" width=\"22\" height=\"22\" data-emoji=\"\u2705\" aria-label=\"\u2705\" \/> Estrat\u00e8gies per afrontar processos de selecci\u00f3<br \/>\n<img loading=\"lazy\" decoding=\"async\" class=\"an1\" draggable=\"false\" src=\"https:\/\/fonts.gstatic.com\/s\/e\/notoemoji\/16.0\/2705\/72.png\" alt=\"\u2705\" width=\"22\" height=\"22\" data-emoji=\"\u2705\" aria-label=\"\u2705\" \/> Eines per potenciar habilitats professionals i presa de decisions<\/p>\n<h3><strong style=\"color: #ffffff;\"><img loading=\"lazy\" decoding=\"async\" class=\"alignleft\" src=\"https:\/\/st2.depositphotos.com\/5266903\/7831\/i\/450\/depositphotos_78310736-stock-photo-information-flat-soft-blue-color.jpg\" alt=\"Informaci\u00f3n plana icono de color azul Vector de stock #78309224 de \u00a9ahasoft\" width=\"72\" height=\"72\" \/><\/strong><strong><span style=\"color: #0000ff;\"><a style=\"color: #0000ff;\" href=\"https:\/\/drive.google.com\/file\/d\/1trx7bLphZ4p6f7Ci3E-jeZ40zQzWpLeA\/view\"><span style=\"color: #3366ff;\">Accedeix a la informaci\u00f3 del projecte<\/span><\/a><\/span><\/strong><br \/>\n<strong><span style=\"color: #3366ff;\"><a style=\"color: #3366ff;\" href=\"https:\/\/drive.google.com\/file\/d\/1caQTW6H8GpywyLAvvZcwvh9mILv3TrDt\/view\">Preguntes freq\u00fcents<\/a><\/span><\/strong><\/h3>\n<p>&nbsp;<\/p>\n<p><strong>Informacions inici projecte curs 2025-2026\u00a0 <span style=\"color: #ff0000;\">NOU!<\/span><\/strong><\/p>\n<p><strong>\u00a0<b><img loading=\"lazy\" decoding=\"async\" class=\"an1\" draggable=\"false\" src=\"https:\/\/fonts.gstatic.com\/s\/e\/notoemoji\/16.0\/1f4cc\/72.png\" alt=\"\ud83d\udccc\" width=\"31\" height=\"31\" data-emoji=\"\ud83d\udccc\" aria-label=\"\ud83d\udccc\" \/><\/b><b><a href=\"https:\/\/www.youtube.com\/watch?v=fY_APRJDkRw\"> Sessi\u00f3 informativa 2-10-2025 enregistrada<\/a><\/b><\/strong><\/p>\n<p><img loading=\"lazy\" decoding=\"async\" class=\"an1\" style=\"font-family: inherit; font-size: 1em;\" draggable=\"false\" src=\"https:\/\/fonts.gstatic.com\/s\/e\/notoemoji\/16.0\/270d_fe0f\/72.png\" alt=\"\u270d\ufe0f\" width=\"30\" height=\"30\" data-emoji=\"\u270d\ufe0f\" aria-label=\"\u270d\ufe0f\" \/><span style=\"font-family: inherit; font-size: 1em;\">\u00a0<\/span><a href=\"https:\/\/zshake.fundacionjaes.org\/local\/tutorsignup\/tutorsignup.php?code=docente2526\"><b style=\"font-family: inherit; font-size: 1em;\">Inscripci\u00f3 al projecte<\/b><\/a><\/p>\n<p>Contacte:\u00a0<a id=\"gmail-menur3gp\" class=\"gmail-fui-Link gmail-___1q1shib gmail-f2hkw1w gmail-f3rmtva gmail-f1ewtqcl gmail-fyind8e gmail-f1k6fduh gmail-f1w7gpdv gmail-fk6fouc gmail-fjoy568 gmail-figsok6 gmail-f1s184ao gmail-f1mk8lai gmail-fnbmjn9 gmail-f1o700av gmail-f13mvf36 gmail-f1cmlufx gmail-f9n3di6 gmail-f1ids18y gmail-f1tx3yz7 gmail-f1deo86v gmail-f1eh06m1 gmail-f1iescvh gmail-fhgqx19 gmail-f1olyrje gmail-f1p93eir gmail-f1nev41a gmail-f1h8hb77 gmail-f1lqvz6u gmail-f10aw75t gmail-fsle3fq gmail-f17ae5zn\" title=\"mailto:yosoymifuturo@fundacionjaes.org\" href=\"mailto:yosoymifuturo@fundacionjaes.org\" target=\"_blank\" rel=\"noreferrer noopener\" aria-label=\"Enlla\u00e7 yosoymifuturo@fundacionjaes.org\">yosoymifuturo@fundacionjaes.org<\/a><\/p>\n<p><a href=\"https:\/\/projectes.xtec.cat\/pfi\/wp-content\/uploads\/usu1781\/2024\/09\/LOGO-JA-2022-3.jpg\"><img loading=\"lazy\" decoding=\"async\" class=\"alignnone wp-image-19282\" src=\"https:\/\/projectes.xtec.cat\/pfi\/wp-content\/uploads\/usu1781\/2024\/09\/LOGO-JA-2022-3-300x153.jpg\" alt=\"\" width=\"180\" height=\"92\" \/><\/a><\/p>\n","protected":false},"excerpt":{"rendered":"<p>Projecte en col\u00b7laboraci\u00f3 amb la Fundaci\u00f3 Junior Achievement\u00a0orientat a desenvolupar les actituds i les habilitats no cognitives dels joves i que els acompanyar\u00e0 cap a la construcci\u00f3 d&#8217;un Pla Personal de Futur potenciant el proc\u00e9s de presa de decisions i de resoluci\u00f3 de problemes. Aquest&hellip;  <a href=\"https:\/\/projectes.xtec.cat\/pfi\/projectes\/junior-achievement\/\" title=\"Read Jo soc el meu futur\">Llegeix m\u00e9s\u00bb<\/a><\/p>\n","protected":false},"author":1,"featured_media":0,"parent":9326,"menu_order":0,"comment_status":"closed","ping_status":"closed","template":"","meta":{"_bbp_topic_count":0,"_bbp_reply_count":0,"_bbp_total_topic_count":0,"_bbp_total_reply_count":0,"_bbp_voice_count":0,"_bbp_anonymous_reply_count":0,"_bbp_topic_count_hidden":0,"_bbp_reply_count_hidden":0,"_bbp_forum_subforum_count":0,"footnotes":""},"class_list":["post-10264","page","type-page","status-publish","hentry"],"post_mailing_queue_ids":[],"_links":{"self":[{"href":"https:\/\/projectes.xtec.cat\/pfi\/wp-json\/wp\/v2\/pages\/10264","targetHints":{"allow":["GET"]}}],"collection":[{"href":"https:\/\/projectes.xtec.cat\/pfi\/wp-json\/wp\/v2\/pages"}],"about":[{"href":"https:\/\/projectes.xtec.cat\/pfi\/wp-json\/wp\/v2\/types\/page"}],"author":[{"embeddable":true,"href":"https:\/\/projectes.xtec.cat\/pfi\/wp-json\/wp\/v2\/users\/1"}],"replies":[{"embeddable":true,"href":"https:\/\/projectes.xtec.cat\/pfi\/wp-json\/wp\/v2\/comments?post=10264"}],"version-history":[{"count":7,"href":"https:\/\/projectes.xtec.cat\/pfi\/wp-json\/wp\/v2\/pages\/10264\/revisions"}],"predecessor-version":[{"id":20686,"href":"https:\/\/projectes.xtec.cat\/pfi\/wp-json\/wp\/v2\/pages\/10264\/revisions\/20686"}],"up":[{"embeddable":true,"href":"https:\/\/projectes.xtec.cat\/pfi\/wp-json\/wp\/v2\/pages\/9326"}],"wp:attachment":[{"href":"https:\/\/projectes.xtec.cat\/pfi\/wp-json\/wp\/v2\/media?parent=10264"}],"curies":[{"name":"wp","href":"https:\/\/api.w.org\/{rel}","templated":true}]}}