{"id":12438,"date":"2021-07-14T13:43:31","date_gmt":"2021-07-14T11:43:31","guid":{"rendered":"http:\/\/projectes.xtec.cat\/pfi\/?page_id=12438"},"modified":"2021-07-14T13:43:31","modified_gmt":"2021-07-14T11:43:31","slug":"families-professionals","status":"publish","type":"page","link":"https:\/\/projectes.xtec.cat\/pfi\/families-professionals\/","title":{"rendered":"Fam\u00edlies Professionals"},"content":{"rendered":"\t\t\t\t\t\t<style>\r\n\t\t\t\t\r\n\t\t\t\t\t#tab_container_12437 {\r\n\toverflow:hidden;\r\n\tdisplay:block;\r\n\twidth:100%;\r\n\tborder:0px solid #ddd;\r\n\tmargin-bottom:30px;\r\n\t}\r\n\r\n#tab_container_12437 .tab-content{\r\n\tpadding:20px;\r\n\tborder: 1px solid #e6e6e6 !important;\r\n\tmargin-top: 0px;\r\n\tbackground-color:#ffffff !important;\r\n\tcolor: #000000 !important;\r\n\tfont-size:16px !important;\r\n\tfont-family: Arial !important;\r\n\t\r\n\t\tborder: 1px solid #e6e6e6 !important;\r\n\t}\r\n#tab_container_12437 .wpsm_nav-tabs {\r\n    border-bottom: 0px solid #ddd;\r\n}\r\n#tab_container_12437 .wpsm_nav-tabs > li.active > a, #tab_container_12437 .wpsm_nav-tabs > li.active > a:hover, #tab_container_12437 .wpsm_nav-tabs > li.active > a:focus {\r\n\tcolor: #1e73be !important;\r\n\tcursor: default;\r\n\tbackground-color: #ffffff !important;\r\n\tborder: 1px solid #e6e6e6 !important;\r\n}\r\n\r\n#tab_container_12437 .wpsm_nav-tabs > li > a {\r\n    margin-right: 0px !important; \r\n    line-height: 1.42857143 !important;\r\n    border: 1px solid #0b60ab !important;\r\n    border-radius: 0px 0px 0 0 !important; \r\n\tbackground-color: #1e73be !important;\r\n\tcolor: #ffffff !important;\r\n\tpadding: 15px 18px 15px 18px !important;\r\n\ttext-decoration: none !important;\r\n\tfont-size: 16px !important;\r\n\ttext-align:center !important;\r\n\tfont-family: Arial !important;\r\n}\r\n#tab_container_12437 .wpsm_nav-tabs > li > a:focus {\r\noutline: 0px !important;\r\n}\r\n\r\n#tab_container_12437 .wpsm_nav-tabs > li > a:before {\r\n\tdisplay:none !important;\r\n}\r\n#tab_container_12437 .wpsm_nav-tabs > li > a:after {\r\n\tdisplay:none !important ;\r\n}\r\n#tab_container_12437 .wpsm_nav-tabs > li{\r\npadding:0px !important ;\r\nmargin:0px;\r\n}\r\n\r\n#tab_container_12437 .wpsm_nav-tabs > li > a:hover , #tab_container_12437 .wpsm_nav-tabs > li > a:focus {\r\n    color: #ffffff !important;\r\n    background-color: #1e73be !important;\r\n\tborder: 1px solid #0b60ab !important;\r\n\t\r\n}\r\n#tab_container_12437 .wpsm_nav-tabs > li > a .fa{\r\n\r\nmargin-right:5px !important;\r\n\r\nmargin-left:5px !important;\r\n\r\n\r\n}\r\n\r\n\t\t#tab_container_12437 .wpsm_nav-tabs a{\r\n\t\t\tbackground-image: url(https:\/\/projectes.xtec.cat\/pfi\/wp-content\/plugins\/tabs-responsive\/assets\/images\/style-soft.png);\r\n\t\t\tbackground-position: 0 0;\r\n\t\t\tbackground-repeat: repeat-x;\r\n\t\t}\r\n\t\t\t\r\n\r\n\r\n#tab_container_12437 .wpsm_nav-tabs > li {\r\n    float: left;\r\n    margin-bottom: -1px !important;\r\n\tmargin-right:0px !important; \r\n}\r\n\r\n\r\n#tab_container_12437 .tab-content{\r\noverflow:hidden !important;\r\n}\r\n\r\n\r\n@media (min-width: 769px) {\r\n\r\n\t#tab_container_12437 .wpsm_nav-tabs > li{\r\n\t\tfloat:left !important ;\r\n\t\t\t\tmargin-right:-1px !important;\r\n\t\t\t\t\t}\r\n\t#tab_container_12437 .wpsm_nav-tabs{\r\n\t\tfloat:none !important;\r\n\t\tmargin:0px !important;\r\n\t}\r\n\r\n\t#tab_container_12437 .wpsm_nav-tabs > li {\r\n\t\t\t\t\r\n\t}\r\n\t#tab_container_12437 .wpsm_nav{\r\n\t\t\t}\r\n\r\n}\r\n\r\n\r\n\r\n@media (max-width: 768px) {\r\n\t#tab_container_12437 .wpsm_nav-tabs > li {\r\n\t\t\t\t\r\n\t}\r\n\t#tab_container_12437 .wpsm_nav{\r\n\t\t\t}\r\n}\r\n\r\n\r\n\t.wpsm_nav-tabs li:before{\r\n\t\tdisplay:none !important;\r\n\t}\r\n\r\n\t@media (max-width: 768px) {\r\n\t\t\t\t\r\n\t\t\t\t.wpsm_nav-tabs{\r\n\t\t\tmargin-left:0px !important;\r\n\t\t\tmargin-right:0px !important; \r\n\t\t\t\r\n\t\t}\r\n\t\t\t\t#tab_container_12437 .wpsm_nav-tabs > li{\r\n\t\t\tfloat:none !important;\r\n\t\t}\r\n\t\t\t\r\n\t}\t\t\t\t<\/style>\r\n\t\t\t\t<div id=\"tab_container_12437\" >\r\n\t \r\n\t\t\t\t\t<ul class=\"wpsm_nav wpsm_nav-tabs\" role=\"tablist\" id=\"myTab_12437\">\r\n\t\t\t\t\t\t\t\r\n\t\t\t\t\t\t\t<li role=\"presentation\"  class=\"active\"  onclick=\"do_resize()\">\r\n\r\n\t\t\t\t\t\t\t\t<!-- XTEC ************ MODIFICAT - Disable scrolling on tab change. Fixes error in option \"Tabs Description Animation\" -->\r\n\t\t\t\t\t\t\t\t<!-- 2021.12.01 @aginard -->\r\n\t\t\t\t\t\t\t\t<a href=\"javascript:void(0);\" aria-controls=\"tabs_desc_12437_1\" role=\"tab\" data-toggle=\"tab\" data-target=\"#tabs_desc_12437_1\">\r\n\t\t\t\t\t\t\t\t<!-- ORIGINAL\r\n\t\t\t\t\t\t\t\t<a href=\"#tabs_desc_12437_1\" aria-controls=\"tabs_desc_12437_1\" role=\"tab\" data-toggle=\"tab\">\r\n\t\t\t\t\t\t\t\t-->\r\n\t\t\t\t\t\t\t\t<!-- ************ FI -->\r\n\t\t\t\t\t\t\t\t\t\r\n\t\t\t\t\t\t\t\t\t\t\t\t\t\t\t\t\t\t\t\t\t\t\t\t\t\t\t\t\t\t\t<i class=\"fa fa-caret-square-o-right\"><\/i> \t\t\t\t\t\t\t\t\t\t\t\t\t\t\t\t\t\t\t\r\n\t\t\t\t\t\t\t\t\t\t\t\t\t\t\t\t\t\t\r\n\t\t\t\t\t\t\t\t\t<span>Instal\u00b7laci\u00f3 i manteniment<\/span>\r\n\t\t\t\t\t\t\t\t\t\r\n\t\t\t\t\t\t\t\t\t\t\t\t\t\t\t\t\t\t\r\n\t\t\t\t\t\t\t\t\t\t\t\t\t\t\t\t\t\t\t\t\r\n\t\t\t\t\t\t\t\t\t\r\n\t\t\t\t\t\t\t\t<\/a>\r\n\t\t\t\t\t\t\t<\/li>\r\n\t\t\t\t\t\t\t\t\t\t\t <\/ul>\r\n\r\n\t\t\t\t\t  <!-- Tab panes -->\r\n\t\t\t\t\t  <div class=\"tab-content\" id=\"tab-content_12437\">\r\n\t\t\t\t\t\t\t\t\t\t\t\t <div role=\"tabpanel\" class=\"tab-pane  in active \" id=\"tabs_desc_12437_1\">\r\n\t\t\t\t\t\t\t\t<p><strong>Noves tecnologies d'efici\u00e8ncia energ\u00e8tica\u00a0<\/strong><\/p>\n<p>Curs que treballa l'aerot\u00e8rmia dom\u00e8stica i l'energia solar fotovoltaica. La formaci\u00f3 es va realitzar a la plataforma de formaci\u00f3 de l'empresa Saltoki, amb els seg\u00fcents objectius de treball:<\/p>\n<p>- Actualitzar coneixements en tecnologies de l'efici\u00e8ncia energ\u00e8tica: aerot\u00e8rmia dom\u00e8stica i energia solar fotovoltaica.<br \/>\n- Con\u00e8ixer qu\u00e8 \u00e9s l'aerot\u00e8rmia i com funciona.<br \/>\n- Con\u00e8ixer qu\u00e8 \u00e9s l'energia solar fotovoltaica i com funciona.<br \/>\n- Con\u00e8ixer els equips, accessoris i complements necessaris per realitzar una instal\u00b7laci\u00f3 integral.<\/p>\n<p>Consulteu els enlla\u00e7os dels materials del curs:<\/p>\n<ul>\n<li>\n<div><a href=\"https:\/\/drive.google.com\/drive\/u\/1\/folders\/1_LG21jOGscT3ucxAqTWXM0HdjQc12UQU\">Aerotermia<\/a><\/div>\n<\/li>\n<li>\n<div><a href=\"https:\/\/drive.google.com\/drive\/u\/1\/folders\/1qIaktNs0gMnOOy6Op-9oMlKGNKSVDtP\">Energia Solar Fotovoltaica<\/a><\/div>\n<\/li>\n<li>\n<div><a href=\"https:\/\/drive.google.com\/drive\/u\/1\/folders\/1qIaktNs0gMnOOy6Op-9oMlKGNKSVDtP\">Activitats d'ensenyament - aprenentatge<\/a><\/div>\n<\/li>\n<\/ul>\n\t\t\t\t\t\t <\/div>\r\n\t\t\t\t\t\t\t\r\n\t\t\t\t\t <\/div>\r\n\t\t\t\t\t \r\n\t\t\t\t <\/div>\r\n <script>\r\n\t\tjQuery(function () {\r\n\t\t\tjQuery('#myTab_12437 a:first').tab('show')\r\n\t\t});\r\n\t\t\r\n\t\t\r\n\r\n\t\tfunction do_resize(){\r\n\r\n\t\t\tvar width=jQuery( '.tab-content .tab-pane iframe' ).width();\r\n\t\t\tvar height=jQuery( '.tab-content .tab-pane iframe' ).height();\r\n\r\n\t\t\tvar toggleSize = true;\r\n\t\t\tjQuery('iframe').animate({\r\n\t\t\t    width: toggleSize ? width : 640,\r\n\t\t\t    height: toggleSize ? height : 360\r\n\t\t\t  }, 250);\r\n\r\n\t\t\t  toggleSize = !toggleSize;\r\n\t\t}\r\n\r\n\r\n\t<\/script>\r\n\t\t\t\t\r\n\t\t\t\n","protected":false},"excerpt":{"rendered":"","protected":false},"author":1,"featured_media":0,"parent":0,"menu_order":4,"comment_status":"closed","ping_status":"closed","template":"","meta":{"_bbp_topic_count":0,"_bbp_reply_count":0,"_bbp_total_topic_count":0,"_bbp_total_reply_count":0,"_bbp_voice_count":0,"_bbp_anonymous_reply_count":0,"_bbp_topic_count_hidden":0,"_bbp_reply_count_hidden":0,"_bbp_forum_subforum_count":0,"footnotes":""},"class_list":["post-12438","page","type-page","status-publish","hentry"],"post_mailing_queue_ids":[],"_links":{"self":[{"href":"https:\/\/projectes.xtec.cat\/pfi\/wp-json\/wp\/v2\/pages\/12438","targetHints":{"allow":["GET"]}}],"collection":[{"href":"https:\/\/projectes.xtec.cat\/pfi\/wp-json\/wp\/v2\/pages"}],"about":[{"href":"https:\/\/projectes.xtec.cat\/pfi\/wp-json\/wp\/v2\/types\/page"}],"author":[{"embeddable":true,"href":"https:\/\/projectes.xtec.cat\/pfi\/wp-json\/wp\/v2\/users\/1"}],"replies":[{"embeddable":true,"href":"https:\/\/projectes.xtec.cat\/pfi\/wp-json\/wp\/v2\/comments?post=12438"}],"version-history":[{"count":1,"href":"https:\/\/projectes.xtec.cat\/pfi\/wp-json\/wp\/v2\/pages\/12438\/revisions"}],"predecessor-version":[{"id":12439,"href":"https:\/\/projectes.xtec.cat\/pfi\/wp-json\/wp\/v2\/pages\/12438\/revisions\/12439"}],"wp:attachment":[{"href":"https:\/\/projectes.xtec.cat\/pfi\/wp-json\/wp\/v2\/media?parent=12438"}],"curies":[{"name":"wp","href":"https:\/\/api.w.org\/{rel}","templated":true}]}}