{"id":16745,"date":"2023-04-25T11:02:45","date_gmt":"2023-04-25T09:02:45","guid":{"rendered":"https:\/\/projectes.xtec.cat\/pfi\/?page_id=16745"},"modified":"2026-01-29T16:30:55","modified_gmt":"2026-01-29T15:30:55","slug":"el-ptt","status":"publish","type":"page","link":"https:\/\/projectes.xtec.cat\/pfi\/el-ptt\/","title":{"rendered":"El PTT"},"content":{"rendered":"<p><span style=\"font-weight: 400;\">Els Plans de Transici\u00f3 al Treball (PTT) s\u00f3n una modalitat dels Programes de formaci\u00f3 i inserci\u00f3, i com la resta de modalitats dels programes, s\u2019adrecen a joves d\u2019entre setze a vint-i-un anys que han deixat l\u2019educaci\u00f3 secund\u00e0ria obligat\u00f2ria sense haver obtingut la corresponent titulaci\u00f3.<\/span><\/p>\n<p><span style=\"font-weight: 400;\">Es fonamenten en els <\/span><b>convenis de col\u00b7laboraci\u00f3 <\/b><span style=\"font-weight: 400;\">subscrits pel Departament d&#8217;Educaci\u00f3 i Formaci\u00f3 Professional i les administracions locals on les dues parts aporten recursos humans, espais, equipaments i materials.\u00a0<\/span><\/p>\n<p><span style=\"font-weight: 400;\">S\u00f3n programes implantats sempre a un institut de refer\u00e8ncia del qual formen part els alumnes.<\/span><\/p>\n<h5 style=\"padding-left: 40px;\"><strong>Els or\u00edgens\u00a0<\/strong><\/h5>\n<h6><b>El Pla de Transici\u00f3 al Treball: una traject\u00f2ria de m\u00e9s de 35 anys<\/b><\/h6>\n<p><span style=\"font-weight: 400;\">Durant els anys vuitanta es va dur a terme un important proc\u00e9s de reforma educativa que tenia per objectiu actualitzar el sistema escolar per adaptar-lo als canvis de fons que havia experimentat la nostra societat. <\/span><span style=\"font-weight: 400;\">Es va comen\u00e7ar a plantejar la necessitat d\u2019oferir un recurs formatiu al jovent, major de 16 anys, que havien deixat els centres de secund\u00e0ria sense obtenir una acreditaci\u00f3 acad\u00e8mica, a fi d\u2019afavorir la seva inserci\u00f3 social i professional.<\/span><\/p>\n<p><span style=\"font-weight: 400;\">En aquest context, es volia crear un programa que desenvolup\u00e9s noves vies de formaci\u00f3 i aprenentatge i permet\u00e9s a aquest jovent iniciar un itinerari de transici\u00f3 cap al m\u00f3n laboral. L\u2019objectiu era tant aconseguir la seva inserci\u00f3 laboral com motivar-lo per a continuar la formaci\u00f3, mitjan\u00e7ant un seguiment individualitzat per ajudar a cada jove a definir i desenvolupar el seu propi projecte.<\/span><\/p>\n<p><span style=\"font-weight: 400;\">Amb aquesta finalitat, l\u2019any 1986 el Departament d\u2019Educaci\u00f3 i Formaci\u00f3 Professional i l\u2019Ajuntament de Barcelona van organitzar conjuntament, a la Zona Franca de Barcelona, el primer Pla de Transici\u00f3 al Treball (PTT). Hi van participar 53 joves, que van desenvolupar un programa basat en l\u2019orientaci\u00f3 professional, la motivaci\u00f3 per la formaci\u00f3, el coneixement de l\u2019entorn productiu i laboral i l&#8217;acompanyament en el proc\u00e9s d\u2019inserci\u00f3 laboral.<\/span><\/p>\n<p><i><span style=\"font-weight: 400;\">Font: El Pla de Transici\u00f3 al Treball: 20 anys d\u2019experi\u00e8ncia i perspectives de futur. <\/span><\/i><i><span style=\"font-weight: 400;\">Generalitat de Catalunya. Departament d\u2019Educaci\u00f3. edu. Servei de Difusi\u00f3 i Publicacions.<\/span><\/i><\/p>\n<h5><strong><i>Evoluci\u00f3 del nombre de PTTs<\/i><\/strong><\/h5>\n<p><a href=\"https:\/\/projectes.xtec.cat\/pfi\/wp-content\/uploads\/usu1781\/2026\/01\/NODEScurs25-26Objectius_Numero-de-PTTs-1.png\"><img loading=\"lazy\" decoding=\"async\" class=\"aligncenter wp-image-20971 size-full\" src=\"https:\/\/projectes.xtec.cat\/pfi\/wp-content\/uploads\/usu1781\/2026\/01\/NODEScurs25-26Objectius_Numero-de-PTTs-1.png\" alt=\"\" width=\"960\" height=\"540\" srcset=\"https:\/\/projectes.xtec.cat\/pfi\/wp-content\/uploads\/usu1781\/2026\/01\/NODEScurs25-26Objectius_Numero-de-PTTs-1.png 960w, https:\/\/projectes.xtec.cat\/pfi\/wp-content\/uploads\/usu1781\/2026\/01\/NODEScurs25-26Objectius_Numero-de-PTTs-1-300x169.png 300w, https:\/\/projectes.xtec.cat\/pfi\/wp-content\/uploads\/usu1781\/2026\/01\/NODEScurs25-26Objectius_Numero-de-PTTs-1-768x432.png 768w\" sizes=\"auto, (max-width: 960px) 100vw, 960px\" \/><\/a><\/p>\n<p>&nbsp;<\/p>\n","protected":false},"excerpt":{"rendered":"<p>Els Plans de Transici\u00f3 al Treball (PTT) s\u00f3n una modalitat dels Programes de formaci\u00f3 i inserci\u00f3, i com la resta de modalitats dels programes, s\u2019adrecen a joves d\u2019entre setze a vint-i-un anys que han deixat l\u2019educaci\u00f3 secund\u00e0ria obligat\u00f2ria sense haver obtingut la corresponent titulaci\u00f3.<br \/>\nEs fonamenten&hellip;  <a href=\"https:\/\/projectes.xtec.cat\/pfi\/el-ptt\/\" title=\"Read El PTT\">Llegeix m\u00e9s\u00bb<\/a><\/p>\n","protected":false},"author":1,"featured_media":0,"parent":0,"menu_order":0,"comment_status":"closed","ping_status":"closed","template":"","meta":{"_bbp_topic_count":0,"_bbp_reply_count":0,"_bbp_total_topic_count":0,"_bbp_total_reply_count":0,"_bbp_voice_count":0,"_bbp_anonymous_reply_count":0,"_bbp_topic_count_hidden":0,"_bbp_reply_count_hidden":0,"_bbp_forum_subforum_count":0,"footnotes":""},"class_list":["post-16745","page","type-page","status-publish","hentry"],"post_mailing_queue_ids":[],"_links":{"self":[{"href":"https:\/\/projectes.xtec.cat\/pfi\/wp-json\/wp\/v2\/pages\/16745","targetHints":{"allow":["GET"]}}],"collection":[{"href":"https:\/\/projectes.xtec.cat\/pfi\/wp-json\/wp\/v2\/pages"}],"about":[{"href":"https:\/\/projectes.xtec.cat\/pfi\/wp-json\/wp\/v2\/types\/page"}],"author":[{"embeddable":true,"href":"https:\/\/projectes.xtec.cat\/pfi\/wp-json\/wp\/v2\/users\/1"}],"replies":[{"embeddable":true,"href":"https:\/\/projectes.xtec.cat\/pfi\/wp-json\/wp\/v2\/comments?post=16745"}],"version-history":[{"count":6,"href":"https:\/\/projectes.xtec.cat\/pfi\/wp-json\/wp\/v2\/pages\/16745\/revisions"}],"predecessor-version":[{"id":20972,"href":"https:\/\/projectes.xtec.cat\/pfi\/wp-json\/wp\/v2\/pages\/16745\/revisions\/20972"}],"wp:attachment":[{"href":"https:\/\/projectes.xtec.cat\/pfi\/wp-json\/wp\/v2\/media?parent=16745"}],"curies":[{"name":"wp","href":"https:\/\/api.w.org\/{rel}","templated":true}]}}