{"id":16805,"date":"2023-04-25T13:07:16","date_gmt":"2023-04-25T11:07:16","guid":{"rendered":"https:\/\/projectes.xtec.cat\/pfi\/?page_id=16805"},"modified":"2026-01-26T16:38:19","modified_gmt":"2026-01-26T15:38:19","slug":"informacio","status":"publish","type":"page","link":"https:\/\/projectes.xtec.cat\/pfi\/informacio\/","title":{"rendered":"Informaci\u00f3"},"content":{"rendered":"<p><span style=\"font-weight: 400;\">Per rebre informaci\u00f3 sobre el model PTT:<\/span><\/p>\n<h4><span style=\"color: #0077a2;\"><b>Serveis Territorials<\/b><\/span><\/h4>\n<ul>\n<li><strong>Alt Pirineu i Aran: <\/strong>Pla\u00e7a de la Creu, 1 (Tremp). Adre\u00e7a electr\u00f2nica:\u00a0<a title=\"B\u00fastia electr\u00f2nica\" href=\"mailto:st_apa.educacio@gencat.cat\">st_apa.educacio@gencat.cat<\/a><\/li>\n<li><b>Baix Llobregat:<\/b><span style=\"font-weight: 400;\"> Av. Laure\u00e0 Mir\u00f3, 328 (St. Feliu de Llobregat). Tel. 936 859 450. Ext. 6228<\/span><\/li>\n<li><b>Barcelon\u00e8s:<\/b><span style=\"font-weight: 400;\"> Edifici de l&#8217;Ag\u00e8ncia Tribut\u00e0ria de Catalunya (2a planta) Passeig de la Zona Franca, 46 Tel. 934 816 000. Ext. 5302<\/span><\/li>\n<li><b>Catalunya Central:<\/b><span style=\"font-weight: 400;\"> Ctra. de Vic, 175 (Manresa). Tel. 936 930 590. Ext. 7062<\/span><\/li>\n<li><b>Girona:<\/b><span style=\"font-weight: 400;\"> Pl. de Pompeu Fabra, 1 (Girona). Tel. 872 975 564<\/span><\/li>\n<li><b>Lleida: <\/b><span style=\"font-weight: 400;\">C. de la Pica d\u2019Estats, 2 (Lleida). Tel. 973 279 999. Ext. 5884<\/span><\/li>\n<li><b>Maresme-Vall\u00e8s Oriental:<\/b><span style=\"font-weight: 400;\"> C. Churruca, 90 (Matar\u00f3). Tel. 936 931 890. Ext. 6488<\/span><\/li>\n<li><strong><strong>Pened\u00e8s: <\/strong><\/strong>Carrer d&#8217;Olesa de Bonesvalls, 8 (Vilanova i la Geltr\u00fa). Adre\u00e7a electr\u00f2nica: <a style=\"font-family: inherit; font-size: 1em;\" href=\"mailto:st_pen.educacio@gencat.cat\">st_pen.educacio@gencat.cat<\/a><\/li>\n<li><b>Tarragona:<\/b><span style=\"font-weight: 400;\"> C. de Sant Francesc, 7 (Tarragona). Tel 977 251 440. Ext. 5010<\/span><\/li>\n<li><b>Terres de l\u2019Ebre:<\/b><span style=\"font-weight: 400;\"> C. de la Provid\u00e8ncia, 5-9 (Tortosa). Tel. 977 448 711. Ext. 5247<\/span><\/li>\n<li><b>Vall\u00e8s Occidental:<\/b><span style=\"font-weight: 400;\"> Av. del Marqu\u00e8s de Comillas, 67-69 (Sabadell). Tel. 937 484 455. Ext. 6103<\/span><\/li>\n<\/ul>\n<h4><span style=\"color: #0077a2;\"><b>Departament d\u2019Educaci\u00f3<\/b><\/span><\/h4>\n<p><span style=\"font-weight: 400;\">Via Augusta, 202-226 (Barcelona). Tel. 934 006 900<\/span><br \/>\n<a href=\"mailto:pfi.educacio@gencat.cat\"><span style=\"font-weight: 400;\">pfi.educacio@gencat.cat<\/span><\/a><br \/>\n<a href=\"mailto:xarxespfi@xtec.cat\"><span style=\"font-weight: 400;\">xarxespfi@xtec.cat<\/span><\/a><span style=\"font-weight: 400;\"><br \/>\n<\/span><\/p>\n<p>&nbsp;<\/p>\n","protected":false},"excerpt":{"rendered":"<p>Per rebre informaci\u00f3 sobre el model PTT:<br \/>\nServeis Territorials<\/p>\n<ul>\n<li>Alt Pirineu i Aran: Pla\u00e7a de la Creu, 1 (Tremp). Adre\u00e7a electr\u00f2nica:\u00a0<a title=\"B\u00fastia electr\u00f2nica\" href=\"mailto:st_apa.educacio@gencat.cat\">st_apa.educacio@gencat.cat<\/a><\/li>\n<li>Baix Llobregat: Av. Laure\u00e0 Mir\u00f3, 328 (St. Feliu de Llobregat). Tel. 936 859 450. Ext. 6228<\/li>\n<li>Barcelon\u00e8s: Edifici de l&#8217;Ag\u00e8ncia Tribut\u00e0ria de Catalunya (2a planta)&hellip;  <a href=\"https:\/\/projectes.xtec.cat\/pfi\/informacio\/\" title=\"Read Informaci\u00f3\">Llegeix m\u00e9s\u00bb<\/a><br \/>\n","protected":false},"author":1,"featured_media":0,"parent":0,"menu_order":0,"comment_status":"closed","ping_status":"closed","template":"","meta":{"_bbp_topic_count":0,"_bbp_reply_count":0,"_bbp_total_topic_count":0,"_bbp_total_reply_count":0,"_bbp_voice_count":0,"_bbp_anonymous_reply_count":0,"_bbp_topic_count_hidden":0,"_bbp_reply_count_hidden":0,"_bbp_forum_subforum_count":0,"footnotes":""},"class_list":["post-16805","page","type-page","status-publish","hentry"],"post_mailing_queue_ids":[],"_links":{"self":[{"href":"https:\/\/projectes.xtec.cat\/pfi\/wp-json\/wp\/v2\/pages\/16805","targetHints":{"allow":["GET"]}}],"collection":[{"href":"https:\/\/projectes.xtec.cat\/pfi\/wp-json\/wp\/v2\/pages"}],"about":[{"href":"https:\/\/projectes.xtec.cat\/pfi\/wp-json\/wp\/v2\/types\/page"}],"author":[{"embeddable":true,"href":"https:\/\/projectes.xtec.cat\/pfi\/wp-json\/wp\/v2\/users\/1"}],"replies":[{"embeddable":true,"href":"https:\/\/projectes.xtec.cat\/pfi\/wp-json\/wp\/v2\/comments?post=16805"}],"version-history":[{"count":5,"href":"https:\/\/projectes.xtec.cat\/pfi\/wp-json\/wp\/v2\/pages\/16805\/revisions"}],"predecessor-version":[{"id":20963,"href":"https:\/\/projectes.xtec.cat\/pfi\/wp-json\/wp\/v2\/pages\/16805\/revisions\/20963"}],"wp:attachment":[{"href":"https:\/\/projectes.xtec.cat\/pfi\/wp-json\/wp\/v2\/media?parent=16805"}],"curies":[{"name":"wp","href":"https:\/\/api.w.org\/{rel}","templated":true}]}}