{"id":16809,"date":"2023-04-25T13:15:17","date_gmt":"2023-04-25T11:15:17","guid":{"rendered":"https:\/\/projectes.xtec.cat\/pfi\/?page_id=16809"},"modified":"2026-01-26T16:39:40","modified_gmt":"2026-01-26T15:39:40","slug":"sollicitud","status":"publish","type":"page","link":"https:\/\/projectes.xtec.cat\/pfi\/sollicitud\/","title":{"rendered":"Sol\u00b7licitud"},"content":{"rendered":"<p><span style=\"font-weight: 400;\">Pr\u00f2ximament, s&#8217;afegir\u00e0 l&#8217;enlla\u00e7 de la sol\u00b7licitud.\u00a0<\/span><\/p>\n","protected":false},"excerpt":{"rendered":"<p>Pr\u00f2ximament, s&#8217;afegir\u00e0 l&#8217;enlla\u00e7 de la sol\u00b7licitud.\u00a0<\/p>\n","protected":false},"author":1,"featured_media":0,"parent":0,"menu_order":0,"comment_status":"closed","ping_status":"closed","template":"","meta":{"_bbp_topic_count":0,"_bbp_reply_count":0,"_bbp_total_topic_count":0,"_bbp_total_reply_count":0,"_bbp_voice_count":0,"_bbp_anonymous_reply_count":0,"_bbp_topic_count_hidden":0,"_bbp_reply_count_hidden":0,"_bbp_forum_subforum_count":0,"footnotes":""},"class_list":["post-16809","page","type-page","status-publish","hentry"],"post_mailing_queue_ids":[],"_links":{"self":[{"href":"https:\/\/projectes.xtec.cat\/pfi\/wp-json\/wp\/v2\/pages\/16809","targetHints":{"allow":["GET"]}}],"collection":[{"href":"https:\/\/projectes.xtec.cat\/pfi\/wp-json\/wp\/v2\/pages"}],"about":[{"href":"https:\/\/projectes.xtec.cat\/pfi\/wp-json\/wp\/v2\/types\/page"}],"author":[{"embeddable":true,"href":"https:\/\/projectes.xtec.cat\/pfi\/wp-json\/wp\/v2\/users\/1"}],"replies":[{"embeddable":true,"href":"https:\/\/projectes.xtec.cat\/pfi\/wp-json\/wp\/v2\/comments?post=16809"}],"version-history":[{"count":4,"href":"https:\/\/projectes.xtec.cat\/pfi\/wp-json\/wp\/v2\/pages\/16809\/revisions"}],"predecessor-version":[{"id":20964,"href":"https:\/\/projectes.xtec.cat\/pfi\/wp-json\/wp\/v2\/pages\/16809\/revisions\/20964"}],"wp:attachment":[{"href":"https:\/\/projectes.xtec.cat\/pfi\/wp-json\/wp\/v2\/media?parent=16809"}],"curies":[{"name":"wp","href":"https:\/\/api.w.org\/{rel}","templated":true}]}}