{"id":16812,"date":"2023-04-25T13:15:55","date_gmt":"2023-04-25T11:15:55","guid":{"rendered":"https:\/\/projectes.xtec.cat\/pfi\/?page_id=16812"},"modified":"2025-10-30T16:06:17","modified_gmt":"2025-10-30T15:06:17","slug":"acords","status":"publish","type":"page","link":"https:\/\/projectes.xtec.cat\/pfi\/acords\/","title":{"rendered":"Acords"},"content":{"rendered":"<p><span style=\"font-weight: 400;\">Els PTT es duen a terme a partir dels convenis de col\u00b7laboraci\u00f3 entre les administracions locals i el Departament d\u2019Educaci\u00f3 i Formaci\u00f3 Professional . En aquesta fase, els agents implicats acorden qu\u00e8 es recollir\u00e0 al conveni. Els aspectes m\u00e9s rellevants que s\u2019hi detallaran s\u00f3n: l\u2019equip docent necessari per desenvolupar el programa, els espais que s\u2019utilitzen, els materials que aporta cada administraci\u00f3 i qui (administraci\u00f3 local o Departament) proporciona cada aspecte.<\/span><\/p>\n","protected":false},"excerpt":{"rendered":"<p>Els PTT es duen a terme a partir dels convenis de col\u00b7laboraci\u00f3 entre les administracions locals i el Departament d\u2019Educaci\u00f3 i Formaci\u00f3 Professional . En aquesta fase, els agents implicats acorden qu\u00e8 es recollir\u00e0 al conveni. Els aspectes m\u00e9s rellevants que s\u2019hi detallaran s\u00f3n: l\u2019equip&hellip;  <a href=\"https:\/\/projectes.xtec.cat\/pfi\/acords\/\" title=\"Read Acords\">Llegeix m\u00e9s\u00bb<\/a><\/p>\n","protected":false},"author":1,"featured_media":0,"parent":0,"menu_order":0,"comment_status":"closed","ping_status":"closed","template":"","meta":{"_bbp_topic_count":0,"_bbp_reply_count":0,"_bbp_total_topic_count":0,"_bbp_total_reply_count":0,"_bbp_voice_count":0,"_bbp_anonymous_reply_count":0,"_bbp_topic_count_hidden":0,"_bbp_reply_count_hidden":0,"_bbp_forum_subforum_count":0,"footnotes":""},"class_list":["post-16812","page","type-page","status-publish","hentry"],"post_mailing_queue_ids":[],"_links":{"self":[{"href":"https:\/\/projectes.xtec.cat\/pfi\/wp-json\/wp\/v2\/pages\/16812","targetHints":{"allow":["GET"]}}],"collection":[{"href":"https:\/\/projectes.xtec.cat\/pfi\/wp-json\/wp\/v2\/pages"}],"about":[{"href":"https:\/\/projectes.xtec.cat\/pfi\/wp-json\/wp\/v2\/types\/page"}],"author":[{"embeddable":true,"href":"https:\/\/projectes.xtec.cat\/pfi\/wp-json\/wp\/v2\/users\/1"}],"replies":[{"embeddable":true,"href":"https:\/\/projectes.xtec.cat\/pfi\/wp-json\/wp\/v2\/comments?post=16812"}],"version-history":[{"count":4,"href":"https:\/\/projectes.xtec.cat\/pfi\/wp-json\/wp\/v2\/pages\/16812\/revisions"}],"predecessor-version":[{"id":20687,"href":"https:\/\/projectes.xtec.cat\/pfi\/wp-json\/wp\/v2\/pages\/16812\/revisions\/20687"}],"wp:attachment":[{"href":"https:\/\/projectes.xtec.cat\/pfi\/wp-json\/wp\/v2\/media?parent=16812"}],"curies":[{"name":"wp","href":"https:\/\/api.w.org\/{rel}","templated":true}]}}