{"id":16820,"date":"2023-04-25T13:18:55","date_gmt":"2023-04-25T11:18:55","guid":{"rendered":"https:\/\/projectes.xtec.cat\/pfi\/?page_id=16820"},"modified":"2026-01-26T16:41:00","modified_gmt":"2026-01-26T15:41:00","slug":"implantacio","status":"publish","type":"page","link":"https:\/\/projectes.xtec.cat\/pfi\/implantacio\/","title":{"rendered":"Implantaci\u00f3"},"content":{"rendered":"<p><span style=\"font-weight: 400;\">El Departament d&#8217;Educaci\u00f3\u00a0 i Formaci\u00f3 Professional dona suport espec\u00edfic als PFI-PTT mitjan\u00e7ant l&#8217;equip de coordinaci\u00f3 PFI. Aquest equip fa el seguiment dels programes, proporciona suport organitzatiu i pedag\u00f2gic als equips docents, participa en la detecci\u00f3 de les necessitats formatives i en la planificaci\u00f3 de l&#8217;oferta formativa del territori, realitza la coordinaci\u00f3 entre els instituts, els coordinadors territorials d&#8217;FP i les administracions locals i impulsa el treball en xarxa.<\/span><\/p>\n","protected":false},"excerpt":{"rendered":"<p>El Departament d&#8217;Educaci\u00f3\u00a0 i Formaci\u00f3 Professional dona suport espec\u00edfic als PFI-PTT mitjan\u00e7ant l&#8217;equip de coordinaci\u00f3 PFI. Aquest equip fa el seguiment dels programes, proporciona suport organitzatiu i pedag\u00f2gic als equips docents, participa en la detecci\u00f3 de les necessitats formatives i en la planificaci\u00f3 de l&#8217;oferta&hellip;  <a href=\"https:\/\/projectes.xtec.cat\/pfi\/implantacio\/\" title=\"Read Implantaci\u00f3\">Llegeix m\u00e9s\u00bb<\/a><\/p>\n","protected":false},"author":1,"featured_media":0,"parent":0,"menu_order":0,"comment_status":"closed","ping_status":"closed","template":"","meta":{"_bbp_topic_count":0,"_bbp_reply_count":0,"_bbp_total_topic_count":0,"_bbp_total_reply_count":0,"_bbp_voice_count":0,"_bbp_anonymous_reply_count":0,"_bbp_topic_count_hidden":0,"_bbp_reply_count_hidden":0,"_bbp_forum_subforum_count":0,"footnotes":""},"class_list":["post-16820","page","type-page","status-publish","hentry"],"post_mailing_queue_ids":[],"_links":{"self":[{"href":"https:\/\/projectes.xtec.cat\/pfi\/wp-json\/wp\/v2\/pages\/16820","targetHints":{"allow":["GET"]}}],"collection":[{"href":"https:\/\/projectes.xtec.cat\/pfi\/wp-json\/wp\/v2\/pages"}],"about":[{"href":"https:\/\/projectes.xtec.cat\/pfi\/wp-json\/wp\/v2\/types\/page"}],"author":[{"embeddable":true,"href":"https:\/\/projectes.xtec.cat\/pfi\/wp-json\/wp\/v2\/users\/1"}],"replies":[{"embeddable":true,"href":"https:\/\/projectes.xtec.cat\/pfi\/wp-json\/wp\/v2\/comments?post=16820"}],"version-history":[{"count":4,"href":"https:\/\/projectes.xtec.cat\/pfi\/wp-json\/wp\/v2\/pages\/16820\/revisions"}],"predecessor-version":[{"id":20965,"href":"https:\/\/projectes.xtec.cat\/pfi\/wp-json\/wp\/v2\/pages\/16820\/revisions\/20965"}],"wp:attachment":[{"href":"https:\/\/projectes.xtec.cat\/pfi\/wp-json\/wp\/v2\/media?parent=16820"}],"curies":[{"name":"wp","href":"https:\/\/api.w.org\/{rel}","templated":true}]}}