{"id":16824,"date":"2023-04-25T13:26:29","date_gmt":"2023-04-25T11:26:29","guid":{"rendered":"https:\/\/projectes.xtec.cat\/pfi\/?page_id=16824"},"modified":"2023-04-26T09:38:03","modified_gmt":"2023-04-26T07:38:03","slug":"seguiment","status":"publish","type":"page","link":"https:\/\/projectes.xtec.cat\/pfi\/seguiment\/","title":{"rendered":"Seguiment"},"content":{"rendered":"<p><span style=\"font-weight: 400;\">Per al seguiment i coordinaci\u00f3 de les accions previstes en aquest conveni es constitueix una comissi\u00f3, integrada per un representant de totes les administracions implicades. La comissi\u00f3 es reuneix almenys un cop cada curs escolar per coordinar les actuacions i fer-ne el seguiment.<\/span><\/p>\n","protected":false},"excerpt":{"rendered":"<p>Per al seguiment i coordinaci\u00f3 de les accions previstes en aquest conveni es constitueix una comissi\u00f3, integrada per un representant de totes les administracions implicades. La comissi\u00f3 es reuneix almenys un cop cada curs escolar per coordinar les actuacions i fer-ne el seguiment.<\/p>\n","protected":false},"author":1,"featured_media":0,"parent":0,"menu_order":0,"comment_status":"closed","ping_status":"closed","template":"","meta":{"_bbp_topic_count":0,"_bbp_reply_count":0,"_bbp_total_topic_count":0,"_bbp_total_reply_count":0,"_bbp_voice_count":0,"_bbp_anonymous_reply_count":0,"_bbp_topic_count_hidden":0,"_bbp_reply_count_hidden":0,"_bbp_forum_subforum_count":0,"footnotes":""},"class_list":["post-16824","page","type-page","status-publish","hentry"],"post_mailing_queue_ids":[],"_links":{"self":[{"href":"https:\/\/projectes.xtec.cat\/pfi\/wp-json\/wp\/v2\/pages\/16824","targetHints":{"allow":["GET"]}}],"collection":[{"href":"https:\/\/projectes.xtec.cat\/pfi\/wp-json\/wp\/v2\/pages"}],"about":[{"href":"https:\/\/projectes.xtec.cat\/pfi\/wp-json\/wp\/v2\/types\/page"}],"author":[{"embeddable":true,"href":"https:\/\/projectes.xtec.cat\/pfi\/wp-json\/wp\/v2\/users\/1"}],"replies":[{"embeddable":true,"href":"https:\/\/projectes.xtec.cat\/pfi\/wp-json\/wp\/v2\/comments?post=16824"}],"version-history":[{"count":2,"href":"https:\/\/projectes.xtec.cat\/pfi\/wp-json\/wp\/v2\/pages\/16824\/revisions"}],"predecessor-version":[{"id":16846,"href":"https:\/\/projectes.xtec.cat\/pfi\/wp-json\/wp\/v2\/pages\/16824\/revisions\/16846"}],"wp:attachment":[{"href":"https:\/\/projectes.xtec.cat\/pfi\/wp-json\/wp\/v2\/media?parent=16824"}],"curies":[{"name":"wp","href":"https:\/\/api.w.org\/{rel}","templated":true}]}}