{"id":17043,"date":"2023-05-26T09:56:27","date_gmt":"2023-05-26T07:56:27","guid":{"rendered":"https:\/\/projectes.xtec.cat\/pfi\/?page_id=17043"},"modified":"2026-01-23T09:45:56","modified_gmt":"2026-01-23T08:45:56","slug":"va","status":"publish","type":"page","link":"https:\/\/projectes.xtec.cat\/pfi\/va\/","title":{"rendered":"Vall\u00e8s Occidental"},"content":{"rendered":"<h4 style=\"text-align: center;\"><b>Oferta curs 2025-26<\/b><\/h4>\n<h4 style=\"text-align: center;\"><\/h4>\n<table>\n<tbody>\n<tr>\n<td><b>Administracions locals<\/b><\/td>\n<td><b>Nom<\/b><\/td>\n<td><b>Grups<\/b><\/td>\n<td><b>Instituts<\/b><\/td>\n<\/tr>\n<tr>\n<td><span style=\"font-weight: 400;\">Ajuntament de Castellar del Vall\u00e8s<\/span><\/td>\n<td><span style=\"font-weight: 400;\">PTT Castellar del Vall\u00e8s<\/span><\/td>\n<td><span style=\"font-weight: 400;\">Auxiliar de serveis de restauraci\u00f3 i cuina<\/span><\/td>\n<td><span style=\"font-weight: 400;\">Institut de Jardineria i Agricultura Les Garberes<\/span><\/td>\n<\/tr>\n<tr>\n<td><span style=\"font-weight: 400;\">Ajuntament de Montcada i Reixac<\/span><\/td>\n<td><span style=\"font-weight: 400;\">PTT Montcada i Reixac<\/span><\/td>\n<td><span style=\"font-weight: 400;\">Auxiliar de muntatge i manteniment d&#8217;equips inform\u00e0tics<\/span><\/td>\n<td><span style=\"font-weight: 400;\">Institut La Ferreria<\/span><\/td>\n<\/tr>\n<tr>\n<td rowspan=\"3\"><span style=\"font-weight: 400;\">Ajuntament de Palau-solit\u00e0 i Plegamans<\/span><\/td>\n<td rowspan=\"3\"><span style=\"font-weight: 400;\">PTT Palau-solit\u00e0 i Plegamans<\/span><\/td>\n<td><span style=\"font-weight: 400;\">Auxiliar d&#8217;activitats d&#8217;oficina i serveis d&#8217;administraci\u00f3 generals<\/span><\/td>\n<td rowspan=\"3\"><span style=\"font-weight: 400;\">Institut Ramon Casas i Carb\u00f3<\/span><\/td>\n<\/tr>\n<tr>\n<td><span style=\"font-weight: 400;\">Auxiliar de comer\u00e7 i atenci\u00f3 al p\u00fablic<\/span><\/td>\n<\/tr>\n<tr>\n<td><span style=\"font-weight: 400;\">Auxiliar de muntatge d&#8217;instal\u00b7lacions electrot\u00e8cniques en edificis<\/span><\/td>\n<\/tr>\n<tr>\n<td rowspan=\"3\"><span style=\"font-weight: 400;\">Ajuntament de Rub\u00ed<\/span><\/td>\n<td rowspan=\"3\"><span style=\"font-weight: 400;\">PTT Rub\u00ed<\/span><\/td>\n<td><span style=\"font-weight: 400;\">Auxiliar de fabricaci\u00f3 mec\u00e0nica<\/span><\/td>\n<td rowspan=\"2\"><span style=\"font-weight: 400;\">Institut J.V. Foix<\/span><\/td>\n<\/tr>\n<tr>\n<td><span style=\"font-weight: 400;\">Auxiliar de muntatge d&#8217;instal\u00b7lacions electrot\u00e8cniques en edificis<\/span><\/td>\n<\/tr>\n<tr>\n<td><span style=\"font-weight: 400;\">Auxiliar de muntatge i manteniment d&#8217;equips inform\u00e0tics<\/span><\/td>\n<td><span style=\"font-weight: 400;\">Institut L&#8217;Estatut<\/span><\/td>\n<\/tr>\n<tr>\n<td rowspan=\"2\"><span style=\"font-weight: 400;\">Ajuntament de Sabadell<\/span><\/td>\n<td rowspan=\"2\"><span style=\"font-weight: 400;\">PTT Sabadell<\/span><\/td>\n<td><span style=\"font-weight: 400;\">Auxiliar de serveis de restauraci\u00f3 i cuina<\/span><\/td>\n<td rowspan=\"2\"><span style=\"font-weight: 400;\">Institut Agust\u00ed Serra i Fontanet<\/span><\/td>\n<\/tr>\n<tr>\n<td><span style=\"font-weight: 400;\">Auxiliar de vendes, oficina i atenci\u00f3 al p\u00fablic<\/span><\/td>\n<\/tr>\n<tr>\n<td rowspan=\"4\"><span style=\"font-weight: 400;\">Ajuntament de Sant Cugat del Vall\u00e8s<\/span><\/td>\n<td rowspan=\"4\"><span style=\"font-weight: 400;\">PTT Sant Cugat del Vall\u00e8s<\/span><\/td>\n<td><span style=\"font-weight: 400;\">Auxiliar de comer\u00e7 i atenci\u00f3 al p\u00fablic<\/span><\/td>\n<td rowspan=\"4\"><span style=\"font-weight: 400;\">Institut FP Sant Cugat del Vall\u00e8s<\/span><\/td>\n<\/tr>\n<tr>\n<td><span style=\"font-weight: 400;\">Auxiliar de muntatge i manteniment d&#8217;equips inform\u00e0tics<\/span><\/td>\n<\/tr>\n<tr>\n<td><span style=\"font-weight: 400;\">Auxiliar de serveis de restauraci\u00f3 i cuina<\/span><\/td>\n<\/tr>\n<tr>\n<td><span style=\"font-weight: 400;\">Auxiliar de vivers i jardins<\/span><\/td>\n<\/tr>\n<tr>\n<td rowspan=\"3\"><span style=\"font-weight: 400;\">Ajuntament de Terrassa<\/span><\/td>\n<td rowspan=\"3\"><span style=\"font-weight: 400;\">PTT Terrassa<\/span><\/td>\n<td><span style=\"font-weight: 400;\">Auxiliar de comer\u00e7 i atenci\u00f3 al p\u00fablic<\/span><\/td>\n<td rowspan=\"3\"><span style=\"font-weight: 400;\">Institut Cavall Bernat<\/span><\/td>\n<\/tr>\n<tr>\n<td><span style=\"font-weight: 400;\">Auxiliar de serveis de restauraci\u00f3 i cuina<\/span><\/td>\n<\/tr>\n<tr>\n<td><span style=\"font-weight: 400;\">Auxiliar en treballs de fusteria i instal\u00b7laci\u00f3 de mobles<\/span><\/td>\n<\/tr>\n<\/tbody>\n<\/table>\n<h4 style=\"text-align: center;\"><\/h4>\n","protected":false},"excerpt":{"rendered":"<p>Oferta curs 2025-26<\/p>\n<p>Administracions locals<br \/>\nNom<br \/>\nGrups<br \/>\nInstituts<\/p>\n<p>Ajuntament de Castellar del Vall\u00e8s<br \/>\nPTT Castellar del Vall\u00e8s<br \/>\nAuxiliar de serveis de restauraci\u00f3 i cuina<br \/>\nInstitut de Jardineria i Agricultura Les Garberes<\/p>\n<p>Ajuntament de Montcada i Reixac<br \/>\nPTT Montcada i Reixac<br \/>\nAuxiliar de muntatge i manteniment d&#8217;equips inform\u00e0tics<br \/>\nInstitut La Ferreria<\/p>\n<p>Ajuntament de Palau-solit\u00e0 i Plegamans<br \/>\nPTT Palau-solit\u00e0 i Plegamans<br \/>\nAuxiliar&hellip;  <a href=\"https:\/\/projectes.xtec.cat\/pfi\/va\/\" title=\"Read Vall\u00e8s Occidental\">Llegeix m\u00e9s\u00bb<\/a><\/p>\n","protected":false},"author":1,"featured_media":0,"parent":0,"menu_order":0,"comment_status":"closed","ping_status":"closed","template":"","meta":{"_bbp_topic_count":0,"_bbp_reply_count":0,"_bbp_total_topic_count":0,"_bbp_total_reply_count":0,"_bbp_voice_count":0,"_bbp_anonymous_reply_count":0,"_bbp_topic_count_hidden":0,"_bbp_reply_count_hidden":0,"_bbp_forum_subforum_count":0,"footnotes":""},"class_list":["post-17043","page","type-page","status-publish","hentry"],"post_mailing_queue_ids":[],"_links":{"self":[{"href":"https:\/\/projectes.xtec.cat\/pfi\/wp-json\/wp\/v2\/pages\/17043","targetHints":{"allow":["GET"]}}],"collection":[{"href":"https:\/\/projectes.xtec.cat\/pfi\/wp-json\/wp\/v2\/pages"}],"about":[{"href":"https:\/\/projectes.xtec.cat\/pfi\/wp-json\/wp\/v2\/types\/page"}],"author":[{"embeddable":true,"href":"https:\/\/projectes.xtec.cat\/pfi\/wp-json\/wp\/v2\/users\/1"}],"replies":[{"embeddable":true,"href":"https:\/\/projectes.xtec.cat\/pfi\/wp-json\/wp\/v2\/comments?post=17043"}],"version-history":[{"count":4,"href":"https:\/\/projectes.xtec.cat\/pfi\/wp-json\/wp\/v2\/pages\/17043\/revisions"}],"predecessor-version":[{"id":20953,"href":"https:\/\/projectes.xtec.cat\/pfi\/wp-json\/wp\/v2\/pages\/17043\/revisions\/20953"}],"wp:attachment":[{"href":"https:\/\/projectes.xtec.cat\/pfi\/wp-json\/wp\/v2\/media?parent=17043"}],"curies":[{"name":"wp","href":"https:\/\/api.w.org\/{rel}","templated":true}]}}