{"id":17054,"date":"2023-05-26T11:47:31","date_gmt":"2023-05-26T09:47:31","guid":{"rendered":"https:\/\/projectes.xtec.cat\/pfi\/?page_id=17054"},"modified":"2026-01-23T09:44:51","modified_gmt":"2026-01-23T08:44:51","slug":"terres-de-lebre","status":"publish","type":"page","link":"https:\/\/projectes.xtec.cat\/pfi\/terres-de-lebre\/","title":{"rendered":"Terres de l&#8217;Ebre"},"content":{"rendered":"<h4 style=\"text-align: center;\"><b>Oferta curs 2025-26<\/b><\/h4>\n<h4 style=\"text-align: center;\"><\/h4>\n<table style=\"width: 84.5052%;\">\n<tbody>\n<tr>\n<td style=\"width: 25.5193%;\"><b>Administracions locals<\/b><\/td>\n<td style=\"width: 15.4303%;\"><b>Nom<\/b><\/td>\n<td style=\"width: 39.911%;\"><b>Grups<\/b><\/td>\n<td style=\"width: 63.7982%;\"><b>Instituts<\/b><\/td>\n<\/tr>\n<tr>\n<td style=\"width: 25.5193%;\" rowspan=\"2\"><span style=\"font-weight: 400;\">Ajuntament de Amposta<\/span><\/td>\n<td style=\"width: 15.4303%;\" rowspan=\"2\"><span style=\"font-weight: 400;\">PTT Amposta<\/span><\/td>\n<td style=\"width: 39.911%;\"><span style=\"font-weight: 400;\">Auxiliar de comer\u00e7 i atenci\u00f3 al p\u00fablic<\/span><\/td>\n<td style=\"width: 63.7982%;\" rowspan=\"2\"><span style=\"font-weight: 400;\">Institut Montsi\u00e0<\/span><\/td>\n<\/tr>\n<tr>\n<td style=\"width: 39.911%;\"><span style=\"font-weight: 400;\">Auxiliar de fabricaci\u00f3 mec\u00e0nica<\/span><\/td>\n<\/tr>\n<tr>\n<td style=\"width: 25.5193%;\" rowspan=\"2\"><span style=\"font-weight: 400;\">Ajuntament de Tortosa<\/span><\/td>\n<td style=\"width: 15.4303%;\" rowspan=\"2\"><span style=\"font-weight: 400;\">PTT Tortosa<\/span><\/td>\n<td style=\"width: 39.911%;\"><span style=\"font-weight: 400;\">Auxiliar de fabricaci\u00f3 mec\u00e0nica<\/span><\/td>\n<td style=\"width: 63.7982%;\"><span style=\"font-weight: 400;\">Institut de l&#8217;Ebre<\/span><\/td>\n<\/tr>\n<tr>\n<td style=\"width: 39.911%;\"><span style=\"font-weight: 400;\">Auxiliar de serveis de restauraci\u00f3 i cuina<\/span><\/td>\n<td style=\"width: 63.7982%;\"><span style=\"font-weight: 400;\">Institut Dertosa<\/span><\/td>\n<\/tr>\n<\/tbody>\n<\/table>\n<h4 style=\"text-align: center;\"><\/h4>\n","protected":false},"excerpt":{"rendered":"<p>Oferta curs 2025-26<\/p>\n<p>Administracions locals<br \/>\nNom<br \/>\nGrups<br \/>\nInstituts<\/p>\n<p>Ajuntament de Amposta<br \/>\nPTT Amposta<br \/>\nAuxiliar de comer\u00e7 i atenci\u00f3 al p\u00fablic<br \/>\nInstitut Montsi\u00e0<\/p>\n<p>Auxiliar de fabricaci\u00f3 mec\u00e0nica<\/p>\n<p>Ajuntament de Tortosa<br \/>\nPTT Tortosa<br \/>\nAuxiliar de fabricaci\u00f3 mec\u00e0nica<br \/>\nInstitut de l&#8217;Ebre<\/p>\n<p>Auxiliar de serveis de restauraci\u00f3 i cuina<br \/>\nInstitut Dertosa<\/p>\n","protected":false},"author":1,"featured_media":0,"parent":0,"menu_order":0,"comment_status":"closed","ping_status":"closed","template":"","meta":{"_bbp_topic_count":0,"_bbp_reply_count":0,"_bbp_total_topic_count":0,"_bbp_total_reply_count":0,"_bbp_voice_count":0,"_bbp_anonymous_reply_count":0,"_bbp_topic_count_hidden":0,"_bbp_reply_count_hidden":0,"_bbp_forum_subforum_count":0,"footnotes":""},"class_list":["post-17054","page","type-page","status-publish","hentry"],"post_mailing_queue_ids":[],"_links":{"self":[{"href":"https:\/\/projectes.xtec.cat\/pfi\/wp-json\/wp\/v2\/pages\/17054","targetHints":{"allow":["GET"]}}],"collection":[{"href":"https:\/\/projectes.xtec.cat\/pfi\/wp-json\/wp\/v2\/pages"}],"about":[{"href":"https:\/\/projectes.xtec.cat\/pfi\/wp-json\/wp\/v2\/types\/page"}],"author":[{"embeddable":true,"href":"https:\/\/projectes.xtec.cat\/pfi\/wp-json\/wp\/v2\/users\/1"}],"replies":[{"embeddable":true,"href":"https:\/\/projectes.xtec.cat\/pfi\/wp-json\/wp\/v2\/comments?post=17054"}],"version-history":[{"count":4,"href":"https:\/\/projectes.xtec.cat\/pfi\/wp-json\/wp\/v2\/pages\/17054\/revisions"}],"predecessor-version":[{"id":20952,"href":"https:\/\/projectes.xtec.cat\/pfi\/wp-json\/wp\/v2\/pages\/17054\/revisions\/20952"}],"wp:attachment":[{"href":"https:\/\/projectes.xtec.cat\/pfi\/wp-json\/wp\/v2\/media?parent=17054"}],"curies":[{"name":"wp","href":"https:\/\/api.w.org\/{rel}","templated":true}]}}