{"id":17060,"date":"2023-05-26T11:56:21","date_gmt":"2023-05-26T09:56:21","guid":{"rendered":"https:\/\/projectes.xtec.cat\/pfi\/?page_id=17060"},"modified":"2026-02-23T09:14:12","modified_gmt":"2026-02-23T08:14:12","slug":"tarragona","status":"publish","type":"page","link":"https:\/\/projectes.xtec.cat\/pfi\/tarragona\/","title":{"rendered":"Tarragona"},"content":{"rendered":"<h4 style=\"text-align: center;\"><b>Oferta curs 2025-26<\/b><\/h4>\n<h4 style=\"text-align: center;\"><\/h4>\n<table>\n<tbody>\n<tr>\n<td><b>Administracions locals<\/b><\/td>\n<td><b>Nom<\/b><\/td>\n<td><b>Grups<\/b><\/td>\n<td><b>Instituts<\/b><\/td>\n<\/tr>\n<tr>\n<td><span style=\"font-weight: 400;\">Ajuntament de Altafulla<\/span><\/td>\n<td><span style=\"font-weight: 400;\">PTT Altafulla<\/span><\/td>\n<td><span style=\"font-weight: 400;\">Auxiliar de serveis de restauraci\u00f3 i cuina<\/span><\/td>\n<td><span style=\"font-weight: 400;\">Institut d&#8217;Altafulla<\/span><\/td>\n<\/tr>\n<tr>\n<td rowspan=\"4\"><span style=\"font-weight: 400;\">Ajuntament de Cambrils<\/span><\/td>\n<td rowspan=\"4\"><span style=\"font-weight: 400;\">PTT Cambrils<\/span><\/td>\n<td><span style=\"font-weight: 400;\">Auxiliar de comer\u00e7 i atenci\u00f3 al p\u00fablic<\/span><\/td>\n<td rowspan=\"4\"><span style=\"font-weight: 400;\">Institut Escola d&#8217;Hoteleria i Turisme<\/span><\/td>\n<\/tr>\n<tr>\n<td><span style=\"font-weight: 400;\">Auxiliar de preparaci\u00f3 i comercialitzaci\u00f3 de peix i marisc<\/span><\/td>\n<\/tr>\n<tr>\n<td><span style=\"font-weight: 400;\">Auxiliar de serveis de restauraci\u00f3 i cuina<\/span><\/td>\n<\/tr>\n<tr>\n<td><span style=\"font-weight: 400;\">Auxiliar de vivers i jardins<\/span><\/td>\n<\/tr>\n<tr>\n<td><span style=\"font-weight: 400;\">Ajuntament de La Selva del Camp<\/span><\/td>\n<td><span style=\"font-weight: 400;\">PTT La Selva del Camp<\/span><\/td>\n<td><span style=\"font-weight: 400;\">Auxiliar d&#8217;obres d&#8217;interior i pintura<\/span><\/td>\n<td><span style=\"font-weight: 400;\">Institut Joan Puig i Ferreter<\/span><\/td>\n<\/tr>\n<tr>\n<td rowspan=\"4\"><span style=\"font-weight: 400;\">Ajuntament de Reus<\/span><\/td>\n<td rowspan=\"4\"><span style=\"font-weight: 400;\">PTT Reus<\/span><\/td>\n<td><span style=\"font-weight: 400;\">Auxiliar de comer\u00e7 i atenci\u00f3 al p\u00fablic<\/span><\/td>\n<td rowspan=\"4\"><span style=\"font-weight: 400;\">Institut Gaud\u00ed<\/span><\/td>\n<\/tr>\n<tr>\n<td><span style=\"font-weight: 400;\">Auxiliar de fontaneria, calefacci\u00f3 i climatitzaci\u00f3<\/span><\/td>\n<\/tr>\n<tr>\n<td><span style=\"font-weight: 400;\">Auxiliar de perruqueria i est\u00e8tica<\/span><\/td>\n<\/tr>\n<tr>\n<td><span style=\"font-weight: 400;\">Auxiliar de serveis de restauraci\u00f3 i cuina<\/span><\/td>\n<\/tr>\n<tr>\n<td><span style=\"font-weight: 400;\">Ajuntament de Salou<\/span><\/td>\n<td><span style=\"font-weight: 400;\">PTT Salou<\/span><\/td>\n<td><span style=\"font-weight: 400;\">Auxiliar d&#8217;activitats esportives<\/span><\/td>\n<td><span style=\"font-weight: 400;\">Institut Marta Mata<\/span><\/td>\n<\/tr>\n<tr>\n<td rowspan=\"2\"><span style=\"font-weight: 400;\">Ajuntament de Torredembarra<\/span><\/td>\n<td rowspan=\"2\"><span style=\"font-weight: 400;\">PTT Torredembarra<\/span><\/td>\n<td><span style=\"font-weight: 400;\">Auxiliar de comer\u00e7 i atenci\u00f3 al p\u00fablic<\/span><\/td>\n<td rowspan=\"2\"><span style=\"font-weight: 400;\">Institut Ramon de la Torre<\/span><\/td>\n<\/tr>\n<tr>\n<td><span style=\"font-weight: 400;\">Auxiliar de muntatge d&#8217;instal\u00b7lacions electrot\u00e8cniques en edificis<\/span><\/td>\n<\/tr>\n<\/tbody>\n<\/table>\n<h4 style=\"text-align: center;\"><\/h4>\n","protected":false},"excerpt":{"rendered":"<p>Oferta curs 2025-26<\/p>\n<p>Administracions locals<br \/>\nNom<br \/>\nGrups<br \/>\nInstituts<\/p>\n<p>Ajuntament de Altafulla<br \/>\nPTT Altafulla<br \/>\nAuxiliar de serveis de restauraci\u00f3 i cuina<br \/>\nInstitut d&#8217;Altafulla<\/p>\n<p>Ajuntament de Cambrils<br \/>\nPTT Cambrils<br \/>\nAuxiliar de comer\u00e7 i atenci\u00f3 al p\u00fablic<br \/>\nInstitut Escola d&#8217;Hoteleria i Turisme<\/p>\n<p>Auxiliar de preparaci\u00f3 i comercialitzaci\u00f3 de peix i marisc<\/p>\n<p>Auxiliar de serveis de restauraci\u00f3 i cuina<\/p>\n<p>Auxiliar de vivers i jardins<\/p>\n<p>Ajuntament&hellip;  <a href=\"https:\/\/projectes.xtec.cat\/pfi\/tarragona\/\" title=\"Read Tarragona\">Llegeix m\u00e9s\u00bb<\/a><\/p>\n","protected":false},"author":1,"featured_media":0,"parent":0,"menu_order":0,"comment_status":"closed","ping_status":"closed","template":"","meta":{"_bbp_topic_count":0,"_bbp_reply_count":0,"_bbp_total_topic_count":0,"_bbp_total_reply_count":0,"_bbp_voice_count":0,"_bbp_anonymous_reply_count":0,"_bbp_topic_count_hidden":0,"_bbp_reply_count_hidden":0,"_bbp_forum_subforum_count":0,"footnotes":""},"class_list":["post-17060","page","type-page","status-publish","hentry"],"post_mailing_queue_ids":[],"_links":{"self":[{"href":"https:\/\/projectes.xtec.cat\/pfi\/wp-json\/wp\/v2\/pages\/17060","targetHints":{"allow":["GET"]}}],"collection":[{"href":"https:\/\/projectes.xtec.cat\/pfi\/wp-json\/wp\/v2\/pages"}],"about":[{"href":"https:\/\/projectes.xtec.cat\/pfi\/wp-json\/wp\/v2\/types\/page"}],"author":[{"embeddable":true,"href":"https:\/\/projectes.xtec.cat\/pfi\/wp-json\/wp\/v2\/users\/1"}],"replies":[{"embeddable":true,"href":"https:\/\/projectes.xtec.cat\/pfi\/wp-json\/wp\/v2\/comments?post=17060"}],"version-history":[{"count":4,"href":"https:\/\/projectes.xtec.cat\/pfi\/wp-json\/wp\/v2\/pages\/17060\/revisions"}],"predecessor-version":[{"id":21027,"href":"https:\/\/projectes.xtec.cat\/pfi\/wp-json\/wp\/v2\/pages\/17060\/revisions\/21027"}],"wp:attachment":[{"href":"https:\/\/projectes.xtec.cat\/pfi\/wp-json\/wp\/v2\/media?parent=17060"}],"curies":[{"name":"wp","href":"https:\/\/api.w.org\/{rel}","templated":true}]}}