{"id":17064,"date":"2023-05-26T11:58:57","date_gmt":"2023-05-26T09:58:57","guid":{"rendered":"https:\/\/projectes.xtec.cat\/pfi\/?page_id=17064"},"modified":"2026-01-23T09:42:24","modified_gmt":"2026-01-23T08:42:24","slug":"maresme-valles-oriental","status":"publish","type":"page","link":"https:\/\/projectes.xtec.cat\/pfi\/maresme-valles-oriental\/","title":{"rendered":"Maresme-Vall\u00e8s Oriental"},"content":{"rendered":"<h4 style=\"text-align: center;\"><b>Oferta curs 2025-26<\/b><\/h4>\n<h4 style=\"text-align: center;\"><\/h4>\n<table style=\"width: 80.5497%;\">\n<tbody>\n<tr>\n<td style=\"width: 27.6248%;\"><b>Administracions locals<\/b><\/td>\n<td style=\"width: 13.253%;\"><b>Nom<\/b><\/td>\n<td style=\"width: 27.0224%;\"><b>Grups<\/b><\/td>\n<td style=\"width: 11.79%;\"><b>Instituts<\/b><\/td>\n<\/tr>\n<tr>\n<td style=\"width: 27.6248%;\" rowspan=\"2\"><span style=\"font-weight: 400;\">Ajuntament d&#8217;Arenys de Mar<\/span><\/td>\n<td style=\"width: 13.253%;\" rowspan=\"2\"><span style=\"font-weight: 400;\">PTT Arenys de Mar<\/span><\/td>\n<td style=\"width: 27.0224%;\"><span style=\"font-weight: 400;\">Auxiliar de comer\u00e7 i atenci\u00f3 al p\u00fablic<\/span><\/td>\n<td style=\"width: 11.79%;\" rowspan=\"2\"><span style=\"font-weight: 400;\">Institut Els Tres Turons<\/span><\/td>\n<\/tr>\n<tr>\n<td style=\"width: 27.0224%;\"><span style=\"font-weight: 400;\">Auxiliar en treballs de fusteria i instal\u00b7laci\u00f3 de mobles<\/span><\/td>\n<\/tr>\n<tr>\n<td style=\"width: 27.6248%;\" rowspan=\"3\"><span style=\"font-weight: 400;\">Ajuntament d\u2019Argentona<\/span><\/td>\n<td style=\"width: 13.253%;\" rowspan=\"3\"><span style=\"font-weight: 400;\">PTT Argentona<\/span><\/td>\n<td style=\"width: 27.0224%;\"><span style=\"font-weight: 400;\">Auxiliar de muntatge d&#8217;instal\u00b7lacions electrot\u00e8cniques en edificis<\/span><\/td>\n<td style=\"width: 11.79%;\" rowspan=\"3\"><span style=\"font-weight: 400;\">Institut d&#8217;Argentona<\/span><\/td>\n<\/tr>\n<tr>\n<td style=\"width: 27.0224%;\"><span style=\"font-weight: 400;\">Auxiliar de pastisseria i forneria<\/span><\/td>\n<\/tr>\n<tr>\n<td style=\"width: 27.0224%;\"><span style=\"font-weight: 400;\">Auxiliar de vivers i jardins<\/span><\/td>\n<\/tr>\n<tr>\n<td style=\"width: 27.6248%;\"><span style=\"font-weight: 400;\">Ajuntament de Calella<\/span><\/td>\n<td style=\"width: 13.253%;\"><span style=\"font-weight: 400;\">PTT Calella<\/span><\/td>\n<td style=\"width: 27.0224%;\"><span style=\"font-weight: 400;\">Auxiliar de comer\u00e7 i atenci\u00f3 al p\u00fablic<\/span><\/td>\n<td style=\"width: 11.79%;\"><span style=\"font-weight: 400;\">Institut Bisbe Sivilla<\/span><\/td>\n<\/tr>\n<tr>\n<td style=\"width: 27.6248%;\"><span style=\"font-weight: 400;\">Ajuntament de Cardedeu<\/span><\/td>\n<td style=\"width: 13.253%;\"><span style=\"font-weight: 400;\">PTT Cardedeu<\/span><\/td>\n<td style=\"width: 27.0224%;\"><span style=\"font-weight: 400;\">Auxiliar d&#8217;activitats esportives<\/span><\/td>\n<td style=\"width: 11.79%;\"><span style=\"font-weight: 400;\">Institut Pla Marcell<\/span><\/td>\n<\/tr>\n<tr>\n<td style=\"width: 27.6248%;\" rowspan=\"3\"><span style=\"font-weight: 400;\">Ajuntament de Granollers<\/span><\/td>\n<td style=\"width: 13.253%;\" rowspan=\"3\"><span style=\"font-weight: 400;\">PTT Granollers<\/span><\/td>\n<td style=\"width: 27.0224%;\"><span style=\"font-weight: 400;\">Auxiliar de comer\u00e7 i atenci\u00f3 al p\u00fablic<\/span><\/td>\n<td style=\"width: 11.79%;\" rowspan=\"3\"><span style=\"font-weight: 400;\">Institut Carles Vallbona<\/span><\/td>\n<\/tr>\n<tr>\n<td style=\"width: 27.0224%;\"><span style=\"font-weight: 400;\">Auxiliar de fabricaci\u00f3 mec\u00e0nica<\/span><\/td>\n<\/tr>\n<tr>\n<td style=\"width: 27.0224%;\"><span style=\"font-weight: 400;\">Auxiliar en centres sanitaris<\/span><\/td>\n<\/tr>\n<tr>\n<td style=\"width: 27.6248%;\" rowspan=\"2\"><span style=\"font-weight: 400;\">Ajuntament de Lli\u00e7\u00e0 d&#8217;Amunt<\/span><\/td>\n<td style=\"width: 13.253%;\" rowspan=\"2\"><span style=\"font-weight: 400;\">PTT Lli\u00e7\u00e0 d&#8217;Amunt<\/span><\/td>\n<td style=\"width: 27.0224%;\"><span style=\"font-weight: 400;\">Auxiliar de muntatge d&#8217;instal\u00b7lacions electrot\u00e8cniques en edificis<\/span><\/td>\n<td style=\"width: 11.79%;\" rowspan=\"2\"><span style=\"font-weight: 400;\">Institut de Lli\u00e7\u00e0<\/span><\/td>\n<\/tr>\n<tr>\n<td style=\"width: 27.0224%;\"><span style=\"font-weight: 400;\">Auxiliar de serveis de restauraci\u00f3 i cuina<\/span><\/td>\n<\/tr>\n<tr>\n<td style=\"width: 27.6248%;\" rowspan=\"2\"><span style=\"font-weight: 400;\">Ajuntament de Montorn\u00e8s del Vall\u00e8s<\/span><\/td>\n<td style=\"width: 13.253%;\" rowspan=\"2\"><span style=\"font-weight: 400;\">PTT Montorn\u00e8s del Vall\u00e8s<\/span><\/td>\n<td style=\"width: 27.0224%;\"><span style=\"font-weight: 400;\">Auxiliar de fabricaci\u00f3 mec\u00e0nica<\/span><\/td>\n<td style=\"width: 11.79%;\" rowspan=\"2\"><span style=\"font-weight: 400;\">Institut Marta Mata<\/span><\/td>\n<\/tr>\n<tr>\n<td style=\"width: 27.0224%;\"><span style=\"font-weight: 400;\">Auxiliar de serveis de restauraci\u00f3 i cuina<\/span><\/td>\n<\/tr>\n<tr>\n<td style=\"width: 27.6248%;\" rowspan=\"2\"><span style=\"font-weight: 400;\">Ajuntament de Pineda de Mar<\/span><\/td>\n<td style=\"width: 13.253%;\" rowspan=\"2\"><span style=\"font-weight: 400;\">PTT Pineda de Mar<\/span><\/td>\n<td style=\"width: 27.0224%;\"><span style=\"font-weight: 400;\">Auxiliar de comer\u00e7 i atenci\u00f3 al p\u00fablic<\/span><\/td>\n<td style=\"width: 11.79%;\" rowspan=\"2\"><span style=\"font-weight: 400;\">Institut Joan Coromines<\/span><\/td>\n<\/tr>\n<tr>\n<td style=\"width: 27.0224%;\"><span style=\"font-weight: 400;\">Auxiliar de muntatge d&#8217;instal\u00b7lacions electrot\u00e8cniques en edificis<\/span><\/td>\n<\/tr>\n<tr>\n<td style=\"width: 27.6248%;\" rowspan=\"2\"><span style=\"font-weight: 400;\">Ajuntament de Sant Celoni<\/span><\/td>\n<td style=\"width: 13.253%;\" rowspan=\"2\"><span style=\"font-weight: 400;\">PTT Sant Celoni<\/span><\/td>\n<td style=\"width: 27.0224%;\"><span style=\"font-weight: 400;\">Auxiliar de muntatge d&#8217;instal\u00b7lacions electrot\u00e8cniques en edificis<\/span><\/td>\n<td style=\"width: 11.79%;\" rowspan=\"2\"><span style=\"font-weight: 400;\">Institut Baix Montseny<\/span><\/td>\n<\/tr>\n<tr>\n<td style=\"width: 27.0224%;\"><span style=\"font-weight: 400;\">Auxiliar en centres sanitaris<\/span><\/td>\n<\/tr>\n<tr>\n<td style=\"width: 27.6248%;\" rowspan=\"2\"><span style=\"font-weight: 400;\">Baix Maresme: Ajuntament d&#8217;Alella, Ajuntament de Montgat, Ajuntament de Tiana i Ajuntament del Masnou<\/span><\/td>\n<td style=\"width: 13.253%;\" rowspan=\"2\"><span style=\"font-weight: 400;\">PTT Alella<\/span><\/td>\n<td style=\"width: 27.0224%;\"><span style=\"font-weight: 400;\">Auxiliar d&#8217;activitats esportives<\/span><\/td>\n<td style=\"width: 11.79%;\" rowspan=\"2\"><span style=\"font-weight: 400;\">Institut d&#8217;Alella<\/span><\/td>\n<\/tr>\n<tr>\n<td style=\"width: 27.0224%;\"><span style=\"font-weight: 400;\">Auxiliar de comer\u00e7 i atenci\u00f3 al p\u00fablic<\/span><\/td>\n<\/tr>\n<\/tbody>\n<\/table>\n<h4 style=\"text-align: center;\"><\/h4>\n","protected":false},"excerpt":{"rendered":"<p>Oferta curs 2025-26<\/p>\n<p>Administracions locals<br \/>\nNom<br \/>\nGrups<br \/>\nInstituts<\/p>\n<p>Ajuntament d&#8217;Arenys de Mar<br \/>\nPTT Arenys de Mar<br \/>\nAuxiliar de comer\u00e7 i atenci\u00f3 al p\u00fablic<br \/>\nInstitut Els Tres Turons<\/p>\n<p>Auxiliar en treballs de fusteria i instal\u00b7laci\u00f3 de mobles<\/p>\n<p>Ajuntament d\u2019Argentona<br \/>\nPTT Argentona<br \/>\nAuxiliar de muntatge d&#8217;instal\u00b7lacions electrot\u00e8cniques en edificis<br \/>\nInstitut d&#8217;Argentona<\/p>\n<p>Auxiliar de pastisseria i forneria<\/p>\n<p>Auxiliar de vivers i jardins<\/p>\n<p>Ajuntament de&hellip;  <a href=\"https:\/\/projectes.xtec.cat\/pfi\/maresme-valles-oriental\/\" title=\"Read Maresme-Vall\u00e8s Oriental\">Llegeix m\u00e9s\u00bb<\/a><\/p>\n","protected":false},"author":1,"featured_media":0,"parent":0,"menu_order":0,"comment_status":"closed","ping_status":"closed","template":"","meta":{"_bbp_topic_count":0,"_bbp_reply_count":0,"_bbp_total_topic_count":0,"_bbp_total_reply_count":0,"_bbp_voice_count":0,"_bbp_anonymous_reply_count":0,"_bbp_topic_count_hidden":0,"_bbp_reply_count_hidden":0,"_bbp_forum_subforum_count":0,"footnotes":""},"class_list":["post-17064","page","type-page","status-publish","hentry"],"post_mailing_queue_ids":[],"_links":{"self":[{"href":"https:\/\/projectes.xtec.cat\/pfi\/wp-json\/wp\/v2\/pages\/17064","targetHints":{"allow":["GET"]}}],"collection":[{"href":"https:\/\/projectes.xtec.cat\/pfi\/wp-json\/wp\/v2\/pages"}],"about":[{"href":"https:\/\/projectes.xtec.cat\/pfi\/wp-json\/wp\/v2\/types\/page"}],"author":[{"embeddable":true,"href":"https:\/\/projectes.xtec.cat\/pfi\/wp-json\/wp\/v2\/users\/1"}],"replies":[{"embeddable":true,"href":"https:\/\/projectes.xtec.cat\/pfi\/wp-json\/wp\/v2\/comments?post=17064"}],"version-history":[{"count":3,"href":"https:\/\/projectes.xtec.cat\/pfi\/wp-json\/wp\/v2\/pages\/17064\/revisions"}],"predecessor-version":[{"id":20949,"href":"https:\/\/projectes.xtec.cat\/pfi\/wp-json\/wp\/v2\/pages\/17064\/revisions\/20949"}],"wp:attachment":[{"href":"https:\/\/projectes.xtec.cat\/pfi\/wp-json\/wp\/v2\/media?parent=17064"}],"curies":[{"name":"wp","href":"https:\/\/api.w.org\/{rel}","templated":true}]}}