{"id":17130,"date":"2023-05-30T11:52:39","date_gmt":"2023-05-30T09:52:39","guid":{"rendered":"https:\/\/projectes.xtec.cat\/pfi\/?page_id=17130"},"modified":"2026-01-23T09:40:48","modified_gmt":"2026-01-23T08:40:48","slug":"girona","status":"publish","type":"page","link":"https:\/\/projectes.xtec.cat\/pfi\/girona\/","title":{"rendered":"Girona"},"content":{"rendered":"<h4 style=\"text-align: center;\"><b>Oferta curs 2025-26<\/b><\/h4>\n<h4 style=\"text-align: center;\"><\/h4>\n<table style=\"width: 86.5738%;\">\n<tbody>\n<tr>\n<td style=\"width: 30.895%;\"><b>Administracions locals<\/b><\/td>\n<td style=\"width: 12.2203%;\"><b>Nom<\/b><\/td>\n<td style=\"width: 24.5267%;\"><b>Grups<\/b><\/td>\n<td style=\"width: 17.9863%;\"><b>Instituts<\/b><\/td>\n<\/tr>\n<tr>\n<td style=\"width: 30.895%;\" rowspan=\"4\"><span style=\"font-weight: 400;\">Ajuntament d&#8217;Olot i Consell Comarcal de la Garrotxa<\/span><\/td>\n<td style=\"width: 12.2203%;\" rowspan=\"4\"><span style=\"font-weight: 400;\">PTT Olot<\/span><\/td>\n<td style=\"width: 24.5267%;\"><span style=\"font-weight: 400;\">Auxiliar de comer\u00e7 i atenci\u00f3 al p\u00fablic<\/span><\/td>\n<td style=\"width: 17.9863%;\"><span style=\"font-weight: 400;\">Institut Bosc de la Coma<\/span><\/td>\n<\/tr>\n<tr>\n<td style=\"width: 24.5267%;\"><span style=\"font-weight: 400;\">Auxiliar de serveis de restauraci\u00f3 i cuina<\/span><\/td>\n<td style=\"width: 17.9863%;\"><span style=\"font-weight: 400;\">Institut Bosc de la Coma<\/span><\/td>\n<\/tr>\n<tr>\n<td style=\"width: 24.5267%;\"><span style=\"font-weight: 400;\">Auxiliar de fabricaci\u00f3 mec\u00e0nica<\/span><\/td>\n<td style=\"width: 17.9863%;\"><span style=\"font-weight: 400;\">Institut La Garrotxa<\/span><\/td>\n<\/tr>\n<tr>\n<td style=\"width: 24.5267%;\"><span style=\"font-weight: 400;\">Auxiliar de fontaneria, calefacci\u00f3 i climatitzaci\u00f3<\/span><\/td>\n<td style=\"width: 17.9863%;\"><span style=\"font-weight: 400;\">Institut La Garrotxa<\/span><\/td>\n<\/tr>\n<tr>\n<td style=\"width: 30.895%;\" rowspan=\"2\"><span style=\"font-weight: 400;\">Ajuntament de Castell d&#8217;Aro, Platja d&#8217;Aro i S&#8217;Agar\u00f3, Ajuntament de Sant Feliu de Gu\u00edxols i Ajuntament de Santa Cristina d&#8217;Aro<\/span><\/td>\n<td style=\"width: 12.2203%;\" rowspan=\"2\"><span style=\"font-weight: 400;\">PTT Sant Feliu de Gu\u00edxols<\/span><\/td>\n<td style=\"width: 24.5267%;\"><span style=\"font-weight: 400;\">Auxiliar de comer\u00e7 i atenci\u00f3 al p\u00fablic<\/span><\/td>\n<td style=\"width: 17.9863%;\"><span style=\"font-weight: 400;\">Institut de Sant Feliu de Gu\u00edxols<\/span><\/td>\n<\/tr>\n<tr>\n<td style=\"width: 24.5267%;\"><span style=\"font-weight: 400;\">Auxiliar de serveis de restauraci\u00f3 i cuina<\/span><\/td>\n<td style=\"width: 17.9863%;\"><span style=\"font-weight: 400;\">Institut de Sant Feliu de Gu\u00edxols<\/span><\/td>\n<\/tr>\n<tr>\n<td style=\"width: 30.895%;\" rowspan=\"2\"><span style=\"font-weight: 400;\">Ajuntament de Castell\u00f3 d&#8217;Emp\u00faries<\/span><\/td>\n<td style=\"width: 12.2203%;\" rowspan=\"2\"><span style=\"font-weight: 400;\">PTT Castell\u00f3 d&#8217;Emp\u00faries<\/span><\/td>\n<td style=\"width: 24.5267%;\"><span style=\"font-weight: 400;\">Auxiliar de comer\u00e7 i atenci\u00f3 al p\u00fablic<\/span><\/td>\n<td style=\"width: 17.9863%;\"><span style=\"font-weight: 400;\">Institut Castell\u00f3 d&#8217;Emp\u00faries<\/span><\/td>\n<\/tr>\n<tr>\n<td style=\"width: 24.5267%;\"><span style=\"font-weight: 400;\">Auxiliar de vivers i jardins<\/span><\/td>\n<td style=\"width: 17.9863%;\"><span style=\"font-weight: 400;\">Institut Castell\u00f3 d&#8217;Emp\u00faries<\/span><\/td>\n<\/tr>\n<tr>\n<td style=\"width: 30.895%;\" rowspan=\"2\"><span style=\"font-weight: 400;\">Ajuntament de Figueres<\/span><\/td>\n<td style=\"width: 12.2203%;\" rowspan=\"2\"><span style=\"font-weight: 400;\">PTT Figueres<\/span><\/td>\n<td style=\"width: 24.5267%;\"><span style=\"font-weight: 400;\">Auxiliar de comer\u00e7 i atenci\u00f3 al p\u00fablic<\/span><\/td>\n<td style=\"width: 17.9863%;\"><span style=\"font-weight: 400;\">Institut Olivar Gran<\/span><\/td>\n<\/tr>\n<tr>\n<td style=\"width: 24.5267%;\"><span style=\"font-weight: 400;\">Auxiliar de comercialitzaci\u00f3 de productes i log\u00edstica<\/span><\/td>\n<td style=\"width: 17.9863%;\"><span style=\"font-weight: 400;\">Institut Olivar Gran<\/span><\/td>\n<\/tr>\n<tr>\n<td style=\"width: 30.895%;\" rowspan=\"5\"><span style=\"font-weight: 400;\">Ajuntament de Girona<\/span><\/td>\n<td style=\"width: 12.2203%;\" rowspan=\"5\"><span style=\"font-weight: 400;\">PTT Girona<\/span><\/td>\n<td style=\"width: 24.5267%;\"><span style=\"font-weight: 400;\">Auxiliar en centres sanitaris<\/span><\/td>\n<td style=\"width: 17.9863%;\"><span style=\"font-weight: 400;\">Institut Narc\u00eds Xifra i Masmitj\u00e0<\/span><\/td>\n<\/tr>\n<tr>\n<td style=\"width: 24.5267%;\"><span style=\"font-weight: 400;\">Auxiliar de comer\u00e7 i atenci\u00f3 al p\u00fablic<\/span><\/td>\n<td style=\"width: 17.9863%;\"><span style=\"font-weight: 400;\">Institut Santa Eug\u00e8nia<\/span><\/td>\n<\/tr>\n<tr>\n<td style=\"width: 24.5267%;\"><span style=\"font-weight: 400;\">Auxiliar de construcci\u00f3<\/span><\/td>\n<td style=\"width: 17.9863%;\"><span style=\"font-weight: 400;\">Institut Santa Eug\u00e8nia<\/span><\/td>\n<\/tr>\n<tr>\n<td style=\"width: 24.5267%;\"><span style=\"font-weight: 400;\">Auxiliar de fabricaci\u00f3 mec\u00e0nica<\/span><\/td>\n<td style=\"width: 17.9863%;\"><span style=\"font-weight: 400;\">Institut Santa Eug\u00e8nia<\/span><\/td>\n<\/tr>\n<tr>\n<td style=\"width: 24.5267%;\"><span style=\"font-weight: 400;\">Auxiliar de muntatge d&#8217;instal\u00b7lacions electrot\u00e8cniques en edificis<\/span><\/td>\n<td style=\"width: 17.9863%;\"><span style=\"font-weight: 400;\">Institut Santa Eug\u00e8nia<\/span><\/td>\n<\/tr>\n<tr>\n<td style=\"width: 30.895%;\"><span style=\"font-weight: 400;\">Ajuntament de L&#8217;Escala<\/span><\/td>\n<td style=\"width: 12.2203%;\"><span style=\"font-weight: 400;\">PTT L&#8217;Escala<\/span><\/td>\n<td style=\"width: 24.5267%;\"><span style=\"font-weight: 400;\">Auxiliar de comer\u00e7 i atenci\u00f3 al p\u00fablic<\/span><\/td>\n<td style=\"width: 17.9863%;\"><span style=\"font-weight: 400;\">Institut El Pedr\u00f3<\/span><\/td>\n<\/tr>\n<tr>\n<td style=\"width: 30.895%;\"><span style=\"font-weight: 400;\">Ajuntament de La Jonquera<\/span><\/td>\n<td style=\"width: 12.2203%;\"><span style=\"font-weight: 400;\">PTT La Jonquera<\/span><\/td>\n<td style=\"width: 24.5267%;\"><span style=\"font-weight: 400;\">Auxiliar de comer\u00e7 i atenci\u00f3 al p\u00fablic<\/span><\/td>\n<td style=\"width: 17.9863%;\"><span style=\"font-weight: 400;\">Institut de La Jonquera<\/span><\/td>\n<\/tr>\n<tr>\n<td style=\"width: 30.895%;\"><span style=\"font-weight: 400;\">Ajuntament de Llagostera i Ajuntament de Cass\u00e0 de la Selva<\/span><\/td>\n<td style=\"width: 12.2203%;\"><span style=\"font-weight: 400;\">PTT Llagostera<\/span><\/td>\n<td style=\"width: 24.5267%;\"><span style=\"font-weight: 400;\">Auxiliar de vivers i jardins<\/span><\/td>\n<td style=\"width: 17.9863%;\"><span style=\"font-weight: 400;\">Institut de Llagostera<\/span><\/td>\n<\/tr>\n<tr>\n<td style=\"width: 30.895%;\" rowspan=\"2\"><span style=\"font-weight: 400;\">Ajuntament de Lloret de Mar<\/span><\/td>\n<td style=\"width: 12.2203%;\" rowspan=\"2\"><span style=\"font-weight: 400;\">PTT Lloret de Mar<\/span><\/td>\n<td style=\"width: 24.5267%;\"><span style=\"font-weight: 400;\">Auxiliar de comer\u00e7 i atenci\u00f3 al p\u00fablic<\/span><\/td>\n<td style=\"width: 17.9863%;\"><span style=\"font-weight: 400;\">Institut Ramon Coll i Rod\u00e9s<\/span><\/td>\n<\/tr>\n<tr>\n<td style=\"width: 24.5267%;\"><span style=\"font-weight: 400;\">Auxiliar de serveis de restauraci\u00f3 i cuina<\/span><\/td>\n<td style=\"width: 17.9863%;\"><span style=\"font-weight: 400;\">Institut Ramon Coll i Rod\u00e9s<\/span><\/td>\n<\/tr>\n<tr>\n<td style=\"width: 30.895%;\" rowspan=\"4\"><span style=\"font-weight: 400;\">Ajuntament de Palam\u00f3s, Ajuntament de Palafrugell i Ajuntament de Calonge i Sant Antoni<\/span><\/td>\n<td style=\"width: 12.2203%;\" rowspan=\"4\"><span style=\"font-weight: 400;\">PTT Palafrugell<\/span><\/td>\n<td style=\"width: 24.5267%;\"><span style=\"font-weight: 400;\">Auxiliar de comer\u00e7 i atenci\u00f3 al p\u00fablic<\/span><\/td>\n<td style=\"width: 17.9863%;\"><span style=\"font-weight: 400;\">Institut Baix Empord\u00e0<\/span><\/td>\n<\/tr>\n<tr>\n<td style=\"width: 24.5267%;\"><span style=\"font-weight: 400;\">Auxiliar de perruqueria i est\u00e8tica<\/span><\/td>\n<td style=\"width: 17.9863%;\"><span style=\"font-weight: 400;\">Institut Baix Empord\u00e0<\/span><\/td>\n<\/tr>\n<tr>\n<td style=\"width: 24.5267%;\"><span style=\"font-weight: 400;\">Auxiliar de serveis de restauraci\u00f3 i cuina<\/span><\/td>\n<td style=\"width: 17.9863%;\"><span style=\"font-weight: 400;\">Institut Baix Empord\u00e0<\/span><\/td>\n<\/tr>\n<tr>\n<td style=\"width: 24.5267%;\"><span style=\"font-weight: 400;\">Auxiliar de vivers i jardins<\/span><\/td>\n<td style=\"width: 17.9863%;\"><span style=\"font-weight: 400;\">Institut Baix Empord\u00e0<\/span><\/td>\n<\/tr>\n<tr>\n<td style=\"width: 30.895%;\" rowspan=\"3\"><span style=\"font-weight: 400;\">Ajuntament de Salt<\/span><\/td>\n<td style=\"width: 12.2203%;\" rowspan=\"3\"><span style=\"font-weight: 400;\">PTT Salt<\/span><\/td>\n<td style=\"width: 24.5267%;\"><span style=\"font-weight: 400;\">Auxiliar d&#8217;activitats esportives<\/span><\/td>\n<td style=\"width: 17.9863%;\"><span style=\"font-weight: 400;\">Institut Salvador Espriu<\/span><\/td>\n<\/tr>\n<tr>\n<td style=\"width: 24.5267%;\"><span style=\"font-weight: 400;\">Auxiliar de muntatge d&#8217;instal\u00b7lacions electrot\u00e8cniques en edificis<\/span><\/td>\n<td style=\"width: 17.9863%;\"><span style=\"font-weight: 400;\">Institut Salvador Espriu<\/span><\/td>\n<\/tr>\n<tr>\n<td style=\"width: 24.5267%;\"><span style=\"font-weight: 400;\">Auxiliar de comer\u00e7 i atenci\u00f3 al p\u00fablic<\/span><\/td>\n<td style=\"width: 17.9863%;\"><span style=\"font-weight: 400;\">Institut Salvador Sunyer i Aimeric<\/span><\/td>\n<\/tr>\n<tr>\n<td style=\"width: 30.895%;\"><span style=\"font-weight: 400;\">Ajuntament de Sant Hilari Sacalm<\/span><\/td>\n<td style=\"width: 12.2203%;\"><span style=\"font-weight: 400;\">PTT Sant Hilari Sacalm<\/span><\/td>\n<td style=\"width: 24.5267%;\"><span style=\"font-weight: 400;\">Auxiliar en treballs de fusteria i instal\u00b7laci\u00f3 de mobles<\/span><\/td>\n<td style=\"width: 17.9863%;\"><span style=\"font-weight: 400;\">Institut Escola Cent Fonts<\/span><\/td>\n<\/tr>\n<\/tbody>\n<\/table>\n<h4 style=\"text-align: center;\"><\/h4>\n","protected":false},"excerpt":{"rendered":"<p>Oferta curs 2025-26<\/p>\n<p>Administracions locals<br \/>\nNom<br \/>\nGrups<br \/>\nInstituts<\/p>\n<p>Ajuntament d&#8217;Olot i Consell Comarcal de la Garrotxa<br \/>\nPTT Olot<br \/>\nAuxiliar de comer\u00e7 i atenci\u00f3 al p\u00fablic<br \/>\nInstitut Bosc de la Coma<\/p>\n<p>Auxiliar de serveis de restauraci\u00f3 i cuina<br \/>\nInstitut Bosc de la Coma<\/p>\n<p>Auxiliar de fabricaci\u00f3 mec\u00e0nica<br \/>\nInstitut La Garrotxa<\/p>\n<p>Auxiliar de fontaneria, calefacci\u00f3 i climatitzaci\u00f3<br \/>\nInstitut La Garrotxa<\/p>\n<p>Ajuntament de&hellip;  <a href=\"https:\/\/projectes.xtec.cat\/pfi\/girona\/\" title=\"Read Girona\">Llegeix m\u00e9s\u00bb<\/a><\/p>\n","protected":false},"author":1,"featured_media":0,"parent":0,"menu_order":0,"comment_status":"closed","ping_status":"closed","template":"","meta":{"_bbp_topic_count":0,"_bbp_reply_count":0,"_bbp_total_topic_count":0,"_bbp_total_reply_count":0,"_bbp_voice_count":0,"_bbp_anonymous_reply_count":0,"_bbp_topic_count_hidden":0,"_bbp_reply_count_hidden":0,"_bbp_forum_subforum_count":0,"footnotes":""},"class_list":["post-17130","page","type-page","status-publish","hentry"],"post_mailing_queue_ids":[],"_links":{"self":[{"href":"https:\/\/projectes.xtec.cat\/pfi\/wp-json\/wp\/v2\/pages\/17130","targetHints":{"allow":["GET"]}}],"collection":[{"href":"https:\/\/projectes.xtec.cat\/pfi\/wp-json\/wp\/v2\/pages"}],"about":[{"href":"https:\/\/projectes.xtec.cat\/pfi\/wp-json\/wp\/v2\/types\/page"}],"author":[{"embeddable":true,"href":"https:\/\/projectes.xtec.cat\/pfi\/wp-json\/wp\/v2\/users\/1"}],"replies":[{"embeddable":true,"href":"https:\/\/projectes.xtec.cat\/pfi\/wp-json\/wp\/v2\/comments?post=17130"}],"version-history":[{"count":3,"href":"https:\/\/projectes.xtec.cat\/pfi\/wp-json\/wp\/v2\/pages\/17130\/revisions"}],"predecessor-version":[{"id":20947,"href":"https:\/\/projectes.xtec.cat\/pfi\/wp-json\/wp\/v2\/pages\/17130\/revisions\/20947"}],"wp:attachment":[{"href":"https:\/\/projectes.xtec.cat\/pfi\/wp-json\/wp\/v2\/media?parent=17130"}],"curies":[{"name":"wp","href":"https:\/\/api.w.org\/{rel}","templated":true}]}}