{"id":17134,"date":"2023-05-30T11:54:49","date_gmt":"2023-05-30T09:54:49","guid":{"rendered":"https:\/\/projectes.xtec.cat\/pfi\/?page_id=17134"},"modified":"2026-01-23T09:41:28","modified_gmt":"2026-01-23T08:41:28","slug":"lleida","status":"publish","type":"page","link":"https:\/\/projectes.xtec.cat\/pfi\/lleida\/","title":{"rendered":"Lleida"},"content":{"rendered":"<h4 style=\"text-align: center;\"><b>Oferta curs 2025-26<\/b><\/h4>\n<h4 style=\"text-align: center;\"><\/h4>\n<table>\n<tbody>\n<tr>\n<td><b>Administracions locals<\/b><\/td>\n<td><b>Nom<\/b><\/td>\n<td><b>Grups<\/b><\/td>\n<td><b>Instituts<\/b><\/td>\n<\/tr>\n<tr>\n<td><span style=\"font-weight: 400;\">Ajuntament de Lleida<\/span><\/td>\n<td><span style=\"font-weight: 400;\">PTT Lleida<\/span><\/td>\n<td><span style=\"font-weight: 400;\">Auxiliar de comer\u00e7 i atenci\u00f3 al p\u00fablic<\/span><\/td>\n<td><span style=\"font-weight: 400;\">Institut Escola del Treball<\/span><\/td>\n<\/tr>\n<tr>\n<td><span style=\"font-weight: 400;\">Ajuntament de Mollerussa<\/span><\/td>\n<td><span style=\"font-weight: 400;\">PTT Mollerussa<\/span><\/td>\n<td><span style=\"font-weight: 400;\">Auxiliar de comer\u00e7 i atenci\u00f3 al p\u00fablic<\/span><\/td>\n<td><span style=\"font-weight: 400;\">Institut Mollerussa<\/span><\/td>\n<\/tr>\n<tr>\n<td><span style=\"font-weight: 400;\">Ajuntament de T\u00e0rrega<\/span><\/td>\n<td><span style=\"font-weight: 400;\">PTT T\u00e0rrega<\/span><\/td>\n<td><span style=\"font-weight: 400;\">Auxiliar de comer\u00e7 i atenci\u00f3 al p\u00fablic<\/span><\/td>\n<td><span style=\"font-weight: 400;\">Institut Alfons Costafreda<\/span><\/td>\n<\/tr>\n<\/tbody>\n<\/table>\n<h4 style=\"text-align: center;\"><\/h4>\n","protected":false},"excerpt":{"rendered":"<p>Oferta curs 2025-26<\/p>\n<p>Administracions locals<br \/>\nNom<br \/>\nGrups<br \/>\nInstituts<\/p>\n<p>Ajuntament de Lleida<br \/>\nPTT Lleida<br \/>\nAuxiliar de comer\u00e7 i atenci\u00f3 al p\u00fablic<br \/>\nInstitut Escola del Treball<\/p>\n<p>Ajuntament de Mollerussa<br \/>\nPTT Mollerussa<br \/>\nAuxiliar de comer\u00e7 i atenci\u00f3 al p\u00fablic<br \/>\nInstitut Mollerussa<\/p>\n<p>Ajuntament de T\u00e0rrega<br \/>\nPTT T\u00e0rrega<br \/>\nAuxiliar de comer\u00e7 i atenci\u00f3 al p\u00fablic<br \/>\nInstitut Alfons Costafreda<\/p>\n","protected":false},"author":1,"featured_media":0,"parent":0,"menu_order":0,"comment_status":"closed","ping_status":"closed","template":"","meta":{"_bbp_topic_count":0,"_bbp_reply_count":0,"_bbp_total_topic_count":0,"_bbp_total_reply_count":0,"_bbp_voice_count":0,"_bbp_anonymous_reply_count":0,"_bbp_topic_count_hidden":0,"_bbp_reply_count_hidden":0,"_bbp_forum_subforum_count":0,"footnotes":""},"class_list":["post-17134","page","type-page","status-publish","hentry"],"post_mailing_queue_ids":[],"_links":{"self":[{"href":"https:\/\/projectes.xtec.cat\/pfi\/wp-json\/wp\/v2\/pages\/17134","targetHints":{"allow":["GET"]}}],"collection":[{"href":"https:\/\/projectes.xtec.cat\/pfi\/wp-json\/wp\/v2\/pages"}],"about":[{"href":"https:\/\/projectes.xtec.cat\/pfi\/wp-json\/wp\/v2\/types\/page"}],"author":[{"embeddable":true,"href":"https:\/\/projectes.xtec.cat\/pfi\/wp-json\/wp\/v2\/users\/1"}],"replies":[{"embeddable":true,"href":"https:\/\/projectes.xtec.cat\/pfi\/wp-json\/wp\/v2\/comments?post=17134"}],"version-history":[{"count":3,"href":"https:\/\/projectes.xtec.cat\/pfi\/wp-json\/wp\/v2\/pages\/17134\/revisions"}],"predecessor-version":[{"id":20948,"href":"https:\/\/projectes.xtec.cat\/pfi\/wp-json\/wp\/v2\/pages\/17134\/revisions\/20948"}],"wp:attachment":[{"href":"https:\/\/projectes.xtec.cat\/pfi\/wp-json\/wp\/v2\/media?parent=17134"}],"curies":[{"name":"wp","href":"https:\/\/api.w.org\/{rel}","templated":true}]}}