{"id":17148,"date":"2023-05-30T12:48:11","date_gmt":"2023-05-30T10:48:11","guid":{"rendered":"https:\/\/projectes.xtec.cat\/pfi\/?page_id=17148"},"modified":"2026-01-23T09:37:18","modified_gmt":"2026-01-23T08:37:18","slug":"alt-pirineu-i-aran","status":"publish","type":"page","link":"https:\/\/projectes.xtec.cat\/pfi\/alt-pirineu-i-aran\/","title":{"rendered":"Alt Pirineu i Aran"},"content":{"rendered":"<h4 style=\"text-align: center;\"><b>Oferta curs 2025-26<\/b><\/h4>\n<h4 style=\"text-align: center;\"><\/h4>\n<table>\n<tbody>\n<tr>\n<td><b>Administracions locals<\/b><\/td>\n<td><b>Nom<\/b><\/td>\n<td><b>Grups<\/b><\/td>\n<td><b>Instituts<\/b><\/td>\n<\/tr>\n<tr>\n<td><span style=\"font-weight: 400;\">Ajuntament de La Seu d&#8217;Urgell<\/span><\/td>\n<td><span style=\"font-weight: 400;\">PTT La Seu d&#8217;Urgell<\/span><\/td>\n<td><span style=\"font-weight: 400;\">Auxiliar d&#8217;activitats forestals<\/span><\/td>\n<td><span style=\"font-weight: 400;\">Institut Joan Brudieu<\/span><\/td>\n<\/tr>\n<tr>\n<td><span style=\"font-weight: 400;\">Conselh Generau d\u2019Aran<\/span><\/td>\n<td><span style=\"font-weight: 400;\">PTT Les<\/span><\/td>\n<td><span style=\"font-weight: 400;\">Auxiliar de comer\u00e7 i atenci\u00f3 al p\u00fablic<\/span><\/td>\n<td><span style=\"font-weight: 400;\">Institut d&#8217;Ostalaria de Les-Val d&#8217;Aran<\/span><\/td>\n<\/tr>\n<\/tbody>\n<\/table>\n<h4 style=\"text-align: center;\"><\/h4>\n","protected":false},"excerpt":{"rendered":"<p>Oferta curs 2025-26<\/p>\n<p>Administracions locals<br \/>\nNom<br \/>\nGrups<br \/>\nInstituts<\/p>\n<p>Ajuntament de La Seu d&#8217;Urgell<br \/>\nPTT La Seu d&#8217;Urgell<br \/>\nAuxiliar d&#8217;activitats forestals<br \/>\nInstitut Joan Brudieu<\/p>\n<p>Conselh Generau d\u2019Aran<br \/>\nPTT Les<br \/>\nAuxiliar de comer\u00e7 i atenci\u00f3 al p\u00fablic<br \/>\nInstitut d&#8217;Ostalaria de Les-Val d&#8217;Aran<\/p>\n","protected":false},"author":1,"featured_media":0,"parent":0,"menu_order":0,"comment_status":"closed","ping_status":"closed","template":"","meta":{"_bbp_topic_count":0,"_bbp_reply_count":0,"_bbp_total_topic_count":0,"_bbp_total_reply_count":0,"_bbp_voice_count":0,"_bbp_anonymous_reply_count":0,"_bbp_topic_count_hidden":0,"_bbp_reply_count_hidden":0,"_bbp_forum_subforum_count":0,"footnotes":""},"class_list":["post-17148","page","type-page","status-publish","hentry"],"post_mailing_queue_ids":[],"_links":{"self":[{"href":"https:\/\/projectes.xtec.cat\/pfi\/wp-json\/wp\/v2\/pages\/17148","targetHints":{"allow":["GET"]}}],"collection":[{"href":"https:\/\/projectes.xtec.cat\/pfi\/wp-json\/wp\/v2\/pages"}],"about":[{"href":"https:\/\/projectes.xtec.cat\/pfi\/wp-json\/wp\/v2\/types\/page"}],"author":[{"embeddable":true,"href":"https:\/\/projectes.xtec.cat\/pfi\/wp-json\/wp\/v2\/users\/1"}],"replies":[{"embeddable":true,"href":"https:\/\/projectes.xtec.cat\/pfi\/wp-json\/wp\/v2\/comments?post=17148"}],"version-history":[{"count":4,"href":"https:\/\/projectes.xtec.cat\/pfi\/wp-json\/wp\/v2\/pages\/17148\/revisions"}],"predecessor-version":[{"id":20942,"href":"https:\/\/projectes.xtec.cat\/pfi\/wp-json\/wp\/v2\/pages\/17148\/revisions\/20942"}],"wp:attachment":[{"href":"https:\/\/projectes.xtec.cat\/pfi\/wp-json\/wp\/v2\/media?parent=17148"}],"curies":[{"name":"wp","href":"https:\/\/api.w.org\/{rel}","templated":true}]}}