{"id":17155,"date":"2023-05-30T13:06:18","date_gmt":"2023-05-30T11:06:18","guid":{"rendered":"https:\/\/projectes.xtec.cat\/pfi\/?page_id=17155"},"modified":"2026-01-23T09:43:47","modified_gmt":"2026-01-23T08:43:47","slug":"penedes","status":"publish","type":"page","link":"https:\/\/projectes.xtec.cat\/pfi\/penedes\/","title":{"rendered":"Pened\u00e8s"},"content":{"rendered":"<h4 style=\"text-align: center;\"><b>Oferta curs 2025-26<\/b><\/h4>\n<h4 style=\"text-align: center;\"><\/h4>\n<table style=\"width: 83.2171%;\">\n<tbody>\n<tr>\n<td style=\"width: 31.4974%;\"><b>Administracions locals<\/b><\/td>\n<td style=\"width: 8.864%;\"><b>Nom<\/b><\/td>\n<td style=\"width: 28.3549%;\"><b>Grups<\/b><\/td>\n<td style=\"width: 14.5221%;\"><b>Instituts<\/b><\/td>\n<\/tr>\n<tr>\n<td style=\"width: 31.4974%;\" rowspan=\"2\"><span style=\"font-weight: 400;\">Ajuntament Anoia Sud<\/span><\/p>\n<p><span style=\"font-weight: 400;\">Ajuntaments de: Piera, Cabrera d\u2019Anoia, Capellades, Els Hostalets de Pierola, Masquefa, Pobla de Claramunt, Torre de Claramunt, Vallbona d\u2019Anoia<\/span><\/td>\n<td style=\"width: 8.864%;\" rowspan=\"2\"><span style=\"font-weight: 400;\">PTT Piera<\/span><\/td>\n<td style=\"width: 28.3549%;\"><span style=\"font-weight: 400;\">Auxiliar de Comercialitzaci\u00f3 de Productes i Log\u00edstica<\/span><\/td>\n<td style=\"width: 14.5221%;\" rowspan=\"2\"><span style=\"font-weight: 400;\">Institut Guinovarda<\/span><\/td>\n<\/tr>\n<tr>\n<td style=\"width: 28.3549%;\"><span style=\"font-weight: 400;\">Auxiliar de vivers i jardins<\/span><\/td>\n<\/tr>\n<tr>\n<td style=\"width: 31.4974%;\" rowspan=\"3\"><span style=\"font-weight: 400;\">Ajuntament d&#8217;Igualada<\/span><\/td>\n<td style=\"width: 8.864%;\" rowspan=\"3\"><span style=\"font-weight: 400;\">PTT Igualada<\/span><\/td>\n<td style=\"width: 28.3549%;\"><span style=\"font-weight: 400;\">Auxiliar de comer\u00e7 i atenci\u00f3 al p\u00fablic<\/span><\/td>\n<td style=\"width: 14.5221%;\" rowspan=\"3\"><span style=\"font-weight: 400;\">Institut Mil\u00e0 i Fontanals<\/span><\/td>\n<\/tr>\n<tr>\n<td style=\"width: 28.3549%;\"><span style=\"font-weight: 400;\">Auxiliar de fabricaci\u00f3 mec\u00e0nica<\/span><\/td>\n<\/tr>\n<tr>\n<td style=\"width: 28.3549%;\"><span style=\"font-weight: 400;\">Auxiliar de muntatge d&#8217;instal\u00b7lacions electrot\u00e8cniques en edificis<\/span><\/td>\n<\/tr>\n<tr>\n<td style=\"width: 31.4974%;\" rowspan=\"2\"><span style=\"font-weight: 400;\">Ajuntament de Calafell<\/span><\/td>\n<td style=\"width: 8.864%;\" rowspan=\"2\"><span style=\"font-weight: 400;\">PTT Calafell<\/span><\/td>\n<td style=\"width: 28.3549%;\"><span style=\"font-weight: 400;\">Auxiliar de serveis de restauraci\u00f3 i cuina<\/span><\/td>\n<td style=\"width: 14.5221%;\"><span style=\"font-weight: 400;\">Institut Cam\u00ed de Mar<\/span><\/td>\n<\/tr>\n<tr>\n<td style=\"width: 28.3549%;\"><span style=\"font-weight: 400;\">Auxiliar de vivers i jardins<\/span><\/td>\n<td style=\"width: 14.5221%;\"><span style=\"font-weight: 400;\">Institut La Talaia<\/span><\/td>\n<\/tr>\n<tr>\n<td style=\"width: 31.4974%;\" rowspan=\"2\"><span style=\"font-weight: 400;\">Ajuntament de El Vendrell<\/span><\/td>\n<td style=\"width: 8.864%;\" rowspan=\"2\"><span style=\"font-weight: 400;\">PTT El Vendrell<\/span><\/td>\n<td style=\"width: 28.3549%;\"><span style=\"font-weight: 400;\">Auxiliar de pastisseria i forneria<\/span><\/td>\n<td style=\"width: 14.5221%;\" rowspan=\"2\"><span style=\"font-weight: 400;\">Institut Andreu Nin<\/span><\/td>\n<\/tr>\n<tr>\n<td style=\"width: 28.3549%;\"><span style=\"font-weight: 400;\">Auxiliar en Centres Sanitaris<\/span><\/td>\n<\/tr>\n<tr>\n<td style=\"width: 31.4974%;\"><span style=\"font-weight: 400;\">Ajuntament de Sant Pere de Ribes<\/span><\/td>\n<td style=\"width: 8.864%;\"><span style=\"font-weight: 400;\">PTT Sant Pere de Ribes<\/span><\/td>\n<td style=\"width: 28.3549%;\"><span style=\"font-weight: 400;\">Auxiliar de perruqueria i est\u00e8tica<\/span><\/td>\n<td style=\"width: 14.5221%;\"><span style=\"font-weight: 400;\">Institut Alexandre Gal\u00ed<\/span><\/td>\n<\/tr>\n<tr>\n<td style=\"width: 31.4974%;\" rowspan=\"2\"><span style=\"font-weight: 400;\">Ajuntament de Santa Margarida i els Monjos<\/span><\/td>\n<td style=\"width: 8.864%;\" rowspan=\"2\"><span style=\"font-weight: 400;\">PTT Santa Margarida i els Monjos<\/span><\/td>\n<td style=\"width: 28.3549%;\"><span style=\"font-weight: 400;\">Auxiliar de muntatge i manteniment d&#8217;equips inform\u00e0tics<\/span><\/td>\n<td style=\"width: 14.5221%;\" rowspan=\"2\"><span style=\"font-weight: 400;\">Institut El Foix<\/span><\/td>\n<\/tr>\n<tr>\n<td style=\"width: 28.3549%;\"><span style=\"font-weight: 400;\">Auxiliar de vivers i jardins<\/span><\/td>\n<\/tr>\n<tr>\n<td style=\"width: 31.4974%;\"><span style=\"font-weight: 400;\">Ajuntament Sant Pere de Ribes<\/span><\/td>\n<td style=\"width: 8.864%;\"><span style=\"font-weight: 400;\">PTT Sant Pere de Ribes<\/span><\/td>\n<td style=\"width: 28.3549%;\"><span style=\"font-weight: 400;\">Auxiliar de muntatge d&#8217;instal\u00b7lacions electrot\u00e8cniques en edificis<\/span><\/td>\n<td style=\"width: 14.5221%;\"><span style=\"font-weight: 400;\">Institut Alexandre Gal\u00ed<\/span><\/td>\n<\/tr>\n<\/tbody>\n<\/table>\n<h4 style=\"text-align: center;\"><\/h4>\n","protected":false},"excerpt":{"rendered":"<p>Oferta curs 2025-26<\/p>\n<p>Administracions locals<br \/>\nNom<br \/>\nGrups<br \/>\nInstituts<\/p>\n<p>Ajuntament Anoia Sud<br \/>\nAjuntaments de: Piera, Cabrera d\u2019Anoia, Capellades, Els Hostalets de Pierola, Masquefa, Pobla de Claramunt, Torre de Claramunt, Vallbona d\u2019Anoia<br \/>\nPTT Piera<br \/>\nAuxiliar de Comercialitzaci\u00f3 de Productes i Log\u00edstica<br \/>\nInstitut Guinovarda<\/p>\n<p>Auxiliar de vivers i jardins<\/p>\n<p>Ajuntament d&#8217;Igualada<br \/>\nPTT Igualada<br \/>\nAuxiliar de comer\u00e7 i atenci\u00f3 al p\u00fablic<br \/>\nInstitut Mil\u00e0&hellip;  <a href=\"https:\/\/projectes.xtec.cat\/pfi\/penedes\/\" title=\"Read Pened\u00e8s\">Llegeix m\u00e9s\u00bb<\/a><\/p>\n","protected":false},"author":1,"featured_media":0,"parent":0,"menu_order":0,"comment_status":"closed","ping_status":"closed","template":"","meta":{"_bbp_topic_count":0,"_bbp_reply_count":0,"_bbp_total_topic_count":0,"_bbp_total_reply_count":0,"_bbp_voice_count":0,"_bbp_anonymous_reply_count":0,"_bbp_topic_count_hidden":0,"_bbp_reply_count_hidden":0,"_bbp_forum_subforum_count":0,"footnotes":""},"class_list":["post-17155","page","type-page","status-publish","hentry"],"post_mailing_queue_ids":[],"_links":{"self":[{"href":"https:\/\/projectes.xtec.cat\/pfi\/wp-json\/wp\/v2\/pages\/17155","targetHints":{"allow":["GET"]}}],"collection":[{"href":"https:\/\/projectes.xtec.cat\/pfi\/wp-json\/wp\/v2\/pages"}],"about":[{"href":"https:\/\/projectes.xtec.cat\/pfi\/wp-json\/wp\/v2\/types\/page"}],"author":[{"embeddable":true,"href":"https:\/\/projectes.xtec.cat\/pfi\/wp-json\/wp\/v2\/users\/1"}],"replies":[{"embeddable":true,"href":"https:\/\/projectes.xtec.cat\/pfi\/wp-json\/wp\/v2\/comments?post=17155"}],"version-history":[{"count":4,"href":"https:\/\/projectes.xtec.cat\/pfi\/wp-json\/wp\/v2\/pages\/17155\/revisions"}],"predecessor-version":[{"id":20950,"href":"https:\/\/projectes.xtec.cat\/pfi\/wp-json\/wp\/v2\/pages\/17155\/revisions\/20950"}],"wp:attachment":[{"href":"https:\/\/projectes.xtec.cat\/pfi\/wp-json\/wp\/v2\/media?parent=17155"}],"curies":[{"name":"wp","href":"https:\/\/api.w.org\/{rel}","templated":true}]}}