{"id":17596,"date":"2023-10-27T14:09:38","date_gmt":"2023-10-27T12:09:38","guid":{"rendered":"https:\/\/projectes.xtec.cat\/pfi\/?page_id=17596"},"modified":"2023-10-27T14:09:38","modified_gmt":"2023-10-27T12:09:38","slug":"videos-pfi","status":"publish","type":"page","link":"https:\/\/projectes.xtec.cat\/pfi\/videos-pfi\/","title":{"rendered":"V\u00eddeos PFI"},"content":{"rendered":"<h4><strong>V\u00eddeo de difusi\u00f3 PFI<\/strong><\/h4>\n<p><iframe loading=\"lazy\" title=\"YouTube video player\" src=\"https:\/\/www.youtube.com\/embed\/UoTYt5EY-jQ\" width=\"560\" height=\"315\" frameborder=\"0\" allowfullscreen=\"allowfullscreen\"><\/iframe><\/p>\n<h4><\/h4>\n<h4><strong>V\u00eddeos &#8220;De l&#8217;oportunitat a l&#8217;\u00e8xit&#8221;<\/strong><\/h4>\n<p><iframe loading=\"lazy\" title=\"YouTube video player\" src=\"https:\/\/www.youtube.com\/embed\/dHdxUgS5hPU\" width=\"560\" height=\"315\" frameborder=\"0\" allowfullscreen=\"allowfullscreen\"><\/iframe><\/p>\n<p><iframe loading=\"lazy\" title=\"YouTube video player\" src=\"https:\/\/www.youtube.com\/embed\/Ya1Tx8ybsh4\" width=\"560\" height=\"315\" frameborder=\"0\" allowfullscreen=\"allowfullscreen\"><\/iframe><\/p>\n<p><iframe loading=\"lazy\" title=\"YouTube video player\" src=\"https:\/\/www.youtube.com\/embed\/O5Y86d2bh8E\" width=\"560\" height=\"315\" frameborder=\"0\" allowfullscreen=\"allowfullscreen\"><\/iframe><\/p>\n<p><iframe loading=\"lazy\" title=\"YouTube video player\" src=\"https:\/\/www.youtube.com\/embed\/IuivQ7upuqs\" width=\"560\" height=\"315\" frameborder=\"0\" allowfullscreen=\"allowfullscreen\"><\/iframe><\/p>\n<p>&nbsp;<\/p>\n<h4>V\u00eddeo &#8220;El PFI a trav\u00e9s dels seus protagonistes&#8221;<\/h4>\n<p><iframe loading=\"lazy\" src=\"https:\/\/www.youtube.com\/embed\/cMaKO3e52wM\" width=\"560\" height=\"315\" frameborder=\"0\" data-mce-fragment=\"1\"><span class=\"mce_SELRES_start\" data-mce-type=\"bookmark\" style=\"display: inline-block; width: 0px; overflow: hidden; line-height: 0;\">\ufeff<\/span><span class=\"mce_SELRES_start\" data-mce-type=\"bookmark\" style=\"display: inline-block; width: 0px; overflow: hidden; line-height: 0;\">\ufeff<\/span><\/iframe><\/p>\n","protected":false},"excerpt":{"rendered":"<p>V\u00eddeo de difusi\u00f3 PFI<\/p>\n<p>V\u00eddeos &#8220;De l&#8217;oportunitat a l&#8217;\u00e8xit&#8221;<\/p>\n<p>&nbsp;<br \/>\nV\u00eddeo &#8220;El PFI a trav\u00e9s dels seus protagonistes&#8221;<br \/>\n\ufeff\ufeff<\/p>\n","protected":false},"author":1,"featured_media":0,"parent":0,"menu_order":0,"comment_status":"closed","ping_status":"closed","template":"","meta":{"_bbp_topic_count":0,"_bbp_reply_count":0,"_bbp_total_topic_count":0,"_bbp_total_reply_count":0,"_bbp_voice_count":0,"_bbp_anonymous_reply_count":0,"_bbp_topic_count_hidden":0,"_bbp_reply_count_hidden":0,"_bbp_forum_subforum_count":0,"footnotes":""},"class_list":["post-17596","page","type-page","status-publish","hentry"],"post_mailing_queue_ids":[],"_links":{"self":[{"href":"https:\/\/projectes.xtec.cat\/pfi\/wp-json\/wp\/v2\/pages\/17596","targetHints":{"allow":["GET"]}}],"collection":[{"href":"https:\/\/projectes.xtec.cat\/pfi\/wp-json\/wp\/v2\/pages"}],"about":[{"href":"https:\/\/projectes.xtec.cat\/pfi\/wp-json\/wp\/v2\/types\/page"}],"author":[{"embeddable":true,"href":"https:\/\/projectes.xtec.cat\/pfi\/wp-json\/wp\/v2\/users\/1"}],"replies":[{"embeddable":true,"href":"https:\/\/projectes.xtec.cat\/pfi\/wp-json\/wp\/v2\/comments?post=17596"}],"version-history":[{"count":1,"href":"https:\/\/projectes.xtec.cat\/pfi\/wp-json\/wp\/v2\/pages\/17596\/revisions"}],"predecessor-version":[{"id":17598,"href":"https:\/\/projectes.xtec.cat\/pfi\/wp-json\/wp\/v2\/pages\/17596\/revisions\/17598"}],"wp:attachment":[{"href":"https:\/\/projectes.xtec.cat\/pfi\/wp-json\/wp\/v2\/media?parent=17596"}],"curies":[{"name":"wp","href":"https:\/\/api.w.org\/{rel}","templated":true}]}}