{"id":21076,"date":"2026-03-05T16:24:51","date_gmt":"2026-03-05T15:24:51","guid":{"rendered":"https:\/\/projectes.xtec.cat\/pfi\/?page_id=21076"},"modified":"2026-03-12T13:59:37","modified_gmt":"2026-03-12T12:59:37","slug":"programa-innovacio","status":"publish","type":"page","link":"https:\/\/projectes.xtec.cat\/pfi\/programa-innovacio\/","title":{"rendered":"Innovaci\u00f3"},"content":{"rendered":"<p><span style=\"font-weight: 400;\">El prop\u00f2sit del Programa d\u2019Innovaci\u00f3 Xarxa PFI \u00e9s acompanyar i donar suport als centres que imparteixen Programes de Formaci\u00f3 i Inserci\u00f3 (PFI) en la implantaci\u00f3 de metodologies actives d\u2019aprenentatge competencial, intra i intercentres, a trav\u00e9s de projectes i activitats, per reduir l\u2019abandonament i augmentar l\u2019\u00e8xit acad\u00e8mic de l\u2019alumnat PFI.<\/span><\/p>\n<p><span style=\"font-weight: 400;\">Les fites del Programa s\u00f3n:<\/span><\/p>\n<ul>\n<li style=\"font-weight: 400;\" aria-level=\"1\"><span style=\"font-weight: 400;\">Crear espais per compartir els objectius de la Xarxa PFI, tant dins del centre com amb altres centres, per donar a con\u00e8ixer els diferents projectes.<\/span><\/li>\n<li style=\"font-weight: 400;\" aria-level=\"1\"><span style=\"font-weight: 400;\">Organitzar activitats que ajudin l\u2019alumnat a descobrir les seves habilitats, fomentant la seva autonomia i capacitat de decisi\u00f3.<\/span><\/li>\n<li style=\"font-weight: 400;\" aria-level=\"1\"><span style=\"font-weight: 400;\">Generar situacions d\u2019aprenentatge que recolzin el projecte personal de cada alumne.<\/span><\/li>\n<li style=\"font-weight: 400;\" aria-level=\"1\"><span style=\"font-weight: 400;\">Desenvolupar espais d\u2019aprenentatge que facilitin la incorporaci\u00f3 de noves metodologies, pr\u00e0ctiques i processos de revisi\u00f3.<\/span><\/li>\n<li style=\"font-weight: 400;\" aria-level=\"1\"><span style=\"font-weight: 400;\">Establir protocols de participaci\u00f3 amb empreses i promoure la cooperaci\u00f3 amb altres centres educatius, empreses i entitats.<\/span><\/li>\n<\/ul>\n<p><span style=\"font-weight: 400;\">El Programa garanteix assessorament des del Departament d\u2019Educaci\u00f3 i Formaci\u00f3 Professional, formaci\u00f3 dins de les Xarxes PFI, proporciona la documentaci\u00f3 per a la gesti\u00f3 del Programa en el centre i facilia recursos i materials per facilitar l&#8217;assoliment dels objectius del Programa.<\/span><\/p>\n<p><span style=\"font-weight: 400;\">El Programa d\u2019Innovaci\u00f3 Xarxa PFI dura tres cursos, en els que el docents paticipants certifiquen la innovaci\u00f3 cada any amb el reconeixement de 40 h i la certificaci\u00f3 del curs de formaci\u00f3 Xarxes PFI de 35 h. El centre pot acreditar el Programa d\u2019Innovaci\u00f3 al finalitzar el tercer any de participaci\u00f3.<\/span><\/p>\n<p><iframe style=\"display: block; width: 100%; border: none;\" src=\"https:\/\/sinapsi.xtec.cat\/ca\/embed\/?search-box=false&amp;synapse=programa-innovacio-pfi&amp;section=everything&amp;view=optimal\" height=\"500\"><\/iframe><\/p>\n","protected":false},"excerpt":{"rendered":"<p>El prop\u00f2sit del Programa d\u2019Innovaci\u00f3 Xarxa PFI \u00e9s acompanyar i donar suport als centres que imparteixen Programes de Formaci\u00f3 i Inserci\u00f3 (PFI) en la implantaci\u00f3 de metodologies actives d\u2019aprenentatge competencial, intra i intercentres, a trav\u00e9s de projectes i activitats, per reduir l\u2019abandonament i augmentar l\u2019\u00e8xit&hellip;  <a href=\"https:\/\/projectes.xtec.cat\/pfi\/programa-innovacio\/\" title=\"Read Innovaci\u00f3\">Llegeix m\u00e9s\u00bb<\/a><\/p>\n","protected":false},"author":1,"featured_media":0,"parent":0,"menu_order":0,"comment_status":"closed","ping_status":"closed","template":"","meta":{"_bbp_topic_count":0,"_bbp_reply_count":0,"_bbp_total_topic_count":0,"_bbp_total_reply_count":0,"_bbp_voice_count":0,"_bbp_anonymous_reply_count":0,"_bbp_topic_count_hidden":0,"_bbp_reply_count_hidden":0,"_bbp_forum_subforum_count":0,"footnotes":""},"class_list":["post-21076","page","type-page","status-publish","hentry"],"post_mailing_queue_ids":[],"_links":{"self":[{"href":"https:\/\/projectes.xtec.cat\/pfi\/wp-json\/wp\/v2\/pages\/21076","targetHints":{"allow":["GET"]}}],"collection":[{"href":"https:\/\/projectes.xtec.cat\/pfi\/wp-json\/wp\/v2\/pages"}],"about":[{"href":"https:\/\/projectes.xtec.cat\/pfi\/wp-json\/wp\/v2\/types\/page"}],"author":[{"embeddable":true,"href":"https:\/\/projectes.xtec.cat\/pfi\/wp-json\/wp\/v2\/users\/1"}],"replies":[{"embeddable":true,"href":"https:\/\/projectes.xtec.cat\/pfi\/wp-json\/wp\/v2\/comments?post=21076"}],"version-history":[{"count":6,"href":"https:\/\/projectes.xtec.cat\/pfi\/wp-json\/wp\/v2\/pages\/21076\/revisions"}],"predecessor-version":[{"id":21125,"href":"https:\/\/projectes.xtec.cat\/pfi\/wp-json\/wp\/v2\/pages\/21076\/revisions\/21125"}],"wp:attachment":[{"href":"https:\/\/projectes.xtec.cat\/pfi\/wp-json\/wp\/v2\/media?parent=21076"}],"curies":[{"name":"wp","href":"https:\/\/api.w.org\/{rel}","templated":true}]}}