{"id":9177,"date":"2020-03-20T12:51:38","date_gmt":"2020-03-20T11:51:38","guid":{"rendered":"http:\/\/projectes.xtec.cat\/pfi\/?page_id=9177"},"modified":"2020-11-06T12:46:16","modified_gmt":"2020-11-06T11:46:16","slug":"modul-formacio-basica-en-prevencio-de-riscos-laborals","status":"publish","type":"page","link":"https:\/\/projectes.xtec.cat\/pfi\/recursos_\/moduls-de-formacio-professional\/modul-formacio-basica-en-prevencio-de-riscos-laborals\/","title":{"rendered":"M\u00f2dul: Formaci\u00f3 b\u00e0sica en Prevenci\u00f3 de riscos laborals"},"content":{"rendered":"<p><a href=\"https:\/\/blocs.xtec.cat\/pqpiprl\/\">Blog PFI de Prevenci\u00f3 de riscos laborals<\/a><\/p>\n<p><a href=\"https:\/\/treball.gencat.cat\/ca\/ambits\/seguretat_i_salut_laboral\/publicacions\/altres_materials\/material_didactic\/cursos_en_linia\/\">P\u00edndoles d&#8217;aprenentatge PRL<\/a> Institut Catal\u00e0 de Seguretat i Salut Laboral (ICSSL). <em>V\u00eddeos interactius amb preguntes. <span style=\"color: #808080;\">Es recomana firefox per obrir-lo.<\/span><\/em><\/p>\n<p><a href=\"https:\/\/www.elperiodico.com\/es\/tele\/20160227\/salvados-denuncia-amianto-evole-4928871\">Programa Salvados \u201cEl negocio de l\u2019amiant\u201d<\/a><\/p>\n<p><a href=\"https:\/\/www.napofilm.net\/es\">La Web d\u2019en Napo<\/a><\/p>\n<p><a href=\"http:\/\/www.insht.es\/InshtWeb\/Contenidos\/Normativa\/GuiasTecnicas\/Ficheros\/pantallas.pdf\">Gu\u00eda t\u00e9cnica para la evaluaci\u00f3n y prevenci\u00f3n de los riesgos relativos a la utilizaci\u00f3n de equipos con pantallas de visualizaci\u00f3n<\/a>. \u00a0Llegir Guia t\u00e8cnica i contestar <a href=\"https:\/\/docs.google.com\/document\/d\/1KkwuRuI1iblX8ZvKlQPzlHxQwSrlTwGYa1FRoGLVs8U\/edit?usp=sharing\">aquestes<\/a> preguntes.<\/p>\n<p><a href=\"https:\/\/vimeo.com\/59521426\">V\u00eddeo The Simpsons<\/a><\/p>\n<p><a href=\"http:\/\/www.jmcprl.net\/MODUL00\/index.html\">Curs b\u00e0sic de prevenci\u00f3 (en castell\u00e0)\u00a0<\/a><\/p>\n","protected":false},"excerpt":{"rendered":"<p><a href=\"https:\/\/blocs.xtec.cat\/pqpiprl\/\">Blog PFI de Prevenci\u00f3 de riscos laborals<\/a><br \/>\n<a href=\"https:\/\/treball.gencat.cat\/ca\/ambits\/seguretat_i_salut_laboral\/publicacions\/altres_materials\/material_didactic\/cursos_en_linia\/\">P\u00edndoles d&#8217;aprenentatge PRL<\/a> Institut Catal\u00e0 de Seguretat i Salut Laboral (ICSSL). V\u00eddeos interactius amb preguntes. Es recomana firefox per obrir-lo.<br \/>\n<a href=\"https:\/\/www.elperiodico.com\/es\/tele\/20160227\/salvados-denuncia-amianto-evole-4928871\">Programa Salvados \u201cEl negocio de l\u2019amiant\u201d<\/a><br \/>\n<a href=\"https:\/\/www.napofilm.net\/es\">La Web d\u2019en Napo<\/a><br \/>\n<a href=\"http:\/\/www.insht.es\/InshtWeb\/Contenidos\/Normativa\/GuiasTecnicas\/Ficheros\/pantallas.pdf\">Gu\u00eda t\u00e9cnica para la evaluaci\u00f3n y prevenci\u00f3n&hellip;  <a href=\"https:\/\/projectes.xtec.cat\/pfi\/recursos_\/moduls-de-formacio-professional\/modul-formacio-basica-en-prevencio-de-riscos-laborals\/\" title=\"Read M\u00f2dul: Formaci\u00f3 b\u00e0sica en Prevenci\u00f3 de riscos laborals\">Llegeix m\u00e9s\u00bb<\/a><\/p>\n","protected":false},"author":1,"featured_media":0,"parent":8236,"menu_order":0,"comment_status":"closed","ping_status":"closed","template":"page-templates\/side-menu.php","meta":{"_bbp_topic_count":0,"_bbp_reply_count":0,"_bbp_total_topic_count":0,"_bbp_total_reply_count":0,"_bbp_voice_count":0,"_bbp_anonymous_reply_count":0,"_bbp_topic_count_hidden":0,"_bbp_reply_count_hidden":0,"_bbp_forum_subforum_count":0,"footnotes":""},"class_list":["post-9177","page","type-page","status-publish","hentry"],"post_mailing_queue_ids":[],"_links":{"self":[{"href":"https:\/\/projectes.xtec.cat\/pfi\/wp-json\/wp\/v2\/pages\/9177","targetHints":{"allow":["GET"]}}],"collection":[{"href":"https:\/\/projectes.xtec.cat\/pfi\/wp-json\/wp\/v2\/pages"}],"about":[{"href":"https:\/\/projectes.xtec.cat\/pfi\/wp-json\/wp\/v2\/types\/page"}],"author":[{"embeddable":true,"href":"https:\/\/projectes.xtec.cat\/pfi\/wp-json\/wp\/v2\/users\/1"}],"replies":[{"embeddable":true,"href":"https:\/\/projectes.xtec.cat\/pfi\/wp-json\/wp\/v2\/comments?post=9177"}],"version-history":[{"count":3,"href":"https:\/\/projectes.xtec.cat\/pfi\/wp-json\/wp\/v2\/pages\/9177\/revisions"}],"predecessor-version":[{"id":10361,"href":"https:\/\/projectes.xtec.cat\/pfi\/wp-json\/wp\/v2\/pages\/9177\/revisions\/10361"}],"up":[{"embeddable":true,"href":"https:\/\/projectes.xtec.cat\/pfi\/wp-json\/wp\/v2\/pages\/8236"}],"wp:attachment":[{"href":"https:\/\/projectes.xtec.cat\/pfi\/wp-json\/wp\/v2\/media?parent=9177"}],"curies":[{"name":"wp","href":"https:\/\/api.w.org\/{rel}","templated":true}]}}