{"id":9282,"date":"2020-03-26T11:43:27","date_gmt":"2020-03-26T10:43:27","guid":{"rendered":"http:\/\/projectes.xtec.cat\/pfi\/?page_id=9282"},"modified":"2020-04-27T11:59:52","modified_gmt":"2020-04-27T09:59:52","slug":"autoaprenentatge","status":"publish","type":"page","link":"https:\/\/projectes.xtec.cat\/pfi\/formacio\/autoaprenentatge\/","title":{"rendered":"Autoaprenentatge"},"content":{"rendered":"<p><a href=\"http:\/\/xtec.gencat.cat\/ca\/recursos\/actuacio-extraordinaria-activitats-autoaprenentatge\/entorns-aprenentatge\/\">Entorns d&#8217;aprenentatge<\/a><\/p>\n<p><a href=\"https:\/\/bechallenge.io\/\">Guia per\u00a0docents de BeChallenge per treballar l\u2019Aprenentatge per reptes<\/a><\/p>\n<p><a href=\"https:\/\/www.prisma.cat\/formacio\/trobades-en-linia?utm_source=website&amp;utm_medium=instagram&amp;utm_campaign=activitats_formatives\">Entorns aprenentatge PRISMA<\/a><\/p>\n<p><a href=\"https:\/\/sonepar.es\/formaciones-online-del-20-al-24-de-abril\/\">Entorns d&#8217;aprenentatge per al sector industrial (el\u00e8ctric).\u00a0<\/a><\/p>\n<p dir=\"ltr\">Tutorials de l\u2019Institut Bernat el Ferrer de Molins de Rei que poden ajudar en la tasca a dist\u00e0ncia:<\/p>\n<p style=\"padding-left: 40px;\"><a href=\"https:\/\/drive.google.com\/file\/d\/1gsbpebUa4WPebbyONrxldS-tLQPIAvWA\/view?usp=sharing\">Estenem l&#8217;escriptori a tablets<\/a><\/p>\n<p style=\"padding-left: 40px;\"><a href=\"https:\/\/drive.google.com\/file\/d\/1AHzq6mvU0T5OyAXu_YvRgbJQ2I6NHCy0\/view?usp=sharing\">Inserci\u00f3 calendari<\/a><\/p>\n<p style=\"padding-left: 40px;\"><a href=\"https:\/\/drive.google.com\/file\/d\/1AHzq6mvU0T5OyAXu_YvRgbJQ2I6NHCy0\/view?usp=sharing\">Pantalla completa meet<\/a><\/p>\n<p style=\"padding-left: 40px;\"><a href=\"https:\/\/drive.google.com\/file\/d\/1rpxGz5UxebPbvgY2HSLpEmjn2jwxRaBk\/view?usp=sharing\">Suport remot<\/a><\/p>\n<p style=\"padding-left: 40px;\"><a href=\"https:\/\/drive.google.com\/file\/d\/1rpxGz5UxebPbvgY2HSLpEmjn2jwxRaBk\/view?usp=sharing\">Tutorials de gravaci\u00f3<\/a><\/p>\n<p style=\"padding-left: 40px;\"><a href=\"https:\/\/drive.google.com\/file\/d\/1rpxGz5UxebPbvgY2HSLpEmjn2jwxRaBk\/view?usp=sharing\">\u00das del m\u00f2bil com a c\u00e0mera auxiliar del meet<\/a><\/p>\n<p dir=\"ltr\">Articles relacionats amb la gesti\u00f3 a dist\u00e0ncia:<\/p>\n<p dir=\"ltr\" style=\"padding-left: 40px;\"><a href=\"https:\/\/aretio.hypotheses.org\/3292\">LMS. Plataformas Virtuales o Entornos Virtuales de Aprendizaje. Ventajas y funcionalidades<\/a><\/p>\n<p dir=\"ltr\" style=\"padding-left: 40px;\"><a href=\"http:\/\/www.rrhhdigital.com\/secciones\/tecnologia-e-innovacion\/141050\/De-los-riesgos-laborales-a-los-ciberriesgos-del-teletrabajo-siete-consejos-para-mejorar-la-seguridad-de-trabajo-en-remoto?target=_sel\">De los riesgos laborales a los ciberriesgos del teletrabajo<\/a><\/p>\n<p dir=\"ltr\">Recursos, eines per a treballar des de casa:<\/p>\n<p dir=\"ltr\" style=\"padding-left: 40px;\"><a href=\"https:\/\/educacionadistancia.ieducando.com\">Ense\u00f1ar a distancia<\/a><\/p>\n<p dir=\"ltr\" style=\"padding-left: 40px;\"><a href=\"https:\/\/educacionadistancia.ieducando.com\">Ense\u00f1a desde casa<\/a><\/p>\n<p dir=\"ltr\" style=\"padding-left: 40px;\">Nod &#8211; Reactions for Google Meet:\u00a0extensi\u00f3 de Chrome per a poder fer reaccions al Google Meet <a href=\"https:\/\/chrome.google.com\/webstore\/detail\/nod-reactions-for-google\/oikgofeboedgfkaacpfepbfmgdalabej\" target=\"_blank\" rel=\"noopener noreferrer\" data-saferedirecturl=\"https:\/\/www.google.com\/url?q=https:\/\/chrome.google.com\/webstore\/detail\/nod-reactions-for-google\/oikgofeboedgfkaacpfepbfmgdalabej&amp;source=gmail&amp;ust=1588061204527000&amp;usg=AFQjCNHa6CaB07wPRVK9rjJHH-vcgmDSHg\">https:\/\/chrome.google.com\/<wbr \/>webstore\/detail\/nod-reactions-<wbr \/>for-google\/oikgofebo<\/a><a href=\"https:\/\/chrome.google.com\/webstore\/detail\/nod-reactions-for-google\/oikgofeboedgfkaacpfepbfmgdalabej\" target=\"_blank\" rel=\"noopener noreferrer\" data-saferedirecturl=\"https:\/\/www.google.com\/url?q=https:\/\/chrome.google.com\/webstore\/detail\/nod-reactions-for-google\/oikgofeboedgfkaacpfepbfmgdalabej&amp;source=gmail&amp;ust=1588061204527000&amp;usg=AFQjCNHa6CaB07wPRVK9rjJHH-vcgmDSHg\">edgfkaacpfepbfmgdalabej<\/a><\/p>\n<p dir=\"ltr\" style=\"padding-left: 40px;\">Meet Assist\u00e8ncia:\u00a0extensi\u00f3 de Chrome per a poder passar llista al Google Meet <a href=\"https:\/\/chrome.google.com\/webstore\/detail\/meet-attendance\/nenibigflkdikhamlnekfppbganmojlg\" target=\"_blank\" rel=\"noopener noreferrer\" data-saferedirecturl=\"https:\/\/www.google.com\/url?q=https:\/\/chrome.google.com\/webstore\/detail\/meet-attendance\/nenibigflkdikhamlnekfppbganmojlg&amp;source=gmail&amp;ust=1588061204527000&amp;usg=AFQjCNGtc4SKX1wYT2vUeodviGrQO5U-ew\">https:\/\/chrome.google.com\/<wbr \/>webstore\/detail\/meet-<wbr \/>attendance\/<wbr \/>nenibigflkdikhamlnekfppbganmoj<wbr \/>lg<\/a><\/p>\n<p dir=\"ltr\" style=\"padding-left: 40px;\"><a href=\"https:\/\/www.uoc.edu\/portal\/ca\/coronavirus\/docencia-emergencia\/index.html\">Doc\u00e8ncia no presencial d&#8217;emerg\u00e8ncia UOC<\/a><\/p>\n<p dir=\"ltr\" style=\"padding-left: 40px;\">Eina per a crear <a href=\"https:\/\/educacionadistancia.ieducando.com\">activitats interactives<\/a><\/p>\n<p dir=\"ltr\">\n","protected":false},"excerpt":{"rendered":"<p><a href=\"http:\/\/xtec.gencat.cat\/ca\/recursos\/actuacio-extraordinaria-activitats-autoaprenentatge\/entorns-aprenentatge\/\">Entorns d&#8217;aprenentatge<\/a><br \/>\n<a href=\"https:\/\/bechallenge.io\/\">Guia per\u00a0docents de BeChallenge per treballar l\u2019Aprenentatge per reptes<\/a><br \/>\n<a href=\"https:\/\/www.prisma.cat\/formacio\/trobades-en-linia?utm_source=website&amp;utm_medium=instagram&amp;utm_campaign=activitats_formatives\">Entorns aprenentatge PRISMA<\/a><br \/>\n<a href=\"https:\/\/sonepar.es\/formaciones-online-del-20-al-24-de-abril\/\">Entorns d&#8217;aprenentatge per al sector industrial (el\u00e8ctric).\u00a0<\/a><br \/>\nTutorials de l\u2019Institut Bernat el Ferrer de Molins de Rei que poden ajudar en la tasca a dist\u00e0ncia:<br \/>\n<a href=\"https:\/\/drive.google.com\/file\/d\/1gsbpebUa4WPebbyONrxldS-tLQPIAvWA\/view?usp=sharing\">Estenem l&#8217;escriptori a tablets<\/a><br \/>\n<a href=\"https:\/\/drive.google.com\/file\/d\/1AHzq6mvU0T5OyAXu_YvRgbJQ2I6NHCy0\/view?usp=sharing\">Inserci\u00f3 calendari<\/a><br \/>\n<a&hellip;  <a href=\"https:\/\/projectes.xtec.cat\/pfi\/formacio\/autoaprenentatge\/\" title=\"Read Autoaprenentatge\">Llegeix m\u00e9s\u00bb<\/a><\/p>\n","protected":false},"author":1,"featured_media":0,"parent":8223,"menu_order":0,"comment_status":"closed","ping_status":"closed","template":"","meta":{"_bbp_topic_count":0,"_bbp_reply_count":0,"_bbp_total_topic_count":0,"_bbp_total_reply_count":0,"_bbp_voice_count":0,"_bbp_anonymous_reply_count":0,"_bbp_topic_count_hidden":0,"_bbp_reply_count_hidden":0,"_bbp_forum_subforum_count":0,"footnotes":""},"class_list":["post-9282","page","type-page","status-publish","hentry"],"post_mailing_queue_ids":[],"_links":{"self":[{"href":"https:\/\/projectes.xtec.cat\/pfi\/wp-json\/wp\/v2\/pages\/9282","targetHints":{"allow":["GET"]}}],"collection":[{"href":"https:\/\/projectes.xtec.cat\/pfi\/wp-json\/wp\/v2\/pages"}],"about":[{"href":"https:\/\/projectes.xtec.cat\/pfi\/wp-json\/wp\/v2\/types\/page"}],"author":[{"embeddable":true,"href":"https:\/\/projectes.xtec.cat\/pfi\/wp-json\/wp\/v2\/users\/1"}],"replies":[{"embeddable":true,"href":"https:\/\/projectes.xtec.cat\/pfi\/wp-json\/wp\/v2\/comments?post=9282"}],"version-history":[{"count":4,"href":"https:\/\/projectes.xtec.cat\/pfi\/wp-json\/wp\/v2\/pages\/9282\/revisions"}],"predecessor-version":[{"id":9564,"href":"https:\/\/projectes.xtec.cat\/pfi\/wp-json\/wp\/v2\/pages\/9282\/revisions\/9564"}],"up":[{"embeddable":true,"href":"https:\/\/projectes.xtec.cat\/pfi\/wp-json\/wp\/v2\/pages\/8223"}],"wp:attachment":[{"href":"https:\/\/projectes.xtec.cat\/pfi\/wp-json\/wp\/v2\/media?parent=9282"}],"curies":[{"name":"wp","href":"https:\/\/api.w.org\/{rel}","templated":true}]}}