{"id":9337,"date":"2020-04-01T17:42:44","date_gmt":"2020-04-01T15:42:44","guid":{"rendered":"http:\/\/projectes.xtec.cat\/pfi\/?page_id=9337"},"modified":"2020-11-26T09:29:38","modified_gmt":"2020-11-26T08:29:38","slug":"histories-de-vida","status":"publish","type":"page","link":"https:\/\/projectes.xtec.cat\/pfi\/projectes\/histories-de-vida\/","title":{"rendered":"Hist\u00f2ries de vida"},"content":{"rendered":"<h4 style=\"text-align: center;\">Projecte Hist\u00f2ries de Vida<\/h4>\n<p style=\"text-align: center;\"><a href=\"https:\/\/sites.google.com\/xtec.cat\/historiesdevida\/hist%C3%B2ries-de-vida\">Enlla\u00e7 al nou WEB<\/a><\/p>\n<p><img loading=\"lazy\" decoding=\"async\" class=\"wp-image-10307 aligncenter\" src=\"https:\/\/projectes.xtec.cat\/pfi\/wp-content\/uploads\/usu1781\/2020\/10\/2020-10-09_124045-300x153.png\" alt=\"\" width=\"410\" height=\"209\" srcset=\"https:\/\/projectes.xtec.cat\/pfi\/wp-content\/uploads\/usu1781\/2020\/10\/2020-10-09_124045-300x153.png 300w, https:\/\/projectes.xtec.cat\/pfi\/wp-content\/uploads\/usu1781\/2020\/10\/2020-10-09_124045-768x391.png 768w, https:\/\/projectes.xtec.cat\/pfi\/wp-content\/uploads\/usu1781\/2020\/10\/2020-10-09_124045-1024x521.png 1024w, https:\/\/projectes.xtec.cat\/pfi\/wp-content\/uploads\/usu1781\/2020\/10\/2020-10-09_124045.png 1263w\" sizes=\"auto, (max-width: 410px) 100vw, 410px\" \/><\/p>\n<p><a href=\"https:\/\/projectes.xtec.cat\/pfi\/wp-content\/uploads\/usu1781\/2020\/10\/2020-10-09_124115.png\"><img loading=\"lazy\" decoding=\"async\" class=\"aligncenter wp-image-10308\" src=\"https:\/\/projectes.xtec.cat\/pfi\/wp-content\/uploads\/usu1781\/2020\/10\/2020-10-09_124115-300x149.png\" alt=\"\" width=\"406\" height=\"202\" \/><\/a><\/p>\n<p style=\"text-align: center;\">Per a m\u00e9s informaci\u00f3 del projecte, contacteu amb Mercedes L\u00f3pez <a href=\"mailto:projectespfi.educacio@gencat.cat\">projectespfi.educacio@gencat.cat<\/a><\/p>\n","protected":false},"excerpt":{"rendered":"<p>Projecte Hist\u00f2ries de Vida<br \/>\n<a href=\"https:\/\/sites.google.com\/xtec.cat\/historiesdevida\/hist%C3%B2ries-de-vida\">Enlla\u00e7 al nou WEB<\/a><\/p>\n<p><a href=\"https:\/\/projectes.xtec.cat\/pfi\/wp-content\/uploads\/usu1781\/2020\/10\/2020-10-09_124115.png\"><\/a><br \/>\nPer a m\u00e9s informaci\u00f3 del projecte, contacteu amb Mercedes L\u00f3pez <a href=\"mailto:projectespfi.educacio@gencat.cat\">projectespfi.educacio@gencat.cat<\/a><\/p>\n","protected":false},"author":1,"featured_media":0,"parent":9326,"menu_order":0,"comment_status":"closed","ping_status":"closed","template":"","meta":{"_bbp_topic_count":0,"_bbp_reply_count":0,"_bbp_total_topic_count":0,"_bbp_total_reply_count":0,"_bbp_voice_count":0,"_bbp_anonymous_reply_count":0,"_bbp_topic_count_hidden":0,"_bbp_reply_count_hidden":0,"_bbp_forum_subforum_count":0,"footnotes":""},"class_list":["post-9337","page","type-page","status-publish","hentry"],"post_mailing_queue_ids":[],"_links":{"self":[{"href":"https:\/\/projectes.xtec.cat\/pfi\/wp-json\/wp\/v2\/pages\/9337","targetHints":{"allow":["GET"]}}],"collection":[{"href":"https:\/\/projectes.xtec.cat\/pfi\/wp-json\/wp\/v2\/pages"}],"about":[{"href":"https:\/\/projectes.xtec.cat\/pfi\/wp-json\/wp\/v2\/types\/page"}],"author":[{"embeddable":true,"href":"https:\/\/projectes.xtec.cat\/pfi\/wp-json\/wp\/v2\/users\/1"}],"replies":[{"embeddable":true,"href":"https:\/\/projectes.xtec.cat\/pfi\/wp-json\/wp\/v2\/comments?post=9337"}],"version-history":[{"count":4,"href":"https:\/\/projectes.xtec.cat\/pfi\/wp-json\/wp\/v2\/pages\/9337\/revisions"}],"predecessor-version":[{"id":10313,"href":"https:\/\/projectes.xtec.cat\/pfi\/wp-json\/wp\/v2\/pages\/9337\/revisions\/10313"}],"up":[{"embeddable":true,"href":"https:\/\/projectes.xtec.cat\/pfi\/wp-json\/wp\/v2\/pages\/9326"}],"wp:attachment":[{"href":"https:\/\/projectes.xtec.cat\/pfi\/wp-json\/wp\/v2\/media?parent=9337"}],"curies":[{"name":"wp","href":"https:\/\/api.w.org\/{rel}","templated":true}]}}