{"id":9346,"date":"2020-04-01T17:45:06","date_gmt":"2020-04-01T15:45:06","guid":{"rendered":"http:\/\/projectes.xtec.cat\/pfi\/?page_id=9346"},"modified":"2020-10-14T13:29:18","modified_gmt":"2020-10-14T11:29:18","slug":"fel-formacio-en-entorn-laboral","status":"publish","type":"page","link":"https:\/\/projectes.xtec.cat\/pfi\/projectes\/fel-formacio-en-entorn-laboral\/","title":{"rendered":"FEL (Formaci\u00f3 en Entorn Laboral)"},"content":{"rendered":"<p dir=\"ltr\">La Formaci\u00f3 en entorn laboral (FEL) \u00e9s aquella formaci\u00f3 te\u00f2rico-pr\u00e0ctica espec\u00edfica del perfil professional que, en comptes de fer-se en espais propis del Departament d\u2019Educaci\u00f3 o instal\u00b7lacions municipals es fa a les instal\u00b7lacions d\u2019una empresa. A m\u00e9s a m\u00e9s, aquesta\u00a0 formaci\u00f3 pot ser impartida pels professionals de l\u2019empresa.<\/p>\n<p dir=\"ltr\">Algunes de les empreses que col\u00b7laboren amb els PFI mitjan\u00e7ant un conveni de col\u00b7laboraci\u00f3 amb el Departament d\u2019Educaci\u00f3:<\/p>\n<table>\n<tbody>\n<tr>\n<td>\n<p dir=\"ltr\">HILTON DIAGONAL MAR<\/p>\n<\/td>\n<td>\n<p dir=\"ltr\">HOTELERA MARINA BARCELONA<\/p>\n<\/td>\n<td>\n<p dir=\"ltr\">SERUNION<\/p>\n<\/td>\n<\/tr>\n<tr>\n<td>\n<p dir=\"ltr\">RESTAURANT CAN XEL<\/p>\n<\/td>\n<td>\n<p dir=\"ltr\">CONSUM<\/p>\n<\/td>\n<td>\n<p dir=\"ltr\">B2B PICKING CHANEL DISTRIBUTION SL<\/p>\n<\/td>\n<\/tr>\n<tr>\n<td>\n<p dir=\"ltr\">UNI\u00d3 EMPRESARIAL DE L\u2019ANOIA<\/p>\n<\/td>\n<td>\n<p dir=\"ltr\">GASOL CENTRE 50 SL<\/p>\n<\/td>\n<td>\n<p dir=\"ltr\">PARSLEY ISLAND PLUS SL<\/p>\n<\/td>\n<\/tr>\n<tr>\n<td>\n<p dir=\"ltr\">COMERCIAL BONANOVA SL<\/p>\n<\/td>\n<td>\n<p dir=\"ltr\">APOLO 10 SL<\/p>\n<\/td>\n<td>\n<p dir=\"ltr\">CAMBRA DE COMER\u00c7 DE PALAM\u00d3S<\/p>\n<\/td>\n<\/tr>\n<tr>\n<td>\n<p dir=\"ltr\">PASTISSERIA MU\u00d1OZ COLOMER SL<\/p>\n<\/td>\n<td>\n<p dir=\"ltr\">ISS ACTIVA EDUCACIONAL SL<\/p>\n<\/td>\n<td>\n<p dir=\"ltr\">GREMI DE LA FUSTA DE TERRASSA<\/p>\n<\/td>\n<\/tr>\n<\/tbody>\n<\/table>\n<p dir=\"ltr\"><a href=\"https:\/\/photos.app.goo.gl\/ouhyDUcMmETfK63KA\"><br \/>\nGaleria d&#8217;imatges<\/a><\/p>\n<p dir=\"ltr\">Per a m\u00e9s informaci\u00f3 del projecte, contacteu a <a href=\"mailto:projectespfi.educacio@gencat.cat\">projectespfi.educacio@gencat.cat<\/a><\/p>\n<p dir=\"ltr\">\n","protected":false},"excerpt":{"rendered":"<p>La Formaci\u00f3 en entorn laboral (FEL) \u00e9s aquella formaci\u00f3 te\u00f2rico-pr\u00e0ctica espec\u00edfica del perfil professional que, en comptes de fer-se en espais propis del Departament d\u2019Educaci\u00f3 o instal\u00b7lacions municipals es fa a les instal\u00b7lacions d\u2019una empresa. A m\u00e9s a m\u00e9s, aquesta\u00a0 formaci\u00f3 pot ser impartida pels&hellip;  <a href=\"https:\/\/projectes.xtec.cat\/pfi\/projectes\/fel-formacio-en-entorn-laboral\/\" title=\"Read FEL (Formaci\u00f3 en Entorn Laboral)\">Llegeix m\u00e9s\u00bb<\/a><\/p>\n","protected":false},"author":1,"featured_media":0,"parent":9326,"menu_order":4,"comment_status":"closed","ping_status":"closed","template":"","meta":{"_bbp_topic_count":0,"_bbp_reply_count":0,"_bbp_total_topic_count":0,"_bbp_total_reply_count":0,"_bbp_voice_count":0,"_bbp_anonymous_reply_count":0,"_bbp_topic_count_hidden":0,"_bbp_reply_count_hidden":0,"_bbp_forum_subforum_count":0,"footnotes":""},"class_list":["post-9346","page","type-page","status-publish","hentry"],"post_mailing_queue_ids":[],"_links":{"self":[{"href":"https:\/\/projectes.xtec.cat\/pfi\/wp-json\/wp\/v2\/pages\/9346","targetHints":{"allow":["GET"]}}],"collection":[{"href":"https:\/\/projectes.xtec.cat\/pfi\/wp-json\/wp\/v2\/pages"}],"about":[{"href":"https:\/\/projectes.xtec.cat\/pfi\/wp-json\/wp\/v2\/types\/page"}],"author":[{"embeddable":true,"href":"https:\/\/projectes.xtec.cat\/pfi\/wp-json\/wp\/v2\/users\/1"}],"replies":[{"embeddable":true,"href":"https:\/\/projectes.xtec.cat\/pfi\/wp-json\/wp\/v2\/comments?post=9346"}],"version-history":[{"count":3,"href":"https:\/\/projectes.xtec.cat\/pfi\/wp-json\/wp\/v2\/pages\/9346\/revisions"}],"predecessor-version":[{"id":10324,"href":"https:\/\/projectes.xtec.cat\/pfi\/wp-json\/wp\/v2\/pages\/9346\/revisions\/10324"}],"up":[{"embeddable":true,"href":"https:\/\/projectes.xtec.cat\/pfi\/wp-json\/wp\/v2\/pages\/9326"}],"wp:attachment":[{"href":"https:\/\/projectes.xtec.cat\/pfi\/wp-json\/wp\/v2\/media?parent=9346"}],"curies":[{"name":"wp","href":"https:\/\/api.w.org\/{rel}","templated":true}]}}