{"id":9403,"date":"2020-04-03T13:13:45","date_gmt":"2020-04-03T11:13:45","guid":{"rendered":"http:\/\/projectes.xtec.cat\/pfi\/?page_id=9403"},"modified":"2026-03-24T14:04:08","modified_gmt":"2026-03-24T13:04:08","slug":"comunicats","status":"publish","type":"page","link":"https:\/\/projectes.xtec.cat\/pfi\/normativa\/comunicats\/","title":{"rendered":"Comunicats"},"content":{"rendered":"<p>Publicaci\u00f3 de\u00a0la\u00a0<a href=\"https:\/\/projectes.xtec.cat\/pfi\/general\/publicacio-resolucio-edf-746-2026-dels-efectes-de-la-superacio-dels-pfi\/\">Resoluci\u00f3 EDF\/746\/2026, de 13 de mar\u00e7<\/a>, per la qual es modifica la Resoluci\u00f3 EDF\/4245\/2024, de 26 de novembre, dels efectes de la superaci\u00f3 dels programes de formaci\u00f3 i inserci\u00f3.<\/p>\n<p>Publicaci\u00f3 de la <a href=\"https:\/\/projectes.xtec.cat\/pfi\/portada\/publicacio-resolucio-edf-582-2026-dels-perfils-professionals-pfi\/\">Resoluci\u00f3 EDF\/582\/2026, de 3 de mar\u00e7,<\/a> dels perfils professionals dels programes de formaci\u00f3 i inserci\u00f3.<\/p>\n<p>Publicaci\u00f3 de l\u2019<a href=\"https:\/\/projectes.xtec.cat\/pfi\/portada\/publicacio-ordre-edf-34-2026-de-25-de-febrer-dels-programes-de-formacio-i-insercio-del-sistema-educatiu\/\">Ordre EDF\/34\/2026, de 25 de febrer<\/a>, dels programes de formaci\u00f3 i inserci\u00f3 del sistema educatiu.<\/p>\n<p><a href=\"https:\/\/projectes.xtec.cat\/pfi\/general\/prova-graduat-en-educacio-secundaria-obligatoria\/\">Prova de Graduat en Educaci\u00f3 Secund\u00e0ria Obligat\u00f2ria<\/a> per als alumnes que no l\u2019hagin obtingut en finalitzar l\u2019etapa.<\/p>\n<p>Publicaci\u00f3 de la <a href=\"https:\/\/projectes.xtec.cat\/pfi\/general\/llista-de-centres-i-establiments-que-ofereixen-pfi-curs-2025-2026\/\">llista de centres amb oferta PFI per al curs 2025-26<\/a><\/p>\n<p>Publicada la<a href=\"https:\/\/projectes.xtec.cat\/pfi\/portada\/modificacio-resolucio-efectes-superacio-dels-programes-de-formacio-i-insercio\/\"> Resoluci\u00f3 EDF\/1323\/2025, de 8 d&#8217;abril<\/a>, que modifica la Resoluci\u00f3 EDF\/4245\/2024, de 26 de novembre, dels efectes de la superaci\u00f3 dels programes de formaci\u00f3 i inserci\u00f3.<\/p>\n<p>Publicada la <a href=\"https:\/\/projectes.xtec.cat\/pfi\/portada\/resolucio-efectes-superacio-dels-programes-de-formacio-i-insercio\/\">RESOLUCIO EDF\/4245,<\/a> 26 de novembre, dels efectes de la superaci\u00f3 dels PFI.<\/p>\n<p>Publicada la <a href=\"https:\/\/projectes.xtec.cat\/pfi\/portada\/publicacio-resolucio-edu-2246-2024-de-17-de-juny-amb-els-nous-perfils-pfi-curs-2024-25\/\">RESOLUCI\u00d3 EDU\/2246\/2024<\/a>, de 17 de juny, per la qual es modifica l\u2019annex 2 de la Resoluci\u00f3 ENS\/2250\/2014, de 6 d\u2019octubre, de l\u2019estructura dels programes de formaci\u00f3 i inserci\u00f3.<\/p>\n<p>Publicada la <a href=\"https:\/\/projectes.xtec.cat\/pfi\/?s=Resoluci%C3%B3+variaci%C3%B3+oferta+dels+Programes+de+formaci%C3%B3+i+inserci%C3%B3+a+partir+de+l%E2%80%991+de+setembre+de+2024\">Resoluci\u00f3<\/a>\u00a0per la qual es fa p\u00fablica la variaci\u00f3 de l\u2019oferta dels Programes de formaci\u00f3 i inserci\u00f3 a partir de l\u20191 de setembre de 2024.<\/p>\n<p>Publicada la <a href=\"https:\/\/projectes.xtec.cat\/pfi\/portada\/modificacio-proces-implantacio-i-autoritzacio-pfi\/\">Resoluci\u00f3\u00a0EDU\/829\/2024<\/a>, de 14 de mar\u00e7, de modificaci\u00f3 de la Resoluci\u00f3 EDU\/3731\/2022, de 22 de novembre, del proc\u00e9s d&#8217;implantaci\u00f3 i del proc\u00e9s d&#8217;autoritzaci\u00f3 dels programes de formaci\u00f3 i inserci\u00f3.<\/p>\n<p><a href=\"https:\/\/projectes.xtec.cat\/pfi\/portada\/resolucio-subvencio-pfi-curs-2023-24\/\">Resoluci\u00f3<\/a> de concessi\u00f3 de subvencions per a centres educatius per desenvolupar programes de formaci\u00f3 i inserci\u00f3 en el curs 2023-24.<\/p>\n<p><a href=\"https:\/\/projectes.xtec.cat\/pfi\/portada\/arees-dinfluencia-preinscripcio-pfi-curs-2024-2025\/\">\u00c0rees d&#8217;influ\u00e8ncia<\/a> de la preinscripci\u00f3 PFI del curs 2024-2025.<\/p>\n<p><a href=\"https:\/\/projectes.xtec.cat\/pfi\/general\/publicacio-de-la-resolucio-edu-148-2023-que-incorpora-nous-perfils-pfi\/\">RESOLUCI\u00d3 EDU\/148\/2023, de 18 de gener<\/a>, per la qual es modifica l&#8217;annex 2 de la Resoluci\u00f3 ENS\/2250\/2014, de 6 d&#8217;octubre, de l&#8217;estructura dels programes de formaci\u00f3 i inserci\u00f3.<\/p>\n<p><a href=\"https:\/\/projectes.xtec.cat\/pfi\/portada\/publicada-resolucio-edu-377-2021-que-estableix-lorganitzacio-i-la-gestio-de-la-modalitat-ptt\/\">RESOLUCI\u00d3 EDU\/377\/2021, de 8 de febrer,<\/a> per la qual s&#8217;estableix l&#8217;organitzaci\u00f3 i la gesti\u00f3 de la modalitat de Plans de Transici\u00f3 al Treball dels programes de formaci\u00f3 i inserci\u00f3 a partir del curs 2021-2022.<\/p>\n<p><a href=\"https:\/\/projectes.xtec.cat\/pfi\/portada\/nota-informativa-avaluacio-i-acces-a-cicles-de-grau-mitja-dels-alumnes-pfi\/\">Nota informativa<\/a> sobre l&#8217;avaluaci\u00f3 i l&#8217;acc\u00e9s a cicles de grau mitj\u00e0 dels alumnes PFI<\/p>\n<p>Acc\u00e9s dels alumnes als centres &#8211; Declaracions responsables: <a href=\"https:\/\/documents.espai.educacio.gencat.cat\/FormularisModels\/CentresGestioAdministrativa\/A817.pdf\">Menors d&#8217;edat\u00a0 \u00a0&#8211; \u00a0<\/a><a style=\"font-family: inherit; font-size: 1em;\" href=\"https:\/\/documents.espai.educacio.gencat.cat\/FormularisModels\/CentresGestioAdministrativa\/A820.pdf\">Majors d&#8217;edat<\/a><\/p>\n<p><a href=\"https:\/\/projectes.xtec.cat\/pfi\/general\/us-responsable-dinternet\/\">Orientacions per a l&#8217;\u00fas responsable d&#8217;internet<\/a><\/p>\n","protected":false},"excerpt":{"rendered":"<p>Publicaci\u00f3 de\u00a0la\u00a0<a href=\"https:\/\/projectes.xtec.cat\/pfi\/general\/publicacio-resolucio-edf-746-2026-dels-efectes-de-la-superacio-dels-pfi\/\">Resoluci\u00f3 EDF\/746\/2026, de 13 de mar\u00e7<\/a>, per la qual es modifica la Resoluci\u00f3 EDF\/4245\/2024, de 26 de novembre, dels efectes de la superaci\u00f3 dels programes de formaci\u00f3 i inserci\u00f3.<br \/>\nPublicaci\u00f3 de la <a href=\"https:\/\/projectes.xtec.cat\/pfi\/portada\/publicacio-resolucio-edf-582-2026-dels-perfils-professionals-pfi\/\">Resoluci\u00f3 EDF\/582\/2026, de 3 de mar\u00e7,<\/a> dels perfils professionals dels programes&hellip;  <a href=\"https:\/\/projectes.xtec.cat\/pfi\/normativa\/comunicats\/\" title=\"Read Comunicats\">Llegeix m\u00e9s\u00bb<\/a><\/p>\n","protected":false},"author":1,"featured_media":0,"parent":8654,"menu_order":1,"comment_status":"closed","ping_status":"closed","template":"","meta":{"_bbp_topic_count":0,"_bbp_reply_count":0,"_bbp_total_topic_count":0,"_bbp_total_reply_count":0,"_bbp_voice_count":0,"_bbp_anonymous_reply_count":0,"_bbp_topic_count_hidden":0,"_bbp_reply_count_hidden":0,"_bbp_forum_subforum_count":0,"footnotes":""},"class_list":["post-9403","page","type-page","status-publish","hentry"],"post_mailing_queue_ids":[],"_links":{"self":[{"href":"https:\/\/projectes.xtec.cat\/pfi\/wp-json\/wp\/v2\/pages\/9403","targetHints":{"allow":["GET"]}}],"collection":[{"href":"https:\/\/projectes.xtec.cat\/pfi\/wp-json\/wp\/v2\/pages"}],"about":[{"href":"https:\/\/projectes.xtec.cat\/pfi\/wp-json\/wp\/v2\/types\/page"}],"author":[{"embeddable":true,"href":"https:\/\/projectes.xtec.cat\/pfi\/wp-json\/wp\/v2\/users\/1"}],"replies":[{"embeddable":true,"href":"https:\/\/projectes.xtec.cat\/pfi\/wp-json\/wp\/v2\/comments?post=9403"}],"version-history":[{"count":7,"href":"https:\/\/projectes.xtec.cat\/pfi\/wp-json\/wp\/v2\/pages\/9403\/revisions"}],"predecessor-version":[{"id":21173,"href":"https:\/\/projectes.xtec.cat\/pfi\/wp-json\/wp\/v2\/pages\/9403\/revisions\/21173"}],"up":[{"embeddable":true,"href":"https:\/\/projectes.xtec.cat\/pfi\/wp-json\/wp\/v2\/pages\/8654"}],"wp:attachment":[{"href":"https:\/\/projectes.xtec.cat\/pfi\/wp-json\/wp\/v2\/media?parent=9403"}],"curies":[{"name":"wp","href":"https:\/\/api.w.org\/{rel}","templated":true}]}}