{"id":11737,"date":"2023-01-01T18:00:45","date_gmt":"2023-01-01T17:00:45","guid":{"rendered":"https:\/\/projectes.xtec.cat\/impulsfp\/?page_id=11737"},"modified":"2026-04-29T07:50:25","modified_gmt":"2026-04-29T05:50:25","slug":"infocentres","status":"publish","type":"page","link":"https:\/\/projectes.xtec.cat\/programesiprojectesfp\/infocentres\/","title":{"rendered":"Infocentres"},"content":{"rendered":"<p><span style=\"color: #ff0000;\"><strong><span style=\"font-size: 18pt;\">Volem escoltar la teva veu!<\/span><\/strong><\/span><\/p>\n<p data-start=\"83\" data-end=\"398\">Aquesta secci\u00f3 s\u2019ha creat perqu\u00e8 puguis compartir totes aquelles not\u00edcies del teu centre: accions, esdeveniments, projectes, experi\u00e8ncies de coordinaci\u00f3 de programes, aix\u00ed com opinions o reflexions que vulguis fer arribar a la resta de centres i professionals del conjunt del territori catal\u00e0.<\/p>\n<p data-start=\"400\" data-end=\"603\">Publicar \u00e9s molt senzill: nom\u00e9s cal clicar a \u201cPublicar\u201d i escriure l\u2019article que vulguis difondre. No cal que sigui extens; pots compartir una idea, una experi\u00e8ncia o una not\u00edcia de manera breu i directa.<\/p>\n<p data-start=\"605\" data-end=\"702\">El nostre equip revisar\u00e0 el contingut i el difondr\u00e0 al tauler principal per donar-li visibilitat.<\/p>\n<p data-start=\"704\" data-end=\"819\" data-is-last-node=\"\" data-is-only-node=\"\">Anima\u2019t a participar i ajuda\u2019ns a posar en valor tota la bona feina que es fa als centres de Formaci\u00f3 Professional!<\/p>\n<p><a href=\"https:\/\/projectes.xtec.cat\/programesiprojectesfp\/wp-admin\/post-new.php\"><img loading=\"lazy\" decoding=\"async\" class=\" wp-image-11739 aligncenter\" src=\"https:\/\/projectes.xtec.cat\/impulsfp\/wp-content\/uploads\/usu2078\/2023\/01\/Publicar.png\" alt=\"\" width=\"251\" height=\"237\" srcset=\"https:\/\/projectes.xtec.cat\/programesiprojectesfp\/wp-content\/uploads\/usu2078\/2023\/01\/Publicar.png 352w, https:\/\/projectes.xtec.cat\/programesiprojectesfp\/wp-content\/uploads\/usu2078\/2023\/01\/Publicar-300x284.png 300w\" sizes=\"auto, (max-width: 251px) 100vw, 251px\" \/><\/a><\/p>\n","protected":false},"excerpt":{"rendered":"<p>Volem escoltar la teva veu! Aquesta secci\u00f3 s\u2019ha creat perqu\u00e8 puguis compartir totes aquelles not\u00edcies del teu centre: accions, esdeveniments, projectes, experi\u00e8ncies de coordinaci\u00f3 de programes, aix\u00ed com opinions o reflexions que vulguis fer arribar a la resta de centres i professionals del conjunt del territori catal\u00e0. Publicar \u00e9s molt senzill: nom\u00e9s cal clicar a [&hellip;]<\/p>\n","protected":false},"author":1,"featured_media":0,"parent":0,"menu_order":0,"comment_status":"closed","ping_status":"closed","template":"","meta":{"site-sidebar-layout":"default","site-content-layout":"","ast-site-content-layout":"default","site-content-style":"default","site-sidebar-style":"default","ast-global-header-display":"","ast-banner-title-visibility":"","ast-main-header-display":"","ast-hfb-above-header-display":"","ast-hfb-below-header-display":"","ast-hfb-mobile-header-display":"","site-post-title":"","ast-breadcrumbs-content":"","ast-featured-img":"","footer-sml-layout":"","theme-transparent-header-meta":"","adv-header-id-meta":"","stick-header-meta":"","header-above-stick-meta":"","header-main-stick-meta":"","header-below-stick-meta":"","astra-migrate-meta-layouts":"set","ast-page-background-enabled":"default","ast-page-background-meta":{"desktop":{"background-color":"var(--ast-global-color-4)","background-image":"","background-repeat":"repeat","background-position":"center center","background-size":"auto","background-attachment":"scroll","background-type":"","background-media":"","overlay-type":"","overlay-color":"","overlay-opacity":"","overlay-gradient":""},"tablet":{"background-color":"","background-image":"","background-repeat":"repeat","background-position":"center center","background-size":"auto","background-attachment":"scroll","background-type":"","background-media":"","overlay-type":"","overlay-color":"","overlay-opacity":"","overlay-gradient":""},"mobile":{"background-color":"","background-image":"","background-repeat":"repeat","background-position":"center center","background-size":"auto","background-attachment":"scroll","background-type":"","background-media":"","overlay-type":"","overlay-color":"","overlay-opacity":"","overlay-gradient":""}},"ast-content-background-meta":{"desktop":{"background-color":"var(--ast-global-color-5)","background-image":"","background-repeat":"repeat","background-position":"center center","background-size":"auto","background-attachment":"scroll","background-type":"","background-media":"","overlay-type":"","overlay-color":"","overlay-opacity":"","overlay-gradient":""},"tablet":{"background-color":"var(--ast-global-color-5)","background-image":"","background-repeat":"repeat","background-position":"center center","background-size":"auto","background-attachment":"scroll","background-type":"","background-media":"","overlay-type":"","overlay-color":"","overlay-opacity":"","overlay-gradient":""},"mobile":{"background-color":"var(--ast-global-color-5)","background-image":"","background-repeat":"repeat","background-position":"center center","background-size":"auto","background-attachment":"scroll","background-type":"","background-media":"","overlay-type":"","overlay-color":"","overlay-opacity":"","overlay-gradient":""}},"footnotes":""},"class_list":["post-11737","page","type-page","status-publish","hentry"],"post_mailing_queue_ids":[],"_links":{"self":[{"href":"https:\/\/projectes.xtec.cat\/programesiprojectesfp\/wp-json\/wp\/v2\/pages\/11737","targetHints":{"allow":["GET"]}}],"collection":[{"href":"https:\/\/projectes.xtec.cat\/programesiprojectesfp\/wp-json\/wp\/v2\/pages"}],"about":[{"href":"https:\/\/projectes.xtec.cat\/programesiprojectesfp\/wp-json\/wp\/v2\/types\/page"}],"author":[{"embeddable":true,"href":"https:\/\/projectes.xtec.cat\/programesiprojectesfp\/wp-json\/wp\/v2\/users\/1"}],"replies":[{"embeddable":true,"href":"https:\/\/projectes.xtec.cat\/programesiprojectesfp\/wp-json\/wp\/v2\/comments?post=11737"}],"version-history":[{"count":5,"href":"https:\/\/projectes.xtec.cat\/programesiprojectesfp\/wp-json\/wp\/v2\/pages\/11737\/revisions"}],"predecessor-version":[{"id":14254,"href":"https:\/\/projectes.xtec.cat\/programesiprojectesfp\/wp-json\/wp\/v2\/pages\/11737\/revisions\/14254"}],"wp:attachment":[{"href":"https:\/\/projectes.xtec.cat\/programesiprojectesfp\/wp-json\/wp\/v2\/media?parent=11737"}],"curies":[{"name":"wp","href":"https:\/\/api.w.org\/{rel}","templated":true}]}}