{"id":12366,"date":"2023-02-27T11:09:02","date_gmt":"2023-02-27T10:09:02","guid":{"rendered":"https:\/\/projectes.xtec.cat\/impulsfp\/?page_id=12366"},"modified":"2026-04-20T07:48:37","modified_gmt":"2026-04-20T05:48:37","slug":"orientafp-2","status":"publish","type":"page","link":"https:\/\/projectes.xtec.cat\/programesiprojectesfp\/orientafp-2\/","title":{"rendered":"EmpresaFP"},"content":{"rendered":"<p><img loading=\"lazy\" decoding=\"async\" class=\"\" src=\"https:\/\/projectes.xtec.cat\/empresafp\/wp-content\/uploads\/usu779\/2020\/09\/empresaFP.png\" alt=\"JORNADA FP &amp; EMPRESA | EmpresaFP\" width=\"369\" height=\"67\" \/><\/p>\n<p><a class=\"CID34018d92-0880-40a8-a1ab-cebedf55857e\" data-copystatus=\"32\" data-copyfailedreason=\"0\" data-clipservice-ccpid=\"01d5e8ec-b1e4-4b43-9e34-01fcbe0cb82e\" data-clipservice-version=\"0\" data-clipservice-location=\"M1INwl08qE2DwBq6oNpoGWNodHRwczovL3BhMXBlcGYwMDE1OTU0Yjo4Mi9wb2RzL3BvZENsaXAuc3ZjP1BvZFNJRD1fLl8uXy44MmU3MTYzNS0zMzdhLTMzNzctODU4YS05ODI4N2Q1ZjliZjQtLi0uLS41\" data-clipservice-dc=\"GEU4\" data-clipservice-type=\"shape\" data-clipservice-count=\"1\" data-clipservice-cut=\"false\" data-clipservice-isemptyplaceholder=\"false\" data-pkey=\"96ac3d6d-7e58-4864-8320-0ef954eb4e13\" data-timestamp=\"Fri, 17 Apr 2026 10:31:22 GMT\" data-clipboardasbytes-url=\"https:\/\/euc-powerpoint.officeapps.live.com\/pods\/GetClipboardBytes.ashx?Id=01d5e8ec-b1e4-4b43-9e34-01fcbe0cb82e&amp;DC=GEU4&amp;pkey=96ac3d6d-7e58-4864-8320-0ef954eb4e13&amp;wdwaccluster=GEU4&amp;DataType=shape\" data-clipservice-param=\"{&quot;cYd&quot;:[true],&quot;dYd&quot;:[true]}\" data-sessionid=\"ec49bc7d-29ed-fb1c-550a-9af08ca9d1ec\" data-shapeids=\"2\" data-slideid=\"0+256\">\u00a0<\/a><\/p>\n<p><span style=\"color: #ff0000;\"><b>Breu\u00a0<\/b><b>descripci\u00f3<\/b><b>\u00a0del\u00a0<\/b><b>programa<\/b><\/span><span data-scheme-color=\"@C00000,,\" data-usefontface=\"true\" data-contrast=\"none\">\u200b<\/span>\u200b<\/p>\n<p><span data-usefontface=\"false\" data-contrast=\"none\">El\u00a0<\/span><span data-usefontface=\"false\" data-contrast=\"none\">programa<\/span><span data-usefontface=\"false\" data-contrast=\"none\">\u00a0<\/span><span data-usefontface=\"false\" data-contrast=\"none\">d&#8217;innovaci\u00f3<\/span><b><span data-usefontface=\"false\" data-contrast=\"none\">\u00a0<\/span><\/b><b><span data-usefontface=\"false\" data-contrast=\"none\">EmpresaFP<\/span><\/b><span data-usefontface=\"false\" data-contrast=\"none\">\u00a0<\/span><span data-usefontface=\"false\" data-contrast=\"none\">desplega<\/span><span data-usefontface=\"false\" data-contrast=\"none\"> un model <\/span><span data-usefontface=\"false\" data-contrast=\"none\">integrat<\/span><span data-usefontface=\"false\" data-contrast=\"none\">\u00a0<\/span><span data-usefontface=\"false\" data-contrast=\"none\">d&#8217;orientaci\u00f3<\/span><span data-usefontface=\"false\" data-contrast=\"none\">\u00a0<\/span><span data-usefontface=\"false\" data-contrast=\"none\">acad\u00e8mica<\/span><span data-usefontface=\"false\" data-contrast=\"none\">\u00a0<\/span><span data-usefontface=\"false\" data-contrast=\"none\">i<\/span><span data-usefontface=\"false\" data-contrast=\"none\">professional\u00a0<\/span><span data-usefontface=\"false\" data-contrast=\"none\">vinculat<\/span><span data-usefontface=\"false\" data-contrast=\"none\">\u00a0<\/span><span data-usefontface=\"false\" data-contrast=\"none\">amb<\/span><span data-usefontface=\"false\" data-contrast=\"none\">\u00a0<\/span><span data-usefontface=\"false\" data-contrast=\"none\">l&#8217;entorn<\/span><span data-usefontface=\"false\" data-contrast=\"none\">,\u00a0<\/span><span data-usefontface=\"false\" data-contrast=\"none\">que<\/span><span data-usefontface=\"false\" data-contrast=\"none\">\u00a0<\/span><span data-usefontface=\"false\" data-contrast=\"none\">promogui<\/span><span data-usefontface=\"false\" data-contrast=\"none\">\u00a0<\/span><span data-usefontface=\"false\" data-contrast=\"none\">l&#8217;acompanyament<\/span><span data-usefontface=\"false\" data-contrast=\"none\">\u00a0<\/span><span data-usefontface=\"false\" data-contrast=\"none\">a l&#8217;a<\/span><span data-usefontface=\"false\" data-contrast=\"none\">lumnat <\/span><span data-usefontface=\"false\" data-contrast=\"none\">i<\/span><span data-usefontface=\"false\" data-contrast=\"none\">\u00a0<\/span><span data-usefontface=\"false\" data-contrast=\"none\">reforci<\/span><span data-usefontface=\"false\" data-contrast=\"none\">\u00a0la<\/span><span data-usefontface=\"false\" data-contrast=\"none\">col\u00b7laboraci\u00f3<\/span><span data-usefontface=\"false\" data-contrast=\"none\">\u00a0<\/span><span data-usefontface=\"false\" data-contrast=\"none\">estable<\/span><span data-usefontface=\"false\" data-contrast=\"none\">\u00a0entre\u00a0<\/span><span data-usefontface=\"false\" data-contrast=\"none\">els<\/span><span data-usefontface=\"false\" data-contrast=\"none\">\u00a0<\/span><span data-usefontface=\"false\" data-contrast=\"none\">centres<\/span><span data-usefontface=\"false\" data-contrast=\"none\">\u00a0<\/span><span data-usefontface=\"false\" data-contrast=\"none\">d&#8217;FP<\/span><span data-usefontface=\"false\" data-contrast=\"none\">\u00a0<\/span><span data-usefontface=\"false\" data-contrast=\"none\">i<\/span><span data-usefontface=\"false\" data-contrast=\"none\">\u00a0<\/span><span data-usefontface=\"false\" data-contrast=\"none\">el<\/span><span data-usefontface=\"false\" data-contrast=\"none\">\u00a0<\/span><span data-usefontface=\"false\" data-contrast=\"none\">teixit<\/span><span data-usefontface=\"false\" data-contrast=\"none\">\u00a0<\/span><span data-usefontface=\"false\" data-contrast=\"none\">socioecon\u00f2mic<\/span><span data-usefontface=\"false\" data-contrast=\"none\">.<\/span>\u200b<\/p>\n<p><span data-usefontface=\"false\" data-contrast=\"none\">El\u00a0<\/span><span data-usefontface=\"false\" data-contrast=\"none\">programa<\/span><span data-usefontface=\"false\" data-contrast=\"none\">\u00a0<\/span><span data-usefontface=\"false\" data-contrast=\"none\">estableix<\/span><span data-usefontface=\"false\" data-contrast=\"none\">\u00a0<\/span><span data-usefontface=\"false\" data-contrast=\"none\">una<\/span><span data-usefontface=\"false\" data-contrast=\"none\">\u00a0<\/span><span data-usefontface=\"false\" data-contrast=\"none\">organitzaci\u00f3<\/span><span data-usefontface=\"false\" data-contrast=\"none\">\u00a0dels\u00a0<\/span><span data-usefontface=\"false\" data-contrast=\"none\">centres<\/span><span data-usefontface=\"false\" data-contrast=\"none\">\u00a0<\/span><span data-usefontface=\"false\" data-contrast=\"none\">en<\/span><span data-usefontface=\"false\" data-contrast=\"none\">\u00a0<\/span><span data-usefontface=\"false\" data-contrast=\"none\">xarxes<\/span><span data-usefontface=\"false\" data-contrast=\"none\">\u00a0<\/span><span data-usefontface=\"false\" data-contrast=\"none\">en<\/span><span data-usefontface=\"false\" data-contrast=\"none\">\u00a0<\/span><span data-usefontface=\"false\" data-contrast=\"none\">funci\u00f3<\/span><span data-usefontface=\"false\" data-contrast=\"none\">\u00a0del\u00a0<\/span><span data-usefontface=\"false\" data-contrast=\"none\">seus<\/span><span data-usefontface=\"false\" data-contrast=\"none\">\u00a0<\/span><span data-usefontface=\"false\" data-contrast=\"none\">objectius<\/span><span data-usefontface=\"false\" data-contrast=\"none\">, <\/span><span data-usefontface=\"false\" data-contrast=\"none\">incorpora<\/span><span data-usefontface=\"false\" data-contrast=\"none\">\u00a0<\/span><span data-usefontface=\"false\" data-contrast=\"none\">l&#8217;intercanvi<\/span><span data-usefontface=\"false\" data-contrast=\"none\">\u00a0<\/span><span data-usefontface=\"false\" data-contrast=\"none\">d&#8217;experi\u00e8ncies<\/span><span data-usefontface=\"false\" data-contrast=\"none\">\u00a0<\/span><span data-usefontface=\"false\" data-contrast=\"none\">i<\/span><span data-usefontface=\"false\" data-contrast=\"none\">\u00a0bones\u00a0<\/span><span data-usefontface=\"false\" data-contrast=\"none\">pr\u00e0ctiques<\/span><span data-usefontface=\"false\" data-contrast=\"none\">\u00a0entre\u00a0<\/span><span data-usefontface=\"false\" data-contrast=\"none\">els<\/span><span data-usefontface=\"false\" data-contrast=\"none\">\u00a0<\/span><span data-usefontface=\"false\" data-contrast=\"none\">centres<\/span><span data-usefontface=\"false\" data-contrast=\"none\">\u00a0participants.<\/span>\u200b<\/p>\n<p><span style=\"color: #ff0000;\"><b>A qui\u00a0<\/b><b>s\u2019adre\u00e7a<\/b>\u00a0\u200b<\/span>\u200b<\/p>\n<p><span data-usefontface=\"true\" data-contrast=\"none\">Centres<\/span><span data-usefontface=\"true\" data-contrast=\"none\">\u00a0<\/span><span data-usefontface=\"true\" data-contrast=\"none\">educatius<\/span><span data-usefontface=\"true\" data-contrast=\"none\">\u00a0<\/span><span data-usefontface=\"true\" data-contrast=\"none\">sostinguts<\/span><span data-usefontface=\"true\" data-contrast=\"none\">\u00a0<\/span><span data-usefontface=\"true\" data-contrast=\"none\">amb<\/span><span data-usefontface=\"true\" data-contrast=\"none\">\u00a0fons\u00a0<\/span><span data-usefontface=\"true\" data-contrast=\"none\">p\u00fablics<\/span><span data-usefontface=\"true\" data-contrast=\"none\">\u00a0<\/span><span data-usefontface=\"true\" data-contrast=\"none\">que<\/span><span data-usefontface=\"true\" data-contrast=\"none\">\u00a0<\/span><span data-usefontface=\"true\" data-contrast=\"none\">imparteixen<\/span><span data-usefontface=\"true\" data-contrast=\"none\">\u00a0<\/span><span data-usefontface=\"true\" data-contrast=\"none\">ensenyaments<\/span><span data-usefontface=\"true\" data-contrast=\"none\"> professionals a\u00a0<\/span><span data-usefontface=\"true\" data-contrast=\"none\">Catalunya\u00a0<\/span><span data-usefontface=\"true\" data-contrast=\"none\">durant<\/span><span data-usefontface=\"true\" data-contrast=\"none\">\u00a0<\/span><span data-usefontface=\"true\" data-contrast=\"none\">el<\/span><span data-usefontface=\"true\" data-contrast=\"none\">\u00a0curs 2026-2027\u200b.\u200b\u200b<\/span>\u200b<\/p>\n<p><span style=\"color: #ff0000;\"><b>Objectiu<\/b><b>\u00a0principal del\u00a0<\/b><b>programa<\/b><\/span><span data-scheme-color=\"@C00000,,\" data-usefontface=\"true\" data-contrast=\"none\">\u200b<\/span>\u200b<\/p>\n<p><span data-usefontface=\"false\" data-contrast=\"none\">Desplegar<\/span><span data-usefontface=\"false\" data-contrast=\"none\">\u00a0un\u00a0<\/span><b><span data-usefontface=\"false\" data-contrast=\"none\">model integral\u00a0<\/span><\/b><b><span data-usefontface=\"false\" data-contrast=\"none\">i<\/span><\/b><b><span data-usefontface=\"false\" data-contrast=\"none\">\u00a0<\/span><\/b><b><span data-usefontface=\"false\" data-contrast=\"none\">integrat<\/span><\/b><b><span data-usefontface=\"false\" data-contrast=\"none\">\u00a0<\/span><\/b><b><span data-usefontface=\"false\" data-contrast=\"none\">d&#8217;orientaci\u00f3<\/span><\/b><b><span data-usefontface=\"false\" data-contrast=\"none\">\u00a0<\/span><\/b><b><span data-usefontface=\"false\" data-contrast=\"none\">acad\u00e8mica<\/span><\/b><b><span data-usefontface=\"false\" data-contrast=\"none\">\u00a0<\/span><\/b><b><span data-usefontface=\"false\" data-contrast=\"none\">i<\/span><\/b><b><span data-usefontface=\"false\" data-contrast=\"none\">\u00a0professional\u00a0<\/span><\/b><b><span data-usefontface=\"false\" data-contrast=\"none\">vinculat<\/span><\/b><b><span data-usefontface=\"false\" data-contrast=\"none\">\u00a0<\/span><\/b><b><span data-usefontface=\"false\" data-contrast=\"none\">amb<\/span><\/b><b><span data-usefontface=\"false\" data-contrast=\"none\">l&#8217;entorn<\/span><\/b><span data-usefontface=\"false\" data-contrast=\"none\">,\u00a0<\/span><span data-usefontface=\"false\" data-contrast=\"none\">que<\/span><span data-usefontface=\"false\" data-contrast=\"none\">\u00a0<\/span><span data-usefontface=\"false\" data-contrast=\"none\">promogui<\/span><span data-usefontface=\"false\" data-contrast=\"none\">\u00a0<\/span><span data-usefontface=\"false\" data-contrast=\"none\">l\u2019acompanyament<\/span><span data-usefontface=\"false\" data-contrast=\"none\">\u00a0a\u00a0<\/span><span data-usefontface=\"false\" data-contrast=\"none\">l&#8217;alumnat<\/span><span data-usefontface=\"false\" data-contrast=\"none\">\u00a0<\/span><span data-usefontface=\"false\" data-contrast=\"none\">i<\/span><span data-usefontface=\"false\" data-contrast=\"none\">\u00a0<\/span><span data-usefontface=\"false\" data-contrast=\"none\">reforci<\/span><span data-usefontface=\"false\" data-contrast=\"none\">\u00a0la\u00a0<\/span><span data-usefontface=\"false\" data-contrast=\"none\">col\u00b7laboraci\u00f3<\/span><span data-usefontface=\"false\" data-contrast=\"none\">\u00a0<\/span><span data-usefontface=\"false\" data-contrast=\"none\">estable<\/span><span data-usefontface=\"false\" data-contrast=\"none\">\u00a0entre\u00a0<\/span><span data-usefontface=\"false\" data-contrast=\"none\">els<\/span><span data-usefontface=\"false\" data-contrast=\"none\">centres<\/span><span data-usefontface=\"false\" data-contrast=\"none\">\u00a0<\/span><span data-usefontface=\"false\" data-contrast=\"none\">d&#8217;FP<\/span><span data-usefontface=\"false\" data-contrast=\"none\">\u00a0<\/span><span data-usefontface=\"false\" data-contrast=\"none\">i<\/span><span data-usefontface=\"false\" data-contrast=\"none\">\u00a0<\/span><span data-usefontface=\"false\" data-contrast=\"none\">el<\/span><span data-usefontface=\"false\" data-contrast=\"none\">\u00a0<\/span><span data-usefontface=\"false\" data-contrast=\"none\">teixit<\/span><span data-usefontface=\"false\" data-contrast=\"none\">\u00a0<\/span><span data-usefontface=\"false\" data-contrast=\"none\">socioecon\u00f2mic<\/span><span data-usefontface=\"false\" data-contrast=\"none\">.<\/span><\/p>\n<div style=\"text-align: left;\">\n<p><span style=\"color: #ff0000;\"><b>Recursos i acompanyament disponibles pels centres participants<\/b><\/span><span data-scheme-color=\"@C00000,,\" data-usefontface=\"true\" data-contrast=\"none\">\u200b<\/span>\u200b<\/p>\n<p>Formaci\u00f3 <span style=\"font-family: inherit; font-size: 1em;\" data-scheme-color=\"@000000,1,\" data-usefontface=\"false\" data-contrast=\"none\">especialitzada, guies pr\u00e0ctiques i jornades d\u2019actualitzaci\u00f3, integrades en <\/span><span style=\"font-family: inherit; font-size: 1em;\" data-scheme-color=\"@000000,1,\" data-usefontface=\"false\" data-contrast=\"none\">xarxes de centres que comparteixen recursos i bones pr\u00e0ctiques. Acompanyament <\/span><span style=\"font-family: inherit; font-size: 1em;\" data-scheme-color=\"@000000,1,\" data-usefontface=\"false\" data-contrast=\"none\">continu en orientaci\u00f3, acci\u00f3 tutorial i connexi\u00f3 amb empreses del territori.<\/span><\/p>\n<\/div>\n<div><\/div>\n<div style=\"text-align: left;\">\n<p><span style=\"color: #ff0000;\"><b>Com s&#8217;organitza <\/b><b>programa<\/b><\/span><span data-scheme-color=\"@C00000,,\" data-usefontface=\"true\" data-contrast=\"none\">\u200b<\/span>\u200b<\/p>\n<p>S&#8217;estructura <span style=\"font-family: inherit; font-size: 1em;\" data-scheme-color=\"@212121,5,\" data-usefontface=\"false\" data-contrast=\"none\">en<\/span> <span style=\"font-family: inherit; font-size: 1em;\" data-scheme-color=\"@212121,5,\" data-usefontface=\"false\" data-contrast=\"none\">cinc<\/span> <span style=\"font-family: inherit; font-size: 1em;\" data-scheme-color=\"@212121,5,\" data-usefontface=\"false\" data-contrast=\"none\">xarxes<\/span><span style=\"font-family: inherit; font-size: 1em;\" data-scheme-color=\"@212121,5,\" data-usefontface=\"false\" data-contrast=\"none\"> o <\/span><span style=\"font-family: inherit; font-size: 1em;\" data-scheme-color=\"@212121,5,\" data-usefontface=\"false\" data-contrast=\"none\">l\u00ednies<\/span> <span style=\"font-family: inherit; font-size: 1em;\" data-scheme-color=\"@212121,5,\" data-usefontface=\"false\" data-contrast=\"none\">estrat\u00e8giques<\/span> <span style=\"font-family: inherit; font-size: 1em;\" data-scheme-color=\"@212121,5,\" data-usefontface=\"false\" data-contrast=\"none\">que<\/span> <span style=\"font-family: inherit; font-size: 1em;\" data-scheme-color=\"@212121,5,\" data-usefontface=\"false\" data-contrast=\"none\">treballen<\/span><span style=\"font-family: inherit; font-size: 1em;\" data-scheme-color=\"@212121,5,\" data-usefontface=\"false\" data-contrast=\"none\"> de <\/span><span style=\"font-family: inherit; font-size: 1em;\" data-scheme-color=\"@212121,5,\" data-usefontface=\"false\" data-contrast=\"none\">manera<\/span> <span style=\"font-family: inherit; font-size: 1em;\" data-scheme-color=\"@212121,5,\" data-usefontface=\"false\" data-contrast=\"none\">col\u00b7laborativa<\/span> <span style=\"font-family: inherit; font-size: 1em;\" data-scheme-color=\"@212121,5,\" data-usefontface=\"false\" data-contrast=\"none\">(<\/span><span style=\"font-family: inherit; font-size: 1em;\" data-scheme-color=\"@212121,5,\" data-usefontface=\"false\" data-contrast=\"none\">empresa<\/span><span style=\"font-family: inherit; font-size: 1em;\" data-scheme-color=\"@212121,5,\" data-usefontface=\"false\" data-contrast=\"none\">, <\/span><span style=\"font-family: inherit; font-size: 1em;\" data-scheme-color=\"@212121,5,\" data-usefontface=\"false\" data-contrast=\"none\">orientaci\u00f3<\/span><span style=\"font-family: inherit; font-size: 1em;\" data-scheme-color=\"@212121,5,\" data-usefontface=\"false\" data-contrast=\"none\">, <\/span><span style=\"font-family: inherit; font-size: 1em;\" data-scheme-color=\"@212121,5,\" data-usefontface=\"false\" data-contrast=\"none\">compet\u00e8ncies<\/span><span style=\"font-family: inherit; font-size: 1em;\" data-scheme-color=\"@212121,5,\" data-usefontface=\"false\" data-contrast=\"none\">, <\/span><span style=\"font-family: inherit; font-size: 1em;\" data-scheme-color=\"@212121,5,\" data-usefontface=\"false\" data-contrast=\"none\">conviv\u00e8ncia<\/span> <span style=\"font-family: inherit; font-size: 1em;\" data-scheme-color=\"@212121,5,\" data-usefontface=\"false\" data-contrast=\"none\">i<\/span> <span style=\"font-family: inherit; font-size: 1em;\" data-scheme-color=\"@212121,5,\" data-usefontface=\"false\" data-contrast=\"none\">inclusi\u00f3<\/span><span style=\"font-family: inherit; font-size: 1em;\" data-scheme-color=\"@212121,5,\" data-usefontface=\"false\" data-contrast=\"none\">). El model <\/span><span style=\"font-family: inherit; font-size: 1em;\" data-scheme-color=\"@212121,5,\" data-usefontface=\"false\" data-contrast=\"none\">posa<\/span> <span style=\"font-family: inherit; font-size: 1em;\" data-scheme-color=\"@212121,5,\" data-usefontface=\"false\" data-contrast=\"none\">l\u2019alumnat<\/span><span style=\"font-family: inherit; font-size: 1em;\" data-scheme-color=\"@212121,5,\" data-usefontface=\"false\" data-contrast=\"none\"> al <\/span><span style=\"font-family: inherit; font-size: 1em;\" data-scheme-color=\"@212121,5,\" data-usefontface=\"false\" data-contrast=\"none\">centre<\/span> <span style=\"font-family: inherit; font-size: 1em;\" data-scheme-color=\"@212121,5,\" data-usefontface=\"false\" data-contrast=\"none\">i<\/span> <span style=\"font-family: inherit; font-size: 1em;\" data-scheme-color=\"@212121,5,\" data-usefontface=\"false\" data-contrast=\"none\">connecta<\/span> <span style=\"font-family: inherit; font-size: 1em;\" data-scheme-color=\"@212121,5,\" data-usefontface=\"false\" data-contrast=\"none\">directament<\/span> <span style=\"font-family: inherit; font-size: 1em;\" data-scheme-color=\"@212121,5,\" data-usefontface=\"false\" data-contrast=\"none\">centre<\/span> <span style=\"font-family: inherit; font-size: 1em;\" data-scheme-color=\"@212121,5,\" data-usefontface=\"false\" data-contrast=\"none\">educatiu<\/span> <span style=\"font-family: inherit; font-size: 1em;\" data-scheme-color=\"@212121,5,\" data-usefontface=\"false\" data-contrast=\"none\">i<\/span> <span style=\"font-family: inherit; font-size: 1em;\" data-scheme-color=\"@212121,5,\" data-usefontface=\"false\" data-contrast=\"none\">m\u00f3n<\/span> <span style=\"font-family: inherit; font-size: 1em;\" data-scheme-color=\"@212121,5,\" data-usefontface=\"false\" data-contrast=\"none\">laboral<\/span><span style=\"font-family: inherit; font-size: 1em;\" data-scheme-color=\"@212121,5,\" data-usefontface=\"false\" data-contrast=\"none\">.<\/span><\/p>\n<p><a href=\"https:\/\/projectes.xtec.cat\/impulsfp\/wp-content\/uploads\/usu2078\/2026\/04\/Imatge1.png\"><img loading=\"lazy\" decoding=\"async\" class=\"wp-image-14123 aligncenter\" src=\"https:\/\/projectes.xtec.cat\/impulsfp\/wp-content\/uploads\/usu2078\/2026\/04\/Imatge1.png\" alt=\"\" width=\"758\" height=\"314\" srcset=\"https:\/\/projectes.xtec.cat\/programesiprojectesfp\/wp-content\/uploads\/usu2078\/2026\/04\/Imatge1.png 567w, https:\/\/projectes.xtec.cat\/programesiprojectesfp\/wp-content\/uploads\/usu2078\/2026\/04\/Imatge1-300x124.png 300w\" sizes=\"auto, (max-width: 758px) 100vw, 758px\" \/><\/a><span style=\"font-family: inherit; font-size: 1em;\">\u200b<\/span><\/p>\n<\/div>\n<div>\n<div style=\"text-align: left;\"><\/div>\n<\/div>\n<p>&nbsp;<\/p>\n","protected":false},"excerpt":{"rendered":"<p>\u00a0 Breu\u00a0descripci\u00f3\u00a0del\u00a0programa\u200b\u200b El\u00a0programa\u00a0d&#8217;innovaci\u00f3\u00a0EmpresaFP\u00a0desplega un model integrat\u00a0d&#8217;orientaci\u00f3\u00a0acad\u00e8mica\u00a0iprofessional\u00a0vinculat\u00a0amb\u00a0l&#8217;entorn,\u00a0que\u00a0promogui\u00a0l&#8217;acompanyament\u00a0a l&#8217;alumnat i\u00a0reforci\u00a0lacol\u00b7laboraci\u00f3\u00a0estable\u00a0entre\u00a0els\u00a0centres\u00a0d&#8217;FP\u00a0i\u00a0el\u00a0teixit\u00a0socioecon\u00f2mic.\u200b El\u00a0programa\u00a0estableix\u00a0una\u00a0organitzaci\u00f3\u00a0dels\u00a0centres\u00a0en\u00a0xarxes\u00a0en\u00a0funci\u00f3\u00a0del\u00a0seus\u00a0objectius, incorpora\u00a0l&#8217;intercanvi\u00a0d&#8217;experi\u00e8ncies\u00a0i\u00a0bones\u00a0pr\u00e0ctiques\u00a0entre\u00a0els\u00a0centres\u00a0participants.\u200b A qui\u00a0s\u2019adre\u00e7a\u00a0\u200b\u200b Centres\u00a0educatius\u00a0sostinguts\u00a0amb\u00a0fons\u00a0p\u00fablics\u00a0que\u00a0imparteixen\u00a0ensenyaments professionals a\u00a0Catalunya\u00a0durant\u00a0el\u00a0curs 2026-2027\u200b.\u200b\u200b\u200b Objectiu\u00a0principal del\u00a0programa\u200b\u200b Desplegar\u00a0un\u00a0model integral\u00a0i\u00a0integrat\u00a0d&#8217;orientaci\u00f3\u00a0acad\u00e8mica\u00a0i\u00a0professional\u00a0vinculat\u00a0ambl&#8217;entorn,\u00a0que\u00a0promogui\u00a0l\u2019acompanyament\u00a0a\u00a0l&#8217;alumnat\u00a0i\u00a0reforci\u00a0la\u00a0col\u00b7laboraci\u00f3\u00a0estable\u00a0entre\u00a0elscentres\u00a0d&#8217;FP\u00a0i\u00a0el\u00a0teixit\u00a0socioecon\u00f2mic. Recursos i acompanyament disponibles pels centres participants\u200b\u200b Formaci\u00f3 especialitzada, guies pr\u00e0ctiques i jornades d\u2019actualitzaci\u00f3, integrades en xarxes de centres que comparteixen recursos i bones pr\u00e0ctiques. Acompanyament continu en orientaci\u00f3, acci\u00f3 tutorial i connexi\u00f3 amb empreses [&hellip;]<\/p>\n","protected":false},"author":1,"featured_media":0,"parent":0,"menu_order":0,"comment_status":"closed","ping_status":"closed","template":"page-templates\/side-menu.php","meta":{"site-sidebar-layout":"default","site-content-layout":"","ast-site-content-layout":"","site-content-style":"default","site-sidebar-style":"default","ast-global-header-display":"","ast-banner-title-visibility":"","ast-main-header-display":"","ast-hfb-above-header-display":"","ast-hfb-below-header-display":"","ast-hfb-mobile-header-display":"","site-post-title":"","ast-breadcrumbs-content":"","ast-featured-img":"","footer-sml-layout":"","theme-transparent-header-meta":"","adv-header-id-meta":"","stick-header-meta":"","header-above-stick-meta":"","header-main-stick-meta":"","header-below-stick-meta":"","astra-migrate-meta-layouts":"default","ast-page-background-enabled":"default","ast-page-background-meta":{"desktop":{"background-color":"var(--ast-global-color-4)","background-image":"","background-repeat":"repeat","background-position":"center center","background-size":"auto","background-attachment":"scroll","background-type":"","background-media":"","overlay-type":"","overlay-color":"","overlay-opacity":"","overlay-gradient":""},"tablet":{"background-color":"","background-image":"","background-repeat":"repeat","background-position":"center center","background-size":"auto","background-attachment":"scroll","background-type":"","background-media":"","overlay-type":"","overlay-color":"","overlay-opacity":"","overlay-gradient":""},"mobile":{"background-color":"","background-image":"","background-repeat":"repeat","background-position":"center center","background-size":"auto","background-attachment":"scroll","background-type":"","background-media":"","overlay-type":"","overlay-color":"","overlay-opacity":"","overlay-gradient":""}},"ast-content-background-meta":{"desktop":{"background-color":"var(--ast-global-color-5)","background-image":"","background-repeat":"repeat","background-position":"center center","background-size":"auto","background-attachment":"scroll","background-type":"","background-media":"","overlay-type":"","overlay-color":"","overlay-opacity":"","overlay-gradient":""},"tablet":{"background-color":"var(--ast-global-color-5)","background-image":"","background-repeat":"repeat","background-position":"center center","background-size":"auto","background-attachment":"scroll","background-type":"","background-media":"","overlay-type":"","overlay-color":"","overlay-opacity":"","overlay-gradient":""},"mobile":{"background-color":"var(--ast-global-color-5)","background-image":"","background-repeat":"repeat","background-position":"center center","background-size":"auto","background-attachment":"scroll","background-type":"","background-media":"","overlay-type":"","overlay-color":"","overlay-opacity":"","overlay-gradient":""}},"footnotes":""},"class_list":["post-12366","page","type-page","status-publish","hentry"],"post_mailing_queue_ids":[],"_links":{"self":[{"href":"https:\/\/projectes.xtec.cat\/programesiprojectesfp\/wp-json\/wp\/v2\/pages\/12366","targetHints":{"allow":["GET"]}}],"collection":[{"href":"https:\/\/projectes.xtec.cat\/programesiprojectesfp\/wp-json\/wp\/v2\/pages"}],"about":[{"href":"https:\/\/projectes.xtec.cat\/programesiprojectesfp\/wp-json\/wp\/v2\/types\/page"}],"author":[{"embeddable":true,"href":"https:\/\/projectes.xtec.cat\/programesiprojectesfp\/wp-json\/wp\/v2\/users\/1"}],"replies":[{"embeddable":true,"href":"https:\/\/projectes.xtec.cat\/programesiprojectesfp\/wp-json\/wp\/v2\/comments?post=12366"}],"version-history":[{"count":7,"href":"https:\/\/projectes.xtec.cat\/programesiprojectesfp\/wp-json\/wp\/v2\/pages\/12366\/revisions"}],"predecessor-version":[{"id":14124,"href":"https:\/\/projectes.xtec.cat\/programesiprojectesfp\/wp-json\/wp\/v2\/pages\/12366\/revisions\/14124"}],"wp:attachment":[{"href":"https:\/\/projectes.xtec.cat\/programesiprojectesfp\/wp-json\/wp\/v2\/media?parent=12366"}],"curies":[{"name":"wp","href":"https:\/\/api.w.org\/{rel}","templated":true}]}}