{"id":14352,"date":"2026-05-08T11:25:05","date_gmt":"2026-05-08T09:25:05","guid":{"rendered":"https:\/\/projectes.xtec.cat\/programesiprojectesfp\/?page_id=14352"},"modified":"2026-05-12T13:27:15","modified_gmt":"2026-05-12T11:27:15","slug":"com-arribar","status":"publish","type":"page","link":"https:\/\/projectes.xtec.cat\/programesiprojectesfp\/xxiii_jornada_de_qualitat_i_cloenda_2026\/com-arribar\/","title":{"rendered":"Com arribar?"},"content":{"rendered":"\n<h3 class=\"wp-block-heading\"><\/h3>\n\n\n\n<figure class=\"wp-block-image size-full\"><a href=\"https:\/\/projectes.xtec.cat\/programesiprojectesfp\/wp-content\/uploads\/usu2078\/2026\/05\/image-3.png\"><img loading=\"lazy\" decoding=\"async\" width=\"946\" height=\"178\" src=\"https:\/\/projectes.xtec.cat\/programesiprojectesfp\/wp-content\/uploads\/usu2078\/2026\/05\/image-3.png\" alt=\"\" class=\"wp-image-14495\" srcset=\"https:\/\/projectes.xtec.cat\/programesiprojectesfp\/wp-content\/uploads\/usu2078\/2026\/05\/image-3.png 946w, https:\/\/projectes.xtec.cat\/programesiprojectesfp\/wp-content\/uploads\/usu2078\/2026\/05\/image-3-300x56.png 300w, https:\/\/projectes.xtec.cat\/programesiprojectesfp\/wp-content\/uploads\/usu2078\/2026\/05\/image-3-768x145.png 768w\" sizes=\"auto, (max-width: 946px) 100vw, 946px\" \/><\/a><\/figure>\n\n\n\n<p><strong>Ubicaci\u00f3 de la Jornada<\/strong><\/p>\n\n\n\n<p>La jornada tindr\u00e0 lloc al <strong>Teatre Auditori de Granollers<\/strong> (Carrer de Torras i Bages, 50). \u00c9s un espai c\u00e8ntric i ben comunicat, situat a prop de la zona escolar.<\/p>\n\n\n\n<div class=\"wp-block-buttons is-layout-flex wp-block-buttons-is-layout-flex\">\n<div class=\"wp-block-button\"><a class=\"wp-block-button__link wp-element-button\" href=\"https:\/\/maps.app.goo.gl\/cRmS9ajfLAWpYyys8\">Obrir a google maps<\/a><\/div>\n<\/div>\n\n\n\n<div class=\"wp-block-columns is-layout-flex wp-container-core-columns-is-layout-1 wp-block-columns-is-layout-flex\">\n<div class=\"wp-block-column is-layout-flow wp-block-column-is-layout-flow\" style=\"flex-basis:66.66%\">\n<h3 class=\"wp-block-heading\">Transport p\u00fablic (Opci\u00f3 recomanada)<\/h3>\n\n\n\n<p>A causa de l&#8217;alta ocupaci\u00f3 de vehicles a la zona, recomanem prioritzar el transport p\u00fablic.<\/p>\n\n\n\n<h5 class=\"wp-block-heading\">Tren (Rodalies)<\/h5>\n\n\n\n<ul class=\"wp-block-list\">\n<li><strong>L\u00ednies R2 i R2 Nord (Estaci\u00f3 Granollers Centre):<\/strong> A 20 minuts a peu de l&#8217;auditori. \u00c9s la connexi\u00f3 m\u00e9s r\u00e0pida des de Barcelona o Sant Celoni.\n<ul class=\"wp-block-list\">\n<li><a href=\"https:\/\/www.google.com\/maps\/dir\/Granollers+Centre,+08402,+Barcelona\/Teatre+Auditori+de+Granollers,+Carrer+de+Josep+Torras+I+Bages,+50,+08401+Granollers,+Barcelona\/@41.5995811,2.290974,17z\/am=t\/data=!4m18!4m17!1m5!1m1!1s0x12a4c7c2eef1ceff:0x909d7a378f65a0e6!2m2!1d2.2912844!2d41.5997374!1m5!1m1!1s0x12a4c7cfa773a957:0xed3756499eddbf38!2m2!1d2.2868289!2d41.6109614!3e2!6m3!1i0!2i0!3i0?entry=tts&amp;g_ep=EgoyMDI2MDUwMi4wIPu8ASoASAFQAw%3D%3D&amp;skid=5b49be8e-7e95-4a67-bfe4-266b1031d955\" data-type=\"link\" data-id=\"https:\/\/www.google.com\/maps\/dir\/Granollers+Centre,+08402,+Barcelona\/Teatre+Auditori+de+Granollers,+Carrer+de+Josep+Torras+I+Bages,+50,+08401+Granollers,+Barcelona\/@41.5995811,2.290974,17z\/am=t\/data=!4m18!4m17!1m5!1m1!1s0x12a4c7c2eef1ceff:0x909d7a378f65a0e6!2m2!1d2.2912844!2d41.5997374!1m5!1m1!1s0x12a4c7cfa773a957:0xed3756499eddbf38!2m2!1d2.2868289!2d41.6109614!3e2!6m3!1i0!2i0!3i0?entry=tts&amp;g_ep=EgoyMDI2MDUwMi4wIPu8ASoASAFQAw%3D%3D&amp;skid=5b49be8e-7e95-4a67-bfe4-266b1031d955\">Estaci\u00f3 Granollers Centre recorregut caminant<\/a><\/li>\n<\/ul>\n<\/li>\n\n\n\n<li><strong>L\u00ednia R3 (Estaci\u00f3 Granollers-Canovelles):<\/strong> A 15 minuts a peu. Connexi\u00f3 des de Vic o Barcelona (l\u00ednia de Puigcerd\u00e0).\n<ul class=\"wp-block-list\">\n<li><a href=\"https:\/\/www.google.com\/maps\/dir\/?api=1&amp;origin=Granollers+Nord+Canovelles&amp;destination=Carrer+de+Torras+i+Bages+50+Granollers&amp;travelmode=walking\" data-type=\"link\" data-id=\"https:\/\/www.google.com\/maps\/dir\/?api=1&amp;origin=Granollers+Nord+Canovelles&amp;destination=Carrer+de+Torras+i+Bages+50+Granollers&amp;travelmode=walking\">Estaci\u00f3 Granollers &#8211; Canovelles recorregut caminant<\/a><\/li>\n<\/ul>\n<\/li>\n<\/ul>\n\n\n\n<h5 class=\"wp-block-heading\">Autob\u00fas<\/h5>\n\n\n\n<ul class=\"wp-block-list\">\n<li><strong>Bus Urb\u00e0 (Transgran):<\/strong> La l\u00ednia <strong>L3<\/strong> t\u00e9 parada a <em>&#8220;Torras i Bages &#8211; Auditori&#8221;<\/em>, just davant del recinte. Les l\u00ednies L1, L20, L21 i L22 tamb\u00e9 tenen parades molt properes (Hospital o Pla\u00e7a Constituci\u00f3).\n<ul class=\"wp-block-list\">\n<li><a href=\"https:\/\/maps.app.goo.gl\/d91FgGeTP3b5oVUc6\" data-type=\"link\" data-id=\"https:\/\/maps.app.goo.gl\/d91FgGeTP3b5oVUc6\">Parada Hospital recorregut caminant<\/a><\/li>\n\n\n\n<li><a href=\"https:\/\/maps.app.goo.gl\/vKX7q8W2nf8C5REYA\" data-type=\"link\" data-id=\"https:\/\/maps.app.goo.gl\/vKX7q8W2nf8C5REYA\">Parada Pla\u00e7a Constituci\u00f3 recorregut caminant<\/a><\/li>\n<\/ul>\n<\/li>\n\n\n\n<li><strong>Bus Interurb\u00e0 (Sagal\u00e9s):<\/strong> L&#8217;estaci\u00f3 d&#8217;autobusos de Granollers \u00e9s a 12 minuts de dist\u00e0ncia caminant.\n<ul class=\"wp-block-list\">\n<li><a href=\"https:\/\/maps.app.goo.gl\/E1Kww9mxYuzQwNTH8\" data-type=\"link\" data-id=\"https:\/\/maps.app.goo.gl\/E1Kww9mxYuzQwNTH8\">Recorregut caminant<\/a><\/li>\n<\/ul>\n<\/li>\n<\/ul>\n<\/div>\n\n\n\n<div class=\"wp-block-column is-vertically-aligned-center is-layout-flow wp-block-column-is-layout-flow\" style=\"flex-basis:33.33%\">\n<figure class=\"wp-block-image size-full is-resized\"><a href=\"https:\/\/projectes.xtec.cat\/programesiprojectesfp\/wp-content\/uploads\/usu2078\/2026\/05\/r2nord-2.png\"><img loading=\"lazy\" decoding=\"async\" width=\"203\" height=\"191\" src=\"https:\/\/projectes.xtec.cat\/programesiprojectesfp\/wp-content\/uploads\/usu2078\/2026\/05\/r2nord-2.png\" alt=\"\" class=\"wp-image-14414\" style=\"width:84px;height:auto\"\/><\/a><\/figure>\n\n\n\n<figure class=\"wp-block-image size-full is-resized\"><a href=\"https:\/\/projectes.xtec.cat\/programesiprojectesfp\/wp-content\/uploads\/usu2078\/2026\/05\/r2-2.png\"><img loading=\"lazy\" decoding=\"async\" width=\"204\" height=\"192\" src=\"https:\/\/projectes.xtec.cat\/programesiprojectesfp\/wp-content\/uploads\/usu2078\/2026\/05\/r2-2.png\" alt=\"\" class=\"wp-image-14415\" style=\"width:86px;height:auto\"\/><\/a><\/figure>\n\n\n\n<figure class=\"wp-block-image size-full is-resized\"><a href=\"https:\/\/projectes.xtec.cat\/programesiprojectesfp\/wp-content\/uploads\/usu2078\/2026\/05\/r3.png\"><img loading=\"lazy\" decoding=\"async\" width=\"253\" height=\"148\" src=\"https:\/\/projectes.xtec.cat\/programesiprojectesfp\/wp-content\/uploads\/usu2078\/2026\/05\/r3.png\" alt=\"\" class=\"wp-image-14416\" style=\"width:89px;height:auto\"\/><\/a><\/figure>\n\n\n\n<figure class=\"wp-block-image size-full is-resized\"><a href=\"https:\/\/projectes.xtec.cat\/programesiprojectesfp\/wp-content\/uploads\/usu2078\/2026\/05\/transgran-1.png\"><img loading=\"lazy\" decoding=\"async\" width=\"246\" height=\"89\" src=\"https:\/\/projectes.xtec.cat\/programesiprojectesfp\/wp-content\/uploads\/usu2078\/2026\/05\/transgran-1.png\" alt=\"\" class=\"wp-image-14417\" style=\"width:219px;height:auto\"\/><\/a><\/figure>\n\n\n\n<figure class=\"wp-block-image size-full is-resized\"><a href=\"https:\/\/projectes.xtec.cat\/programesiprojectesfp\/wp-content\/uploads\/usu2078\/2026\/05\/sagales-1.png\"><img loading=\"lazy\" decoding=\"async\" width=\"164\" height=\"123\" src=\"https:\/\/projectes.xtec.cat\/programesiprojectesfp\/wp-content\/uploads\/usu2078\/2026\/05\/sagales-1-edited-1.png\" alt=\"\" class=\"wp-image-14421\" style=\"width:118px;height:auto\"\/><\/a><\/figure>\n<\/div>\n<\/div>\n\n\n\n<div class=\"wp-block-columns is-layout-flex wp-container-core-columns-is-layout-2 wp-block-columns-is-layout-flex\">\n<div class=\"wp-block-column is-layout-flow wp-block-column-is-layout-flow\" style=\"flex-basis:66.66%\">\n<h3 class=\"wp-block-heading\">Vehicle privat i aparcament<\/h3>\n\n\n\n<p>Si decidiu venir en cotxe, us recomanem arribar amb temps suficient, ja que coincideix amb l&#8217;entrada a les escoles de la zona i el tr\u00e0nsit \u00e9s dens.<\/p>\n\n\n\n<h5 class=\"wp-block-heading\">On aparcar?<\/h5>\n\n\n\n<ol class=\"wp-block-list\">\n<li><strong>P\u00e0rquings Gratu\u00efts (Municipals):<\/strong>\n<ul class=\"wp-block-list\">\n<li>Aparcament Municipal Gratu\u00eft (Aire lliure) &#8211; <a href=\"https:\/\/www.google.com\/maps\/dir\/Aparcament+Municipal+Gratu%C3%AFt+(Aire+Lliure),+Cam%C3%AD+Ramon+Llull,+32,+08401+Granollers,+Barcelona\/Teatre+Auditori+de+Granollers,+Carrer+de+Josep+Torras+I+Bages,+50,+08401+Granollers,+Barcelona\/@41.6124892,2.2836684,17z\/data=!3m1!4b1!4m14!4m13!1m5!1m1!1s0x12a4c7cbec35add5:0x10487c4ffe4b905c!2m2!1d2.2864112!2d41.6143612!1m5!1m1!1s0x12a4c7cfa773a957:0xed3756499eddbf38!2m2!1d2.2868289!2d41.6109614!3e2?entry=ttu&amp;g_ep=EgoyMDI2MDUwMi4wIKXMDSoASAFQAw%3D%3D\" data-type=\"link\" data-id=\"https:\/\/www.google.com\/maps\/dir\/Aparcament+Municipal+Gratu%C3%AFt+(Aire+Lliure),+Cam%C3%AD+Ramon+Llull,+32,+08401+Granollers,+Barcelona\/Teatre+Auditori+de+Granollers,+Carrer+de+Josep+Torras+I+Bages,+50,+08401+Granollers,+Barcelona\/@41.6124892,2.2836684,17z\/data=!3m1!4b1!4m14!4m13!1m5!1m1!1s0x12a4c7cbec35add5:0x10487c4ffe4b905c!2m2!1d2.2864112!2d41.6143612!1m5!1m1!1s0x12a4c7cfa773a957:0xed3756499eddbf38!2m2!1d2.2868289!2d41.6109614!3e2?entry=ttu&amp;g_ep=EgoyMDI2MDUwMi4wIKXMDSoASAFQAw%3D%3D\">Recorregut caminant<\/a><\/li>\n<\/ul>\n<\/li>\n\n\n\n<li>P\u00e0rquing de pagament:\n<ul class=\"wp-block-list\">\n<li><strong>Parquing blaus &#8211; Rafael Casanovas<\/strong>: \u00c9s el m\u00e9s proper (just al costat), per\u00f2 advertim que sol omplir-se r\u00e0pidament &#8211; <a href=\"https:\/\/pblaus.com\/ca\/\" data-type=\"link\" data-id=\"https:\/\/pblaus.com\/ca\/\">enlla\u00e7<\/a><\/li>\n\n\n\n<li><strong>P\u00e0rquing Escolapi Blau<\/strong> &#8211; <a href=\"https:\/\/pblaus.com\/nuestros-parkings\/escolapi-blau\/\" data-type=\"link\" data-id=\"https:\/\/pblaus.com\/nuestros-parkings\/escolapi-blau\/\">enlla\u00e7<\/a>. 13 minuts caminant &#8211; <a href=\"https:\/\/maps.app.goo.gl\/Es1RaU1MoYjvLJMc9\" data-type=\"link\" data-id=\"https:\/\/maps.app.goo.gl\/Es1RaU1MoYjvLJMc9\">recorregut caminant<\/a><\/li>\n<\/ul>\n<\/li>\n<\/ol>\n<\/div>\n\n\n\n<div class=\"wp-block-column is-layout-flow wp-block-column-is-layout-flow\" style=\"flex-basis:33.33%\">\n<figure class=\"wp-block-image size-full is-resized\"><a href=\"https:\/\/projectes.xtec.cat\/programesiprojectesfp\/wp-content\/uploads\/usu2078\/2026\/05\/aparcaments2-1.png\"><img loading=\"lazy\" decoding=\"async\" width=\"541\" height=\"714\" src=\"https:\/\/projectes.xtec.cat\/programesiprojectesfp\/wp-content\/uploads\/usu2078\/2026\/05\/aparcaments2-1.png\" alt=\"\" class=\"wp-image-14425\" style=\"width:323px;height:auto\" srcset=\"https:\/\/projectes.xtec.cat\/programesiprojectesfp\/wp-content\/uploads\/usu2078\/2026\/05\/aparcaments2-1.png 541w, https:\/\/projectes.xtec.cat\/programesiprojectesfp\/wp-content\/uploads\/usu2078\/2026\/05\/aparcaments2-1-227x300.png 227w\" sizes=\"auto, (max-width: 541px) 100vw, 541px\" \/><\/a><\/figure>\n<\/div>\n<\/div>\n\n\n\n<h3 class=\"wp-block-heading\">Compartir cotxe<\/h3>\n\n\n\n<p>Som 600 assistents! Per fer una jornada m\u00e9s sostenible i facilitar l&#8217;estacionament de tothom, us animem a organitzar-vos amb companys i companyes del vostre centre o zona per compartir vehicle.<\/p>\n\n\n\n<p><strong>Avantatges de compartir:<\/strong><\/p>\n\n\n\n<ul class=\"wp-block-list\">\n<li>Menys temps buscant aparcament.<\/li>\n\n\n\n<li>Reducci\u00f3 de la petjada de CO2.<\/li>\n\n\n\n<li>Espai de networking abans de comen\u00e7ar la jornada.<\/li>\n<\/ul>\n\n\n\n<p><\/p>\n","protected":false},"excerpt":{"rendered":"<p>Ubicaci\u00f3 de la Jornada La jornada tindr\u00e0 lloc al Teatre Auditori de Granollers (Carrer de Torras i Bages, 50). \u00c9s un espai c\u00e8ntric i ben comunicat, situat a prop de la zona escolar. Transport p\u00fablic (Opci\u00f3 recomanada) A causa de l&#8217;alta ocupaci\u00f3 de vehicles a la zona, recomanem prioritzar el transport p\u00fablic. Tren (Rodalies) Autob\u00fas [&hellip;]<\/p>\n","protected":false},"author":1,"featured_media":0,"parent":14351,"menu_order":3,"comment_status":"closed","ping_status":"closed","template":"","meta":{"site-sidebar-layout":"default","site-content-layout":"","ast-site-content-layout":"default","site-content-style":"default","site-sidebar-style":"default","ast-global-header-display":"","ast-banner-title-visibility":"","ast-main-header-display":"","ast-hfb-above-header-display":"","ast-hfb-below-header-display":"","ast-hfb-mobile-header-display":"","site-post-title":"","ast-breadcrumbs-content":"","ast-featured-img":"","footer-sml-layout":"","theme-transparent-header-meta":"","adv-header-id-meta":"","stick-header-meta":"","header-above-stick-meta":"","header-main-stick-meta":"","header-below-stick-meta":"","astra-migrate-meta-layouts":"set","ast-page-background-enabled":"default","ast-page-background-meta":{"desktop":{"background-color":"var(--ast-global-color-4)","background-image":"","background-repeat":"repeat","background-position":"center center","background-size":"auto","background-attachment":"scroll","background-type":"","background-media":"","overlay-type":"","overlay-color":"","overlay-opacity":"","overlay-gradient":""},"tablet":{"background-color":"","background-image":"","background-repeat":"repeat","background-position":"center center","background-size":"auto","background-attachment":"scroll","background-type":"","background-media":"","overlay-type":"","overlay-color":"","overlay-opacity":"","overlay-gradient":""},"mobile":{"background-color":"","background-image":"","background-repeat":"repeat","background-position":"center center","background-size":"auto","background-attachment":"scroll","background-type":"","background-media":"","overlay-type":"","overlay-color":"","overlay-opacity":"","overlay-gradient":""}},"ast-content-background-meta":{"desktop":{"background-color":"var(--ast-global-color-5)","background-image":"","background-repeat":"repeat","background-position":"center center","background-size":"auto","background-attachment":"scroll","background-type":"","background-media":"","overlay-type":"","overlay-color":"","overlay-opacity":"","overlay-gradient":""},"tablet":{"background-color":"var(--ast-global-color-5)","background-image":"","background-repeat":"repeat","background-position":"center center","background-size":"auto","background-attachment":"scroll","background-type":"","background-media":"","overlay-type":"","overlay-color":"","overlay-opacity":"","overlay-gradient":""},"mobile":{"background-color":"var(--ast-global-color-5)","background-image":"","background-repeat":"repeat","background-position":"center center","background-size":"auto","background-attachment":"scroll","background-type":"","background-media":"","overlay-type":"","overlay-color":"","overlay-opacity":"","overlay-gradient":""}},"footnotes":""},"class_list":["post-14352","page","type-page","status-publish","hentry"],"post_mailing_queue_ids":[],"_links":{"self":[{"href":"https:\/\/projectes.xtec.cat\/programesiprojectesfp\/wp-json\/wp\/v2\/pages\/14352","targetHints":{"allow":["GET"]}}],"collection":[{"href":"https:\/\/projectes.xtec.cat\/programesiprojectesfp\/wp-json\/wp\/v2\/pages"}],"about":[{"href":"https:\/\/projectes.xtec.cat\/programesiprojectesfp\/wp-json\/wp\/v2\/types\/page"}],"author":[{"embeddable":true,"href":"https:\/\/projectes.xtec.cat\/programesiprojectesfp\/wp-json\/wp\/v2\/users\/1"}],"replies":[{"embeddable":true,"href":"https:\/\/projectes.xtec.cat\/programesiprojectesfp\/wp-json\/wp\/v2\/comments?post=14352"}],"version-history":[{"count":6,"href":"https:\/\/projectes.xtec.cat\/programesiprojectesfp\/wp-json\/wp\/v2\/pages\/14352\/revisions"}],"predecessor-version":[{"id":14496,"href":"https:\/\/projectes.xtec.cat\/programesiprojectesfp\/wp-json\/wp\/v2\/pages\/14352\/revisions\/14496"}],"up":[{"embeddable":true,"href":"https:\/\/projectes.xtec.cat\/programesiprojectesfp\/wp-json\/wp\/v2\/pages\/14351"}],"wp:attachment":[{"href":"https:\/\/projectes.xtec.cat\/programesiprojectesfp\/wp-json\/wp\/v2\/media?parent=14352"}],"curies":[{"name":"wp","href":"https:\/\/api.w.org\/{rel}","templated":true}]}}