{"id":14353,"date":"2026-05-08T11:25:05","date_gmt":"2026-05-08T09:25:05","guid":{"rendered":"https:\/\/projectes.xtec.cat\/programesiprojectesfp\/?page_id=14353"},"modified":"2026-05-12T13:26:18","modified_gmt":"2026-05-12T11:26:18","slug":"programa","status":"publish","type":"page","link":"https:\/\/projectes.xtec.cat\/programesiprojectesfp\/xxiii_jornada_de_qualitat_i_cloenda_2026\/programa\/","title":{"rendered":"Programa"},"content":{"rendered":"\n<figure class=\"wp-block-image size-full\"><a href=\"https:\/\/projectes.xtec.cat\/programesiprojectesfp\/wp-content\/uploads\/usu2078\/2026\/05\/image-1.png\"><img loading=\"lazy\" decoding=\"async\" width=\"946\" height=\"178\" src=\"https:\/\/projectes.xtec.cat\/programesiprojectesfp\/wp-content\/uploads\/usu2078\/2026\/05\/image-1.png\" alt=\"\" class=\"wp-image-14491\" srcset=\"https:\/\/projectes.xtec.cat\/programesiprojectesfp\/wp-content\/uploads\/usu2078\/2026\/05\/image-1.png 946w, https:\/\/projectes.xtec.cat\/programesiprojectesfp\/wp-content\/uploads\/usu2078\/2026\/05\/image-1-300x56.png 300w, https:\/\/projectes.xtec.cat\/programesiprojectesfp\/wp-content\/uploads\/usu2078\/2026\/05\/image-1-768x145.png 768w\" sizes=\"auto, (max-width: 946px) 100vw, 946px\" \/><\/a><\/figure>\n\n\n\n<p><strong>08:30 &#8211; 09:15<\/strong>: Recepci\u00f3 i acreditaci\u00f3<\/p>\n\n\n\n<p><strong>09:30 &#8211; 09:40<\/strong>: Obertura institucional i inauguraci\u00f3 de la jornada.<\/p>\n\n\n\n<p><strong>09:40 &#8211; 10:20<\/strong>: Reconeixement als centres certificats.<\/p>\n\n\n\n<p><strong>10:20 &#8211; 10:50<\/strong>: L\u00ednies estrat\u00e8giques i pla de futur de la Formaci\u00f3 Professional.<\/p>\n\n\n\n<p><strong>11:00 &#8211; 12:30<\/strong>: Tert\u00falia caf\u00e8: Espais de treball col\u00b7laboratiu distribu\u00efts per tot l&#8217;auditori.<\/p>\n\n\n\n<p><strong>12:35 &#8211; 13:20<\/strong>: Pon\u00e8ncia marc a c\u00e0rrec de N\u00faria Sal\u00e1n Ballesteros.<\/p>\n\n\n\n<p><strong>13:20 &#8211; 13:30<\/strong>: Cloenda i missatge final.<\/p>\n\n\n\n<p><\/p>\n","protected":false},"excerpt":{"rendered":"<p>08:30 &#8211; 09:15: Recepci\u00f3 i acreditaci\u00f3 09:30 &#8211; 09:40: Obertura institucional i inauguraci\u00f3 de la jornada. 09:40 &#8211; 10:20: Reconeixement als centres certificats. 10:20 &#8211; 10:50: L\u00ednies estrat\u00e8giques i pla de futur de la Formaci\u00f3 Professional. 11:00 &#8211; 12:30: Tert\u00falia caf\u00e8: Espais de treball col\u00b7laboratiu distribu\u00efts per tot l&#8217;auditori. 12:35 &#8211; 13:20: Pon\u00e8ncia marc a [&hellip;]<\/p>\n","protected":false},"author":1,"featured_media":0,"parent":14351,"menu_order":1,"comment_status":"closed","ping_status":"closed","template":"","meta":{"site-sidebar-layout":"default","site-content-layout":"","ast-site-content-layout":"default","site-content-style":"default","site-sidebar-style":"default","ast-global-header-display":"","ast-banner-title-visibility":"","ast-main-header-display":"","ast-hfb-above-header-display":"","ast-hfb-below-header-display":"","ast-hfb-mobile-header-display":"","site-post-title":"","ast-breadcrumbs-content":"","ast-featured-img":"","footer-sml-layout":"","theme-transparent-header-meta":"","adv-header-id-meta":"","stick-header-meta":"","header-above-stick-meta":"","header-main-stick-meta":"","header-below-stick-meta":"","astra-migrate-meta-layouts":"set","ast-page-background-enabled":"default","ast-page-background-meta":{"desktop":{"background-color":"var(--ast-global-color-4)","background-image":"","background-repeat":"repeat","background-position":"center center","background-size":"auto","background-attachment":"scroll","background-type":"","background-media":"","overlay-type":"","overlay-color":"","overlay-opacity":"","overlay-gradient":""},"tablet":{"background-color":"","background-image":"","background-repeat":"repeat","background-position":"center center","background-size":"auto","background-attachment":"scroll","background-type":"","background-media":"","overlay-type":"","overlay-color":"","overlay-opacity":"","overlay-gradient":""},"mobile":{"background-color":"","background-image":"","background-repeat":"repeat","background-position":"center center","background-size":"auto","background-attachment":"scroll","background-type":"","background-media":"","overlay-type":"","overlay-color":"","overlay-opacity":"","overlay-gradient":""}},"ast-content-background-meta":{"desktop":{"background-color":"var(--ast-global-color-5)","background-image":"","background-repeat":"repeat","background-position":"center center","background-size":"auto","background-attachment":"scroll","background-type":"","background-media":"","overlay-type":"","overlay-color":"","overlay-opacity":"","overlay-gradient":""},"tablet":{"background-color":"var(--ast-global-color-5)","background-image":"","background-repeat":"repeat","background-position":"center center","background-size":"auto","background-attachment":"scroll","background-type":"","background-media":"","overlay-type":"","overlay-color":"","overlay-opacity":"","overlay-gradient":""},"mobile":{"background-color":"var(--ast-global-color-5)","background-image":"","background-repeat":"repeat","background-position":"center center","background-size":"auto","background-attachment":"scroll","background-type":"","background-media":"","overlay-type":"","overlay-color":"","overlay-opacity":"","overlay-gradient":""}},"footnotes":""},"class_list":["post-14353","page","type-page","status-publish","hentry"],"post_mailing_queue_ids":[],"_links":{"self":[{"href":"https:\/\/projectes.xtec.cat\/programesiprojectesfp\/wp-json\/wp\/v2\/pages\/14353","targetHints":{"allow":["GET"]}}],"collection":[{"href":"https:\/\/projectes.xtec.cat\/programesiprojectesfp\/wp-json\/wp\/v2\/pages"}],"about":[{"href":"https:\/\/projectes.xtec.cat\/programesiprojectesfp\/wp-json\/wp\/v2\/types\/page"}],"author":[{"embeddable":true,"href":"https:\/\/projectes.xtec.cat\/programesiprojectesfp\/wp-json\/wp\/v2\/users\/1"}],"replies":[{"embeddable":true,"href":"https:\/\/projectes.xtec.cat\/programesiprojectesfp\/wp-json\/wp\/v2\/comments?post=14353"}],"version-history":[{"count":3,"href":"https:\/\/projectes.xtec.cat\/programesiprojectesfp\/wp-json\/wp\/v2\/pages\/14353\/revisions"}],"predecessor-version":[{"id":14492,"href":"https:\/\/projectes.xtec.cat\/programesiprojectesfp\/wp-json\/wp\/v2\/pages\/14353\/revisions\/14492"}],"up":[{"embeddable":true,"href":"https:\/\/projectes.xtec.cat\/programesiprojectesfp\/wp-json\/wp\/v2\/pages\/14351"}],"wp:attachment":[{"href":"https:\/\/projectes.xtec.cat\/programesiprojectesfp\/wp-json\/wp\/v2\/media?parent=14353"}],"curies":[{"name":"wp","href":"https:\/\/api.w.org\/{rel}","templated":true}]}}