{"id":8660,"date":"2020-04-03T11:53:05","date_gmt":"2020-04-03T09:53:05","guid":{"rendered":"https:\/\/projectes.xtec.cat\/impulsfp\/?page_id=8660"},"modified":"2026-04-16T13:08:12","modified_gmt":"2026-04-16T11:08:12","slug":"objectius","status":"publish","type":"page","link":"https:\/\/projectes.xtec.cat\/programesiprojectesfp\/innovafp\/objectius\/","title":{"rendered":"Missi\u00f3 i visi\u00f3"},"content":{"rendered":"<table>\n<tbody>\n<tr>\n<td><b>Missi\u00f3<\/b><\/td>\n<\/tr>\n<tr>\n<td><span class=\"TextRun SCXW49514697 BCX8\" lang=\"CA-ES\" xml:lang=\"CA-ES\" data-contrast=\"auto\"><span class=\"NormalTextRun SCXW49514697 BCX8\">Acompanyar i donar suport als centres de Formaci\u00f3 Professional en la transformaci\u00f3 pedag\u00f2gica<\/span><span class=\"NormalTextRun SCXW49514697 BCX8\">, tecnol\u00f2gica i de connexi\u00f3 amb el m\u00f3n productiu,\u00a0<\/span><span class=\"NormalTextRun SCXW49514697 BCX8\">mitjan\u00e7ant la innovaci\u00f3 metodol\u00f2gica, la formaci\u00f3 i l\u2019assessorament, promovent l\u2019intercanvi de coneixement i la col\u00b7laboraci\u00f3 entre centres i amb el teixit productiu<\/span><span class=\"NormalTextRun SCXW49514697 BCX8\">\u00a0<\/span><span class=\"NormalTextRun SCXW49514697 BCX8\">en el desenvolupament de<\/span><span class=\"NormalTextRun SCXW49514697 BCX8\">\u00a0projectes d\u2019innovaci\u00f3<\/span><span class=\"NormalTextRun SCXW49514697 BCX8\">, per millorar els aprenentatges de l\u2019alumnat, desenvolupar compet\u00e8ncies professionals i innovadores, i contribuir a la modernitzaci\u00f3 i competitivitat del sistema i de les empreses.<\/span><\/span><span class=\"EOP Selected SCXW49514697 BCX8\" data-ccp-props=\"{&quot;201341983&quot;:0,&quot;335559739&quot;:120,&quot;335559740&quot;:276}\">\u00a0<\/span><\/td>\n<\/tr>\n<\/tbody>\n<\/table>\n<p>&nbsp;<\/p>\n<table>\n<tbody>\n<tr>\n<td><b>Visi\u00f3\u00a0<\/b><\/td>\n<\/tr>\n<tr>\n<td><span class=\"TextRun SCXW252203075 BCX8\" lang=\"CA\" xml:lang=\"CA\" data-contrast=\"auto\"><span class=\"NormalTextRun SCXW252203075 BCX8\">Ser un referent en la transformaci\u00f3 de la Formaci\u00f3 Professional mitjan\u00e7ant la innovaci\u00f3 metodol\u00f2gica<\/span><span class=\"NormalTextRun SCXW252203075 BCX8\">\u00a0i tecnol\u00f2gica,\u00a0<\/span><span class=\"NormalTextRun SCXW252203075 BCX8\">la col\u00b7laboraci\u00f3 entre centres i amb el teixit productiu<\/span><span class=\"NormalTextRun SCXW252203075 BCX8\">\u00a0en projectes d\u2019innovaci\u00f3<\/span><span class=\"NormalTextRun SCXW252203075 BCX8\">, i l\u2019intercanvi de coneixement i bones pr\u00e0ctiques, per formar alumnat amb compet\u00e8ncies t\u00e8cniques i una mentalitat innovadora, i contribuir a la competitivitat i modernitzaci\u00f3 del sistema i de les empreses.<\/span><\/span><span class=\"EOP Selected SCXW252203075 BCX8\" data-ccp-props=\"{&quot;201341983&quot;:0,&quot;335559739&quot;:120,&quot;335559740&quot;:276}\">\u00a0<\/span><\/td>\n<\/tr>\n<\/tbody>\n<\/table>\n<p>&nbsp;<\/p>\n","protected":false},"excerpt":{"rendered":"<p>Missi\u00f3 Acompanyar i donar suport als centres de Formaci\u00f3 Professional en la transformaci\u00f3 pedag\u00f2gica, tecnol\u00f2gica i de connexi\u00f3 amb el m\u00f3n productiu,\u00a0mitjan\u00e7ant la innovaci\u00f3 metodol\u00f2gica, la formaci\u00f3 i l\u2019assessorament, promovent l\u2019intercanvi de coneixement i la col\u00b7laboraci\u00f3 entre centres i amb el teixit productiu\u00a0en el desenvolupament de\u00a0projectes d\u2019innovaci\u00f3, per millorar els aprenentatges de l\u2019alumnat, desenvolupar compet\u00e8ncies [&hellip;]<\/p>\n","protected":false},"author":1,"featured_media":0,"parent":8386,"menu_order":1,"comment_status":"closed","ping_status":"closed","template":"page-templates\/side-menu.php","meta":{"site-sidebar-layout":"default","site-content-layout":"","ast-site-content-layout":"","site-content-style":"default","site-sidebar-style":"default","ast-global-header-display":"","ast-banner-title-visibility":"","ast-main-header-display":"","ast-hfb-above-header-display":"","ast-hfb-below-header-display":"","ast-hfb-mobile-header-display":"","site-post-title":"","ast-breadcrumbs-content":"","ast-featured-img":"","footer-sml-layout":"","theme-transparent-header-meta":"","adv-header-id-meta":"","stick-header-meta":"","header-above-stick-meta":"","header-main-stick-meta":"","header-below-stick-meta":"","astra-migrate-meta-layouts":"default","ast-page-background-enabled":"default","ast-page-background-meta":{"desktop":{"background-color":"var(--ast-global-color-4)","background-image":"","background-repeat":"repeat","background-position":"center center","background-size":"auto","background-attachment":"scroll","background-type":"","background-media":"","overlay-type":"","overlay-color":"","overlay-opacity":"","overlay-gradient":""},"tablet":{"background-color":"","background-image":"","background-repeat":"repeat","background-position":"center center","background-size":"auto","background-attachment":"scroll","background-type":"","background-media":"","overlay-type":"","overlay-color":"","overlay-opacity":"","overlay-gradient":""},"mobile":{"background-color":"","background-image":"","background-repeat":"repeat","background-position":"center center","background-size":"auto","background-attachment":"scroll","background-type":"","background-media":"","overlay-type":"","overlay-color":"","overlay-opacity":"","overlay-gradient":""}},"ast-content-background-meta":{"desktop":{"background-color":"var(--ast-global-color-5)","background-image":"","background-repeat":"repeat","background-position":"center center","background-size":"auto","background-attachment":"scroll","background-type":"","background-media":"","overlay-type":"","overlay-color":"","overlay-opacity":"","overlay-gradient":""},"tablet":{"background-color":"var(--ast-global-color-5)","background-image":"","background-repeat":"repeat","background-position":"center center","background-size":"auto","background-attachment":"scroll","background-type":"","background-media":"","overlay-type":"","overlay-color":"","overlay-opacity":"","overlay-gradient":""},"mobile":{"background-color":"var(--ast-global-color-5)","background-image":"","background-repeat":"repeat","background-position":"center center","background-size":"auto","background-attachment":"scroll","background-type":"","background-media":"","overlay-type":"","overlay-color":"","overlay-opacity":"","overlay-gradient":""}},"footnotes":""},"class_list":["post-8660","page","type-page","status-publish","hentry"],"post_mailing_queue_ids":[],"_links":{"self":[{"href":"https:\/\/projectes.xtec.cat\/programesiprojectesfp\/wp-json\/wp\/v2\/pages\/8660","targetHints":{"allow":["GET"]}}],"collection":[{"href":"https:\/\/projectes.xtec.cat\/programesiprojectesfp\/wp-json\/wp\/v2\/pages"}],"about":[{"href":"https:\/\/projectes.xtec.cat\/programesiprojectesfp\/wp-json\/wp\/v2\/types\/page"}],"author":[{"embeddable":true,"href":"https:\/\/projectes.xtec.cat\/programesiprojectesfp\/wp-json\/wp\/v2\/users\/1"}],"replies":[{"embeddable":true,"href":"https:\/\/projectes.xtec.cat\/programesiprojectesfp\/wp-json\/wp\/v2\/comments?post=8660"}],"version-history":[{"count":6,"href":"https:\/\/projectes.xtec.cat\/programesiprojectesfp\/wp-json\/wp\/v2\/pages\/8660\/revisions"}],"predecessor-version":[{"id":14052,"href":"https:\/\/projectes.xtec.cat\/programesiprojectesfp\/wp-json\/wp\/v2\/pages\/8660\/revisions\/14052"}],"up":[{"embeddable":true,"href":"https:\/\/projectes.xtec.cat\/programesiprojectesfp\/wp-json\/wp\/v2\/pages\/8386"}],"wp:attachment":[{"href":"https:\/\/projectes.xtec.cat\/programesiprojectesfp\/wp-json\/wp\/v2\/media?parent=8660"}],"curies":[{"name":"wp","href":"https:\/\/api.w.org\/{rel}","templated":true}]}}