{"id":8210,"date":"2017-03-24T18:55:38","date_gmt":"2017-03-24T17:55:38","guid":{"rendered":"http:\/\/projectes.xtec.cat\/pyirenefp\/?page_id=8210"},"modified":"2018-05-26T19:12:05","modified_gmt":"2018-05-26T17:12:05","slug":"socios","status":"publish","type":"page","link":"https:\/\/projectes.xtec.cat\/pyirenefp\/socios\/","title":{"rendered":"Socios"},"content":{"rendered":"<p style=\"text-align: justify;\">Todos los socios de <strong><span style=\"color: #e6601e;\">PyireneFP<\/span><\/strong> disponen de experiencia en materia de formaci\u00f3n, orientaci\u00f3n, movilidad y formaci\u00f3n profesional en su territorio.<\/p>\n<p style=\"text-align: justify;\">Este conocimiento facilita el establecimiento y desarrollo de un entorno transfronterizo coordinado de servicios de informaci\u00f3n y orientaci\u00f3n profesional y de formaci\u00f3n para ayudar a las personas a seguir itinerarios de formaci\u00f3n y cualificaci\u00f3n en el territorio.<\/p>\n","protected":false},"excerpt":{"rendered":"<p>Todos los socios de PyireneFP disponen de experiencia en materia de formaci\u00f3n, orientaci\u00f3n, movilidad y formaci\u00f3n profesional en su territorio.<br \/>\nEste conocimiento facilita el establecimiento y desarrollo de un entorno transfronterizo coordinado de servicios de informaci\u00f3n y orientaci\u00f3n profesional y de formaci\u00f3n para ayudar a las&hellip;  <a href=\"https:\/\/projectes.xtec.cat\/pyirenefp\/socios\/\" title=\"Read Socios\">Llegeix m\u00e9s\u00bb<\/a><\/p>\n","protected":false},"author":1,"featured_media":0,"parent":0,"menu_order":0,"comment_status":"closed","ping_status":"closed","template":"","meta":{"_bbp_topic_count":0,"_bbp_reply_count":0,"_bbp_total_topic_count":0,"_bbp_total_reply_count":0,"_bbp_voice_count":0,"_bbp_anonymous_reply_count":0,"_bbp_topic_count_hidden":0,"_bbp_reply_count_hidden":0,"_bbp_forum_subforum_count":0,"footnotes":""},"class_list":["post-8210","page","type-page","status-publish","hentry"],"post_mailing_queue_ids":[],"_links":{"self":[{"href":"https:\/\/projectes.xtec.cat\/pyirenefp\/wp-json\/wp\/v2\/pages\/8210","targetHints":{"allow":["GET"]}}],"collection":[{"href":"https:\/\/projectes.xtec.cat\/pyirenefp\/wp-json\/wp\/v2\/pages"}],"about":[{"href":"https:\/\/projectes.xtec.cat\/pyirenefp\/wp-json\/wp\/v2\/types\/page"}],"author":[{"embeddable":true,"href":"https:\/\/projectes.xtec.cat\/pyirenefp\/wp-json\/wp\/v2\/users\/1"}],"replies":[{"embeddable":true,"href":"https:\/\/projectes.xtec.cat\/pyirenefp\/wp-json\/wp\/v2\/comments?post=8210"}],"version-history":[{"count":4,"href":"https:\/\/projectes.xtec.cat\/pyirenefp\/wp-json\/wp\/v2\/pages\/8210\/revisions"}],"predecessor-version":[{"id":9925,"href":"https:\/\/projectes.xtec.cat\/pyirenefp\/wp-json\/wp\/v2\/pages\/8210\/revisions\/9925"}],"wp:attachment":[{"href":"https:\/\/projectes.xtec.cat\/pyirenefp\/wp-json\/wp\/v2\/media?parent=8210"}],"curies":[{"name":"wp","href":"https:\/\/api.w.org\/{rel}","templated":true}]}}