{"id":8220,"date":"2017-03-24T19:00:07","date_gmt":"2017-03-24T18:00:07","guid":{"rendered":"http:\/\/projectes.xtec.cat\/pyirenefp\/?page_id=8220"},"modified":"2017-05-17T09:56:37","modified_gmt":"2017-05-17T07:56:37","slug":"informacion-orientacion-comunicacion-y-red","status":"publish","type":"page","link":"https:\/\/projectes.xtec.cat\/pyirenefp\/pirefop\/informacion-orientacion-comunicacion-y-red\/","title":{"rendered":"Informaci\u00f3n, orientaci\u00f3n, comunicaci\u00f3n y red"},"content":{"rendered":"<ul style=\"list-style-type: square;\">\n<li>Creaci\u00f3n de redes para el intercambio de informaciones, experiencias y buenas pr\u00e1cticas en materia de formaci\u00f3n<\/li>\n<li>Comunicaci\u00f3n y difusi\u00f3n de las actividades del proyecto<\/li>\n<\/ul>\n<hr \/>\n<p><strong>Objetivos<\/strong><\/p>\n<ul style=\"list-style-type: disc;\">\n<li>Consolidar el reconocimiento de los sistemas de formaci\u00f3n inicial y de \u00abapprentissage\u00bb<\/li>\n<li>Favorecer la puesta en red y desarrollar el intercambio de pr\u00e1cticas y competencias entre el personal de las estructuras de formaci\u00f3n<\/li>\n<li>Favorecer la transferencia de conocimientos, experiencias y de buenas pr\u00e1cticas<\/li>\n<li>Dinamizar y organizar la cooperaci\u00f3n entre los actores de formaci\u00f3n<\/li>\n<li>Favorecer el aprendizaje de lenguas europeas para los beneficiarios de las acciones de cooperaci\u00f3n, especialmente por la formaci\u00f3n a distancia<\/li>\n<\/ul>\n<hr \/>\n<p><strong>Actividades<\/strong><\/p>\n<ul>\n<li>Participaci\u00f3n de los socios en salones, manifestaciones y otros acontecimientos organizados sobre el territorio transfronterizo:\n<ul>\n<li><span style=\"color: #ff0000;\">Congreso Internacional de Ense\u00f1anzas Deportivas de Monta\u00f1a<\/span> (Huesca, 24\/10\/2008)<\/li>\n<li>Olympiades des M\u00e9tiers (Aquitaine, noviembre 2008)<\/li>\n<li>Salon Aquitec (Bordeaux, 5-7\/02\/2009)<\/li>\n<li><span style=\"color: #ff0000;\">Conferencia Europea de las Regiones para la promoci\u00f3n de la movilidad en la Formaci\u00f3n Profesional<\/span> (Barcelona, 26-27\/05\/2009)<\/li>\n<li>Salon Form&#8217;Avenir (Toulouse, 16-17\/10\/2009)<\/li>\n<li>Fira de Sant Josep (Mollerussa, Lleida, 19-21\/03\/2010)<\/li>\n<li>Olympiades des M\u00e9tiers (Bordeaux, 15-16\/04\/2010)<\/li>\n<li><span style=\"color: #ff0000;\">Sal\u00f3n Educaci\u00f3n y Empleo<\/span> (Zaragoza, 20-22\/05\/2010)<\/li>\n<li><span style=\"color: #ff0000;\">Jornada Pedag\u00f2gica PQPI<\/span> (Programes de Qualificaci\u00f3 Professional Inicial) (Barcelona, 15\/09\/2010)<\/li>\n<li><span style=\"color: #ff0000;\">Jornada d&#8217;Ensenyaments Esportius<\/span> (Lleida, 21-22\/09\/2010)<\/li>\n<li><span style=\"color: #ff0000;\">Confer\u00e9ncie \u00abLes r\u00e9gions au coeur de la mobilit\u00e9 europ\u00e9ene et internationale des jeunes\u00bb,<span style=\"color: #000000;\"> dans le cadre de l&#8217;Iniciative \u00abYouth on the Move\u00bb<\/span><\/span> (Bordeaux, 15\/10\/2010)<\/li>\n<li><span style=\"color: #ff0000;\">Congreso Internacional de Ense\u00f1anzas Deportivas de Monta\u00f1a<\/span> (Zaragoza, 21-22\/10\/2010)<\/li>\n<li><span style=\"color: #ff0000;\">Colloque National Co\u00f3pertions Transfrontali\u00e8re sur les themes de l&#8217;Emploi et de la Formation Professionnelle<\/span> (Saint-Louis, 16-17\/11\/2010)<\/li>\n<li><span style=\"color: #ff0000;\">Salon Form&#8217;Avenir<\/span> (Toulouse, 28-29\/01\/2011)<\/li>\n<li><span style=\"color: #ff0000;\">Arag\u00f3n Skills<\/span> (17-18\/02\/2011)<\/li>\n<li><span style=\"color: #ff0000;\">Fira de Formaci\u00f3 Professional i Treball<\/span> (Lleida 17-19\/02\/2011)<\/li>\n<\/ul>\n<\/li>\n<li>Realizaci\u00f3n de seminarios y de sesiones tem\u00e1ticas de trabajo:\n<ul>\n<li>Seminario de Lleida (17-18\/12\/2008). Presentaciones de Jordi Blanch y Fatima Rafik<\/li>\n<li>Seminario de Bordeaux (20-21\/10\/2009). Presentaci\u00f3n de Xavier Farriols<\/li>\n<li>Seminario de Zaragoza (01\/06\/2010). Presentaciones introductorias: Carmen Navarro y Xavier Farriols. Presentaciones sectoriales: autom\u00f3vil, cocina, deportes, energ\u00edas renovables y sanidad. Presentacions de la mesa redonda \u00abEl valor a\u00f1adido de la ooperaci\u00f3n transfronteriza en la formaci\u00f3n permanente del profesorado\u00bb, representante de Aquitania, Brigitte Babin, F. Bacqua y J. Durand, Roberto Santolaria y Sergio Mainar<\/li>\n<li>Foro POCTEFA y talleres tem\u00e1ticos en el XXVIII Consejo Plenario de la CTP (Bagn\u00e8res-de-Luchos, 28\/10\/2010) S\u00edntesis de los talleres (es., fr.)<\/li>\n<li>Seminario de Girona (26\/10\/2011)<\/li>\n<\/ul>\n<\/li>\n<\/ul>\n<p><a href=\"http:\/\/projectes.xtec.cat\/pyirenefp\/wp-content\/uploads\/usu498\/2017\/03\/BannersocisPIREFOP.jpg\"><img loading=\"lazy\" decoding=\"async\" class=\"alignnone size-full wp-image-8398\" src=\"http:\/\/projectes.xtec.cat\/pyirenefp\/wp-content\/uploads\/usu498\/2017\/03\/BannersocisPIREFOP.jpg\" alt=\"BannersocisPIREFOP\" width=\"651\" height=\"48\" srcset=\"https:\/\/projectes.xtec.cat\/pyirenefp\/wp-content\/uploads\/usu498\/2017\/03\/BannersocisPIREFOP.jpg 651w, https:\/\/projectes.xtec.cat\/pyirenefp\/wp-content\/uploads\/usu498\/2017\/03\/BannersocisPIREFOP-300x22.jpg 300w\" sizes=\"auto, (max-width: 651px) 100vw, 651px\" \/><\/a><\/p>\n","protected":false},"excerpt":{"rendered":"<ul style=\"list-style-type: square;\">\n<li>Creaci\u00f3n de redes para el intercambio de informaciones, experiencias y buenas pr\u00e1cticas en materia de formaci\u00f3n<\/li>\n<li>Comunicaci\u00f3n y difusi\u00f3n de las actividades del proyecto<\/li>\n<\/ul>\n<p>Objetivos<\/p>\n<ul style=\"list-style-type: disc;\">\n<li>Consolidar el reconocimiento de los sistemas de formaci\u00f3n inicial y de \u00abapprentissage\u00bb<\/li>\n<li>Favorecer la puesta en red y desarrollar el&hellip;  <a href=\"https:\/\/projectes.xtec.cat\/pyirenefp\/pirefop\/informacion-orientacion-comunicacion-y-red\/\" title=\"Read Informaci\u00f3n, orientaci\u00f3n, comunicaci\u00f3n y red\">Llegeix m\u00e9s\u00bb<\/a><br \/>\n","protected":false},"author":1,"featured_media":0,"parent":8216,"menu_order":20,"comment_status":"closed","ping_status":"closed","template":"","meta":{"_bbp_topic_count":0,"_bbp_reply_count":0,"_bbp_total_topic_count":0,"_bbp_total_reply_count":0,"_bbp_voice_count":0,"_bbp_anonymous_reply_count":0,"_bbp_topic_count_hidden":0,"_bbp_reply_count_hidden":0,"_bbp_forum_subforum_count":0,"footnotes":""},"class_list":["post-8220","page","type-page","status-publish","hentry"],"post_mailing_queue_ids":[],"_links":{"self":[{"href":"https:\/\/projectes.xtec.cat\/pyirenefp\/wp-json\/wp\/v2\/pages\/8220","targetHints":{"allow":["GET"]}}],"collection":[{"href":"https:\/\/projectes.xtec.cat\/pyirenefp\/wp-json\/wp\/v2\/pages"}],"about":[{"href":"https:\/\/projectes.xtec.cat\/pyirenefp\/wp-json\/wp\/v2\/types\/page"}],"author":[{"embeddable":true,"href":"https:\/\/projectes.xtec.cat\/pyirenefp\/wp-json\/wp\/v2\/users\/1"}],"replies":[{"embeddable":true,"href":"https:\/\/projectes.xtec.cat\/pyirenefp\/wp-json\/wp\/v2\/comments?post=8220"}],"version-history":[{"count":2,"href":"https:\/\/projectes.xtec.cat\/pyirenefp\/wp-json\/wp\/v2\/pages\/8220\/revisions"}],"predecessor-version":[{"id":8579,"href":"https:\/\/projectes.xtec.cat\/pyirenefp\/wp-json\/wp\/v2\/pages\/8220\/revisions\/8579"}],"up":[{"embeddable":true,"href":"https:\/\/projectes.xtec.cat\/pyirenefp\/wp-json\/wp\/v2\/pages\/8216"}],"wp:attachment":[{"href":"https:\/\/projectes.xtec.cat\/pyirenefp\/wp-json\/wp\/v2\/media?parent=8220"}],"curies":[{"name":"wp","href":"https:\/\/api.w.org\/{rel}","templated":true}]}}