{"id":8226,"date":"2017-03-24T19:02:54","date_gmt":"2017-03-24T18:02:54","guid":{"rendered":"http:\/\/projectes.xtec.cat\/pyirenefp\/?page_id=8226"},"modified":"2017-07-07T19:23:05","modified_gmt":"2017-07-07T17:23:05","slug":"piremobv","status":"publish","type":"page","link":"https:\/\/projectes.xtec.cat\/pyirenefp\/piremobv\/","title":{"rendered":"PIREMOBV (esp)"},"content":{"rendered":"<p>Es un\u00a0 proyecto de cooperaci\u00f3n transfronteriza dirigido a la mejora de la calidad de la formaci\u00f3n profesional mediante la promoci\u00f3n y desarrollo de la movilidad de estudiantes y formadores.<\/p>\n<p>El proyecto fue aprobado en la segunda fase de la convocatoria de proyectos del <strong><span style=\"color: #800000;\">Programa Operativo de Cooperaci\u00f3n Territorial Espa\u00f1a &#8211; Francia &#8211; Andorra<\/span><\/strong> 2007-2013, con una duraci\u00f3n prevista de tres a\u00f1os (2012-2014) y un presupuesto aproximado de 1,1 millones de euros.<\/p>\n<p><strong>Antecedentes<\/strong><\/p>\n<p>El proyecto parte de la experiencia de proyectos FEDER anteriores, llevados a cabo en el marco del programa INTERREG III A (\u00abLa FP transfronteriza\u00bb, \u00abLa FP y la movilidad transfrontriza\u00bb) y POCTEFA (\u00abPIREFOP-Pirineos Formaci\u00f3n Profesional\u00bb), y se dirige a consolidar el mejor conocimiento de los sistemas de formaci\u00f3n y de empleo y ampliar la movilidad de los estudiantes de la FP y multiplicar el n\u00famero de beneficiarios.<\/p>\n<p>Respecto a los proyectos anteriores, el partenariado se ha incrementado hasta 7 socios para abarcar al conjunto de regiones de la zona transfronteriza y la totalidad de miembros de la cTP, ampliando el territorio de actuaci\u00f3n del proyecto y el n\u00famero de beneficiarios.<\/p>\n","protected":false},"excerpt":{"rendered":"<p>Es un\u00a0 proyecto de cooperaci\u00f3n transfronteriza dirigido a la mejora de la calidad de la formaci\u00f3n profesional mediante la promoci\u00f3n y desarrollo de la movilidad de estudiantes y formadores.<br \/>\nEl proyecto fue aprobado en la segunda fase de la convocatoria de proyectos del Programa Operativo de&hellip;  <a href=\"https:\/\/projectes.xtec.cat\/pyirenefp\/piremobv\/\" title=\"Read PIREMOBV (esp)\">Llegeix m\u00e9s\u00bb<\/a><\/p>\n","protected":false},"author":1,"featured_media":0,"parent":0,"menu_order":0,"comment_status":"closed","ping_status":"closed","template":"","meta":{"_bbp_topic_count":0,"_bbp_reply_count":0,"_bbp_total_topic_count":0,"_bbp_total_reply_count":0,"_bbp_voice_count":0,"_bbp_anonymous_reply_count":0,"_bbp_topic_count_hidden":0,"_bbp_reply_count_hidden":0,"_bbp_forum_subforum_count":0,"footnotes":""},"class_list":["post-8226","page","type-page","status-publish","hentry"],"post_mailing_queue_ids":[],"_links":{"self":[{"href":"https:\/\/projectes.xtec.cat\/pyirenefp\/wp-json\/wp\/v2\/pages\/8226","targetHints":{"allow":["GET"]}}],"collection":[{"href":"https:\/\/projectes.xtec.cat\/pyirenefp\/wp-json\/wp\/v2\/pages"}],"about":[{"href":"https:\/\/projectes.xtec.cat\/pyirenefp\/wp-json\/wp\/v2\/types\/page"}],"author":[{"embeddable":true,"href":"https:\/\/projectes.xtec.cat\/pyirenefp\/wp-json\/wp\/v2\/users\/1"}],"replies":[{"embeddable":true,"href":"https:\/\/projectes.xtec.cat\/pyirenefp\/wp-json\/wp\/v2\/comments?post=8226"}],"version-history":[{"count":4,"href":"https:\/\/projectes.xtec.cat\/pyirenefp\/wp-json\/wp\/v2\/pages\/8226\/revisions"}],"predecessor-version":[{"id":8909,"href":"https:\/\/projectes.xtec.cat\/pyirenefp\/wp-json\/wp\/v2\/pages\/8226\/revisions\/8909"}],"wp:attachment":[{"href":"https:\/\/projectes.xtec.cat\/pyirenefp\/wp-json\/wp\/v2\/media?parent=8226"}],"curies":[{"name":"wp","href":"https:\/\/api.w.org\/{rel}","templated":true}]}}