{"id":8231,"date":"2017-03-24T19:12:45","date_gmt":"2017-03-24T18:12:45","guid":{"rendered":"http:\/\/projectes.xtec.cat\/pyirenefp\/?page_id=8231"},"modified":"2017-04-22T22:18:18","modified_gmt":"2017-04-22T20:18:18","slug":"movilidad-transfronteriza-de-los-aprendices","status":"publish","type":"page","link":"https:\/\/projectes.xtec.cat\/pyirenefp\/piremobv\/movilidad-transfronteriza-de-los-aprendices\/","title":{"rendered":"Movilidad transfronteriza de los aprendices"},"content":{"rendered":"<p><strong>Objetivos<\/strong><\/p>\n<ul>\n<li>Fomentar la movilidad para ofrecer a los p\u00fablicos objetivo una dimensi\u00f3n europea de la formaci\u00f3n<\/li>\n<li>Promover los intercambios de j\u00f3venes de formaci\u00f3n profesional inicial y, eventualmente, de personas en FP en pr\u00e1cticas<\/li>\n<li>Favorecer el reconocimiento de las competencias adquiridas durante la movilidad (Europass)<\/li>\n<li>Adquirir competencias profesionales ligadas a los m\u00e9todos de trabajo o a las tecnolog\u00edas propias de los distintos pa\u00edses.<\/li>\n<li>Favorecer el aprendizaje de lenguas para los beneficiarios de las acciones de cooperaci\u00f3n (formaci\u00f3n a distancia)<\/li>\n<\/ul>\n<hr \/>\n<p><strong>Resultados<\/strong><\/p>\n<ul>\n<li>Adquisici\u00f3n de competencias profesionales ligadas a los m\u00e9todos de trabajo o a las tecnolog\u00edas propias de los distintos pa\u00edses.<\/li>\n<li>Valor a\u00f1adido en materia de apertura cultural y de profesionalizaci\u00f3n de los beneficiarios.<\/li>\n<\/ul>\n<table style=\"width: 549px;\">\n<tbody>\n<tr style=\"height: 76px;\">\n<td style=\"width: 70px; height: 76px;\"><a href=\"http:\/\/projectes.xtec.cat\/pyirenefp\/wp-content\/uploads\/usu498\/2017\/04\/informe_movilidad_alumnos.pdf\"><img loading=\"lazy\" decoding=\"async\" class=\"alignnone wp-image-8497 aligncenter\" src=\"http:\/\/projectes.xtec.cat\/pyirenefp\/wp-content\/uploads\/usu498\/2017\/03\/pdf_download.png\" alt=\"pdf_download\" width=\"39\" height=\"35\" \/><\/a><\/td>\n<td style=\"width: 210px; height: 76px;\"><a href=\"http:\/\/projectes.xtec.cat\/pyirenefp\/wp-content\/uploads\/usu498\/2017\/04\/informe_movilidad_alumnos.pdf\">Informe final movilidad_alumnos (castellano)<\/a><\/td>\n<td style=\"width: 118px; height: 76px;\"><a href=\"http:\/\/projectes.xtec.cat\/pyirenefp\/wp-content\/uploads\/usu498\/2017\/04\/rapport_mobilite_apprenants.pdf\"><img loading=\"lazy\" decoding=\"async\" class=\"alignnone wp-image-8497 aligncenter\" src=\"http:\/\/projectes.xtec.cat\/pyirenefp\/wp-content\/uploads\/usu498\/2017\/03\/pdf_download.png\" alt=\"pdf_download\" width=\"39\" height=\"36\" \/><\/a><\/td>\n<td style=\"width: 223px; height: 76px;\"><a href=\"http:\/\/projectes.xtec.cat\/pyirenefp\/wp-content\/uploads\/usu498\/2017\/04\/rapport_mobilite_apprenants.pdf\">Rapport mobilite_apprenants (franc\u00e8s)<\/a><\/td>\n<\/tr>\n<\/tbody>\n<\/table>\n<p>&nbsp;<\/p>\n<p><strong>Experiencias de movilidad de estudiantes (muestra)<br \/>\n<\/strong><\/p>\n<table style=\"width: 985px; height: 976px;\">\n<tbody>\n<tr style=\"height: 65px;\">\n<td style=\"width: 58px; height: 65px; text-align: center;\"><span style=\"color: #800000;\">Flujo<\/span><\/td>\n<td style=\"width: 107px; height: 65px; text-align: center;\"><span style=\"color: #800000;\">Sector<\/span><\/td>\n<td style=\"width: 133px; height: 65px; text-align: center;\"><span style=\"color: #800000;\">Regi\u00f3n de origen<\/span><\/td>\n<td style=\"width: 138px; height: 65px; text-align: center;\"><span style=\"color: #800000;\">Regi\u00f3n de acogida<\/span><\/td>\n<td style=\"width: 246px; height: 65px; text-align: center;\"><span style=\"color: #800000;\">Centro de origen<\/span><\/td>\n<td style=\"width: 356px; height: 65px; text-align: center;\"><span style=\"color: #800000;\">Centro de acogida<\/span><\/td>\n<td style=\"width: 10px; height: 65px; text-align: center;\"><span style=\"color: #800000;\">Participantes<\/span><\/td>\n<td style=\"width: 59px; height: 65px; text-align: center;\"><span style=\"color: #800000;\">A\u00f1o<\/span><\/td>\n<\/tr>\n<tr style=\"height: 65px;\">\n<td style=\"width: 58px; height: 65px; text-align: center;\"><span style=\"color: #800000;\">1<\/span><\/td>\n<td style=\"width: 107px; height: 65px; text-align: center;\">Asistente de direcci\u00f3n<\/td>\n<td style=\"width: 133px; height: 65px; text-align: center;\">Aquitaine<\/td>\n<td style=\"width: 138px; height: 65px; text-align: center;\">Euskadi<\/td>\n<td style=\"width: 246px; height: 65px; text-align: center;\">LGT Louis de Foix<\/td>\n<td style=\"width: 356px; height: 65px; text-align: center;\">Office de tourisme d&#8217;Irun\/\u00a0Otxondo \u00e9v\u00e9nements \u00e0 Uradazubi \/ Fundacion real socidad \u00e0 Zubieta<\/td>\n<td style=\"width: 10px; height: 65px; text-align: center;\">3<\/td>\n<td style=\"width: 59px; height: 65px; text-align: center;\">2013<\/td>\n<\/tr>\n<tr style=\"height: 33px;\">\n<td style=\"width: 58px; height: 33px; text-align: center;\"><span style=\"color: #800000;\">\u00a02<\/span><\/td>\n<td style=\"width: 107px; height: 33px; text-align: center;\">\u00a0Madera<\/td>\n<td style=\"width: 133px; height: 33px; text-align: center;\">Aquitaine<\/td>\n<td style=\"width: 138px; height: 33px; text-align: center;\">Euskadi<\/td>\n<td style=\"width: 246px; height: 33px; text-align: center;\">\u00a0Lyc\u00e9e G. Haur\u00e9 Plac\u00e9<\/td>\n<td style=\"width: 356px; height: 33px; text-align: center;\">ASERRIN<\/td>\n<td style=\"width: 10px; height: 33px; text-align: center;\">\u00a01<\/td>\n<td style=\"width: 59px; height: 33px; text-align: center;\">2013<\/td>\n<\/tr>\n<tr style=\"height: 33px;\">\n<td style=\"width: 58px; height: 33px; text-align: center;\"><span style=\"color: #800000;\">\u00a03<\/span><\/td>\n<td style=\"width: 107px; height: 33px; text-align: center;\">\u00a0Microtecnolog\u00eda<\/td>\n<td style=\"width: 133px; height: 33px; text-align: center;\">Aquitaine<\/td>\n<td style=\"width: 138px; height: 33px; text-align: center;\">Arag\u00f3n<\/td>\n<td style=\"width: 246px; height: 33px; text-align: center;\">\u00a0 \u00a0Lyc\u00e9e Pays de Soule<\/td>\n<td style=\"width: 356px; height: 33px; text-align: center;\">AITIIP<\/td>\n<td style=\"width: 10px; height: 33px; text-align: center;\">\u00a02<\/td>\n<td style=\"width: 59px; height: 33px; text-align: center;\">2013<\/td>\n<\/tr>\n<tr style=\"height: 33px;\">\n<td style=\"width: 58px; height: 33px; text-align: center;\"><span style=\"color: #800000;\">\u00a04<\/span><\/td>\n<td style=\"width: 107px; height: 33px; text-align: center;\">Agricultura<\/td>\n<td style=\"width: 133px; height: 33px; text-align: center;\">Aquitaine<\/td>\n<td style=\"width: 138px; height: 33px; text-align: center;\">Arag\u00f3n<\/td>\n<td style=\"width: 246px; height: 33px; text-align: center;\">EPLEFPA CDFAA 64<\/td>\n<td style=\"width: 356px; height: 33px; text-align: center;\">CAILC CENTRO DE ACOGIDA EN INMERSION LINGUISTICA Y CULTURAL \/ PIL PIL HOSTEL \/ GANBARA HOSTEL SL<\/td>\n<td style=\"width: 10px; height: 33px; text-align: center;\">\u00a03<\/td>\n<td style=\"width: 59px; height: 33px; text-align: center;\">\u00a02013<\/td>\n<\/tr>\n<tr style=\"height: 33px;\">\n<td style=\"width: 58px; height: 33px; text-align: center;\"><span style=\"color: #800000;\">\u00a05<\/span><\/td>\n<td style=\"width: 107px; height: 33px; text-align: center;\">\u00a0Secretariado<\/td>\n<td style=\"width: 133px; height: 33px; text-align: center;\">Aquitaine<\/td>\n<td style=\"width: 138px; height: 33px; text-align: center;\">\u00a0Arag\u00f3n<\/td>\n<td style=\"width: 246px; height: 33px; text-align: center;\">LP Jean d&#8217;Arcet Aire-sur-Adour<\/td>\n<td style=\"width: 356px; height: 33px; text-align: center;\">EXCMO. AYUNTAMIENTO DE JACA<\/td>\n<td style=\"width: 10px; height: 33px; text-align: center;\">2<\/td>\n<td style=\"width: 59px; height: 33px; text-align: center;\">2013<\/td>\n<\/tr>\n<tr style=\"height: 33px;\">\n<td style=\"width: 58px; height: 33px; text-align: center;\"><span style=\"color: #800000;\">\u00a06<\/span><\/td>\n<td style=\"width: 107px; height: 33px; text-align: center;\">Asistente de direcci\u00f3n<\/td>\n<td style=\"width: 133px; height: 33px; text-align: center;\">Aquitaine<\/td>\n<td style=\"width: 138px; height: 33px; text-align: center;\">\u00a0Catalunya<\/td>\n<td style=\"width: 246px; height: 33px; text-align: center;\">LGT Charles DESPIAU Mt de Marsan<\/td>\n<td style=\"width: 356px; height: 33px; text-align: center;\">Patronat de Turisme \/ Clinique Barcelona\/ Club nautique Salou<\/td>\n<td style=\"width: 10px; height: 33px; text-align: center;\">8<\/td>\n<td style=\"width: 59px; height: 33px; text-align: center;\">\u00a02013<\/td>\n<\/tr>\n<tr style=\"height: 33px;\">\n<td style=\"width: 58px; height: 33px; text-align: center;\"><span style=\"color: #800000;\">\u00a07<\/span><\/td>\n<td style=\"width: 107px; height: 33px; text-align: center;\">Asistente de direcci\u00f3n<\/td>\n<td style=\"width: 133px; height: 33px; text-align: center;\">Aquitaine<\/td>\n<td style=\"width: 138px; height: 33px; text-align: center;\">\u00a0Navarra<\/td>\n<td style=\"width: 246px; height: 33px; text-align: center;\">LGT Charles DESPIAU Mt de Marsan<\/td>\n<td style=\"width: 356px; height: 33px; text-align: center;\">Navarpluma SL<\/td>\n<td style=\"width: 10px; height: 33px; text-align: center;\">\u00a02<\/td>\n<td style=\"width: 59px; height: 33px; text-align: center;\">2013<\/td>\n<\/tr>\n<tr style=\"height: 33px;\">\n<td style=\"width: 58px; height: 33px; text-align: center;\"><span style=\"color: #800000;\">\u00a08<\/span><\/td>\n<td style=\"width: 107px; height: 33px; text-align: center;\">\u00a0Servicios a las personas y los territorios<\/td>\n<td style=\"width: 133px; height: 33px; text-align: center;\">Aquitaine<\/td>\n<td style=\"width: 138px; height: 33px; text-align: center;\">Arag\u00f3n<\/td>\n<td style=\"width: 246px; height: 33px; text-align: center;\">Lyc\u00e9e agricole priv\u00e9 de Saubrigue<\/td>\n<td style=\"width: 356px; height: 33px; text-align: center;\">\u00a0Escuelas Pias de Jaca<\/td>\n<td style=\"width: 10px; height: 33px; text-align: center;\">\u00a02<\/td>\n<td style=\"width: 59px; height: 33px; text-align: center;\">2013<\/td>\n<\/tr>\n<tr style=\"height: 33px;\">\n<td style=\"width: 58px; height: 33px; text-align: center;\"><span style=\"color: #800000;\">9<br \/>\n<\/span><\/td>\n<td style=\"width: 107px; height: 33px; text-align: center;\">\u00a0Turismo<\/td>\n<td style=\"width: 133px; height: 33px; text-align: center;\">\u00a0Aquitaine<\/td>\n<td style=\"width: 138px; height: 33px; text-align: center;\">Euskadi<\/td>\n<td style=\"width: 246px; height: 33px; text-align: center;\">\u00a0INFA<\/td>\n<td style=\"width: 356px; height: 33px; text-align: center;\">TANDEM<\/td>\n<td style=\"width: 10px; height: 33px; text-align: center;\">\u00a06<\/td>\n<td style=\"width: 59px; height: 33px; text-align: center;\">2013<\/td>\n<\/tr>\n<tr style=\"height: 33px;\">\n<td style=\"width: 58px; height: 33px; text-align: center;\"><span style=\"color: #800000;\">10<br \/>\n<\/span><\/td>\n<td style=\"width: 107px; height: 33px; text-align: center;\">Animaci\u00f3n<\/td>\n<td style=\"width: 133px; height: 33px; text-align: center;\">Aquitaine<\/td>\n<td style=\"width: 138px; height: 33px; text-align: center;\">Arag\u00f3n<\/td>\n<td style=\"width: 246px; height: 33px; text-align: center;\">\u00a0\u00a0INFA<\/td>\n<td style=\"width: 356px; height: 33px; text-align: center;\">\u00a0IES Piramide<\/td>\n<td style=\"width: 10px; height: 33px; text-align: center;\">\u00a02<\/td>\n<td style=\"width: 59px; height: 33px; text-align: center;\">\u00a02013<\/td>\n<\/tr>\n<tr style=\"height: 33px;\">\n<td style=\"width: 58px; height: 33px; text-align: center;\"><span style=\"color: #800000;\">11<br \/>\n<\/span><\/td>\n<td style=\"width: 107px; height: 33px; text-align: center;\">Trabajo social<\/td>\n<td style=\"width: 133px; height: 33px; text-align: center;\">Aquitaine<\/td>\n<td style=\"width: 138px; height: 33px; text-align: center;\">Euskadi<\/td>\n<td style=\"width: 246px; height: 33px; text-align: center;\">\u00a0CEMEA<\/td>\n<td style=\"width: 356px; height: 33px; text-align: center;\">\u00a0Fundacion Canonica Autonoma Ede\/ Inter Europa Euskadi\/ Fundacion Fondo Formacion\/ Kaebnai\/ Ayuntamiento de victoria Oficia Movilidad Juvenil\/ ATECA Asociacion de traumatismo y Da\u00f1o cerebral<\/td>\n<td style=\"width: 10px; height: 33px; text-align: center;\">\u00a09<\/td>\n<td style=\"width: 59px; height: 33px; text-align: center;\">\u00a02013<\/td>\n<\/tr>\n<tr style=\"height: 33px;\">\n<td style=\"width: 58px; height: 33px; text-align: center;\"><span style=\"color: #800000;\">\u00a012<\/span><\/td>\n<td style=\"width: 107px; height: 33px; text-align: center;\">\u00a0Trabajo social<\/td>\n<td style=\"width: 133px; height: 33px; text-align: center;\">Aquitaine<\/td>\n<td style=\"width: 138px; height: 33px; text-align: center;\">Catalunya<\/td>\n<td style=\"width: 246px; height: 33px; text-align: center;\">\u00a0CEMEA<\/td>\n<td style=\"width: 356px; height: 33px; text-align: center;\">\u00a0Associacion Obre-t-ebre \/ Associcion La vibria \/ Associacion Mundus<\/td>\n<td style=\"width: 10px; height: 33px; text-align: center;\">\u00a015<\/td>\n<td style=\"width: 59px; height: 33px; text-align: center;\">2013<\/td>\n<\/tr>\n<tr style=\"height: 33px;\">\n<td style=\"width: 58px; height: 33px; text-align: center;\"><span style=\"color: #800000;\">13<br \/>\n<\/span><\/td>\n<td style=\"width: 107px; height: 33px; text-align: center;\">\u00a0Trabajo social<\/td>\n<td style=\"width: 133px; height: 33px; text-align: center;\">Aquitaine<\/td>\n<td style=\"width: 138px; height: 33px; text-align: center;\">\u00a0Arag\u00f3n<\/td>\n<td style=\"width: 246px; height: 33px; text-align: center;\">\u00a0CEMEA<\/td>\n<td style=\"width: 356px; height: 33px; text-align: center;\">\u00a0Ayuntamiento de Zaragoza Cuerpo Municipal Voluntariado por zaragoza\/ Fundacion Ramon Rey Ardid\/ Asde Scouts de Aragon\/ ATECEA Asociacion de traumatismo craneoencefalico\/ Association de familias y mujeres del medio rural\/ Cedemar\/ Ayuntamiento de Jaca Departamento de juventud\/ Asociacion t\u00e9l\u00e9centro de Ayerbe\/ Comerca del Matarrana\/ Fundacion Kalathos\/ Centro de cultura popular\/ Comarca del jiloca<\/td>\n<td style=\"width: 10px; height: 33px; text-align: center;\">15<\/td>\n<td style=\"width: 59px; height: 33px; text-align: center;\">2013<\/td>\n<\/tr>\n<tr style=\"height: 33px;\">\n<td style=\"width: 58px; height: 33px; text-align: center;\"><span style=\"color: #800000;\">\u00a014<\/span><\/td>\n<td style=\"width: 107px; height: 33px; text-align: center;\">Asistente gesti\u00f3n PME<\/td>\n<td style=\"width: 133px; height: 33px; text-align: center;\">Aquitaine<\/td>\n<td style=\"width: 138px; height: 33px; text-align: center;\">Euskadi<\/td>\n<td style=\"width: 246px; height: 33px; text-align: center;\">\u00a0LGT de Borda de Dax<\/td>\n<td style=\"width: 356px; height: 33px; text-align: center;\">Asiator\/ Gurelan\/ Bronymec\/ Desarrollo y Gestion Erosal<\/td>\n<td style=\"width: 10px; height: 33px; text-align: center;\">4<\/td>\n<td style=\"width: 59px; height: 33px; text-align: center;\">2013<\/td>\n<\/tr>\n<tr style=\"height: 33px;\">\n<td style=\"width: 58px; height: 33px; text-align: center;\"><span style=\"color: #800000;\">\u00a015<\/span><\/td>\n<td style=\"width: 107px; height: 33px; text-align: center;\">\u00a0Peluquer\u00eda<\/td>\n<td style=\"width: 133px; height: 33px; text-align: center;\">Arag\u00f3n<\/td>\n<td style=\"width: 138px; height: 33px; text-align: center;\">\u00a0Midi-Pyrin\u00e9es<\/td>\n<td style=\"width: 246px; height: 33px; text-align: center;\">IES Santiago Hern\u00e1ndez<\/td>\n<td style=\"width: 356px; height: 33px; text-align: center;\">Lyc\u00e9e\u00a0 Roland Garros de\u00a0 Toulouse<\/td>\n<td style=\"width: 10px; height: 33px; text-align: center;\">\u00a02<\/td>\n<td style=\"width: 59px; height: 33px; text-align: center;\">2013<\/td>\n<\/tr>\n<tr style=\"height: 33px;\">\n<td style=\"width: 58px; height: 33px; text-align: center;\"><span style=\"color: #800000;\">16<\/span><\/td>\n<td style=\"width: 107px; height: 33px; text-align: center;\">\u00a0Automoci\u00f3n<\/td>\n<td style=\"width: 133px; height: 33px; text-align: center;\">\u00a0Arag\u00f3n<\/td>\n<td style=\"width: 138px; height: 33px; text-align: center;\">Aquitaine<\/td>\n<td style=\"width: 246px; height: 33px; text-align: center;\">IES Tubalca\u00edn<\/td>\n<td style=\"width: 356px; height: 33px; text-align: center;\">\u00a0Lyc\u00e9e Professionnel Moli\u00e8re Orthez<\/td>\n<td style=\"width: 10px; height: 33px; text-align: center;\">\u00a03<\/td>\n<td style=\"width: 59px; height: 33px; text-align: center;\">\u00a02013<\/td>\n<\/tr>\n<tr style=\"height: 33px;\">\n<td style=\"width: 58px; height: 33px; text-align: center;\"><span style=\"color: #800000;\">17<\/span><\/td>\n<td style=\"width: 107px; height: 33px; text-align: center;\">Comercio internacional<\/td>\n<td style=\"width: 133px; height: 33px; text-align: center;\">\u00a0Arag\u00f3n<\/td>\n<td style=\"width: 138px; height: 33px; text-align: center;\">Aquitaine<\/td>\n<td style=\"width: 246px; height: 33px; text-align: center;\">\u00a0CPIFP Bajo Arag\u00f3n (Alca\u00f1iz)<\/td>\n<td style=\"width: 356px; height: 33px; text-align: center;\">Universit\u00e9 des M\u00e9tiers de Bayonne<\/td>\n<td style=\"width: 10px; height: 33px; text-align: center;\">\u00a03<\/td>\n<td style=\"width: 59px; height: 33px; text-align: center;\">\u00a02013<\/td>\n<\/tr>\n<tr style=\"height: 33px;\">\n<td style=\"width: 58px; height: 33px; text-align: center;\"><span style=\"color: #800000;\">18<\/span><\/td>\n<td style=\"width: 107px; height: 33px; text-align: center;\">Automoci\u00f3n<\/td>\n<td style=\"width: 133px; height: 33px; text-align: center;\">\u00a0Arag\u00f3n<\/td>\n<td style=\"width: 138px; height: 33px; text-align: center;\">Aquitaine<\/td>\n<td style=\"width: 246px; height: 33px; text-align: center;\">\u00a0IES Sierra de Guara<\/td>\n<td style=\"width: 356px; height: 33px; text-align: center;\">Lyc\u00e9e Professionnel Andr\u00e9 Campa, Juran\u00e7on<\/td>\n<td style=\"width: 10px; height: 33px; text-align: center;\">\u00a04<\/td>\n<td style=\"width: 59px; height: 33px; text-align: center;\">2013<\/td>\n<\/tr>\n<tr style=\"height: 33px;\">\n<td style=\"width: 58px; height: 33px; text-align: center;\"><span style=\"color: #800000;\">19<\/span><\/td>\n<td style=\"width: 107px; height: 33px; text-align: center;\">Administraci\u00f3n<\/td>\n<td style=\"width: 133px; height: 33px; text-align: center;\">Arag\u00f3n<\/td>\n<td style=\"width: 138px; height: 33px; text-align: center;\">Midi-Pyrin\u00e9es<\/td>\n<td style=\"width: 246px; height: 33px; text-align: center;\">\u00a0IES Andal\u00e1n<\/td>\n<td style=\"width: 356px; height: 33px; text-align: center;\">Lyc\u00e9e\u00a0 Roland Garros de Toulouse<\/td>\n<td style=\"width: 10px; height: 33px; text-align: center;\">\u00a01<\/td>\n<td style=\"width: 59px; height: 33px; text-align: center;\">2013<\/td>\n<\/tr>\n<tr style=\"height: 33px;\">\n<td style=\"width: 58px; height: 33px; text-align: center;\"><span style=\"color: #800000;\">20<\/span><\/td>\n<td style=\"width: 107px; height: 33px; text-align: center;\">Deportes<\/td>\n<td style=\"width: 133px; height: 33px; text-align: center;\">Arag\u00f3n<\/td>\n<td style=\"width: 138px; height: 33px; text-align: center;\">Aquitaine<\/td>\n<td style=\"width: 246px; height: 33px; text-align: center;\">CPIFP Pir\u00e1mide<\/td>\n<td style=\"width: 356px; height: 33px; text-align: center;\">\u00a0Institut de Formation INFA Aquitaine Pau<\/td>\n<td style=\"width: 10px; height: 33px; text-align: center;\">\u00a05<\/td>\n<td style=\"width: 59px; height: 33px; text-align: center;\">2013<\/td>\n<\/tr>\n<\/tbody>\n<\/table>\n<table style=\"width: 368px;\">\n<tbody>\n<tr style=\"height: 76px;\">\n<td style=\"width: 70px; height: 76px;\"><a href=\"http:\/\/projectes.xtec.cat\/pyirenefp\/wp-content\/uploads\/usu498\/2017\/04\/Movilidad_estudiantes_FINAL.pdf\"><img loading=\"lazy\" decoding=\"async\" class=\"alignnone wp-image-8497 aligncenter\" src=\"http:\/\/projectes.xtec.cat\/pyirenefp\/wp-content\/uploads\/usu498\/2017\/03\/pdf_download.png\" alt=\"pdf_download\" width=\"71\" height=\"64\" \/><\/a><\/td>\n<td style=\"width: 29px; height: 76px;\"><a href=\"http:\/\/projectes.xtec.cat\/pyirenefp\/wp-content\/uploads\/usu498\/2017\/04\/Movilidad_estudiantes_FINAL.pdf\">Listado final movilidad_alumnos<\/a><\/td>\n<\/tr>\n<\/tbody>\n<\/table>\n<p>&nbsp;<\/p>\n","protected":false},"excerpt":{"rendered":"<p>Objetivos<\/p>\n<ul>\n<li>Fomentar la movilidad para ofrecer a los p\u00fablicos objetivo una dimensi\u00f3n europea de la formaci\u00f3n<\/li>\n<li>Promover los intercambios de j\u00f3venes de formaci\u00f3n profesional inicial y, eventualmente, de personas en FP en pr\u00e1cticas<\/li>\n<li>Favorecer el reconocimiento de las competencias adquiridas durante la movilidad (Europass)<\/li>\n<li>Adquirir competencias profesionales ligadas a&hellip;  <a href=\"https:\/\/projectes.xtec.cat\/pyirenefp\/piremobv\/movilidad-transfronteriza-de-los-aprendices\/\" title=\"Read Movilidad transfronteriza de los aprendices\">Llegeix m\u00e9s\u00bb<\/a><br \/>\n","protected":false},"author":1,"featured_media":0,"parent":8226,"menu_order":20,"comment_status":"closed","ping_status":"closed","template":"","meta":{"_bbp_topic_count":0,"_bbp_reply_count":0,"_bbp_total_topic_count":0,"_bbp_total_reply_count":0,"_bbp_voice_count":0,"_bbp_anonymous_reply_count":0,"_bbp_topic_count_hidden":0,"_bbp_reply_count_hidden":0,"_bbp_forum_subforum_count":0,"footnotes":""},"class_list":["post-8231","page","type-page","status-publish","hentry"],"post_mailing_queue_ids":[],"_links":{"self":[{"href":"https:\/\/projectes.xtec.cat\/pyirenefp\/wp-json\/wp\/v2\/pages\/8231","targetHints":{"allow":["GET"]}}],"collection":[{"href":"https:\/\/projectes.xtec.cat\/pyirenefp\/wp-json\/wp\/v2\/pages"}],"about":[{"href":"https:\/\/projectes.xtec.cat\/pyirenefp\/wp-json\/wp\/v2\/types\/page"}],"author":[{"embeddable":true,"href":"https:\/\/projectes.xtec.cat\/pyirenefp\/wp-json\/wp\/v2\/users\/1"}],"replies":[{"embeddable":true,"href":"https:\/\/projectes.xtec.cat\/pyirenefp\/wp-json\/wp\/v2\/comments?post=8231"}],"version-history":[{"count":3,"href":"https:\/\/projectes.xtec.cat\/pyirenefp\/wp-json\/wp\/v2\/pages\/8231\/revisions"}],"predecessor-version":[{"id":8536,"href":"https:\/\/projectes.xtec.cat\/pyirenefp\/wp-json\/wp\/v2\/pages\/8231\/revisions\/8536"}],"up":[{"embeddable":true,"href":"https:\/\/projectes.xtec.cat\/pyirenefp\/wp-json\/wp\/v2\/pages\/8226"}],"wp:attachment":[{"href":"https:\/\/projectes.xtec.cat\/pyirenefp\/wp-json\/wp\/v2\/media?parent=8231"}],"curies":[{"name":"wp","href":"https:\/\/api.w.org\/{rel}","templated":true}]}}