{"id":8509,"date":"2017-04-22T21:23:58","date_gmt":"2017-04-22T19:23:58","guid":{"rendered":"http:\/\/projectes.xtec.cat\/pyirenefp\/?page_id=8509"},"modified":"2018-10-23T11:09:15","modified_gmt":"2018-10-23T09:09:15","slug":"agenda-de-actividades","status":"publish","type":"page","link":"https:\/\/projectes.xtec.cat\/pyirenefp\/actualidad\/agenda-de-actividades\/","title":{"rendered":"Agenda de actividades"},"content":{"rendered":"<p><span style=\"color: #ff6600;\"><strong>1r d\u00eda transfronterizo entre los organismos de formaci\u00f3n de auxiliar de enfermer\u00eda<a href=\"https:\/\/projectes.xtec.cat\/pyirenefp\/wp-content\/uploads\/usu498\/2018\/10\/IMG_1393.jpg\"><img loading=\"lazy\" decoding=\"async\" class=\"wp-image-10728 alignright\" src=\"https:\/\/projectes.xtec.cat\/pyirenefp\/wp-content\/uploads\/usu498\/2018\/10\/IMG_1393-1024x768.jpg\" alt=\"\" width=\"222\" height=\"167\" srcset=\"https:\/\/projectes.xtec.cat\/pyirenefp\/wp-content\/uploads\/usu498\/2018\/10\/IMG_1393-1024x768.jpg 1024w, https:\/\/projectes.xtec.cat\/pyirenefp\/wp-content\/uploads\/usu498\/2018\/10\/IMG_1393-300x225.jpg 300w, https:\/\/projectes.xtec.cat\/pyirenefp\/wp-content\/uploads\/usu498\/2018\/10\/IMG_1393-768x576.jpg 768w, https:\/\/projectes.xtec.cat\/pyirenefp\/wp-content\/uploads\/usu498\/2018\/10\/IMG_1393-200x150.jpg 200w\" sizes=\"auto, (max-width: 222px) 100vw, 222px\" \/><\/a><\/strong><\/span><\/p>\n<p>Fecha\u00a0: 23\/10\/2018<\/p>\n<p>Lugar: Cambo-les-Bains<\/p>\n<p>&nbsp;<\/p>\n<hr \/>\n<p><strong><span style=\"color: #ff6600;\">Formaci\u00f3n regional orientaci\u00f3n transfronteriza \u2013 Nueva-Aquitania\u00a0\u00a0<\/span><\/strong> <a href=\"https:\/\/projectes.xtec.cat\/pyirenefp\/wp-content\/uploads\/usu498\/2018\/10\/Formation-orientation-26.09.jpeg\"><img loading=\"lazy\" decoding=\"async\" class=\"wp-image-10712 alignright\" src=\"https:\/\/projectes.xtec.cat\/pyirenefp\/wp-content\/uploads\/usu498\/2018\/10\/Formation-orientation-26.09-1024x768.jpeg\" alt=\"\" width=\"214\" height=\"161\" srcset=\"https:\/\/projectes.xtec.cat\/pyirenefp\/wp-content\/uploads\/usu498\/2018\/10\/Formation-orientation-26.09-1024x768.jpeg 1024w, https:\/\/projectes.xtec.cat\/pyirenefp\/wp-content\/uploads\/usu498\/2018\/10\/Formation-orientation-26.09-300x225.jpeg 300w, https:\/\/projectes.xtec.cat\/pyirenefp\/wp-content\/uploads\/usu498\/2018\/10\/Formation-orientation-26.09-768x576.jpeg 768w, https:\/\/projectes.xtec.cat\/pyirenefp\/wp-content\/uploads\/usu498\/2018\/10\/Formation-orientation-26.09-200x150.jpeg 200w, https:\/\/projectes.xtec.cat\/pyirenefp\/wp-content\/uploads\/usu498\/2018\/10\/Formation-orientation-26.09.jpeg 2048w\" sizes=\"auto, (max-width: 214px) 100vw, 214px\" \/><\/a><\/p>\n<p>Fecha : 26\/09\/2018<\/p>\n<p>Lugar: Mourenx<\/p>\n<hr \/>\n<p><strong><span style=\"color: #ff6600;\">Formaci\u00f3n regional movilidad transfronteriza FP &#8211; Catalunya<a href=\"http:\/\/projectes.xtec.cat\/pyirenefp\/wp-content\/uploads\/usu498\/2017\/04\/IMG-20180625-WA0003.jpg\"><img loading=\"lazy\" decoding=\"async\" class=\"alignright wp-image-10427 \" src=\"http:\/\/projectes.xtec.cat\/pyirenefp\/wp-content\/uploads\/usu498\/2017\/04\/IMG-20180625-WA0003-300x225.jpg\" alt=\"\" width=\"215\" height=\"164\" \/><\/a><br \/>\n<\/span><\/strong><\/p>\n<p>Fecha: 25\/06\/2018 y 27\/06\/2018<\/p>\n<p>Lugar: Institut de Vic (Catalunya)<\/p>\n<p>&nbsp;<\/p>\n<hr \/>\n<p><span style=\"color: #ff6600;\"><strong>Formaci\u00f3n regional movilidad transfronteriza \u2013 Nueva-Aquitania <\/strong><\/span><a href=\"https:\/\/projectes.xtec.cat\/pyirenefp\/wp-content\/uploads\/usu498\/2018\/10\/Formation-mobilite\u0301-transf.-17.05.jpg\"><img loading=\"lazy\" decoding=\"async\" class=\"wp-image-10704 alignright\" src=\"https:\/\/projectes.xtec.cat\/pyirenefp\/wp-content\/uploads\/usu498\/2018\/10\/Formation-mobilite\u0301-transf.-17.05-1024x768.jpg\" alt=\"\" width=\"215\" height=\"161\" srcset=\"https:\/\/projectes.xtec.cat\/pyirenefp\/wp-content\/uploads\/usu498\/2018\/10\/Formation-mobilite\u0301-transf.-17.05-1024x768.jpg 1024w, https:\/\/projectes.xtec.cat\/pyirenefp\/wp-content\/uploads\/usu498\/2018\/10\/Formation-mobilite\u0301-transf.-17.05-300x225.jpg 300w, https:\/\/projectes.xtec.cat\/pyirenefp\/wp-content\/uploads\/usu498\/2018\/10\/Formation-mobilite\u0301-transf.-17.05-768x576.jpg 768w, https:\/\/projectes.xtec.cat\/pyirenefp\/wp-content\/uploads\/usu498\/2018\/10\/Formation-mobilite\u0301-transf.-17.05-200x150.jpg 200w, https:\/\/projectes.xtec.cat\/pyirenefp\/wp-content\/uploads\/usu498\/2018\/10\/Formation-mobilite\u0301-transf.-17.05.jpg 1417w\" sizes=\"auto, (max-width: 215px) 100vw, 215px\" \/><\/a><\/p>\n<p>Fecha : 17\/05\/2018<\/p>\n<p>Lugar: Baiona<\/p>\n<p>&nbsp;<\/p>\n<hr \/>\n<p><strong><span style=\"color: #ff6600;\">Formaci\u00f3n regional orientaci\u00f3n transfronteriza FP &#8211; Catalunya<a href=\"http:\/\/projectes.xtec.cat\/pyirenefp\/wp-content\/uploads\/usu498\/2017\/04\/20180607_104326_web.jpg\"><img loading=\"lazy\" decoding=\"async\" class=\"wp-image-10264 alignright\" src=\"http:\/\/projectes.xtec.cat\/pyirenefp\/wp-content\/uploads\/usu498\/2017\/04\/20180607_104326_web-300x225.jpg\" alt=\"\" width=\"215\" height=\"157\" \/><\/a><br \/>\n<\/span><\/strong><\/p>\n<p>Fecha: 7\/05\/2018 y 7\/06\/2018<\/p>\n<p>Lugar: Institut de Vic (Catalunya)<\/p>\n<p>&nbsp;<\/p>\n<hr \/>\n<p><strong><span style=\"color: #ff6600;\">Comit\u00e9 de pilotaje del proyecto PyireneFP &#8211; Regi\u00f3n Nouvelle-Aquitaine<a href=\"http:\/\/projectes.xtec.cat\/pyirenefp\/wp-content\/uploads\/usu498\/2018\/04\/Hendaya.jpg\"><img loading=\"lazy\" decoding=\"async\" class=\"wp-image-9637 alignright\" src=\"http:\/\/projectes.xtec.cat\/pyirenefp\/wp-content\/uploads\/usu498\/2018\/04\/Hendaya-300x225.jpg\" alt=\"\" width=\"212\" height=\"148\" \/><\/a><br \/>\n<\/span><\/strong><\/p>\n<p>Fecha: 25\/04\/2018 y 26\/04\/2018<\/p>\n<p>Lugar: Hendaya<\/p>\n<hr \/>\n<p><strong><a href=\"http:\/\/projectes.xtec.cat\/pyirenefp\/wp-content\/uploads\/usu498\/2018\/03\/HosteleriaBCN_150320182_WEB.jpg\"><img loading=\"lazy\" decoding=\"async\" class=\"wp-image-9588 alignright\" src=\"http:\/\/projectes.xtec.cat\/pyirenefp\/wp-content\/uploads\/usu498\/2018\/03\/HosteleriaBCN_150320182_WEB-1024x556.jpg\" alt=\"\" width=\"217\" height=\"118\" srcset=\"https:\/\/projectes.xtec.cat\/pyirenefp\/wp-content\/uploads\/usu498\/2018\/03\/HosteleriaBCN_150320182_WEB-1024x556.jpg 1024w, https:\/\/projectes.xtec.cat\/pyirenefp\/wp-content\/uploads\/usu498\/2018\/03\/HosteleriaBCN_150320182_WEB-300x163.jpg 300w, https:\/\/projectes.xtec.cat\/pyirenefp\/wp-content\/uploads\/usu498\/2018\/03\/HosteleriaBCN_150320182_WEB-768x417.jpg 768w, https:\/\/projectes.xtec.cat\/pyirenefp\/wp-content\/uploads\/usu498\/2018\/03\/HosteleriaBCN_150320182_WEB.jpg 1530w\" sizes=\"auto, (max-width: 217px) 100vw, 217px\" \/><\/a><span style=\"color: #ff6600;\">Jornada de Movilidad Transfronteriza en Gastronom\u00eda<br \/>\n<\/span><\/strong><\/p>\n<p>Fecha: 15\/03\/2018<\/p>\n<p>Lugar: Barcelona<\/p>\n<hr \/>\n<p><strong><span style=\"color: #ff6600;\">Formaci\u00f3n de Formadores de Movilidad de la Formaci\u00f3n Profesional \u2013 Occitanie<\/span><span style=\"color: #ff6600;\"><a href=\"http:\/\/projectes.xtec.cat\/pyirenefp\/wp-content\/uploads\/usu498\/2018\/02\/Fdf_Mobilidad.jpg\"><img loading=\"lazy\" decoding=\"async\" class=\"wp-image-9220 alignright\" src=\"http:\/\/projectes.xtec.cat\/pyirenefp\/wp-content\/uploads\/usu498\/2018\/02\/Fdf_Mobilidad.jpg\" alt=\"\" width=\"214\" height=\"107\" srcset=\"https:\/\/projectes.xtec.cat\/pyirenefp\/wp-content\/uploads\/usu498\/2018\/02\/Fdf_Mobilidad.jpg 1000w, https:\/\/projectes.xtec.cat\/pyirenefp\/wp-content\/uploads\/usu498\/2018\/02\/Fdf_Mobilidad-300x150.jpg 300w, https:\/\/projectes.xtec.cat\/pyirenefp\/wp-content\/uploads\/usu498\/2018\/02\/Fdf_Mobilidad-768x384.jpg 768w\" sizes=\"auto, (max-width: 214px) 100vw, 214px\" \/><\/a><\/span><\/strong><\/p>\n<p>Fecha: 12\/02\/2018 y 13\/02\/2018<\/p>\n<p>Lugar: Toulouse<\/p>\n<hr \/>\n<p><strong><a href=\"http:\/\/projectes.xtec.cat\/pyirenefp\/wp-content\/uploads\/usu498\/2018\/02\/Euskadi_Foto-grup-formaci\u00f3-.jpg\"><img loading=\"lazy\" decoding=\"async\" class=\"wp-image-9219 alignright\" src=\"http:\/\/projectes.xtec.cat\/pyirenefp\/wp-content\/uploads\/usu498\/2018\/02\/Euskadi_Foto-grup-formaci\u00f3-.jpg\" alt=\"\" width=\"212\" height=\"126\" srcset=\"https:\/\/projectes.xtec.cat\/pyirenefp\/wp-content\/uploads\/usu498\/2018\/02\/Euskadi_Foto-grup-formaci\u00f3-.jpg 992w, https:\/\/projectes.xtec.cat\/pyirenefp\/wp-content\/uploads\/usu498\/2018\/02\/Euskadi_Foto-grup-formaci\u00f3--300x178.jpg 300w, https:\/\/projectes.xtec.cat\/pyirenefp\/wp-content\/uploads\/usu498\/2018\/02\/Euskadi_Foto-grup-formaci\u00f3--768x457.jpg 768w\" sizes=\"auto, (max-width: 212px) 100vw, 212px\" \/><\/a><span style=\"color: #ff6600;\">Formaci\u00f3n de Formadores de Orientaci\u00f3n de la Formaci\u00f3n Profesional \u2013 Euskadi<\/span><\/strong><\/p>\n<p>Fecha: 22\/01\/2018 y 23\/01\/2018<\/p>\n<p>Lugar: San Sebasti\u00e1n<\/p>\n<hr \/>\n<p><a href=\"http:\/\/projectes.xtec.cat\/pyirenefp\/wp-content\/uploads\/usu498\/2018\/01\/IMG_20180109_113328_bis.jpg\"><img loading=\"lazy\" decoding=\"async\" class=\"wp-image-9016 alignright\" src=\"http:\/\/projectes.xtec.cat\/pyirenefp\/wp-content\/uploads\/usu498\/2018\/01\/IMG_20180109_113328_bis-1024x768.jpg\" alt=\"\" width=\"212\" height=\"159\" srcset=\"https:\/\/projectes.xtec.cat\/pyirenefp\/wp-content\/uploads\/usu498\/2018\/01\/IMG_20180109_113328_bis-1024x768.jpg 1024w, https:\/\/projectes.xtec.cat\/pyirenefp\/wp-content\/uploads\/usu498\/2018\/01\/IMG_20180109_113328_bis-300x225.jpg 300w, https:\/\/projectes.xtec.cat\/pyirenefp\/wp-content\/uploads\/usu498\/2018\/01\/IMG_20180109_113328_bis-768x576.jpg 768w, https:\/\/projectes.xtec.cat\/pyirenefp\/wp-content\/uploads\/usu498\/2018\/01\/IMG_20180109_113328_bis-200x150.jpg 200w\" sizes=\"auto, (max-width: 212px) 100vw, 212px\" \/><\/a><strong><span style=\"color: #ff6600;\">Reuni\u00f3n de trabajo de la formaci\u00f3n de formadores \u2013 Catalunya<\/span><\/strong><\/p>\n<p>Fecha: 09\/01\/2018<\/p>\n<p>Lugar: Departament d&#8217;Ensenyament &#8211; Barcelona<\/p>\n<hr \/>\n<p><span style=\"color: #ff6600;\"><strong>Comit\u00e9 de pilotaje del proyecto PyireneFP &#8211; Navarra\u00a0\u00a0 <a href=\"http:\/\/projectes.xtec.cat\/pyirenefp\/wp-content\/uploads\/usu498\/2017\/04\/Reuni\u00f3n-Pamplona.jpg\"><img loading=\"lazy\" decoding=\"async\" class=\"wp-image-9009 alignright\" src=\"http:\/\/projectes.xtec.cat\/pyirenefp\/wp-content\/uploads\/usu498\/2017\/04\/Reuni\u00f3n-Pamplona-1024x768.jpg\" alt=\"\" width=\"207\" height=\"155\" srcset=\"https:\/\/projectes.xtec.cat\/pyirenefp\/wp-content\/uploads\/usu498\/2017\/04\/Reuni\u00f3n-Pamplona-1024x768.jpg 1024w, https:\/\/projectes.xtec.cat\/pyirenefp\/wp-content\/uploads\/usu498\/2017\/04\/Reuni\u00f3n-Pamplona-300x225.jpg 300w, https:\/\/projectes.xtec.cat\/pyirenefp\/wp-content\/uploads\/usu498\/2017\/04\/Reuni\u00f3n-Pamplona-768x576.jpg 768w, https:\/\/projectes.xtec.cat\/pyirenefp\/wp-content\/uploads\/usu498\/2017\/04\/Reuni\u00f3n-Pamplona-200x150.jpg 200w, https:\/\/projectes.xtec.cat\/pyirenefp\/wp-content\/uploads\/usu498\/2017\/04\/Reuni\u00f3n-Pamplona.jpg 1600w\" sizes=\"auto, (max-width: 207px) 100vw, 207px\" \/><\/a> <\/strong><\/span><\/p>\n<p>Fecha: 19\/10\/2017 y 20\/10\/2017<\/p>\n<p>Lugar: Departamento de Educaci\u00f3n \u2013 Pamplona<\/p>\n<hr \/>\n<p><strong><span style=\"color: #ff6600;\">Jornada de presentaci\u00f3n regional\u00a0proyecto PyireneFP \u2013\u00a0Navarra<a href=\"http:\/\/projectes.xtec.cat\/pyirenefp\/wp-content\/uploads\/usu498\/2017\/04\/02-1.jpg\"><img loading=\"lazy\" decoding=\"async\" class=\"wp-image-8605 alignright\" src=\"http:\/\/projectes.xtec.cat\/pyirenefp\/wp-content\/uploads\/usu498\/2017\/04\/02-1-300x169.jpg\" alt=\"02-1\" width=\"206\" height=\"116\" srcset=\"https:\/\/projectes.xtec.cat\/pyirenefp\/wp-content\/uploads\/usu498\/2017\/04\/02-1-300x169.jpg 300w, https:\/\/projectes.xtec.cat\/pyirenefp\/wp-content\/uploads\/usu498\/2017\/04\/02-1-768x432.jpg 768w, https:\/\/projectes.xtec.cat\/pyirenefp\/wp-content\/uploads\/usu498\/2017\/04\/02-1-1024x576.jpg 1024w\" sizes=\"auto, (max-width: 206px) 100vw, 206px\" \/><\/a><br \/>\n<\/span><\/strong><\/p>\n<p>Fecha:\u00a001\/06\/2017<\/p>\n<p>Lugar:\u00a0Pamplona<\/p>\n<p>&nbsp;<\/p>\n<hr \/>\n<p><strong><span style=\"color: #ff6600;\">Jornada presentaci\u00f3n regional proyecto PyireneFP &#8211; Nueva-Aquitania<\/span><\/strong><a href=\"https:\/\/projectes.xtec.cat\/pyirenefp\/wp-content\/uploads\/usu498\/2018\/10\/Journe\u0301e-de-lancement-NA-12.05.2017.jpg\"><img loading=\"lazy\" decoding=\"async\" class=\"wp-image-10668 alignright\" src=\"https:\/\/projectes.xtec.cat\/pyirenefp\/wp-content\/uploads\/usu498\/2018\/10\/Journe\u0301e-de-lancement-NA-12.05.2017-1024x768.jpg\" alt=\"\" width=\"202\" height=\"151\" srcset=\"https:\/\/projectes.xtec.cat\/pyirenefp\/wp-content\/uploads\/usu498\/2018\/10\/Journe\u0301e-de-lancement-NA-12.05.2017-1024x768.jpg 1024w, https:\/\/projectes.xtec.cat\/pyirenefp\/wp-content\/uploads\/usu498\/2018\/10\/Journe\u0301e-de-lancement-NA-12.05.2017-300x225.jpg 300w, https:\/\/projectes.xtec.cat\/pyirenefp\/wp-content\/uploads\/usu498\/2018\/10\/Journe\u0301e-de-lancement-NA-12.05.2017-768x576.jpg 768w, https:\/\/projectes.xtec.cat\/pyirenefp\/wp-content\/uploads\/usu498\/2018\/10\/Journe\u0301e-de-lancement-NA-12.05.2017-200x150.jpg 200w, https:\/\/projectes.xtec.cat\/pyirenefp\/wp-content\/uploads\/usu498\/2018\/10\/Journe\u0301e-de-lancement-NA-12.05.2017.jpg 1600w\" sizes=\"auto, (max-width: 202px) 100vw, 202px\" \/><\/a><\/p>\n<p>Fecha: 12\/05\/2017<\/p>\n<p>Lugar: Bayonne<\/p>\n<p>&nbsp;<\/p>\n<hr \/>\n<p><strong><span style=\"color: #ff6600;\">Comit\u00e9 de pilotaje del proyecto PyireneFP \u2013 Arag\u00f3n<\/span><a href=\"http:\/\/projectes.xtec.cat\/pyirenefp\/wp-content\/uploads\/usu498\/2017\/04\/C-Q_kWTWAAEVVzT.jpg\"><img loading=\"lazy\" decoding=\"async\" class=\" wp-image-8570 alignright\" src=\"http:\/\/projectes.xtec.cat\/pyirenefp\/wp-content\/uploads\/usu498\/2017\/04\/C-Q_kWTWAAEVVzT-300x169.jpg\" alt=\"C-Q_kWTWAAEVVzT\" width=\"206\" height=\"116\" srcset=\"https:\/\/projectes.xtec.cat\/pyirenefp\/wp-content\/uploads\/usu498\/2017\/04\/C-Q_kWTWAAEVVzT-300x169.jpg 300w, https:\/\/projectes.xtec.cat\/pyirenefp\/wp-content\/uploads\/usu498\/2017\/04\/C-Q_kWTWAAEVVzT-768x432.jpg 768w, https:\/\/projectes.xtec.cat\/pyirenefp\/wp-content\/uploads\/usu498\/2017\/04\/C-Q_kWTWAAEVVzT-1024x576.jpg 1024w, https:\/\/projectes.xtec.cat\/pyirenefp\/wp-content\/uploads\/usu498\/2017\/04\/C-Q_kWTWAAEVVzT.jpg 1200w\" sizes=\"auto, (max-width: 206px) 100vw, 206px\" \/><\/a><\/strong><\/p>\n<p>Fecha: 25\/04\/2017<\/p>\n<p>Lugar: Zaragoza<\/p>\n<hr \/>\n<p><span style=\"color: #ff6600;\"><strong>Jornada presentaci\u00f3n regional proyecto PyireneFP &#8211; Euskadi<\/strong><\/span><\/p>\n<p>Fecha: 17\/03\/2017<strong><a href=\"http:\/\/projectes.xtec.cat\/pyirenefp\/wp-content\/uploads\/usu498\/2017\/04\/interreg-POCTEFA-PyireneFP-PANTONE.jpg\"><img loading=\"lazy\" decoding=\"async\" class=\"wp-image-9010 alignright\" src=\"http:\/\/projectes.xtec.cat\/pyirenefp\/wp-content\/uploads\/usu498\/2017\/04\/interreg-POCTEFA-PyireneFP-PANTONE-1024x459.jpg\" alt=\"\" width=\"232\" height=\"104\" srcset=\"https:\/\/projectes.xtec.cat\/pyirenefp\/wp-content\/uploads\/usu498\/2017\/04\/interreg-POCTEFA-PyireneFP-PANTONE-1024x459.jpg 1024w, https:\/\/projectes.xtec.cat\/pyirenefp\/wp-content\/uploads\/usu498\/2017\/04\/interreg-POCTEFA-PyireneFP-PANTONE-300x135.jpg 300w, https:\/\/projectes.xtec.cat\/pyirenefp\/wp-content\/uploads\/usu498\/2017\/04\/interreg-POCTEFA-PyireneFP-PANTONE-768x345.jpg 768w, https:\/\/projectes.xtec.cat\/pyirenefp\/wp-content\/uploads\/usu498\/2017\/04\/interreg-POCTEFA-PyireneFP-PANTONE.jpg 1843w\" sizes=\"auto, (max-width: 232px) 100vw, 232px\" \/><\/a><\/strong><\/p>\n<p>Lugar: Errenteria (Guipuzkoa)<\/p>\n<hr \/>\n<p><span style=\"color: #ff6600;\"><strong>Jornada presentaci\u00f3n regional proyecto PyireneFP &#8211; Arag\u00f3n<\/strong><\/span><\/p>\n<p>Fecha: 10\/01\/2017<strong><a href=\"http:\/\/projectes.xtec.cat\/pyirenefp\/wp-content\/uploads\/usu498\/2017\/04\/interreg-POCTEFA-PyireneFP-PANTONE.jpg\"><img loading=\"lazy\" decoding=\"async\" class=\"wp-image-9010 alignright\" src=\"http:\/\/projectes.xtec.cat\/pyirenefp\/wp-content\/uploads\/usu498\/2017\/04\/interreg-POCTEFA-PyireneFP-PANTONE-1024x459.jpg\" alt=\"\" width=\"214\" height=\"96\" srcset=\"https:\/\/projectes.xtec.cat\/pyirenefp\/wp-content\/uploads\/usu498\/2017\/04\/interreg-POCTEFA-PyireneFP-PANTONE-1024x459.jpg 1024w, https:\/\/projectes.xtec.cat\/pyirenefp\/wp-content\/uploads\/usu498\/2017\/04\/interreg-POCTEFA-PyireneFP-PANTONE-300x135.jpg 300w, https:\/\/projectes.xtec.cat\/pyirenefp\/wp-content\/uploads\/usu498\/2017\/04\/interreg-POCTEFA-PyireneFP-PANTONE-768x345.jpg 768w, https:\/\/projectes.xtec.cat\/pyirenefp\/wp-content\/uploads\/usu498\/2017\/04\/interreg-POCTEFA-PyireneFP-PANTONE.jpg 1843w\" sizes=\"auto, (max-width: 214px) 100vw, 214px\" \/><\/a><\/strong><\/p>\n<p>Lugar: Huesca<\/p>\n<hr \/>\n<p><span style=\"color: #ff6600;\"><strong>Jornada presentaci\u00f3n territorial Catalunya Proyecto PyireneFP<a href=\"http:\/\/projectes.xtec.cat\/pyirenefp\/wp-content\/uploads\/usu498\/2017\/04\/01-presentacio-CAT-20-des.jpg\"><img loading=\"lazy\" decoding=\"async\" class=\" wp-image-8589 alignright\" src=\"http:\/\/projectes.xtec.cat\/pyirenefp\/wp-content\/uploads\/usu498\/2017\/04\/01-presentacio-CAT-20-des-300x225.jpg\" alt=\"01 presentacio CAT 20 des\" width=\"208\" height=\"156\" srcset=\"https:\/\/projectes.xtec.cat\/pyirenefp\/wp-content\/uploads\/usu498\/2017\/04\/01-presentacio-CAT-20-des-300x225.jpg 300w, https:\/\/projectes.xtec.cat\/pyirenefp\/wp-content\/uploads\/usu498\/2017\/04\/01-presentacio-CAT-20-des-768x576.jpg 768w, https:\/\/projectes.xtec.cat\/pyirenefp\/wp-content\/uploads\/usu498\/2017\/04\/01-presentacio-CAT-20-des-1024x768.jpg 1024w, https:\/\/projectes.xtec.cat\/pyirenefp\/wp-content\/uploads\/usu498\/2017\/04\/01-presentacio-CAT-20-des-200x150.jpg 200w, https:\/\/projectes.xtec.cat\/pyirenefp\/wp-content\/uploads\/usu498\/2017\/04\/01-presentacio-CAT-20-des.jpg 1632w\" sizes=\"auto, (max-width: 208px) 100vw, 208px\" \/><\/a> <\/strong><\/span><\/p>\n<p>Fecha: 20\/12\/2016<\/p>\n<p>Lugar: Institut Cal\u00b7lipolis \u2013 Tarragona<\/p>\n<p>&nbsp;<\/p>\n<hr \/>\n<p><span style=\"color: #ff6600;\"><strong>Presentaci\u00f3n territorial Catalunya proyecto PyireneFP <\/strong><\/span><\/p>\n<p>Fecha: 19\/12\/2016<strong><a href=\"http:\/\/projectes.xtec.cat\/pyirenefp\/wp-content\/uploads\/usu498\/2017\/04\/interreg-POCTEFA-PyireneFP-PANTONE.jpg\"><img loading=\"lazy\" decoding=\"async\" class=\"wp-image-9010 alignright\" src=\"http:\/\/projectes.xtec.cat\/pyirenefp\/wp-content\/uploads\/usu498\/2017\/04\/interreg-POCTEFA-PyireneFP-PANTONE-1024x459.jpg\" alt=\"\" width=\"212\" height=\"95\" srcset=\"https:\/\/projectes.xtec.cat\/pyirenefp\/wp-content\/uploads\/usu498\/2017\/04\/interreg-POCTEFA-PyireneFP-PANTONE-1024x459.jpg 1024w, https:\/\/projectes.xtec.cat\/pyirenefp\/wp-content\/uploads\/usu498\/2017\/04\/interreg-POCTEFA-PyireneFP-PANTONE-300x135.jpg 300w, https:\/\/projectes.xtec.cat\/pyirenefp\/wp-content\/uploads\/usu498\/2017\/04\/interreg-POCTEFA-PyireneFP-PANTONE-768x345.jpg 768w, https:\/\/projectes.xtec.cat\/pyirenefp\/wp-content\/uploads\/usu498\/2017\/04\/interreg-POCTEFA-PyireneFP-PANTONE.jpg 1843w\" sizes=\"auto, (max-width: 212px) 100vw, 212px\" \/><\/a><\/strong><\/p>\n<p>Lugar: Serveis Territorials d\u2019Ensenyament a Girona<\/p>\n<hr \/>\n<p><span style=\"color: #ff6600;\"><strong>Presentaci\u00f3n territorial Catalunya \u00a0proyecto PyireneFP<\/strong><\/span><a href=\"http:\/\/projectes.xtec.cat\/pyirenefp\/wp-content\/uploads\/usu498\/2017\/04\/03-presentacio-CAT-13-des.jpg\"><img loading=\"lazy\" decoding=\"async\" class=\" wp-image-8588 alignright\" src=\"http:\/\/projectes.xtec.cat\/pyirenefp\/wp-content\/uploads\/usu498\/2017\/04\/03-presentacio-CAT-13-des-300x225.jpg\" alt=\"03 presentacio CAT 13 des\" width=\"196\" height=\"146\" srcset=\"https:\/\/projectes.xtec.cat\/pyirenefp\/wp-content\/uploads\/usu498\/2017\/04\/03-presentacio-CAT-13-des-300x225.jpg 300w, https:\/\/projectes.xtec.cat\/pyirenefp\/wp-content\/uploads\/usu498\/2017\/04\/03-presentacio-CAT-13-des-768x576.jpg 768w, https:\/\/projectes.xtec.cat\/pyirenefp\/wp-content\/uploads\/usu498\/2017\/04\/03-presentacio-CAT-13-des-1024x768.jpg 1024w, https:\/\/projectes.xtec.cat\/pyirenefp\/wp-content\/uploads\/usu498\/2017\/04\/03-presentacio-CAT-13-des-200x150.jpg 200w, https:\/\/projectes.xtec.cat\/pyirenefp\/wp-content\/uploads\/usu498\/2017\/04\/03-presentacio-CAT-13-des.jpg 1632w\" sizes=\"auto, (max-width: 196px) 100vw, 196px\" \/><\/a><\/p>\n<p>Fecha: 13\/12\/2016<\/p>\n<p>Lugar: Institut Gallecs \u2013 Mollet del Vall\u00e8s<\/p>\n<hr \/>\n<p><span style=\"color: #ff6600;\"><strong>Comit\u00e9 de pilotaje del proyecto PyireneFP \u2013 Regi\u00f3n Occitania<a href=\"http:\/\/projectes.xtec.cat\/pyirenefp\/wp-content\/uploads\/usu498\/2017\/04\/ABIAPUNTUTIK-LEHEN-BILERA.jpg\"><img loading=\"lazy\" decoding=\"async\" class=\" wp-image-8566 alignright\" src=\"http:\/\/projectes.xtec.cat\/pyirenefp\/wp-content\/uploads\/usu498\/2017\/04\/ABIAPUNTUTIK-LEHEN-BILERA-300x169.jpg\" alt=\"ABIAPUNTUTIK , LEHEN BILERA\" width=\"200\" height=\"112\" srcset=\"https:\/\/projectes.xtec.cat\/pyirenefp\/wp-content\/uploads\/usu498\/2017\/04\/ABIAPUNTUTIK-LEHEN-BILERA-300x169.jpg 300w, https:\/\/projectes.xtec.cat\/pyirenefp\/wp-content\/uploads\/usu498\/2017\/04\/ABIAPUNTUTIK-LEHEN-BILERA-768x432.jpg 768w, https:\/\/projectes.xtec.cat\/pyirenefp\/wp-content\/uploads\/usu498\/2017\/04\/ABIAPUNTUTIK-LEHEN-BILERA-1024x576.jpg 1024w, https:\/\/projectes.xtec.cat\/pyirenefp\/wp-content\/uploads\/usu498\/2017\/04\/ABIAPUNTUTIK-LEHEN-BILERA.jpg 2048w\" sizes=\"auto, (max-width: 200px) 100vw, 200px\" \/><\/a><\/strong><\/span><\/p>\n<p>Fecha:\u00a022\/11\/2016<\/p>\n<p>Lugar: Toulouse<\/p>\n<hr \/>\n<p><span style=\"color: #ff6600;\"><strong>Jornada de lanzamiento del proyecto PyireneFP \u2013 Regi\u00f3n Occitania<\/strong><\/span><a href=\"http:\/\/projectes.xtec.cat\/pyirenefp\/wp-content\/uploads\/usu498\/2017\/04\/DSCN5743-v2.jpg\"><img loading=\"lazy\" decoding=\"async\" class=\"alignright wp-image-8584\" src=\"http:\/\/projectes.xtec.cat\/pyirenefp\/wp-content\/uploads\/usu498\/2017\/04\/DSCN5743-v2-300x225.jpg\" alt=\"DSCN5743 v2\" width=\"197\" height=\"148\" srcset=\"https:\/\/projectes.xtec.cat\/pyirenefp\/wp-content\/uploads\/usu498\/2017\/04\/DSCN5743-v2-300x225.jpg 300w, https:\/\/projectes.xtec.cat\/pyirenefp\/wp-content\/uploads\/usu498\/2017\/04\/DSCN5743-v2-768x576.jpg 768w, https:\/\/projectes.xtec.cat\/pyirenefp\/wp-content\/uploads\/usu498\/2017\/04\/DSCN5743-v2-1024x768.jpg 1024w, https:\/\/projectes.xtec.cat\/pyirenefp\/wp-content\/uploads\/usu498\/2017\/04\/DSCN5743-v2-200x150.jpg 200w, https:\/\/projectes.xtec.cat\/pyirenefp\/wp-content\/uploads\/usu498\/2017\/04\/DSCN5743-v2.jpg 1200w\" sizes=\"auto, (max-width: 197px) 100vw, 197px\" \/><\/a><\/p>\n<p>Fecha: 21\/11\/2016 y 22\/11\/2016<\/p>\n<p>Lugar: Toulouse<\/p>\n<p>&nbsp;<\/p>\n<hr \/>\n<p><strong><span style=\"color: #ff6600;\">Preparaci\u00f3n del Proyecto PyireneFP<\/span><a href=\"http:\/\/projectes.xtec.cat\/pyirenefp\/wp-content\/uploads\/usu498\/2017\/04\/IMG_1158.jpg\"><img loading=\"lazy\" decoding=\"async\" class=\"wp-image-8564 alignright\" src=\"http:\/\/projectes.xtec.cat\/pyirenefp\/wp-content\/uploads\/usu498\/2017\/04\/IMG_1158-1024x768.jpg\" alt=\"IMG_1158\" width=\"197\" height=\"148\" srcset=\"https:\/\/projectes.xtec.cat\/pyirenefp\/wp-content\/uploads\/usu498\/2017\/04\/IMG_1158-1024x768.jpg 1024w, https:\/\/projectes.xtec.cat\/pyirenefp\/wp-content\/uploads\/usu498\/2017\/04\/IMG_1158-300x225.jpg 300w, https:\/\/projectes.xtec.cat\/pyirenefp\/wp-content\/uploads\/usu498\/2017\/04\/IMG_1158-768x576.jpg 768w, https:\/\/projectes.xtec.cat\/pyirenefp\/wp-content\/uploads\/usu498\/2017\/04\/IMG_1158-200x150.jpg 200w, https:\/\/projectes.xtec.cat\/pyirenefp\/wp-content\/uploads\/usu498\/2017\/04\/IMG_1158.jpg 2048w\" sizes=\"auto, (max-width: 197px) 100vw, 197px\" \/><\/a><\/strong><\/p>\n<p>Fecha: 05\/10\/2016 y 06\/10\/2016<\/p>\n<p>Lugar: Barcelona<\/p>\n<hr \/>\n<p>&nbsp;<\/p>\n","protected":false},"excerpt":{"rendered":"<p>1r d\u00eda transfronterizo entre los organismos de formaci\u00f3n de auxiliar de enfermer\u00eda<a href=\"https:\/\/projectes.xtec.cat\/pyirenefp\/wp-content\/uploads\/usu498\/2018\/10\/IMG_1393.jpg\"><\/a><br \/>\nFecha\u00a0: 23\/10\/2018<br \/>\nLugar: Cambo-les-Bains<br \/>\n&nbsp;<\/p>\n<p>Formaci\u00f3n regional orientaci\u00f3n transfronteriza \u2013 Nueva-Aquitania\u00a0\u00a0 <a href=\"https:\/\/projectes.xtec.cat\/pyirenefp\/wp-content\/uploads\/usu498\/2018\/10\/Formation-orientation-26.09.jpeg\"><\/a><br \/>\nFecha : 26\/09\/2018<br \/>\nLugar: Mourenx<\/p>\n<p>Formaci\u00f3n regional movilidad transfronteriza FP &#8211; Catalunya<a href=\"http:\/\/projectes.xtec.cat\/pyirenefp\/wp-content\/uploads\/usu498\/2017\/04\/IMG-20180625-WA0003.jpg\"><\/a><\/p>\n<p>Fecha: 25\/06\/2018 y 27\/06\/2018<br \/>\nLugar: Institut de Vic (Catalunya)<br \/>\n&nbsp;<\/p>\n<p>Formaci\u00f3n regional movilidad transfronteriza \u2013 Nueva-Aquitania <a&hellip;  <a href=\"https:\/\/projectes.xtec.cat\/pyirenefp\/actualidad\/agenda-de-actividades\/\" title=\"Read Agenda de actividades\">Llegeix m\u00e9s\u00bb<\/a><\/p>\n","protected":false},"author":1,"featured_media":0,"parent":8214,"menu_order":10,"comment_status":"closed","ping_status":"closed","template":"","meta":{"_bbp_topic_count":0,"_bbp_reply_count":0,"_bbp_total_topic_count":0,"_bbp_total_reply_count":0,"_bbp_voice_count":0,"_bbp_anonymous_reply_count":0,"_bbp_topic_count_hidden":0,"_bbp_reply_count_hidden":0,"_bbp_forum_subforum_count":0,"footnotes":""},"class_list":["post-8509","page","type-page","status-publish","hentry"],"post_mailing_queue_ids":[],"_links":{"self":[{"href":"https:\/\/projectes.xtec.cat\/pyirenefp\/wp-json\/wp\/v2\/pages\/8509","targetHints":{"allow":["GET"]}}],"collection":[{"href":"https:\/\/projectes.xtec.cat\/pyirenefp\/wp-json\/wp\/v2\/pages"}],"about":[{"href":"https:\/\/projectes.xtec.cat\/pyirenefp\/wp-json\/wp\/v2\/types\/page"}],"author":[{"embeddable":true,"href":"https:\/\/projectes.xtec.cat\/pyirenefp\/wp-json\/wp\/v2\/users\/1"}],"replies":[{"embeddable":true,"href":"https:\/\/projectes.xtec.cat\/pyirenefp\/wp-json\/wp\/v2\/comments?post=8509"}],"version-history":[{"count":5,"href":"https:\/\/projectes.xtec.cat\/pyirenefp\/wp-json\/wp\/v2\/pages\/8509\/revisions"}],"predecessor-version":[{"id":10736,"href":"https:\/\/projectes.xtec.cat\/pyirenefp\/wp-json\/wp\/v2\/pages\/8509\/revisions\/10736"}],"up":[{"embeddable":true,"href":"https:\/\/projectes.xtec.cat\/pyirenefp\/wp-json\/wp\/v2\/pages\/8214"}],"wp:attachment":[{"href":"https:\/\/projectes.xtec.cat\/pyirenefp\/wp-json\/wp\/v2\/media?parent=8509"}],"curies":[{"name":"wp","href":"https:\/\/api.w.org\/{rel}","templated":true}]}}