{"id":8666,"date":"2017-06-27T12:04:55","date_gmt":"2017-06-27T10:04:55","guid":{"rendered":"http:\/\/projectes.xtec.cat\/pyirenefp\/?page_id=8666"},"modified":"2019-03-01T08:12:45","modified_gmt":"2019-03-01T07:12:45","slug":"aragon","status":"publish","type":"page","link":"https:\/\/projectes.xtec.cat\/pyirenefp\/socios\/aragon\/","title":{"rendered":"Arag\u00f3n"},"content":{"rendered":"<p><strong><span style=\"color: #e6601e;\">\u00a0<img loading=\"lazy\" decoding=\"async\" class=\"wp-image-8290 alignleft\" src=\"http:\/\/projectes.xtec.cat\/pyirenefp\/wp-content\/uploads\/usu498\/2017\/03\/logoDGA.jpg\" alt=\"logodga\" width=\"205\" height=\"73\" srcset=\"https:\/\/projectes.xtec.cat\/pyirenefp\/wp-content\/uploads\/usu498\/2017\/03\/logoDGA.jpg 713w, https:\/\/projectes.xtec.cat\/pyirenefp\/wp-content\/uploads\/usu498\/2017\/03\/logoDGA-300x107.jpg 300w\" sizes=\"auto, (max-width: 205px) 100vw, 205px\" \/><\/span><\/strong>Es el Departamento de Educaci\u00f3n, Cultura y Deporte, y en concreto la Direcci\u00f3n general de Planificaci\u00f3n y Formaci\u00f3n, del Gobierno de Arag\u00f3n quien habitualmente participa en proyectos de movilidad y formaci\u00f3n de Interreg.<\/p>\n<p>&nbsp;<\/p>\n<p>Web:\u00a0<a href=\"http:\/\/www.aragon.es\/DepartamentosOrganismosPublicos\/Departamentos\/EducacionCulturaDeporte\">http:\/\/www.aragon.es\/DepartamentosOrganismosPublicos\/Departamentos\/EducacionCulturaDeporte<\/a><\/p>\n<p>Contacto:<\/p>\n","protected":false},"excerpt":{"rendered":"<p>\u00a0Es el Departamento de Educaci\u00f3n, Cultura y Deporte, y en concreto la Direcci\u00f3n general de Planificaci\u00f3n y Formaci\u00f3n, del Gobierno de Arag\u00f3n quien habitualmente participa en proyectos de movilidad y formaci\u00f3n de Interreg.<br \/>\n&nbsp;<br \/>\nWeb:\u00a0<a href=\"http:\/\/www.aragon.es\/DepartamentosOrganismosPublicos\/Departamentos\/EducacionCulturaDeporte\">http:\/\/www.aragon.es\/DepartamentosOrganismosPublicos\/Departamentos\/EducacionCulturaDeporte<\/a><br \/>\nContacto:<\/p>\n","protected":false},"author":1,"featured_media":0,"parent":8210,"menu_order":0,"comment_status":"closed","ping_status":"closed","template":"","meta":{"_bbp_topic_count":0,"_bbp_reply_count":0,"_bbp_total_topic_count":0,"_bbp_total_reply_count":0,"_bbp_voice_count":0,"_bbp_anonymous_reply_count":0,"_bbp_topic_count_hidden":0,"_bbp_reply_count_hidden":0,"_bbp_forum_subforum_count":0,"footnotes":""},"class_list":["post-8666","page","type-page","status-publish","hentry"],"post_mailing_queue_ids":[],"_links":{"self":[{"href":"https:\/\/projectes.xtec.cat\/pyirenefp\/wp-json\/wp\/v2\/pages\/8666","targetHints":{"allow":["GET"]}}],"collection":[{"href":"https:\/\/projectes.xtec.cat\/pyirenefp\/wp-json\/wp\/v2\/pages"}],"about":[{"href":"https:\/\/projectes.xtec.cat\/pyirenefp\/wp-json\/wp\/v2\/types\/page"}],"author":[{"embeddable":true,"href":"https:\/\/projectes.xtec.cat\/pyirenefp\/wp-json\/wp\/v2\/users\/1"}],"replies":[{"embeddable":true,"href":"https:\/\/projectes.xtec.cat\/pyirenefp\/wp-json\/wp\/v2\/comments?post=8666"}],"version-history":[{"count":3,"href":"https:\/\/projectes.xtec.cat\/pyirenefp\/wp-json\/wp\/v2\/pages\/8666\/revisions"}],"predecessor-version":[{"id":11006,"href":"https:\/\/projectes.xtec.cat\/pyirenefp\/wp-json\/wp\/v2\/pages\/8666\/revisions\/11006"}],"up":[{"embeddable":true,"href":"https:\/\/projectes.xtec.cat\/pyirenefp\/wp-json\/wp\/v2\/pages\/8210"}],"wp:attachment":[{"href":"https:\/\/projectes.xtec.cat\/pyirenefp\/wp-json\/wp\/v2\/media?parent=8666"}],"curies":[{"name":"wp","href":"https:\/\/api.w.org\/{rel}","templated":true}]}}