{"id":8668,"date":"2017-06-27T12:05:28","date_gmt":"2017-06-27T10:05:28","guid":{"rendered":"http:\/\/projectes.xtec.cat\/pyirenefp\/?page_id=8668"},"modified":"2019-03-01T08:01:30","modified_gmt":"2019-03-01T07:01:30","slug":"catalunya","status":"publish","type":"page","link":"https:\/\/projectes.xtec.cat\/pyirenefp\/socios\/catalunya\/","title":{"rendered":"Catalunya"},"content":{"rendered":"<p>El Departament d&#8217;Ense<a href=\"https:\/\/projectes.xtec.cat\/pyirenefp\/wp-content\/uploads\/usu498\/2019\/03\/LOGO-EDUCACIO-CAT.png\"><img loading=\"lazy\" decoding=\"async\" class=\"wp-image-10991 alignleft\" src=\"https:\/\/projectes.xtec.cat\/pyirenefp\/wp-content\/uploads\/usu498\/2019\/03\/LOGO-EDUCACIO-CAT.png\" alt=\"\" width=\"358\" height=\"54\" srcset=\"https:\/\/projectes.xtec.cat\/pyirenefp\/wp-content\/uploads\/usu498\/2019\/03\/LOGO-EDUCACIO-CAT.png 881w, https:\/\/projectes.xtec.cat\/pyirenefp\/wp-content\/uploads\/usu498\/2019\/03\/LOGO-EDUCACIO-CAT-300x45.png 300w, https:\/\/projectes.xtec.cat\/pyirenefp\/wp-content\/uploads\/usu498\/2019\/03\/LOGO-EDUCACIO-CAT-768x116.png 768w\" sizes=\"auto, (max-width: 358px) 100vw, 358px\" \/><\/a>nyament es el departamento competente en materia de Formaci\u00f3n Profesional en Catalunya por lo que dispone de una amplia experiencia en el desarrollo e impartici\u00f3n de contenidos formativos y ha desarrollado diversos proyectos de colaboraci\u00f3n europeos, muchos de ellos, de movilidad. Es el jefe de fila y responsable del proyecto PyireneFP.<\/p>\n<p>Web:<a href=\"http:\/\/xtec.gencat.cat\/ca\/projectes\/mobinternacional\/projectes\/\">Pyirenefp Catalunya<\/a><\/p>\n<p>Contacto: <a href=\"mailto:pifp.ensenyament@gencat.cat\" target=\"_blank\" rel=\"noopener noreferrer\">pifp.ensenyament@gencat.cat<\/a><\/p>\n","protected":false},"excerpt":{"rendered":"<p>El Departament d&#8217;Ense<a href=\"https:\/\/projectes.xtec.cat\/pyirenefp\/wp-content\/uploads\/usu498\/2019\/03\/LOGO-EDUCACIO-CAT.png\"><\/a>nyament es el departamento competente en materia de Formaci\u00f3n Profesional en Catalunya por lo que dispone de una amplia experiencia en el desarrollo e impartici\u00f3n de contenidos formativos y ha desarrollado diversos proyectos de colaboraci\u00f3n europeos, muchos de ellos, de movilidad. Es&hellip;  <a href=\"https:\/\/projectes.xtec.cat\/pyirenefp\/socios\/catalunya\/\" title=\"Read Catalunya\">Llegeix m\u00e9s\u00bb<\/a><\/p>\n","protected":false},"author":1,"featured_media":0,"parent":8210,"menu_order":0,"comment_status":"closed","ping_status":"closed","template":"","meta":{"_bbp_topic_count":0,"_bbp_reply_count":0,"_bbp_total_topic_count":0,"_bbp_total_reply_count":0,"_bbp_voice_count":0,"_bbp_anonymous_reply_count":0,"_bbp_topic_count_hidden":0,"_bbp_reply_count_hidden":0,"_bbp_forum_subforum_count":0,"footnotes":""},"class_list":["post-8668","page","type-page","status-publish","hentry"],"post_mailing_queue_ids":[],"_links":{"self":[{"href":"https:\/\/projectes.xtec.cat\/pyirenefp\/wp-json\/wp\/v2\/pages\/8668","targetHints":{"allow":["GET"]}}],"collection":[{"href":"https:\/\/projectes.xtec.cat\/pyirenefp\/wp-json\/wp\/v2\/pages"}],"about":[{"href":"https:\/\/projectes.xtec.cat\/pyirenefp\/wp-json\/wp\/v2\/types\/page"}],"author":[{"embeddable":true,"href":"https:\/\/projectes.xtec.cat\/pyirenefp\/wp-json\/wp\/v2\/users\/1"}],"replies":[{"embeddable":true,"href":"https:\/\/projectes.xtec.cat\/pyirenefp\/wp-json\/wp\/v2\/comments?post=8668"}],"version-history":[{"count":3,"href":"https:\/\/projectes.xtec.cat\/pyirenefp\/wp-json\/wp\/v2\/pages\/8668\/revisions"}],"predecessor-version":[{"id":11000,"href":"https:\/\/projectes.xtec.cat\/pyirenefp\/wp-json\/wp\/v2\/pages\/8668\/revisions\/11000"}],"up":[{"embeddable":true,"href":"https:\/\/projectes.xtec.cat\/pyirenefp\/wp-json\/wp\/v2\/pages\/8210"}],"wp:attachment":[{"href":"https:\/\/projectes.xtec.cat\/pyirenefp\/wp-json\/wp\/v2\/media?parent=8668"}],"curies":[{"name":"wp","href":"https:\/\/api.w.org\/{rel}","templated":true}]}}